{"id":8815,"date":"2024-05-02T13:04:56","date_gmt":"2024-05-02T11:04:56","guid":{"rendered":"https:\/\/serveiseducatius.xtec.cat\/cda-tuixent\/?page_id=8815"},"modified":"2026-02-18T12:44:37","modified_gmt":"2026-02-18T11:44:37","slug":"estudi-de-camp-dun-sol","status":"publish","type":"page","link":"https:\/\/serveiseducatius.xtec.cat\/cda-tuixent\/parc-natural-cadi_moixero\/estudi-de-camp-dun-sol\/","title":{"rendered":"Estudi de camp d&#8217;un s\u00f2l"},"content":{"rendered":"<p><img loading=\"lazy\" decoding=\"async\" class=\"alignnone size-full wp-image-8816\" src=\"https:\/\/serveiseducatius.xtec.cat\/cda-tuixent\/wp-content\/uploads\/usu1370\/2024\/05\/Estudi-del-sol.jpg\" alt=\"\" width=\"1251\" height=\"355\" srcset=\"https:\/\/serveiseducatius.xtec.cat\/cda-tuixent\/wp-content\/uploads\/usu1370\/2024\/05\/Estudi-del-sol.jpg 1251w, https:\/\/serveiseducatius.xtec.cat\/cda-tuixent\/wp-content\/uploads\/usu1370\/2024\/05\/Estudi-del-sol-300x85.jpg 300w, https:\/\/serveiseducatius.xtec.cat\/cda-tuixent\/wp-content\/uploads\/usu1370\/2024\/05\/Estudi-del-sol-1024x291.jpg 1024w, https:\/\/serveiseducatius.xtec.cat\/cda-tuixent\/wp-content\/uploads\/usu1370\/2024\/05\/Estudi-del-sol-768x218.jpg 768w\" sizes=\"auto, (max-width: 1251px) 100vw, 1251px\" \/><\/p>\n<p style=\"text-align: justify;\"><span style=\"font-weight: 400;\">En aquesta activitat ens posarem davant d\u2019un perfil de s\u00f2l i analitzarem els diferents horitzons i les seves principals caracter\u00edstiques: profunditat, nitidesa, forma, color, textura, ph, compactaci\u00f3, pres\u00e8ncia de mat\u00e8ria org\u00e0nica i arrels<\/span><span style=\"font-weight: 400;\"> i pres\u00e8ncia de carbonats.<\/span><\/p>\n<p><strong>Nivell educatiu:<\/strong>\u00a0Batxillerat<\/p>\n<p>El camp d\u2019aprenentatge no es fa c\u00e0rrec del transport per arribar a Coll de Creus.<\/p>\n\n\n<p><a href=\"https:\/\/serveiseducatius.xtec.cat\/cda-tuixent\/wp-content\/uploads\/usu1370\/2026\/02\/Estudi-de-camp-dun-sol.pdf\" data-type=\"link\" data-id=\"https:\/\/serveiseducatius.xtec.cat\/cda-tuixent\/wp-content\/uploads\/usu1370\/2026\/02\/Estudi-de-camp-dun-sol.pdf\" target=\"_blank\" rel=\"noreferrer noopener\">Cliqueu per descarregar-vos la fitxa de l&#8217;activitat.<\/a><\/p>\n","protected":false},"excerpt":{"rendered":"<p>En aquesta activitat ens posarem davant d\u2019un perfil de s\u00f2l i analitzarem els diferents horitzons i les seves principals caracter\u00edstiques: [&hellip;]<\/p>\n","protected":false},"author":1,"featured_media":0,"parent":8466,"menu_order":60,"comment_status":"closed","ping_status":"closed","template":"","meta":{"_bbp_topic_count":0,"_bbp_reply_count":0,"_bbp_total_topic_count":0,"_bbp_total_reply_count":0,"_bbp_voice_count":0,"_bbp_anonymous_reply_count":0,"_bbp_topic_count_hidden":0,"_bbp_reply_count_hidden":0,"_bbp_forum_subforum_count":0,"site-sidebar-layout":"default","site-content-layout":"","ast-site-content-layout":"default","site-content-style":"default","site-sidebar-style":"default","ast-global-header-display":"","ast-banner-title-visibility":"","ast-main-header-display":"","ast-hfb-above-header-display":"","ast-hfb-below-header-display":"","ast-hfb-mobile-header-display":"","site-post-title":"","ast-breadcrumbs-content":"","ast-featured-img":"","footer-sml-layout":"","theme-transparent-header-meta":"","adv-header-id-meta":"","stick-header-meta":"","header-above-stick-meta":"","header-main-stick-meta":"","header-below-stick-meta":"","astra-migrate-meta-layouts":"set","ast-page-background-enabled":"default","ast-page-background-meta":{"desktop":{"background-color":"var(--ast-global-color-4)","background-image":"","background-repeat":"repeat","background-position":"center center","background-size":"auto","background-attachment":"scroll","background-type":"","background-media":"","overlay-type":"","overlay-color":"","overlay-opacity":"","overlay-gradient":""},"tablet":{"background-color":"","background-image":"","background-repeat":"repeat","background-position":"center center","background-size":"auto","background-attachment":"scroll","background-type":"","background-media":"","overlay-type":"","overlay-color":"","overlay-opacity":"","overlay-gradient":""},"mobile":{"background-color":"","background-image":"","background-repeat":"repeat","background-position":"center center","background-size":"auto","background-attachment":"scroll","background-type":"","background-media":"","overlay-type":"","overlay-color":"","overlay-opacity":"","overlay-gradient":""}},"ast-content-background-meta":{"desktop":{"background-color":"var(--ast-global-color-5)","background-image":"","background-repeat":"repeat","background-position":"center center","background-size":"auto","background-attachment":"scroll","background-type":"","background-media":"","overlay-type":"","overlay-color":"","overlay-opacity":"","overlay-gradient":""},"tablet":{"background-color":"var(--ast-global-color-5)","background-image":"","background-repeat":"repeat","background-position":"center center","background-size":"auto","background-attachment":"scroll","background-type":"","background-media":"","overlay-type":"","overlay-color":"","overlay-opacity":"","overlay-gradient":""},"mobile":{"background-color":"var(--ast-global-color-5)","background-image":"","background-repeat":"repeat","background-position":"center center","background-size":"auto","background-attachment":"scroll","background-type":"","background-media":"","overlay-type":"","overlay-color":"","overlay-opacity":"","overlay-gradient":""}},"footnotes":""},"class_list":["post-8815","page","type-page","status-publish","hentry"],"post_mailing_queue_ids":[],"_links":{"self":[{"href":"https:\/\/serveiseducatius.xtec.cat\/cda-tuixent\/wp-json\/wp\/v2\/pages\/8815","targetHints":{"allow":["GET"]}}],"collection":[{"href":"https:\/\/serveiseducatius.xtec.cat\/cda-tuixent\/wp-json\/wp\/v2\/pages"}],"about":[{"href":"https:\/\/serveiseducatius.xtec.cat\/cda-tuixent\/wp-json\/wp\/v2\/types\/page"}],"author":[{"embeddable":true,"href":"https:\/\/serveiseducatius.xtec.cat\/cda-tuixent\/wp-json\/wp\/v2\/users\/1"}],"replies":[{"embeddable":true,"href":"https:\/\/serveiseducatius.xtec.cat\/cda-tuixent\/wp-json\/wp\/v2\/comments?post=8815"}],"version-history":[{"count":3,"href":"https:\/\/serveiseducatius.xtec.cat\/cda-tuixent\/wp-json\/wp\/v2\/pages\/8815\/revisions"}],"predecessor-version":[{"id":9501,"href":"https:\/\/serveiseducatius.xtec.cat\/cda-tuixent\/wp-json\/wp\/v2\/pages\/8815\/revisions\/9501"}],"up":[{"embeddable":true,"href":"https:\/\/serveiseducatius.xtec.cat\/cda-tuixent\/wp-json\/wp\/v2\/pages\/8466"}],"wp:attachment":[{"href":"https:\/\/serveiseducatius.xtec.cat\/cda-tuixent\/wp-json\/wp\/v2\/media?parent=8815"}],"curies":[{"name":"wp","href":"https:\/\/api.w.org\/{rel}","templated":true}]}}