{"id":8797,"date":"2024-05-02T12:05:48","date_gmt":"2024-05-02T10:05:48","guid":{"rendered":"https:\/\/serveiseducatius.xtec.cat\/cda-tuixent\/?page_id=8797"},"modified":"2026-02-18T13:50:33","modified_gmt":"2026-02-18T12:50:33","slug":"interpretacio-de-rastres-danimals","status":"publish","type":"page","link":"https:\/\/serveiseducatius.xtec.cat\/cda-tuixent\/parc-natural-cadi_moixero\/interpretacio-de-rastres-danimals\/","title":{"rendered":"Interpretaci\u00f3 de rastres d&#8217;animals"},"content":{"rendered":"<p><img loading=\"lazy\" decoding=\"async\" class=\"alignnone size-full wp-image-8798\" src=\"https:\/\/serveiseducatius.xtec.cat\/cda-tuixent\/wp-content\/uploads\/usu1370\/2024\/05\/interpretacio-de-rastres.jpg\" alt=\"\" width=\"1190\" height=\"306\" srcset=\"https:\/\/serveiseducatius.xtec.cat\/cda-tuixent\/wp-content\/uploads\/usu1370\/2024\/05\/interpretacio-de-rastres.jpg 1190w, https:\/\/serveiseducatius.xtec.cat\/cda-tuixent\/wp-content\/uploads\/usu1370\/2024\/05\/interpretacio-de-rastres-300x77.jpg 300w, https:\/\/serveiseducatius.xtec.cat\/cda-tuixent\/wp-content\/uploads\/usu1370\/2024\/05\/interpretacio-de-rastres-1024x263.jpg 1024w, https:\/\/serveiseducatius.xtec.cat\/cda-tuixent\/wp-content\/uploads\/usu1370\/2024\/05\/interpretacio-de-rastres-768x197.jpg 768w\" sizes=\"auto, (max-width: 1190px) 100vw, 1190px\" \/><\/p>\n<p><span style=\"font-weight: 400;\">Per grups l\u2019alumnat buscar\u00e0 una s\u00e8rie de pistes (rastres) amagades pel bosc, posteriorment amb totes les pistes sobre un animal recollides i l\u2019ajuda d\u2019una guia de camp hauran de deduir el nom de l\u2019animal.<\/span><\/p>\n<p><strong>Nivell educatiu:<\/strong> Educaci\u00f3 prim\u00e0ria amb adaptaci\u00f3 a educaci\u00f3 secund\u00e0ria.<\/p>\n<p><a href=\"https:\/\/serveiseducatius.xtec.cat\/cda-tuixent\/wp-content\/uploads\/usu1370\/2026\/02\/Interpretacio-de-rastres-danimals.pdf\" target=\"_blank\" rel=\"noopener\">Cliqueu per descarregar-vos la fitxa de l&#8217;activitat.<\/a><\/p>\n","protected":false},"excerpt":{"rendered":"<p>Per grups l\u2019alumnat buscar\u00e0 una s\u00e8rie de pistes (rastres) amagades pel bosc, posteriorment amb totes les pistes sobre un animal [&hellip;]<\/p>\n","protected":false},"author":1,"featured_media":0,"parent":8466,"menu_order":20,"comment_status":"closed","ping_status":"closed","template":"","meta":{"_bbp_topic_count":0,"_bbp_reply_count":0,"_bbp_total_topic_count":0,"_bbp_total_reply_count":0,"_bbp_voice_count":0,"_bbp_anonymous_reply_count":0,"_bbp_topic_count_hidden":0,"_bbp_reply_count_hidden":0,"_bbp_forum_subforum_count":0,"site-sidebar-layout":"default","site-content-layout":"","ast-site-content-layout":"default","site-content-style":"default","site-sidebar-style":"default","ast-global-header-display":"","ast-banner-title-visibility":"","ast-main-header-display":"","ast-hfb-above-header-display":"","ast-hfb-below-header-display":"","ast-hfb-mobile-header-display":"","site-post-title":"","ast-breadcrumbs-content":"","ast-featured-img":"","footer-sml-layout":"","theme-transparent-header-meta":"","adv-header-id-meta":"","stick-header-meta":"","header-above-stick-meta":"","header-main-stick-meta":"","header-below-stick-meta":"","astra-migrate-meta-layouts":"set","ast-page-background-enabled":"default","ast-page-background-meta":{"desktop":{"background-color":"var(--ast-global-color-4)","background-image":"","background-repeat":"repeat","background-position":"center center","background-size":"auto","background-attachment":"scroll","background-type":"","background-media":"","overlay-type":"","overlay-color":"","overlay-opacity":"","overlay-gradient":""},"tablet":{"background-color":"","background-image":"","background-repeat":"repeat","background-position":"center center","background-size":"auto","background-attachment":"scroll","background-type":"","background-media":"","overlay-type":"","overlay-color":"","overlay-opacity":"","overlay-gradient":""},"mobile":{"background-color":"","background-image":"","background-repeat":"repeat","background-position":"center center","background-size":"auto","background-attachment":"scroll","background-type":"","background-media":"","overlay-type":"","overlay-color":"","overlay-opacity":"","overlay-gradient":""}},"ast-content-background-meta":{"desktop":{"background-color":"var(--ast-global-color-5)","background-image":"","background-repeat":"repeat","background-position":"center center","background-size":"auto","background-attachment":"scroll","background-type":"","background-media":"","overlay-type":"","overlay-color":"","overlay-opacity":"","overlay-gradient":""},"tablet":{"background-color":"var(--ast-global-color-5)","background-image":"","background-repeat":"repeat","background-position":"center center","background-size":"auto","background-attachment":"scroll","background-type":"","background-media":"","overlay-type":"","overlay-color":"","overlay-opacity":"","overlay-gradient":""},"mobile":{"background-color":"var(--ast-global-color-5)","background-image":"","background-repeat":"repeat","background-position":"center center","background-size":"auto","background-attachment":"scroll","background-type":"","background-media":"","overlay-type":"","overlay-color":"","overlay-opacity":"","overlay-gradient":""}},"footnotes":""},"class_list":["post-8797","page","type-page","status-publish","hentry"],"post_mailing_queue_ids":[],"_links":{"self":[{"href":"https:\/\/serveiseducatius.xtec.cat\/cda-tuixent\/wp-json\/wp\/v2\/pages\/8797","targetHints":{"allow":["GET"]}}],"collection":[{"href":"https:\/\/serveiseducatius.xtec.cat\/cda-tuixent\/wp-json\/wp\/v2\/pages"}],"about":[{"href":"https:\/\/serveiseducatius.xtec.cat\/cda-tuixent\/wp-json\/wp\/v2\/types\/page"}],"author":[{"embeddable":true,"href":"https:\/\/serveiseducatius.xtec.cat\/cda-tuixent\/wp-json\/wp\/v2\/users\/1"}],"replies":[{"embeddable":true,"href":"https:\/\/serveiseducatius.xtec.cat\/cda-tuixent\/wp-json\/wp\/v2\/comments?post=8797"}],"version-history":[{"count":3,"href":"https:\/\/serveiseducatius.xtec.cat\/cda-tuixent\/wp-json\/wp\/v2\/pages\/8797\/revisions"}],"predecessor-version":[{"id":9521,"href":"https:\/\/serveiseducatius.xtec.cat\/cda-tuixent\/wp-json\/wp\/v2\/pages\/8797\/revisions\/9521"}],"up":[{"embeddable":true,"href":"https:\/\/serveiseducatius.xtec.cat\/cda-tuixent\/wp-json\/wp\/v2\/pages\/8466"}],"wp:attachment":[{"href":"https:\/\/serveiseducatius.xtec.cat\/cda-tuixent\/wp-json\/wp\/v2\/media?parent=8797"}],"curies":[{"name":"wp","href":"https:\/\/api.w.org\/{rel}","templated":true}]}}