{"id":8791,"date":"2024-05-02T10:18:56","date_gmt":"2024-05-02T08:18:56","guid":{"rendered":"https:\/\/serveiseducatius.xtec.cat\/cda-tuixent\/?page_id=8791"},"modified":"2026-02-18T13:37:14","modified_gmt":"2026-02-18T12:37:14","slug":"estudi-del-riu-de-mola","status":"publish","type":"page","link":"https:\/\/serveiseducatius.xtec.cat\/cda-tuixent\/tuixent_poble_de_muntanya\/estudi-del-riu-de-mola\/","title":{"rendered":"Estudi del riu de Mola"},"content":{"rendered":"<p><img loading=\"lazy\" decoding=\"async\" class=\"size-full wp-image-8792 aligncenter\" src=\"https:\/\/serveiseducatius.xtec.cat\/cda-tuixent\/wp-content\/uploads\/usu1370\/2024\/05\/esstudi-riu-de-mola.jpg\" alt=\"\" width=\"872\" height=\"405\" srcset=\"https:\/\/serveiseducatius.xtec.cat\/cda-tuixent\/wp-content\/uploads\/usu1370\/2024\/05\/esstudi-riu-de-mola.jpg 872w, https:\/\/serveiseducatius.xtec.cat\/cda-tuixent\/wp-content\/uploads\/usu1370\/2024\/05\/esstudi-riu-de-mola-300x139.jpg 300w, https:\/\/serveiseducatius.xtec.cat\/cda-tuixent\/wp-content\/uploads\/usu1370\/2024\/05\/esstudi-riu-de-mola-768x357.jpg 768w\" sizes=\"auto, (max-width: 872px) 100vw, 872px\" \/><\/p>\n<p><span style=\"font-weight: 400;\">Es proposa a l\u2019alumnat de fer un estudi del riu de Mola per saber si es podria captar una part de l\u2019aigua del riu pel consum hum\u00e0 de la poblaci\u00f3 de Tuixent.\u00a0<\/span><\/p>\n<p><span style=\"font-weight: 400;\">En primer lloc es parla d\u2019on ve l\u2019aigua del riu de Mola, fent especial \u00e8mfasi al concepte d\u2019infiltraci\u00f3, ja que estem sobre una serralada calc\u00e0ria. Tamb\u00e9 es parla de la conca hidrogr\u00e0fica a la que pertany el riu de Mola, ja que estem just al l\u00edmit entre la conca de l\u2019Ebre i les conques internes de Catalunya.<\/span><\/p>\n<p><span style=\"font-weight: 400;\">Posteriorment es fa un estudi de la qualitat de l\u2019aigua, analitzant per una banda una s\u00e8rie de variables fisicoqu\u00edmiques com la temperatura, color, transpar\u00e8ncia, ph, nitrats i carbonats. I per altra banda s\u2019analitza la qualitat biol\u00f2gica de l\u2019aigua utilitzant els macroinvertebrats presents al riu com a organismes bioindicadors.<\/span><\/p>\n<p><span style=\"font-weight: 400;\">Finalment es fa el c\u00e0lcul del cabal del riu per saber si el riu porta suficient aigua per abastir el poble de Tuixent.<\/span><\/p>\n<p><strong>Nivell educatiu:<\/strong> Educaci\u00f3 prim\u00e0ria, Educaci\u00f3 Secund\u00e0ria<\/p>\n<p><a href=\"https:\/\/serveiseducatius.xtec.cat\/cda-tuixent\/wp-content\/uploads\/usu1370\/2026\/02\/Estudi-del-riu-de-Mola.pdf\" target=\"_blank\" rel=\"noopener\">Cliqueu aqu\u00ed per descarregar-vos la fitxa de l&#8217;activitat.<\/a><\/p>\n","protected":false},"excerpt":{"rendered":"<p>Es proposa a l\u2019alumnat de fer un estudi del riu de Mola per saber si es podria captar una part [&hellip;]<\/p>\n","protected":false},"author":1,"featured_media":0,"parent":316,"menu_order":10,"comment_status":"closed","ping_status":"closed","template":"","meta":{"_bbp_topic_count":0,"_bbp_reply_count":0,"_bbp_total_topic_count":0,"_bbp_total_reply_count":0,"_bbp_voice_count":0,"_bbp_anonymous_reply_count":0,"_bbp_topic_count_hidden":0,"_bbp_reply_count_hidden":0,"_bbp_forum_subforum_count":0,"site-sidebar-layout":"default","site-content-layout":"","ast-site-content-layout":"default","site-content-style":"default","site-sidebar-style":"default","ast-global-header-display":"","ast-banner-title-visibility":"","ast-main-header-display":"","ast-hfb-above-header-display":"","ast-hfb-below-header-display":"","ast-hfb-mobile-header-display":"","site-post-title":"","ast-breadcrumbs-content":"","ast-featured-img":"","footer-sml-layout":"","theme-transparent-header-meta":"","adv-header-id-meta":"","stick-header-meta":"","header-above-stick-meta":"","header-main-stick-meta":"","header-below-stick-meta":"","astra-migrate-meta-layouts":"set","ast-page-background-enabled":"default","ast-page-background-meta":{"desktop":{"background-color":"var(--ast-global-color-4)","background-image":"","background-repeat":"repeat","background-position":"center center","background-size":"auto","background-attachment":"scroll","background-type":"","background-media":"","overlay-type":"","overlay-color":"","overlay-opacity":"","overlay-gradient":""},"tablet":{"background-color":"","background-image":"","background-repeat":"repeat","background-position":"center center","background-size":"auto","background-attachment":"scroll","background-type":"","background-media":"","overlay-type":"","overlay-color":"","overlay-opacity":"","overlay-gradient":""},"mobile":{"background-color":"","background-image":"","background-repeat":"repeat","background-position":"center center","background-size":"auto","background-attachment":"scroll","background-type":"","background-media":"","overlay-type":"","overlay-color":"","overlay-opacity":"","overlay-gradient":""}},"ast-content-background-meta":{"desktop":{"background-color":"var(--ast-global-color-5)","background-image":"","background-repeat":"repeat","background-position":"center center","background-size":"auto","background-attachment":"scroll","background-type":"","background-media":"","overlay-type":"","overlay-color":"","overlay-opacity":"","overlay-gradient":""},"tablet":{"background-color":"var(--ast-global-color-5)","background-image":"","background-repeat":"repeat","background-position":"center center","background-size":"auto","background-attachment":"scroll","background-type":"","background-media":"","overlay-type":"","overlay-color":"","overlay-opacity":"","overlay-gradient":""},"mobile":{"background-color":"var(--ast-global-color-5)","background-image":"","background-repeat":"repeat","background-position":"center center","background-size":"auto","background-attachment":"scroll","background-type":"","background-media":"","overlay-type":"","overlay-color":"","overlay-opacity":"","overlay-gradient":""}},"footnotes":""},"class_list":["post-8791","page","type-page","status-publish","hentry"],"post_mailing_queue_ids":[],"_links":{"self":[{"href":"https:\/\/serveiseducatius.xtec.cat\/cda-tuixent\/wp-json\/wp\/v2\/pages\/8791","targetHints":{"allow":["GET"]}}],"collection":[{"href":"https:\/\/serveiseducatius.xtec.cat\/cda-tuixent\/wp-json\/wp\/v2\/pages"}],"about":[{"href":"https:\/\/serveiseducatius.xtec.cat\/cda-tuixent\/wp-json\/wp\/v2\/types\/page"}],"author":[{"embeddable":true,"href":"https:\/\/serveiseducatius.xtec.cat\/cda-tuixent\/wp-json\/wp\/v2\/users\/1"}],"replies":[{"embeddable":true,"href":"https:\/\/serveiseducatius.xtec.cat\/cda-tuixent\/wp-json\/wp\/v2\/comments?post=8791"}],"version-history":[{"count":4,"href":"https:\/\/serveiseducatius.xtec.cat\/cda-tuixent\/wp-json\/wp\/v2\/pages\/8791\/revisions"}],"predecessor-version":[{"id":9511,"href":"https:\/\/serveiseducatius.xtec.cat\/cda-tuixent\/wp-json\/wp\/v2\/pages\/8791\/revisions\/9511"}],"up":[{"embeddable":true,"href":"https:\/\/serveiseducatius.xtec.cat\/cda-tuixent\/wp-json\/wp\/v2\/pages\/316"}],"wp:attachment":[{"href":"https:\/\/serveiseducatius.xtec.cat\/cda-tuixent\/wp-json\/wp\/v2\/media?parent=8791"}],"curies":[{"name":"wp","href":"https:\/\/api.w.org\/{rel}","templated":true}]}}