{"id":8545,"date":"2021-10-22T09:56:06","date_gmt":"2021-10-22T07:56:06","guid":{"rendered":"https:\/\/serveiseducatius.xtec.cat\/cda-tuixent\/?page_id=8545"},"modified":"2026-01-13T13:04:56","modified_gmt":"2026-01-13T12:04:56","slug":"formulari-avaluacio-alumnes","status":"publish","type":"page","link":"https:\/\/serveiseducatius.xtec.cat\/cda-tuixent\/formulari-avaluacio-alumnes\/","title":{"rendered":"Formulari avaluaci\u00f3 alumnes"},"content":{"rendered":"<p>Si heu estat m\u00e9s d&#8217;un dia amb nosaltres:<\/p>\n<p><a href=\"https:\/\/docs.google.com\/forms\/d\/e\/1FAIpQLScLh3CJkIrzAtOOOeKE8o0AHVShpBx4vD4Je-dN0LLYH0ov9Q\/viewform?usp=dialog\">FORMULARI AVALUACI\u00d3 <strong>ESTADA<\/strong> ALUMNAT 2025-26<\/a><\/p>\n<p>Si nom\u00e9s heu fet activitats un dia concret:<\/p>\n<p><a href=\"https:\/\/docs.google.com\/forms\/d\/e\/1FAIpQLSdbEMvnM3JNHEoo3bjygZrXmJwrwgoGo1ToZ0BPdBF_eJFRKw\/viewform?usp=dialog\">FORMULARI AVALUACI\u00d3 <strong>SORTIDA<\/strong> ALUMNAT 2025-26<\/a><\/p>\n","protected":false},"excerpt":{"rendered":"<p>Si heu estat m\u00e9s d&#8217;un dia amb nosaltres: FORMULARI AVALUACI\u00d3 ESTADA ALUMNAT 2025-26 Si nom\u00e9s heu fet activitats un dia [&hellip;]<\/p>\n","protected":false},"author":1,"featured_media":0,"parent":0,"menu_order":0,"comment_status":"closed","ping_status":"closed","template":"","meta":{"_bbp_topic_count":0,"_bbp_reply_count":0,"_bbp_total_topic_count":0,"_bbp_total_reply_count":0,"_bbp_voice_count":0,"_bbp_anonymous_reply_count":0,"_bbp_topic_count_hidden":0,"_bbp_reply_count_hidden":0,"_bbp_forum_subforum_count":0,"site-sidebar-layout":"default","site-content-layout":"","ast-site-content-layout":"default","site-content-style":"default","site-sidebar-style":"default","ast-global-header-display":"","ast-banner-title-visibility":"","ast-main-header-display":"","ast-hfb-above-header-display":"","ast-hfb-below-header-display":"","ast-hfb-mobile-header-display":"","site-post-title":"","ast-breadcrumbs-content":"","ast-featured-img":"","footer-sml-layout":"","theme-transparent-header-meta":"","adv-header-id-meta":"","stick-header-meta":"","header-above-stick-meta":"","header-main-stick-meta":"","header-below-stick-meta":"","astra-migrate-meta-layouts":"set","ast-page-background-enabled":"default","ast-page-background-meta":{"desktop":{"background-color":"var(--ast-global-color-4)","background-image":"","background-repeat":"repeat","background-position":"center center","background-size":"auto","background-attachment":"scroll","background-type":"","background-media":"","overlay-type":"","overlay-color":"","overlay-opacity":"","overlay-gradient":""},"tablet":{"background-color":"","background-image":"","background-repeat":"repeat","background-position":"center center","background-size":"auto","background-attachment":"scroll","background-type":"","background-media":"","overlay-type":"","overlay-color":"","overlay-opacity":"","overlay-gradient":""},"mobile":{"background-color":"","background-image":"","background-repeat":"repeat","background-position":"center center","background-size":"auto","background-attachment":"scroll","background-type":"","background-media":"","overlay-type":"","overlay-color":"","overlay-opacity":"","overlay-gradient":""}},"ast-content-background-meta":{"desktop":{"background-color":"var(--ast-global-color-5)","background-image":"","background-repeat":"repeat","background-position":"center center","background-size":"auto","background-attachment":"scroll","background-type":"","background-media":"","overlay-type":"","overlay-color":"","overlay-opacity":"","overlay-gradient":""},"tablet":{"background-color":"var(--ast-global-color-5)","background-image":"","background-repeat":"repeat","background-position":"center center","background-size":"auto","background-attachment":"scroll","background-type":"","background-media":"","overlay-type":"","overlay-color":"","overlay-opacity":"","overlay-gradient":""},"mobile":{"background-color":"var(--ast-global-color-5)","background-image":"","background-repeat":"repeat","background-position":"center center","background-size":"auto","background-attachment":"scroll","background-type":"","background-media":"","overlay-type":"","overlay-color":"","overlay-opacity":"","overlay-gradient":""}},"footnotes":""},"class_list":["post-8545","page","type-page","status-publish","hentry"],"post_mailing_queue_ids":[],"_links":{"self":[{"href":"https:\/\/serveiseducatius.xtec.cat\/cda-tuixent\/wp-json\/wp\/v2\/pages\/8545","targetHints":{"allow":["GET"]}}],"collection":[{"href":"https:\/\/serveiseducatius.xtec.cat\/cda-tuixent\/wp-json\/wp\/v2\/pages"}],"about":[{"href":"https:\/\/serveiseducatius.xtec.cat\/cda-tuixent\/wp-json\/wp\/v2\/types\/page"}],"author":[{"embeddable":true,"href":"https:\/\/serveiseducatius.xtec.cat\/cda-tuixent\/wp-json\/wp\/v2\/users\/1"}],"replies":[{"embeddable":true,"href":"https:\/\/serveiseducatius.xtec.cat\/cda-tuixent\/wp-json\/wp\/v2\/comments?post=8545"}],"version-history":[{"count":6,"href":"https:\/\/serveiseducatius.xtec.cat\/cda-tuixent\/wp-json\/wp\/v2\/pages\/8545\/revisions"}],"predecessor-version":[{"id":9378,"href":"https:\/\/serveiseducatius.xtec.cat\/cda-tuixent\/wp-json\/wp\/v2\/pages\/8545\/revisions\/9378"}],"wp:attachment":[{"href":"https:\/\/serveiseducatius.xtec.cat\/cda-tuixent\/wp-json\/wp\/v2\/media?parent=8545"}],"curies":[{"name":"wp","href":"https:\/\/api.w.org\/{rel}","templated":true}]}}