{"id":8464,"date":"2021-10-18T11:24:54","date_gmt":"2021-10-18T09:24:54","guid":{"rendered":"https:\/\/serveiseducatius.xtec.cat\/cda-tuixent\/?page_id=8464"},"modified":"2026-02-20T12:47:55","modified_gmt":"2026-02-20T11:47:55","slug":"trementinaires","status":"publish","type":"page","link":"https:\/\/serveiseducatius.xtec.cat\/cda-tuixent\/trementinaires\/","title":{"rendered":"\u00c0mbit Trementinaires"},"content":{"rendered":"\n<figure class=\"wp-block-image alignleft size-full is-resized\"><a href=\"https:\/\/serveiseducatius.xtec.cat\/cda-tuixent\/wp-content\/uploads\/usu1370\/2025\/02\/hisop.jpg\"><img loading=\"lazy\" decoding=\"async\" width=\"431\" height=\"500\" src=\"https:\/\/serveiseducatius.xtec.cat\/cda-tuixent\/wp-content\/uploads\/usu1370\/2025\/02\/hisop.jpg\" alt=\"\" class=\"wp-image-8953\" style=\"width:275px;height:auto\" srcset=\"https:\/\/serveiseducatius.xtec.cat\/cda-tuixent\/wp-content\/uploads\/usu1370\/2025\/02\/hisop.jpg 431w, https:\/\/serveiseducatius.xtec.cat\/cda-tuixent\/wp-content\/uploads\/usu1370\/2025\/02\/hisop-259x300.jpg 259w\" sizes=\"auto, (max-width: 431px) 100vw, 431px\" \/><\/a><\/figure>\n\n\n<p>\u00a0<\/p>\n<ul>\n<li><a href=\"https:\/\/serveiseducatius.xtec.cat\/cda-tuixent\/trementinaires\/visita-al-museu-de-les-trementinaires\/\">VISITA AL MUSEU DE LES TREMENTINAIRES<\/a><\/li>\n<li><a href=\"https:\/\/serveiseducatius.xtec.cat\/cda-tuixent\/trementinaires\/elaboracio-de-pomada-de-calendula\/\">ELABORACI\u00d3 DE POMADA DE CAL\u00c8NDULA<\/a><\/li>\n<li><a href=\"https:\/\/serveiseducatius.xtec.cat\/cda-tuixent\/trementinaires\/confeccio-dun-herbari\/\">CONFECCI\u00d3 D\u2019UN HERBARI<\/a><\/li>\n<li><a href=\"https:\/\/serveiseducatius.xtec.cat\/cda-tuixent\/trementinaires\/visita-al-jardi-botanic-de-les-trementinaires\/\">VISITA AL JARD\u00cd BOT\u00c0NIC DE LES TREMENTINAIRES<\/a><\/li>\n<li><a href=\"https:\/\/serveiseducatius.xtec.cat\/cda-tuixent\/trementinaires\/ruta-de-les-plantes-medicinals\/\">RUTA DE LES PLANTES MEDICINALS<\/a><\/li>\n<li><a href=\"https:\/\/serveiseducatius.xtec.cat\/cda-tuixent\/trementinaires\/elaboracio-de-sals-de-bany\/\">JOC DE LES OLORS I SAQUETS AROM\u00c0TICS<\/a><\/li>\n<\/ul>","protected":false},"excerpt":{"rendered":"<p>\u00a0 VISITA AL MUSEU DE LES TREMENTINAIRES ELABORACI\u00d3 DE POMADA DE CAL\u00c8NDULA CONFECCI\u00d3 D\u2019UN HERBARI VISITA AL JARD\u00cd BOT\u00c0NIC DE [&hellip;]<\/p>\n","protected":false},"author":1,"featured_media":0,"parent":0,"menu_order":0,"comment_status":"closed","ping_status":"closed","template":"","meta":{"_bbp_topic_count":0,"_bbp_reply_count":0,"_bbp_total_topic_count":0,"_bbp_total_reply_count":0,"_bbp_voice_count":0,"_bbp_anonymous_reply_count":0,"_bbp_topic_count_hidden":0,"_bbp_reply_count_hidden":0,"_bbp_forum_subforum_count":0,"site-sidebar-layout":"default","site-content-layout":"","ast-site-content-layout":"default","site-content-style":"default","site-sidebar-style":"default","ast-global-header-display":"","ast-banner-title-visibility":"","ast-main-header-display":"","ast-hfb-above-header-display":"","ast-hfb-below-header-display":"","ast-hfb-mobile-header-display":"","site-post-title":"","ast-breadcrumbs-content":"","ast-featured-img":"","footer-sml-layout":"","theme-transparent-header-meta":"","adv-header-id-meta":"","stick-header-meta":"","header-above-stick-meta":"","header-main-stick-meta":"","header-below-stick-meta":"","astra-migrate-meta-layouts":"set","ast-page-background-enabled":"default","ast-page-background-meta":{"desktop":{"background-color":"var(--ast-global-color-4)","background-image":"","background-repeat":"repeat","background-position":"center center","background-size":"auto","background-attachment":"scroll","background-type":"","background-media":"","overlay-type":"","overlay-color":"","overlay-opacity":"","overlay-gradient":""},"tablet":{"background-color":"","background-image":"","background-repeat":"repeat","background-position":"center center","background-size":"auto","background-attachment":"scroll","background-type":"","background-media":"","overlay-type":"","overlay-color":"","overlay-opacity":"","overlay-gradient":""},"mobile":{"background-color":"","background-image":"","background-repeat":"repeat","background-position":"center center","background-size":"auto","background-attachment":"scroll","background-type":"","background-media":"","overlay-type":"","overlay-color":"","overlay-opacity":"","overlay-gradient":""}},"ast-content-background-meta":{"desktop":{"background-color":"var(--ast-global-color-5)","background-image":"","background-repeat":"repeat","background-position":"center center","background-size":"auto","background-attachment":"scroll","background-type":"","background-media":"","overlay-type":"","overlay-color":"","overlay-opacity":"","overlay-gradient":""},"tablet":{"background-color":"var(--ast-global-color-5)","background-image":"","background-repeat":"repeat","background-position":"center center","background-size":"auto","background-attachment":"scroll","background-type":"","background-media":"","overlay-type":"","overlay-color":"","overlay-opacity":"","overlay-gradient":""},"mobile":{"background-color":"var(--ast-global-color-5)","background-image":"","background-repeat":"repeat","background-position":"center center","background-size":"auto","background-attachment":"scroll","background-type":"","background-media":"","overlay-type":"","overlay-color":"","overlay-opacity":"","overlay-gradient":""}},"footnotes":""},"class_list":["post-8464","page","type-page","status-publish","hentry"],"post_mailing_queue_ids":[],"_links":{"self":[{"href":"https:\/\/serveiseducatius.xtec.cat\/cda-tuixent\/wp-json\/wp\/v2\/pages\/8464","targetHints":{"allow":["GET"]}}],"collection":[{"href":"https:\/\/serveiseducatius.xtec.cat\/cda-tuixent\/wp-json\/wp\/v2\/pages"}],"about":[{"href":"https:\/\/serveiseducatius.xtec.cat\/cda-tuixent\/wp-json\/wp\/v2\/types\/page"}],"author":[{"embeddable":true,"href":"https:\/\/serveiseducatius.xtec.cat\/cda-tuixent\/wp-json\/wp\/v2\/users\/1"}],"replies":[{"embeddable":true,"href":"https:\/\/serveiseducatius.xtec.cat\/cda-tuixent\/wp-json\/wp\/v2\/comments?post=8464"}],"version-history":[{"count":6,"href":"https:\/\/serveiseducatius.xtec.cat\/cda-tuixent\/wp-json\/wp\/v2\/pages\/8464\/revisions"}],"predecessor-version":[{"id":9565,"href":"https:\/\/serveiseducatius.xtec.cat\/cda-tuixent\/wp-json\/wp\/v2\/pages\/8464\/revisions\/9565"}],"wp:attachment":[{"href":"https:\/\/serveiseducatius.xtec.cat\/cda-tuixent\/wp-json\/wp\/v2\/media?parent=8464"}],"curies":[{"name":"wp","href":"https:\/\/api.w.org\/{rel}","templated":true}]}}