{"id":8438,"date":"2021-10-18T10:39:29","date_gmt":"2021-10-18T08:39:29","guid":{"rendered":"https:\/\/serveiseducatius.xtec.cat\/cda-tuixent\/?page_id=8438"},"modified":"2025-09-25T12:44:00","modified_gmt":"2025-09-25T10:44:00","slug":"itineraris","status":"publish","type":"page","link":"https:\/\/serveiseducatius.xtec.cat\/cda-tuixent\/itineraris\/","title":{"rendered":"Itineraris"},"content":{"rendered":"\n<p>Els itineraris que s&#8217;exposen a continuaci\u00f3 s\u00f3n ideals per a complementar les activitats que es realitzaran al CdA de Tuixent.<\/p>\n\n\n\n<h3 class=\"wp-block-heading\"><strong>Carrerada de&#8217;n Miquel<\/strong>:<\/h3>\n\n\n\n<p>\u00c9s una ruta circular d&#8217;aproximadament tres km i un desnivell de 200m. Apta per cicle superior de prim\u00e0ria i ESO. Aquesta ruta \u00e9s ideal per a la identificaci\u00f3 de plantes remeieres ja que hi neixen espont\u00e0niament moltes esp\u00e8cies. A nivell de paisatge tamb\u00e9 \u00e9s interessant ja que es pot veure molt b\u00e9 el canvi que s&#8217;ha produ\u00eft a l&#8217;entorn de Tuixent com a conseq\u00fc\u00e8ncia de l&#8217;abandonament dels camps de conreu i la successi\u00f3 vegetal d&#8217;aquests camps cap a bosc de con\u00edferes.<\/p>\n\n\n\n<iframe loading=\"lazy\" frameBorder=\"0\" scrolling=\"no\" src=\"https:\/\/ca.wikiloc.com\/wikiloc\/embedv2.do?id=136615306&#038;elevation=on&#038;images=on&#038;maptype=H\" width=\"600\" height=\"500\"><\/iframe><div style=\"color:#777;font-size:11px;line-height:16px;\">Powered by&nbsp;<a style=\"color:#4C8C2B;font-size:11px;line-height:16px;\" target=\"_blank\" href=\"https:\/\/ca.wikiloc.com\">Wikiloc<\/a><\/div>\n\n\n\n<hr class=\"wp-block-separator has-alpha-channel-opacity\"\/>\n\n\n\n<h3 class=\"wp-block-heading\"><strong>Itinerari per Vanseca<\/strong>:<\/h3>\n\n\n\n<p>Es tracta d&#8217;un recorregut circular amb vistes al poble de Tuixent. \u00c9s una ruta molt planera i senzilla, d&#8217;aproximadament 2km, apta per a totes les edats. Aquest recorregut t\u00e9 un element molt especial, ja que pel cam\u00ed es descobreixen diferents peces art\u00edstiques fetes pels ve\u00efns de la vall, aquestes estan integrades a la natura, sovint creades amb elements naturals, que, a m\u00e9s de potenciar una vida saludable i l&#8217;apreciaci\u00f3 de l&#8217;entorn i la naturalesa, convida a una reflexi\u00f3 entorn l&#8217;esser hum\u00e0 en relaci\u00f3 a la natura amb l&#8217;apreciaci\u00f3 de cadascuna de les obres que la composen.<\/p>\n\n\n\n<iframe loading=\"lazy\" frameBorder=\"0\" scrolling=\"no\" src=\"https:\/\/ca.wikiloc.com\/wikiloc\/embedv2.do?id=150294644&#038;elevation=on&#038;images=on&#038;maptype=H\" width=\"600\" height=\"500\"><\/iframe><div style=\"color:#777;font-size:11px;line-height:16px;\">Powered by&nbsp;<a style=\"color:#4C8C2B;font-size:11px;line-height:16px;\" target=\"_blank\" href=\"https:\/\/ca.wikiloc.com\">Wikiloc<\/a><\/div>\n\n\n\n<hr class=\"wp-block-separator has-alpha-channel-opacity\"\/>\n\n\n\n<h3 class=\"wp-block-heading\"><strong>De Tuixent a les Feus de Mola<\/strong>:<\/h3>\n\n\n\n<p>La major part de l\u2019any les Feus (localisme de la forma deus, que vol dir font o surg\u00e8ncia) no ragen, ja que l\u2019aq\u00fc\u00edfer \u00e9s capa\u00e7 d\u2019assumir l\u2019aigua que li arriba i el nivell fre\u00e0tic es mant\u00e9 sota la superf\u00edcie. No obstant aix\u00f2, episodis de pluja continuada i abundant sobre la Serra del Verd,  generalment lligats a llevantades,&nbsp; provoquen la pujada del nivell fre\u00e0tic de l\u2019aigua fins que sobrepassa el nivell de la superf\u00edcie i el volum d\u2019aigua sobrepassa la capacitat d\u2019emmagatzematge de l\u2019aq\u00fc\u00edfer i sorgeix de manera brusca.<\/p>\n\n\n\n<iframe loading=\"lazy\" frameBorder=\"0\" scrolling=\"no\" src=\"https:\/\/ca.wikiloc.com\/wikiloc\/embedv2.do?id=205193003&#038;elevation=on&#038;images=on&#038;maptype=H\" width=\"600\" height=\"500\"><\/iframe><div style=\"color:#777;font-size:11px;line-height:16px;\">Powered by&nbsp;<a style=\"color:#4C8C2B;font-size:11px;line-height:16px;\" target=\"_blank\" href=\"https:\/\/ca.wikiloc.com\">Wikiloc<\/a><\/div>\n","protected":false},"excerpt":{"rendered":"<p>Els itineraris que s&#8217;exposen a continuaci\u00f3 s\u00f3n ideals per a complementar les activitats que es realitzaran al CdA de Tuixent. [&hellip;]<\/p>\n","protected":false},"author":1,"featured_media":0,"parent":0,"menu_order":0,"comment_status":"closed","ping_status":"closed","template":"","meta":{"_bbp_topic_count":0,"_bbp_reply_count":0,"_bbp_total_topic_count":0,"_bbp_total_reply_count":0,"_bbp_voice_count":0,"_bbp_anonymous_reply_count":0,"_bbp_topic_count_hidden":0,"_bbp_reply_count_hidden":0,"_bbp_forum_subforum_count":0,"site-sidebar-layout":"default","site-content-layout":"","ast-site-content-layout":"default","site-content-style":"default","site-sidebar-style":"default","ast-global-header-display":"","ast-banner-title-visibility":"","ast-main-header-display":"","ast-hfb-above-header-display":"","ast-hfb-below-header-display":"","ast-hfb-mobile-header-display":"","site-post-title":"","ast-breadcrumbs-content":"","ast-featured-img":"","footer-sml-layout":"","theme-transparent-header-meta":"","adv-header-id-meta":"","stick-header-meta":"","header-above-stick-meta":"","header-main-stick-meta":"","header-below-stick-meta":"","astra-migrate-meta-layouts":"set","ast-page-background-enabled":"default","ast-page-background-meta":{"desktop":{"background-color":"var(--ast-global-color-4)","background-image":"","background-repeat":"repeat","background-position":"center center","background-size":"auto","background-attachment":"scroll","background-type":"","background-media":"","overlay-type":"","overlay-color":"","overlay-opacity":"","overlay-gradient":""},"tablet":{"background-color":"","background-image":"","background-repeat":"repeat","background-position":"center center","background-size":"auto","background-attachment":"scroll","background-type":"","background-media":"","overlay-type":"","overlay-color":"","overlay-opacity":"","overlay-gradient":""},"mobile":{"background-color":"","background-image":"","background-repeat":"repeat","background-position":"center center","background-size":"auto","background-attachment":"scroll","background-type":"","background-media":"","overlay-type":"","overlay-color":"","overlay-opacity":"","overlay-gradient":""}},"ast-content-background-meta":{"desktop":{"background-color":"var(--ast-global-color-5)","background-image":"","background-repeat":"repeat","background-position":"center center","background-size":"auto","background-attachment":"scroll","background-type":"","background-media":"","overlay-type":"","overlay-color":"","overlay-opacity":"","overlay-gradient":""},"tablet":{"background-color":"var(--ast-global-color-5)","background-image":"","background-repeat":"repeat","background-position":"center center","background-size":"auto","background-attachment":"scroll","background-type":"","background-media":"","overlay-type":"","overlay-color":"","overlay-opacity":"","overlay-gradient":""},"mobile":{"background-color":"var(--ast-global-color-5)","background-image":"","background-repeat":"repeat","background-position":"center center","background-size":"auto","background-attachment":"scroll","background-type":"","background-media":"","overlay-type":"","overlay-color":"","overlay-opacity":"","overlay-gradient":""}},"footnotes":""},"class_list":["post-8438","page","type-page","status-publish","hentry"],"post_mailing_queue_ids":[],"_links":{"self":[{"href":"https:\/\/serveiseducatius.xtec.cat\/cda-tuixent\/wp-json\/wp\/v2\/pages\/8438","targetHints":{"allow":["GET"]}}],"collection":[{"href":"https:\/\/serveiseducatius.xtec.cat\/cda-tuixent\/wp-json\/wp\/v2\/pages"}],"about":[{"href":"https:\/\/serveiseducatius.xtec.cat\/cda-tuixent\/wp-json\/wp\/v2\/types\/page"}],"author":[{"embeddable":true,"href":"https:\/\/serveiseducatius.xtec.cat\/cda-tuixent\/wp-json\/wp\/v2\/users\/1"}],"replies":[{"embeddable":true,"href":"https:\/\/serveiseducatius.xtec.cat\/cda-tuixent\/wp-json\/wp\/v2\/comments?post=8438"}],"version-history":[{"count":6,"href":"https:\/\/serveiseducatius.xtec.cat\/cda-tuixent\/wp-json\/wp\/v2\/pages\/8438\/revisions"}],"predecessor-version":[{"id":9323,"href":"https:\/\/serveiseducatius.xtec.cat\/cda-tuixent\/wp-json\/wp\/v2\/pages\/8438\/revisions\/9323"}],"wp:attachment":[{"href":"https:\/\/serveiseducatius.xtec.cat\/cda-tuixent\/wp-json\/wp\/v2\/media?parent=8438"}],"curies":[{"name":"wp","href":"https:\/\/api.w.org\/{rel}","templated":true}]}}