{"id":8272,"date":"2016-06-20T17:56:05","date_gmt":"2016-06-20T16:56:05","guid":{"rendered":"http:\/\/serveiseducatius.xtec.cat\/eda-tuixent\/?page_id=8272"},"modified":"2021-10-26T11:07:08","modified_gmt":"2021-10-26T09:07:08","slug":"amb-els-centres","status":"publish","type":"page","link":"https:\/\/serveiseducatius.xtec.cat\/cda-tuixent\/amb-els-centres\/","title":{"rendered":"Amb els centres"},"content":{"rendered":"<p><em>Els Camps i Entorns d\u2019Aprenentatge s\u00f3n serveis educatius que treballen conjuntament amb els centres educatius per promoure l\u2019aprenentatge de l\u2019alumnat a trav\u00e9s d\u2019oferir activitats did\u00e0ctiques innovadores realitzades en un medi natural o cultural singular de Catalunya i contribuir a l\u2019aprofundiment de la formaci\u00f3 competencial de l\u2019alumne <\/em>(Departament d&#8217;Ensenyament)<em>.<\/em><\/p>\n<p><a href=\"http:\/\/xtec.gencat.cat\/ca\/serveis\/sesc\/cda\/\">http:\/\/xtec.gencat.cat\/ca\/serveis\/cda\/queson\/<\/a><\/p>\n<p>L\u2019estada als CdA\u2019s i EdA\u2019s comporta realitzar unes determinades activitats els dies assignats, aix\u00ed com tamb\u00e9 un treball previ que serveixi per preparar l\u2019estada, contextualitzar l&#8217;alumnat i motivar el centre d&#8217;inter\u00e8s amb el material que completin la seq\u00fcencia did\u00e0ctica.<\/p>\n<p>Es contemplen tres grans grups de responsabilitats, que estan desenvolupats en el seg\u00fcent <a href=\"https:\/\/drive.google.com\/file\/d\/1m5IHL_2N4SWFeu36_xwEzlnQ7oVA2TOs\/view\">document<\/a><\/p>\n<p>Des de l&#8217;entorn d&#8217;Aprenentatge de Tuixent tamb\u00e9 proposem el material recomanat a portar a l&#8217;estada, que pot servir d&#8217;orientaci\u00f3 al centre i les fam\u00edlies:<\/p>\n<p><a href=\"https:\/\/drive.google.com\/file\/d\/1lmY-_VUtNUm-Z3gw55HKmq6PU9FBQrSh\/view\"><img loading=\"lazy\" decoding=\"async\" class=\"alignnone size-full wp-image-8603\" src=\"https:\/\/serveiseducatius.xtec.cat\/cda-tuixent\/wp-content\/uploads\/usu1370\/2021\/10\/recomanat-estada.jpg\" alt=\"\" width=\"541\" height=\"32\" srcset=\"https:\/\/serveiseducatius.xtec.cat\/cda-tuixent\/wp-content\/uploads\/usu1370\/2021\/10\/recomanat-estada.jpg 541w, https:\/\/serveiseducatius.xtec.cat\/cda-tuixent\/wp-content\/uploads\/usu1370\/2021\/10\/recomanat-estada-300x18.jpg 300w\" sizes=\"auto, (max-width: 541px) 100vw, 541px\" \/><\/a><\/p>\n<p>Fins molt aviat!<\/p>\n","protected":false},"excerpt":{"rendered":"<p>Els Camps i Entorns d\u2019Aprenentatge s\u00f3n serveis educatius que treballen conjuntament amb els centres educatius per promoure l\u2019aprenentatge de l\u2019alumnat [&hellip;]<\/p>\n","protected":false},"author":1,"featured_media":0,"parent":0,"menu_order":0,"comment_status":"closed","ping_status":"closed","template":"page-templates\/side-menu.php","meta":{"_bbp_topic_count":0,"_bbp_reply_count":0,"_bbp_total_topic_count":0,"_bbp_total_reply_count":0,"_bbp_voice_count":0,"_bbp_anonymous_reply_count":0,"_bbp_topic_count_hidden":0,"_bbp_reply_count_hidden":0,"_bbp_forum_subforum_count":0,"site-sidebar-layout":"default","site-content-layout":"","ast-site-content-layout":"","site-content-style":"default","site-sidebar-style":"default","ast-global-header-display":"","ast-banner-title-visibility":"","ast-main-header-display":"","ast-hfb-above-header-display":"","ast-hfb-below-header-display":"","ast-hfb-mobile-header-display":"","site-post-title":"","ast-breadcrumbs-content":"","ast-featured-img":"","footer-sml-layout":"","theme-transparent-header-meta":"","adv-header-id-meta":"","stick-header-meta":"","header-above-stick-meta":"","header-main-stick-meta":"","header-below-stick-meta":"","astra-migrate-meta-layouts":"default","ast-page-background-enabled":"default","ast-page-background-meta":{"desktop":{"background-color":"var(--ast-global-color-4)","background-image":"","background-repeat":"repeat","background-position":"center center","background-size":"auto","background-attachment":"scroll","background-type":"","background-media":"","overlay-type":"","overlay-color":"","overlay-opacity":"","overlay-gradient":""},"tablet":{"background-color":"","background-image":"","background-repeat":"repeat","background-position":"center center","background-size":"auto","background-attachment":"scroll","background-type":"","background-media":"","overlay-type":"","overlay-color":"","overlay-opacity":"","overlay-gradient":""},"mobile":{"background-color":"","background-image":"","background-repeat":"repeat","background-position":"center center","background-size":"auto","background-attachment":"scroll","background-type":"","background-media":"","overlay-type":"","overlay-color":"","overlay-opacity":"","overlay-gradient":""}},"ast-content-background-meta":{"desktop":{"background-color":"var(--ast-global-color-5)","background-image":"","background-repeat":"repeat","background-position":"center center","background-size":"auto","background-attachment":"scroll","background-type":"","background-media":"","overlay-type":"","overlay-color":"","overlay-opacity":"","overlay-gradient":""},"tablet":{"background-color":"var(--ast-global-color-5)","background-image":"","background-repeat":"repeat","background-position":"center center","background-size":"auto","background-attachment":"scroll","background-type":"","background-media":"","overlay-type":"","overlay-color":"","overlay-opacity":"","overlay-gradient":""},"mobile":{"background-color":"var(--ast-global-color-5)","background-image":"","background-repeat":"repeat","background-position":"center center","background-size":"auto","background-attachment":"scroll","background-type":"","background-media":"","overlay-type":"","overlay-color":"","overlay-opacity":"","overlay-gradient":""}},"footnotes":""},"class_list":["post-8272","page","type-page","status-publish","hentry"],"post_mailing_queue_ids":[],"_links":{"self":[{"href":"https:\/\/serveiseducatius.xtec.cat\/cda-tuixent\/wp-json\/wp\/v2\/pages\/8272","targetHints":{"allow":["GET"]}}],"collection":[{"href":"https:\/\/serveiseducatius.xtec.cat\/cda-tuixent\/wp-json\/wp\/v2\/pages"}],"about":[{"href":"https:\/\/serveiseducatius.xtec.cat\/cda-tuixent\/wp-json\/wp\/v2\/types\/page"}],"author":[{"embeddable":true,"href":"https:\/\/serveiseducatius.xtec.cat\/cda-tuixent\/wp-json\/wp\/v2\/users\/1"}],"replies":[{"embeddable":true,"href":"https:\/\/serveiseducatius.xtec.cat\/cda-tuixent\/wp-json\/wp\/v2\/comments?post=8272"}],"version-history":[{"count":3,"href":"https:\/\/serveiseducatius.xtec.cat\/cda-tuixent\/wp-json\/wp\/v2\/pages\/8272\/revisions"}],"predecessor-version":[{"id":8604,"href":"https:\/\/serveiseducatius.xtec.cat\/cda-tuixent\/wp-json\/wp\/v2\/pages\/8272\/revisions\/8604"}],"wp:attachment":[{"href":"https:\/\/serveiseducatius.xtec.cat\/cda-tuixent\/wp-json\/wp\/v2\/media?parent=8272"}],"curies":[{"name":"wp","href":"https:\/\/api.w.org\/{rel}","templated":true}]}}