{"id":8235,"date":"2016-06-20T17:26:18","date_gmt":"2016-06-20T16:26:18","guid":{"rendered":"http:\/\/serveiseducatius.xtec.cat\/eda-tuixent\/?page_id=8235"},"modified":"2026-04-07T13:03:23","modified_gmt":"2026-04-07T11:03:23","slug":"ambits","status":"publish","type":"page","link":"https:\/\/serveiseducatius.xtec.cat\/cda-tuixent\/ambits\/","title":{"rendered":"\u00c0mbits i activitats"},"content":{"rendered":"<ul>\n<li><strong>\u00c0MBIT TREMENTINAIRES<\/strong>\n<ul>\n<li style=\"list-style-type: none;\">\n<ul>\n<li><a href=\"https:\/\/serveiseducatius.xtec.cat\/cda-tuixent\/trementinaires\/visita-al-museu-de-les-trementinaires\/\">VISITA AL MUSEU DE LES TREMENTINAIRES<\/a><\/li>\n<li><a href=\"https:\/\/serveiseducatius.xtec.cat\/cda-tuixent\/trementinaires\/elaboracio-de-pomada-de-calendula\/\">ELABORACI\u00d3 DE POMADA DE CAL\u00c8NDULA<\/a><\/li>\n<li><a href=\"https:\/\/serveiseducatius.xtec.cat\/cda-tuixent\/trementinaires\/confeccio-dun-herbari\/\">CONFECCI\u00d3 D\u2019UN HERBARI<\/a><\/li>\n<li><a href=\"https:\/\/serveiseducatius.xtec.cat\/cda-tuixent\/trementinaires\/visita-al-jardi-botanic-de-les-trementinaires\/\">VISITA AL JARD\u00cd BOT\u00c0NIC DE LES TREMENTINAIRES<\/a><\/li>\n<li><a href=\"https:\/\/serveiseducatius.xtec.cat\/cda-tuixent\/trementinaires\/ruta-de-les-plantes-medicinals\/\">RUTA DE LES PLANTES MEDICINALS<\/a><\/li>\n<li><a href=\"https:\/\/serveiseducatius.xtec.cat\/cda-tuixent\/trementinaires\/elaboracio-de-sals-de-bany\/\">JOC DE LES OLORS I SAQUETS AROM\u00c0TICS<\/a><\/li>\n<\/ul>\n<\/li>\n<\/ul>\n<\/li>\n<\/ul>\n<ul>\n<li><strong>\u00c0MBIT PARC\u00a0 NATURAL\u00a0 CAD\u00cd-MOIXER\u00d3<\/strong>\n<ul>\n<li><strong>FAUNA I FLORA<\/strong>\n<ul>\n<li><a href=\"https:\/\/serveiseducatius.xtec.cat\/cda-tuixent\/parc-natural-cadi_moixero\/interpretacio-de-rastres-danimals\/\">INTERPRETACI\u00d3 DE RASTRES D&#8217;ANIMALS<\/a><\/li>\n<li><a href=\"https:\/\/serveiseducatius.xtec.cat\/cda-tuixent\/parc-natural-cadi_moixero\/arboretum\/\">ARBOR\u00c8TUM<\/a><\/li>\n<\/ul>\n<\/li>\n<li><strong>GEOLOGIA<\/strong>\n<ul>\n<li><a href=\"https:\/\/serveiseducatius.xtec.cat\/cda-tuixent\/fauna-i-flora\/tresors-geologics-del-nostre-entorn\/\">TRESORS GEOL\u00d2GICS DEL NOSTRE ENTORN<\/a><\/li>\n<li><a href=\"https:\/\/serveiseducatius.xtec.cat\/cda-tuixent\/fauna-i-flora\/itinerari-geologic-per-coll-de-creus\/\">ITINERARI GEOL\u00d2GIC PER COLL DE CREUS<\/a><\/li>\n<li><a href=\"https:\/\/serveiseducatius.xtec.cat\/cda-tuixent\/fauna-i-flora\/itinerari-geoambiental-per-la-vall-de-la-vansa\/\">ITINERARI GEOAMBIENTAL PER LA VALL DE LA VANSA<\/a><\/li>\n<li><a href=\"https:\/\/serveiseducatius.xtec.cat\/cda-tuixent\/fauna-i-flora\/estudi-de-camp-dun-sol\/\">ESTUDI DE CAMP D&#8217;UN S\u00d2L<\/a><\/li>\n<li><a href=\"https:\/\/serveiseducatius.xtec.cat\/cda-tuixent\/?page_id=8926&amp;preview=true\">F\u00d2SSILS DE COMA POSADA<\/a><\/li>\n<\/ul>\n<\/li>\n<\/ul>\n<\/li>\n<\/ul>\n<ul>\n<li><strong>\u00c0MBIT POBLE DE MUNTANYA<\/strong>\n<ul>\n<li style=\"list-style-type: none;\">\n<ul>\n<li><a href=\"https:\/\/serveiseducatius.xtec.cat\/cda-tuixent\/fauna-i-flora\/estudi-del-riu-de-mola\/\">ESTUDI DEL RIU DE MOLA<\/a><\/li>\n<li><a href=\"https:\/\/serveiseducatius.xtec.cat\/cda-tuixent\/tuixent_poble_de_muntanya\/descoberta-de-tuixent\/\">DESCOBERTA DE TUIXENT<\/a><\/li>\n<li><a href=\"https:\/\/serveiseducatius.xtec.cat\/cda-tuixent\/tuixent_poble_de_muntanya\/itinerari-carrerada-den-miquel\/\">ITINERARI CARRERADA D&#8217;EN MIQUEL<\/a><\/li>\n<li><a href=\"https:\/\/serveiseducatius.xtec.cat\/cda-tuixent\/tuixent_poble_de_muntanya\/estacio-meteorologica-2\/\">ESTACI\u00d3 METEOROL\u00d2GICA<\/a><\/li>\n<li><a href=\"https:\/\/serveiseducatius.xtec.cat\/cda-tuixent\/tuixent_poble_de_muntanya\/land-art-de-vanseca-i-creacio-duna-peca-artistica\/\">LAND ART DE VANSECA I CREACI\u00d3 D&#8217;UNA PE\u00c7A ART\u00cdSTICA<\/a><\/li>\n<li><a href=\"https:\/\/serveiseducatius.xtec.cat\/cda-tuixent\/tuixent_poble_de_muntanya\/visita-a-les-artesanes-dossera\/\">VISITA A LES ARTESANES D&#8217;OSSERA<\/a><\/li>\n<\/ul>\n<\/li>\n<\/ul>\n<\/li>\n<\/ul>\n<ul>\n<li><strong>COL\u00b7LABORACIONS AMB EL CDA DE TUIXENT (Preu a concretar):<\/strong>\n<ul>\n<li style=\"list-style-type: none;\">\n<ul>\n<li><a href=\"https:\/\/serveiseducatius.xtec.cat\/cda-tuixent\/estacio-desqui-nordic-de-tuixent-la-vansa\/\">ESTACI\u00d3 D&#8217;ESQU\u00cd N\u00d2RDIC DE TUIXENT LA VANSA<\/a><\/li>\n<li><a href=\"https:\/\/serveiseducatius.xtec.cat\/cda-tuixent\/zoo-del-pirineu\/\">ZOO DEL PIRINEU<\/a><\/li>\n<li><a href=\"https:\/\/serveiseducatius.xtec.cat\/cda-tuixent\/tuixent_poble_de_muntanya\/visita-a-les-artesanes-dossera\/\">VISITA A LES ARTESANES D&#8217;OSSERA<\/a><\/li>\n<\/ul>\n<\/li>\n<\/ul>\n<\/li>\n<\/ul>\n<ul>\n<li><strong>ACTIVITATS NO LECTIVES (Preu a concretar):<\/strong>\n<ul>\n<li style=\"list-style-type: none;\">\n<ul>\n<li><a href=\"https:\/\/www.boscaris.cat\/es\/\">BOSCARIS<\/a><\/li>\n<\/ul>\n<\/li>\n<\/ul>\n<\/li>\n<\/ul>\n","protected":false},"excerpt":{"rendered":"<p>\u00c0MBIT TREMENTINAIRES VISITA AL MUSEU DE LES TREMENTINAIRES ELABORACI\u00d3 DE POMADA DE CAL\u00c8NDULA CONFECCI\u00d3 D\u2019UN HERBARI VISITA AL JARD\u00cd BOT\u00c0NIC [&hellip;]<\/p>\n","protected":false},"author":1,"featured_media":0,"parent":0,"menu_order":0,"comment_status":"closed","ping_status":"closed","template":"","meta":{"_bbp_topic_count":0,"_bbp_reply_count":0,"_bbp_total_topic_count":0,"_bbp_total_reply_count":0,"_bbp_voice_count":0,"_bbp_anonymous_reply_count":0,"_bbp_topic_count_hidden":0,"_bbp_reply_count_hidden":0,"_bbp_forum_subforum_count":0,"site-sidebar-layout":"default","site-content-layout":"","ast-site-content-layout":"default","site-content-style":"default","site-sidebar-style":"default","ast-global-header-display":"","ast-banner-title-visibility":"","ast-main-header-display":"","ast-hfb-above-header-display":"","ast-hfb-below-header-display":"","ast-hfb-mobile-header-display":"","site-post-title":"","ast-breadcrumbs-content":"","ast-featured-img":"","footer-sml-layout":"","theme-transparent-header-meta":"","adv-header-id-meta":"","stick-header-meta":"","header-above-stick-meta":"","header-main-stick-meta":"","header-below-stick-meta":"","astra-migrate-meta-layouts":"set","ast-page-background-enabled":"default","ast-page-background-meta":{"desktop":{"background-color":"var(--ast-global-color-4)","background-image":"","background-repeat":"repeat","background-position":"center center","background-size":"auto","background-attachment":"scroll","background-type":"","background-media":"","overlay-type":"","overlay-color":"","overlay-opacity":"","overlay-gradient":""},"tablet":{"background-color":"","background-image":"","background-repeat":"repeat","background-position":"center center","background-size":"auto","background-attachment":"scroll","background-type":"","background-media":"","overlay-type":"","overlay-color":"","overlay-opacity":"","overlay-gradient":""},"mobile":{"background-color":"","background-image":"","background-repeat":"repeat","background-position":"center center","background-size":"auto","background-attachment":"scroll","background-type":"","background-media":"","overlay-type":"","overlay-color":"","overlay-opacity":"","overlay-gradient":""}},"ast-content-background-meta":{"desktop":{"background-color":"var(--ast-global-color-5)","background-image":"","background-repeat":"repeat","background-position":"center center","background-size":"auto","background-attachment":"scroll","background-type":"","background-media":"","overlay-type":"","overlay-color":"","overlay-opacity":"","overlay-gradient":""},"tablet":{"background-color":"var(--ast-global-color-5)","background-image":"","background-repeat":"repeat","background-position":"center center","background-size":"auto","background-attachment":"scroll","background-type":"","background-media":"","overlay-type":"","overlay-color":"","overlay-opacity":"","overlay-gradient":""},"mobile":{"background-color":"var(--ast-global-color-5)","background-image":"","background-repeat":"repeat","background-position":"center center","background-size":"auto","background-attachment":"scroll","background-type":"","background-media":"","overlay-type":"","overlay-color":"","overlay-opacity":"","overlay-gradient":""}},"footnotes":""},"class_list":["post-8235","page","type-page","status-publish","hentry"],"post_mailing_queue_ids":[],"_links":{"self":[{"href":"https:\/\/serveiseducatius.xtec.cat\/cda-tuixent\/wp-json\/wp\/v2\/pages\/8235","targetHints":{"allow":["GET"]}}],"collection":[{"href":"https:\/\/serveiseducatius.xtec.cat\/cda-tuixent\/wp-json\/wp\/v2\/pages"}],"about":[{"href":"https:\/\/serveiseducatius.xtec.cat\/cda-tuixent\/wp-json\/wp\/v2\/types\/page"}],"author":[{"embeddable":true,"href":"https:\/\/serveiseducatius.xtec.cat\/cda-tuixent\/wp-json\/wp\/v2\/users\/1"}],"replies":[{"embeddable":true,"href":"https:\/\/serveiseducatius.xtec.cat\/cda-tuixent\/wp-json\/wp\/v2\/comments?post=8235"}],"version-history":[{"count":6,"href":"https:\/\/serveiseducatius.xtec.cat\/cda-tuixent\/wp-json\/wp\/v2\/pages\/8235\/revisions"}],"predecessor-version":[{"id":9603,"href":"https:\/\/serveiseducatius.xtec.cat\/cda-tuixent\/wp-json\/wp\/v2\/pages\/8235\/revisions\/9603"}],"wp:attachment":[{"href":"https:\/\/serveiseducatius.xtec.cat\/cda-tuixent\/wp-json\/wp\/v2\/media?parent=8235"}],"curies":[{"name":"wp","href":"https:\/\/api.w.org\/{rel}","templated":true}]}}