{"id":71,"date":"2013-11-14T19:47:14","date_gmt":"2013-11-14T18:47:14","guid":{"rendered":"http:\/\/blocs.xtec.cat\/plantillacda\/?page_id=71"},"modified":"2024-02-14T13:50:42","modified_gmt":"2024-02-14T12:50:42","slug":"on-som","status":"publish","type":"page","link":"https:\/\/serveiseducatius.xtec.cat\/cda-tuixent\/el-camp\/on-som\/","title":{"rendered":"On som"},"content":{"rendered":"<p>El <strong>Camp d&#8217;Aprenentatge de Tuixent<\/strong> est\u00e0 situat a la poblaci\u00f3 de Tuixent, concretament a la pla\u00e7a Serra del Cad\u00ed n. 1, a una hora de Solsona, una hora de La Seu d&#8217;Urgell i a una hora de Berga. La poblaci\u00f3 de Tuixent est\u00e0 al Parc Natural Cad\u00ed Moixer\u00f3, a 1225m.<\/p>\n<h4><iframe loading=\"lazy\" style=\"border: 0;\" src=\"https:\/\/www.google.com\/maps\/embed?pb=!1m18!1m12!1m3!1d369.2767929619208!2d1.5659882518340844!3d42.23123354935432!2m3!1f0!2f0!3f0!3m2!1i1024!2i768!4f13.1!3m3!1m2!1s0x12a5958431c9e0e7%3A0x29bd205fbccd59cd!2sL'Entorn%20d'Aprenentatge%20de%20Tuixent%20Cad%C3%AD-Moixer%C3%B3!5e0!3m2!1sca!2ses!4v1707915005849!5m2!1sca!2ses\" width=\"600\" height=\"450\" allowfullscreen=\"allowfullscreen\"><\/iframe><\/h4>\n<h4>Com arribar-hi<\/h4>\n<p>Al <strong>Camp d&#8217;Aprenentatge de Tuixent<\/strong> s&#8217;hi arriba pel Solson\u00e8s, el Bergued\u00e0 o l&#8217;Alt Urgell.<\/p>\n<h4>Instal\u00b7lacions<\/h4>\n<p>Disposem de dues aules de treball i diferents instal\u00b7lacions utilitzades per desenvolupament d&#8217;algunes activitats concretes: museu de les Trementinaires, centre de Flora.\u00a0 Tamb\u00e9 disposem del centre c\u00edvic situat a l&#8217;alberg on far\u00e0 estada l&#8217;alumnat i una pista esportiva a l&#8217;aire lliure a 10 minuts del poble.<\/p>\n<h4>Allotjament<\/h4>\n<p>L&#8217;Alberg Can Cortina est\u00e0 situat al mig del poble de Tuixent, aix\u00ed que no \u00e9s necessari el transport per desenvolupar la majoria de les activitats que s&#8217;oferten al Camp d&#8217;Aprenentatge de Tuixent.<\/p>\n<p><a href=\"http:\/\/www.xtec.cat\/cda-altbergueda\/informacio\/mapa\/planol%20arribada.gif\"> <img decoding=\"async\" src=\"http:\/\/www.xtec.cat\/cda-altbergueda\/informacio\/mapa\/planol%20arribada.gif\" alt=\"\" width=\"400px\" \/><\/a><\/p>\n","protected":false},"excerpt":{"rendered":"<p>El Camp d&#8217;Aprenentatge de Tuixent est\u00e0 situat a la poblaci\u00f3 de Tuixent, concretament a la pla\u00e7a Serra del Cad\u00ed n. [&hellip;]<\/p>\n","protected":false},"author":1,"featured_media":0,"parent":8225,"menu_order":30,"comment_status":"closed","ping_status":"closed","template":"page-templates\/side-menu.php","meta":{"_bbp_topic_count":0,"_bbp_reply_count":0,"_bbp_total_topic_count":0,"_bbp_total_reply_count":0,"_bbp_voice_count":0,"_bbp_anonymous_reply_count":0,"_bbp_topic_count_hidden":0,"_bbp_reply_count_hidden":0,"_bbp_forum_subforum_count":0,"site-sidebar-layout":"default","site-content-layout":"","ast-site-content-layout":"","site-content-style":"default","site-sidebar-style":"default","ast-global-header-display":"","ast-banner-title-visibility":"","ast-main-header-display":"","ast-hfb-above-header-display":"","ast-hfb-below-header-display":"","ast-hfb-mobile-header-display":"","site-post-title":"","ast-breadcrumbs-content":"","ast-featured-img":"","footer-sml-layout":"","theme-transparent-header-meta":"","adv-header-id-meta":"","stick-header-meta":"","header-above-stick-meta":"","header-main-stick-meta":"","header-below-stick-meta":"","astra-migrate-meta-layouts":"default","ast-page-background-enabled":"default","ast-page-background-meta":{"desktop":{"background-color":"var(--ast-global-color-4)","background-image":"","background-repeat":"repeat","background-position":"center center","background-size":"auto","background-attachment":"scroll","background-type":"","background-media":"","overlay-type":"","overlay-color":"","overlay-opacity":"","overlay-gradient":""},"tablet":{"background-color":"","background-image":"","background-repeat":"repeat","background-position":"center center","background-size":"auto","background-attachment":"scroll","background-type":"","background-media":"","overlay-type":"","overlay-color":"","overlay-opacity":"","overlay-gradient":""},"mobile":{"background-color":"","background-image":"","background-repeat":"repeat","background-position":"center center","background-size":"auto","background-attachment":"scroll","background-type":"","background-media":"","overlay-type":"","overlay-color":"","overlay-opacity":"","overlay-gradient":""}},"ast-content-background-meta":{"desktop":{"background-color":"var(--ast-global-color-5)","background-image":"","background-repeat":"repeat","background-position":"center center","background-size":"auto","background-attachment":"scroll","background-type":"","background-media":"","overlay-type":"","overlay-color":"","overlay-opacity":"","overlay-gradient":""},"tablet":{"background-color":"var(--ast-global-color-5)","background-image":"","background-repeat":"repeat","background-position":"center center","background-size":"auto","background-attachment":"scroll","background-type":"","background-media":"","overlay-type":"","overlay-color":"","overlay-opacity":"","overlay-gradient":""},"mobile":{"background-color":"var(--ast-global-color-5)","background-image":"","background-repeat":"repeat","background-position":"center center","background-size":"auto","background-attachment":"scroll","background-type":"","background-media":"","overlay-type":"","overlay-color":"","overlay-opacity":"","overlay-gradient":""}},"footnotes":""},"class_list":["post-71","page","type-page","status-publish","hentry"],"post_mailing_queue_ids":[],"_links":{"self":[{"href":"https:\/\/serveiseducatius.xtec.cat\/cda-tuixent\/wp-json\/wp\/v2\/pages\/71","targetHints":{"allow":["GET"]}}],"collection":[{"href":"https:\/\/serveiseducatius.xtec.cat\/cda-tuixent\/wp-json\/wp\/v2\/pages"}],"about":[{"href":"https:\/\/serveiseducatius.xtec.cat\/cda-tuixent\/wp-json\/wp\/v2\/types\/page"}],"author":[{"embeddable":true,"href":"https:\/\/serveiseducatius.xtec.cat\/cda-tuixent\/wp-json\/wp\/v2\/users\/1"}],"replies":[{"embeddable":true,"href":"https:\/\/serveiseducatius.xtec.cat\/cda-tuixent\/wp-json\/wp\/v2\/comments?post=71"}],"version-history":[{"count":4,"href":"https:\/\/serveiseducatius.xtec.cat\/cda-tuixent\/wp-json\/wp\/v2\/pages\/71\/revisions"}],"predecessor-version":[{"id":8735,"href":"https:\/\/serveiseducatius.xtec.cat\/cda-tuixent\/wp-json\/wp\/v2\/pages\/71\/revisions\/8735"}],"up":[{"embeddable":true,"href":"https:\/\/serveiseducatius.xtec.cat\/cda-tuixent\/wp-json\/wp\/v2\/pages\/8225"}],"wp:attachment":[{"href":"https:\/\/serveiseducatius.xtec.cat\/cda-tuixent\/wp-json\/wp\/v2\/media?parent=71"}],"curies":[{"name":"wp","href":"https:\/\/api.w.org\/{rel}","templated":true}]}}