{"id":7,"date":"2014-09-12T10:14:31","date_gmt":"2014-09-12T10:14:31","guid":{"rendered":"http:\/\/serveiseducatius.xtec.cat\/eda-tuixent\/?page_id=7"},"modified":"2025-02-24T13:03:35","modified_gmt":"2025-02-24T12:03:35","slug":"pagines-dinici","status":"publish","type":"page","link":"https:\/\/serveiseducatius.xtec.cat\/cda-tuixent\/","title":{"rendered":"Instagram del CdA de Tuixent"},"content":{"rendered":"\n<h2 class=\"wp-block-heading alignwide has-text-align-center has-pale-pink-color has-ast-global-color-1-background-color has-text-color has-background has-link-color has-large-font-size wp-elements-a082cb45717a43b559f0b9f41d2e331b\" style=\"margin-top:0;margin-right:0;margin-bottom:0;margin-left:0\">Segueix-nos a Instagram<\/h2>\n\n\n<div class=\"wp-block-getwid-instagram\">\n            <div class=\"wp-block-getwid-instagram__wrapper has-6-columns\">\n                <div class=\"wp-block-getwid-instagram__item\">\n\t<div class=\"wp-block-getwid-instagram__media-wrapper\">\n\t\t<a class=\"wp-block-getwid-instagram__media-link\" target=\"_blank\" href=\"https:\/\/www.instagram.com\/p\/DXtjR41jS24\/\">\n\t\t\t\t\t\t\t<img decoding=\"async\" class=\"wp-block-getwid-instagram__media\" src=\"https:\/\/scontent-lhr8-2.cdninstagram.com\/v\/t51.82787-15\/682857679_18325443763302086_5194390246117260796_n.jpg?stp=dst-jpg_e35_tt6&#038;_nc_cat=101&#038;ccb=7-5&#038;_nc_sid=18de74&#038;efg=eyJlZmdfdGFnIjoiQ0FST1VTRUxfSVRFTS5iZXN0X2ltYWdlX3VybGdlbi5DMyJ9&#038;_nc_ohc=DUxg34zQkgoQ7kNvwGBJzl0&#038;_nc_oc=Adoa0pV6Wtr4Pn1G-iV857rpJjKVGN5DgZT31KRh588ORgUhZ_5ZH3fdyOWITDgfS3Q&#038;_nc_zt=23&#038;_nc_ht=scontent-lhr8-2.cdninstagram.com&#038;edm=ANo9K5cEAAAA&#038;_nc_gid=5fOOpBlapbN74XYjC232vA&#038;_nc_tpa=Q5bMBQGDMS9Jnb7EPUV19y4DVpt_2u4WKcfFZDbDxBo9qYSBfjwD1M2RH6gmUka7hkOsLMK9900Zq6zjug&#038;oh=00_Af7_2w0N6OXXlYl2pXojKaoNUYRuwzD7LWFLF68Lf6ThCw&#038;oe=6A012524\" alt=\"Avui l&#039;alumnat de 3r de Prim\u00e0ria del Pau Claris ha fet el taller de Pomada de Cal\u00e8ndula al seu centre, gr\u00e0cies al projecte de Maleta pedag\u00f2gica del CdA d&#039;anar als centres educatius de la zona. Moltes gr\u00e0cies Escola Pau Claris!\"\/>\n\t\t\t\t\t<\/a>\n\t<\/div>\n<\/div><div class=\"wp-block-getwid-instagram__item\">\n\t<div class=\"wp-block-getwid-instagram__media-wrapper\">\n\t\t<a class=\"wp-block-getwid-instagram__media-link\" target=\"_blank\" href=\"https:\/\/www.instagram.com\/p\/DXq37knjRIz\/\">\n\t\t\t\t\t\t\t<img decoding=\"async\" class=\"wp-block-getwid-instagram__media\" src=\"https:\/\/scontent-lhr8-1.cdninstagram.com\/v\/t51.82787-15\/657328118_18325292119302086_8509856937722888957_n.jpg?stp=dst-jpg_e35_tt6&#038;_nc_cat=107&#038;ccb=7-5&#038;_nc_sid=18de74&#038;efg=eyJlZmdfdGFnIjoiQ0FST1VTRUxfSVRFTS5iZXN0X2ltYWdlX3VybGdlbi5DMyJ9&#038;_nc_ohc=nyNJ6dz5qL0Q7kNvwFbhhid&#038;_nc_oc=AdrAjPxR9VwnkEwzZXj0LT8bQEVp4SL-Q6ZsLh99aCHC09O-vQTaEO51Bw99Rfo8DKc&#038;_nc_zt=23&#038;_nc_ht=scontent-lhr8-1.cdninstagram.com&#038;edm=ANo9K5cEAAAA&#038;_nc_gid=5fOOpBlapbN74XYjC232vA&#038;_nc_tpa=Q5bMBQGN30n0XjuvJAoHiyoeftCvNopnguNPzINR6ZnnwsOqANEDMQkNInLlLZ97ZuLebyadvngyo3XVyw&#038;oh=00_Af7hqVV7fAGglZIa4qhvZRViPRniUU_E6kruaHB6rqJezw&#038;oe=6A01215F\" alt=\"El CdA Tuixent divendres passat va anar a fer una activitat a la Seu d&#039;Urgell amb la trobada de l&#039;alumnat d&#039;infantil i CI de la ZER Urgellet. La visita de l&#039;Eudald el guarda forestal i les seves dues ajudants per treballar rastres d&#039;animals del Pirineu. Moltes gr\u00e0cies! #aprendreambcampsientorns #josaituixent\"\/>\n\t\t\t\t\t<\/a>\n\t<\/div>\n<\/div><div class=\"wp-block-getwid-instagram__item\">\n\t<div class=\"wp-block-getwid-instagram__media-wrapper\">\n\t\t<a class=\"wp-block-getwid-instagram__media-link\" target=\"_blank\" href=\"https:\/\/www.instagram.com\/p\/DXeJto6jTPj\/\">\n\t\t\t\t\t\t\t<img decoding=\"async\" class=\"wp-block-getwid-instagram__media\" src=\"https:\/\/scontent-lhr8-1.cdninstagram.com\/v\/t51.82787-15\/671249799_18324495082302086_656601752253141447_n.jpg?stp=dst-jpg_e35_tt6&#038;_nc_cat=107&#038;ccb=7-5&#038;_nc_sid=18de74&#038;efg=eyJlZmdfdGFnIjoiQ0FST1VTRUxfSVRFTS5iZXN0X2ltYWdlX3VybGdlbi5DMyJ9&#038;_nc_ohc=9vBnlNAwjbEQ7kNvwFLk3TE&#038;_nc_oc=AdoOmNp9f42XQzP1aKJUdEoRzkwO2Zi5OuUEE-l337-lMlz1f2cmFUArPd1g1Gu78nI&#038;_nc_zt=23&#038;_nc_ht=scontent-lhr8-1.cdninstagram.com&#038;edm=ANo9K5cEAAAA&#038;_nc_gid=5fOOpBlapbN74XYjC232vA&#038;_nc_tpa=Q5bMBQFw72nVPLOMoYxJF0mpe5pDPIDnxmx7exREaq_p40bhgs_HMYpWnE0Fnh-PoqNM6zgaI4xoHELyvA&#038;oh=00_Af6leh7rMia6oTk6iCWGYPS53Gad8Usks379H-ReJgAgtg&#038;oe=6A0110AE\" alt=\"Aquesta setmana hem estat amb l&#039;INS del Ter, un plaer compartir hist\u00f2ries del passat, la figura de les Trementinaires, l&#039;ung\u00fcent de cal\u00e8ndula i l&#039;itinerari Coll de Creus, aix\u00ed com les proves amb el revelatge per cianot\u00edpia. Moltes gr\u00e0cies @institutdelter #aprendreambcampsientorns #josaituixent\"\/>\n\t\t\t\t\t<\/a>\n\t<\/div>\n<\/div><div class=\"wp-block-getwid-instagram__item\">\n\t<div class=\"wp-block-getwid-instagram__media-wrapper\">\n\t\t<a class=\"wp-block-getwid-instagram__media-link\" target=\"_blank\" href=\"https:\/\/www.instagram.com\/p\/DXWgoLhjQ5p\/\">\n\t\t\t\t\t\t\t<img decoding=\"async\" class=\"wp-block-getwid-instagram__media\" src=\"https:\/\/scontent-lhr8-1.cdninstagram.com\/v\/t51.82787-15\/671199558_18324081979302086_3767532186158274148_n.jpg?stp=dst-jpg_e35_tt6&#038;_nc_cat=107&#038;ccb=7-5&#038;_nc_sid=18de74&#038;efg=eyJlZmdfdGFnIjoiQ0FST1VTRUxfSVRFTS5iZXN0X2ltYWdlX3VybGdlbi5DMyJ9&#038;_nc_ohc=I2E9sOWUMBgQ7kNvwGkFnvW&#038;_nc_oc=Adp6_0qEzGbLLL4vCqk1IpJQK8Hrv-cIMKTeuQfQ-aiv0VpQcKLuesFrFc5tWK43Jqs&#038;_nc_zt=23&#038;_nc_ht=scontent-lhr8-1.cdninstagram.com&#038;edm=ANo9K5cEAAAA&#038;_nc_gid=5fOOpBlapbN74XYjC232vA&#038;_nc_tpa=Q5bMBQHTxE5vu9NOBl3WbHS6ja10rrDNW99NaFe7htpEFZqz2PpEVUSwESuGcq3CPLV3J5BubR7zO43vkg&#038;oh=00_Af5DJxuVCfuEDbC_p4TGWVGQQviIFnCwBTmEA6CtvWLCjg&#038;oe=6A0128BD\" alt=\"La setmana passada l&#039;escola Jaume I de Ll\u00edvia va fer amb nosaltres una sortida a Tuixent per tal de profunditzar amb la figura de les Tementinaires tot referenciant la farm\u00e0cia de Ll\u00edvia, la m\u00e9s antiga d&#039;Europa. Tamb\u00e9 vam descobrir Tuixent com a poble de muntanya i vam fer un ung\u00fcent de cal\u00e8ndula. Vam acabar la&hellip;\"\/>\n\t\t\t\t\t<\/a>\n\t<\/div>\n<\/div><div class=\"wp-block-getwid-instagram__item\">\n\t<div class=\"wp-block-getwid-instagram__media-wrapper\">\n\t\t<a class=\"wp-block-getwid-instagram__media-link\" target=\"_blank\" href=\"https:\/\/www.instagram.com\/p\/DXOjB7LiI0T\/\">\n\t\t\t\t\t\t\t<img decoding=\"async\" class=\"wp-block-getwid-instagram__media\" src=\"https:\/\/scontent-lhr6-2.cdninstagram.com\/v\/t51.82787-15\/672908144_18323664739302086_4756475806990583693_n.webp?stp=dst-jpg_e35_tt6&#038;_nc_cat=100&#038;ccb=7-5&#038;_nc_sid=18de74&#038;efg=eyJlZmdfdGFnIjoiQ0FST1VTRUxfSVRFTS5iZXN0X2ltYWdlX3VybGdlbi5DMyJ9&#038;_nc_ohc=MIJP1iB-S0MQ7kNvwEAGgBW&#038;_nc_oc=Adr_qXCx82Mwm7MfOXEOOYw7jayLIDVb4jfMpVD5xyqcZpcQyR2engidIeCBmU3V_QI&#038;_nc_zt=23&#038;_nc_ht=scontent-lhr6-2.cdninstagram.com&#038;edm=ANo9K5cEAAAA&#038;_nc_gid=5fOOpBlapbN74XYjC232vA&#038;_nc_tpa=Q5bMBQFVv46AqHzOUBJdT2mJVUXLQ-XTFLn1q-wTZSNTeQTprLMsBP8Fr4vTEu76h-CzXXcfZX2OluqVBA&#038;oh=00_Af4f74U5FBJANafv5m3Rwwo9OgB9k6YR7aI185yArAsGHQ&#038;oe=6A012DAB\" alt=\"L&#039;alumnat d&#039;Alexandre de Riquer ha estat amb nosaltres aquesta setmana fent activitats de geologia. Entre elles, l&#039;estudi de la conca hidrogeogr\u00e0fica de la Serralada de Cad\u00ed, itinerari geol\u00f2gic Coll de Creus i activitat de paleontologia. Gr\u00e0cies @alexderiquer #aprendreambcampsientorns #josaituixent\"\/>\n\t\t\t\t\t<\/a>\n\t<\/div>\n<\/div><div class=\"wp-block-getwid-instagram__item\">\n\t<div class=\"wp-block-getwid-instagram__media-wrapper\">\n\t\t<a class=\"wp-block-getwid-instagram__media-link\" target=\"_blank\" href=\"https:\/\/www.instagram.com\/p\/DWYvParjUN_\/\">\n\t\t\t\t\t\t\t<img decoding=\"async\" class=\"wp-block-getwid-instagram__media\" src=\"https:\/\/scontent-lhr6-2.cdninstagram.com\/v\/t51.82787-15\/658832160_18320770279302086_3278522534935481230_n.webp?stp=dst-jpg_e35_tt6&#038;_nc_cat=100&#038;ccb=7-5&#038;_nc_sid=18de74&#038;efg=eyJlZmdfdGFnIjoiQ0FST1VTRUxfSVRFTS5iZXN0X2ltYWdlX3VybGdlbi5DMyJ9&#038;_nc_ohc=A7n7bkXlPeoQ7kNvwFWhQg_&#038;_nc_oc=AdpxlUH-tT-y_jw-QVRVQqVwn3vmqNK1NLMLU50foUviT5xw0umadhjox6AIyeIjhbw&#038;_nc_zt=23&#038;_nc_ht=scontent-lhr6-2.cdninstagram.com&#038;edm=ANo9K5cEAAAA&#038;_nc_gid=5fOOpBlapbN74XYjC232vA&#038;_nc_tpa=Q5bMBQFipl1IHW5-FjMQdAs-cTNECken0BNSVxOQaWa5x2sw_5VKVPpJh_-Htp8m-ew5F0oDwjJ9fRsubA&#038;oh=00_Af5AOF-WfXimANKtHq-Lj4kfQZ1T5SUH9zdumKdwE4JNrA&#038;oe=6A010AB0\" alt=\"Ahir l&#039;alumnat de l&#039;INS Joan Brudieu va fer amb el CdA Tuixent l&#039;itinerari Coll de Creus per veure i parlar sobre els paleocanals. Tamb\u00e9 l&#039;estudi del s\u00f2l amb diferents eines i exemples pr\u00e0ctics en un territori tant proper com el PN Cad\u00ed Moixer\u00f3. Gr\u00e0cies! #aprendreambcampsientorns #josaituixent\"\/>\n\t\t\t\t\t<\/a>\n\t<\/div>\n<\/div><\/div>\n        <\/div>","protected":false},"excerpt":{"rendered":"<p>Segueix-nos a Instagram<\/p>\n","protected":false},"author":1,"featured_media":0,"parent":0,"menu_order":0,"comment_status":"closed","ping_status":"closed","template":"","meta":{"_bbp_topic_count":0,"_bbp_reply_count":0,"_bbp_total_topic_count":0,"_bbp_total_reply_count":0,"_bbp_voice_count":0,"_bbp_anonymous_reply_count":0,"_bbp_topic_count_hidden":0,"_bbp_reply_count_hidden":0,"_bbp_forum_subforum_count":0,"site-sidebar-layout":"default","site-content-layout":"","ast-site-content-layout":"default","site-content-style":"default","site-sidebar-style":"default","ast-global-header-display":"","ast-banner-title-visibility":"","ast-main-header-display":"","ast-hfb-above-header-display":"","ast-hfb-below-header-display":"","ast-hfb-mobile-header-display":"","site-post-title":"disabled","ast-breadcrumbs-content":"","ast-featured-img":"","footer-sml-layout":"","theme-transparent-header-meta":"","adv-header-id-meta":"","stick-header-meta":"","header-above-stick-meta":"","header-main-stick-meta":"","header-below-stick-meta":"","astra-migrate-meta-layouts":"set","ast-page-background-enabled":"default","ast-page-background-meta":{"desktop":{"background-color":"var(--ast-global-color-4)","background-image":"","background-repeat":"repeat","background-position":"center center","background-size":"auto","background-attachment":"scroll","background-type":"","background-media":"","overlay-type":"","overlay-color":"","overlay-opacity":"","overlay-gradient":""},"tablet":{"background-color":"","background-image":"","background-repeat":"repeat","background-position":"center center","background-size":"auto","background-attachment":"scroll","background-type":"","background-media":"","overlay-type":"","overlay-color":"","overlay-opacity":"","overlay-gradient":""},"mobile":{"background-color":"","background-image":"","background-repeat":"repeat","background-position":"center center","background-size":"auto","background-attachment":"scroll","background-type":"","background-media":"","overlay-type":"","overlay-color":"","overlay-opacity":"","overlay-gradient":""}},"ast-content-background-meta":{"desktop":{"background-color":"var(--ast-global-color-5)","background-image":"","background-repeat":"repeat","background-position":"center center","background-size":"auto","background-attachment":"scroll","background-type":"","background-media":"","overlay-type":"","overlay-color":"","overlay-opacity":"","overlay-gradient":""},"tablet":{"background-color":"var(--ast-global-color-5)","background-image":"","background-repeat":"repeat","background-position":"center center","background-size":"auto","background-attachment":"scroll","background-type":"","background-media":"","overlay-type":"","overlay-color":"","overlay-opacity":"","overlay-gradient":""},"mobile":{"background-color":"var(--ast-global-color-5)","background-image":"","background-repeat":"repeat","background-position":"center center","background-size":"auto","background-attachment":"scroll","background-type":"","background-media":"","overlay-type":"","overlay-color":"","overlay-opacity":"","overlay-gradient":""}},"footnotes":""},"class_list":["post-7","page","type-page","status-publish","hentry"],"post_mailing_queue_ids":[],"_links":{"self":[{"href":"https:\/\/serveiseducatius.xtec.cat\/cda-tuixent\/wp-json\/wp\/v2\/pages\/7","targetHints":{"allow":["GET"]}}],"collection":[{"href":"https:\/\/serveiseducatius.xtec.cat\/cda-tuixent\/wp-json\/wp\/v2\/pages"}],"about":[{"href":"https:\/\/serveiseducatius.xtec.cat\/cda-tuixent\/wp-json\/wp\/v2\/types\/page"}],"author":[{"embeddable":true,"href":"https:\/\/serveiseducatius.xtec.cat\/cda-tuixent\/wp-json\/wp\/v2\/users\/1"}],"replies":[{"embeddable":true,"href":"https:\/\/serveiseducatius.xtec.cat\/cda-tuixent\/wp-json\/wp\/v2\/comments?post=7"}],"version-history":[{"count":6,"href":"https:\/\/serveiseducatius.xtec.cat\/cda-tuixent\/wp-json\/wp\/v2\/pages\/7\/revisions"}],"predecessor-version":[{"id":9027,"href":"https:\/\/serveiseducatius.xtec.cat\/cda-tuixent\/wp-json\/wp\/v2\/pages\/7\/revisions\/9027"}],"wp:attachment":[{"href":"https:\/\/serveiseducatius.xtec.cat\/cda-tuixent\/wp-json\/wp\/v2\/media?parent=7"}],"curies":[{"name":"wp","href":"https:\/\/api.w.org\/{rel}","templated":true}]}}