{"id":54,"date":"2013-11-14T18:56:33","date_gmt":"2013-11-14T17:56:33","guid":{"rendered":"http:\/\/blocs.xtec.cat\/plantillacda\/?page_id=54"},"modified":"2026-02-19T12:55:12","modified_gmt":"2026-02-19T11:55:12","slug":"presentacio","status":"publish","type":"page","link":"https:\/\/serveiseducatius.xtec.cat\/cda-tuixent\/el-camp\/presentacio\/","title":{"rendered":"Presentaci\u00f3"},"content":{"rendered":"\n<p>El <strong>Camp d\u2019Aprenentatge de Tuixent- <\/strong><strong>Cad\u00ed- Moixer\u00f3<\/strong> est\u00e0 situat a l&#8217;Alt Urgell, al Parc Natural del Cad\u00ed-Moixer\u00f3. <span style=\"font-weight: 400;\">Aquest indret \u00fanic i&nbsp; m\u00e0gic, guarda una forta relaci\u00f3 amb el passat sense deixar de banda la mirada cap al futur.<\/span><\/p>\n\n\n\n<p><span style=\"font-weight: 400;\">Les activitats del Camp d\u2019Aprenentatge es divideixen en tres grans \u00e0mbits: <\/span><\/p>\n\n\n\n<ul class=\"wp-block-list\">\n<li><span style=\"font-weight: 400;\"><strong>Les Trementinaires<\/strong> i la seva hist\u00f2ria, que s\u2019explica a trav\u00e9s de la visita al museu, les diferents activitats de coneixement i manipulaci\u00f3 de plantes remeieres i els itineraris pel jard\u00ed bot\u00e0nic de les trementinaires o la ruta de les plantes medicinals.<\/span><\/li>\n\n\n\n<li><span style=\"font-weight: 400;\"><strong>El Parc Natural Cad\u00ed Moixer\u00f3<\/strong> amb diferents experi\u00e8ncies a l\u2019exterior com l&#8217;estudi del riu de Mola, la interpretaci\u00f3 de rastres d&#8217;animals, la visita al centre de flora o la descoberta dels tresors geol\u00f2gics que sostenen tot aquest entorn.<\/span><\/li>\n\n\n\n<li><strong>Tuixent com a poble de muntanya<\/strong>, on es pret\u00e9n observar l\u2019arquitectura d\u2019un poble de muntanya i l\u2019estudi de diferents problem\u00e0tiques actuals i socials com pot ser, per exemple, la sequera o els canvis en el paisatge provocats per l&#8217;abandonament dels camps de conreu.<\/li>\n<\/ul>\n\n\n\n<p>\u00a0A continuaci\u00f3 podeu consultar el nostre <strong>projecte educatiu<\/strong> i la l\u00ednia pedag\u00f2gica que seguim:\u00a0<\/p>\n\n\n\n<div data-wp-interactive=\"core\/file\" class=\"wp-block-file\"><object data-wp-bind--hidden=\"!state.hasPdfPreview\" hidden class=\"wp-block-file__embed\" data=\"https:\/\/serveiseducatius.xtec.cat\/cda-tuixent\/wp-content\/uploads\/usu1370\/2026\/02\/Projecte-educatiu-CdA-Tuixent-Cadi-Moixero.pdf\" type=\"application\/pdf\" style=\"width:100%;height:600px\" aria-label=\"Incrustaci\u00f3 del fitxer Projecte educatiu CdA Tuixent Cad\u00ed-Moixer\u00f3.\"><\/object><a id=\"wp-block-file--media-66aa97f8-ffcd-4491-9261-77619a7cd987\" href=\"https:\/\/serveiseducatius.xtec.cat\/cda-tuixent\/wp-content\/uploads\/usu1370\/2026\/02\/Projecte-educatiu-CdA-Tuixent-Cadi-Moixero.pdf\">Projecte educatiu CdA Tuixent Cad\u00ed-Moixer\u00f3<\/a><a href=\"https:\/\/serveiseducatius.xtec.cat\/cda-tuixent\/wp-content\/uploads\/usu1370\/2026\/02\/Projecte-educatiu-CdA-Tuixent-Cadi-Moixero.pdf\" class=\"wp-block-file__button wp-element-button\" download aria-describedby=\"wp-block-file--media-66aa97f8-ffcd-4491-9261-77619a7cd987\">Baixa<\/a><\/div>\n","protected":false},"excerpt":{"rendered":"<p>El Camp d\u2019Aprenentatge de Tuixent- Cad\u00ed- Moixer\u00f3 est\u00e0 situat a l&#8217;Alt Urgell, al Parc Natural del Cad\u00ed-Moixer\u00f3. Aquest indret \u00fanic [&hellip;]<\/p>\n","protected":false},"author":1,"featured_media":0,"parent":8225,"menu_order":10,"comment_status":"closed","ping_status":"closed","template":"","meta":{"_bbp_topic_count":0,"_bbp_reply_count":0,"_bbp_total_topic_count":0,"_bbp_total_reply_count":0,"_bbp_voice_count":0,"_bbp_anonymous_reply_count":0,"_bbp_topic_count_hidden":0,"_bbp_reply_count_hidden":0,"_bbp_forum_subforum_count":0,"site-sidebar-layout":"default","site-content-layout":"","ast-site-content-layout":"default","site-content-style":"default","site-sidebar-style":"default","ast-global-header-display":"","ast-banner-title-visibility":"","ast-main-header-display":"","ast-hfb-above-header-display":"","ast-hfb-below-header-display":"","ast-hfb-mobile-header-display":"","site-post-title":"","ast-breadcrumbs-content":"","ast-featured-img":"","footer-sml-layout":"","theme-transparent-header-meta":"","adv-header-id-meta":"","stick-header-meta":"","header-above-stick-meta":"","header-main-stick-meta":"","header-below-stick-meta":"","astra-migrate-meta-layouts":"set","ast-page-background-enabled":"default","ast-page-background-meta":{"desktop":{"background-color":"var(--ast-global-color-4)","background-image":"","background-repeat":"repeat","background-position":"center center","background-size":"auto","background-attachment":"scroll","background-type":"","background-media":"","overlay-type":"","overlay-color":"","overlay-opacity":"","overlay-gradient":""},"tablet":{"background-color":"","background-image":"","background-repeat":"repeat","background-position":"center center","background-size":"auto","background-attachment":"scroll","background-type":"","background-media":"","overlay-type":"","overlay-color":"","overlay-opacity":"","overlay-gradient":""},"mobile":{"background-color":"","background-image":"","background-repeat":"repeat","background-position":"center center","background-size":"auto","background-attachment":"scroll","background-type":"","background-media":"","overlay-type":"","overlay-color":"","overlay-opacity":"","overlay-gradient":""}},"ast-content-background-meta":{"desktop":{"background-color":"var(--ast-global-color-5)","background-image":"","background-repeat":"repeat","background-position":"center center","background-size":"auto","background-attachment":"scroll","background-type":"","background-media":"","overlay-type":"","overlay-color":"","overlay-opacity":"","overlay-gradient":""},"tablet":{"background-color":"var(--ast-global-color-5)","background-image":"","background-repeat":"repeat","background-position":"center center","background-size":"auto","background-attachment":"scroll","background-type":"","background-media":"","overlay-type":"","overlay-color":"","overlay-opacity":"","overlay-gradient":""},"mobile":{"background-color":"var(--ast-global-color-5)","background-image":"","background-repeat":"repeat","background-position":"center center","background-size":"auto","background-attachment":"scroll","background-type":"","background-media":"","overlay-type":"","overlay-color":"","overlay-opacity":"","overlay-gradient":""}},"footnotes":""},"class_list":["post-54","page","type-page","status-publish","hentry"],"post_mailing_queue_ids":[],"_links":{"self":[{"href":"https:\/\/serveiseducatius.xtec.cat\/cda-tuixent\/wp-json\/wp\/v2\/pages\/54","targetHints":{"allow":["GET"]}}],"collection":[{"href":"https:\/\/serveiseducatius.xtec.cat\/cda-tuixent\/wp-json\/wp\/v2\/pages"}],"about":[{"href":"https:\/\/serveiseducatius.xtec.cat\/cda-tuixent\/wp-json\/wp\/v2\/types\/page"}],"author":[{"embeddable":true,"href":"https:\/\/serveiseducatius.xtec.cat\/cda-tuixent\/wp-json\/wp\/v2\/users\/1"}],"replies":[{"embeddable":true,"href":"https:\/\/serveiseducatius.xtec.cat\/cda-tuixent\/wp-json\/wp\/v2\/comments?post=54"}],"version-history":[{"count":5,"href":"https:\/\/serveiseducatius.xtec.cat\/cda-tuixent\/wp-json\/wp\/v2\/pages\/54\/revisions"}],"predecessor-version":[{"id":9523,"href":"https:\/\/serveiseducatius.xtec.cat\/cda-tuixent\/wp-json\/wp\/v2\/pages\/54\/revisions\/9523"}],"up":[{"embeddable":true,"href":"https:\/\/serveiseducatius.xtec.cat\/cda-tuixent\/wp-json\/wp\/v2\/pages\/8225"}],"wp:attachment":[{"href":"https:\/\/serveiseducatius.xtec.cat\/cda-tuixent\/wp-json\/wp\/v2\/media?parent=54"}],"curies":[{"name":"wp","href":"https:\/\/api.w.org\/{rel}","templated":true}]}}