{"id":9735,"date":"2018-06-11T10:58:30","date_gmt":"2018-06-11T08:58:30","guid":{"rendered":"http:\/\/serveiseducatius.xtec.cat\/cda-tremp\/?page_id=9735"},"modified":"2025-06-17T13:26:41","modified_gmt":"2025-06-17T11:26:41","slug":"carreu-un-entorn-de-novella","status":"publish","type":"page","link":"https:\/\/serveiseducatius.xtec.cat\/cda-tremp\/ambits\/pedraforca\/carreu-un-entorn-de-novella\/","title":{"rendered":"Carreu, un entorn de novel\u00b7la"},"content":{"rendered":"<h4><span style=\"color: #993300;\">Itinerari literari-naturalista per la vall de Carreu<\/span><\/h4>\n<h6><a href=\"http:\/\/serveiseducatius.xtec.cat\/cda-tremp\/wp-content\/uploads\/usu1371\/2018\/06\/IMG_20180405_120813_373.jpg\"><img loading=\"lazy\" decoding=\"async\" class=\"wp-image-9745 alignleft\" src=\"http:\/\/serveiseducatius.xtec.cat\/cda-tremp\/wp-content\/uploads\/usu1371\/2018\/06\/IMG_20180405_120813_373.jpg\" alt=\"\" width=\"365\" height=\"224\" srcset=\"https:\/\/serveiseducatius.xtec.cat\/cda-tremp\/wp-content\/uploads\/usu1371\/2018\/06\/IMG_20180405_120813_373.jpg 740w, https:\/\/serveiseducatius.xtec.cat\/cda-tremp\/wp-content\/uploads\/usu1371\/2018\/06\/IMG_20180405_120813_373-300x184.jpg 300w\" sizes=\"auto, (max-width: 365px) 100vw, 365px\" \/><\/a><strong>Nivell<\/strong><\/h6>\n<p>Segon cicle de la ESO i batxillerat<\/p>\n<p><strong>Durada<\/strong><\/p>\n<p>Un dia sencer<\/p>\n<h6><strong>\u00c0rea \/ Mat\u00e8ria<\/strong><\/h6>\n<p>Llengua i literatura catalana i Ci\u00e8ncies Naturals<\/p>\n<h6><strong>Objectius<\/strong><\/h6>\n<ul style=\"list-style-type: circle;\">\n<li>Rememorar passatges de la novel\u00b7la <em>Dos ta\u00fcts negres i dos de blancs <\/em>tot relacionant-los amb l\u2019itinerari efectuat<\/li>\n<li style=\"text-align: justify;\">Relacionar el paisatge com a resultat de la interacci\u00f3 entre l&#8217;activitat humana i la natura<\/li>\n<li>Reflexionar sobre la feina d\u2019un escriptor i la m\u00e0gia de novel\u00b7lar uns fets hist\u00f2rics<\/li>\n<li>Elaborar algun petit text literari relacionat amb la tem\u00e0tica de la sortida<\/li>\n<li style=\"text-align: justify;\">Copsar i descriure les sensacions que transmet un poble abandonat<\/li>\n<li style=\"text-align: justify;\">Observar i diferenciar les aus rapinyaires de l&#8217;indret<\/li>\n<li style=\"text-align: justify;\">Identificar els arbres i arbusts m\u00e9s caracter\u00edstics de la vall<\/li>\n<li style=\"text-align: justify;\">Discutir la funci\u00f3 la gesti\u00f3 d&#8217;una reserva de ca\u00e7a com la del Boumort<\/li>\n<\/ul>\n<h6><strong>Descripci\u00f3<\/strong><\/h6>\n<p>Caminada des del poble de Pessonada (on ens deixa l\u2019autocar) fins a Herba-savina. Al llarg del recorregut es fan una s\u00e8rie de parades per tal de realitzar diverses observacions i activitats relacionades amb el llibre de Pep Coll o per raons natural\u00edstiques.<\/p>\n<p>La primera parada es fa a l\u2019entrada del poble de Pessonada, on es realitza una introducci\u00f3 socioecon\u00f2mica de la vall, la segona parada es fa a la roca dels contrabandistes, la tercera al mirador del Cuell (on aprofitem per esmorzar), la quarta a l\u2019entrada del la RNC de Boumort (on s\u2019introdueix aquest espai). Finalitzem a Herba-savina, on visitem el poble abandonat i el seu cementiri. En aquest punt es realitza alguna lectura de la novel\u00b7la i altres reflexions sobre aquesta. Es dina al mateix indret, abans d\u2019emprendre el cam\u00ed de tornada.<\/p>\n<p style=\"text-align: justify;\">El recorregut total d\u2019anada i tornada \u00e9s d\u2019uns 11 quil\u00f2metres, for\u00e7a plans, nom\u00e9s amb un parell de zones amb una mica de pujada i una altra de baixada. L\u2019anada i tornada es realitza pel mateix corriol estret, per\u00f2 sense cap mena de perill.<\/p>\n<h6><strong>Observacions<\/strong><\/h6>\n<p style=\"text-align: justify;\">Cal portar cal\u00e7at i roba c\u00f2moda i adequada a l&#8217;estaci\u00f3\u00a0de l\u2019any.<br \/>\n<b>El despla\u00e7ament amb autocar va a c\u00e0rrec del centre escolar.<\/b><\/p>\n<h6><strong>Material<\/strong><\/h6>\n<ul style=\"list-style-type: disc;\">\n<li><a href=\"https:\/\/drive.google.com\/file\/d\/1_7VrH_2oI_sQWsJT4eBMCjXsu-S2AxhF\/view?usp=sharing\"><span style=\"color: #e64a19;\">Dossier de secund\u00e0ria<\/span><\/a><\/li>\n<\/ul>\n<h6><strong>Fotos<\/strong><\/h6>\n\r\n\t<div class=\"slideshow_container slideshow_container_style-light\" style=\"height: 300px; \" data-slideshow-id=\"11049\" data-style-name=\"style-light\" data-style-version=\"2.3.1\" >\r\n\r\n\t\t\t\t\t<div class=\"slideshow_loading_icon\"><\/div>\r\n\t\t\r\n\t\t<div class=\"slideshow_content\" style=\"display: none;\">\r\n\r\n\t\t\t<div class=\"slideshow_view\">\r\n\t\t\t\t<div class=\"slideshow_slide slideshow_slide_image\">\r\n\t\t\t\t\t\t\t\t\t\t\t<img src=\"https:\/\/serveiseducatius.xtec.cat\/cda-tremp\/wp-content\/uploads\/usu1371\/2025\/06\/1749810436633.jpg\" alt=\"1749810436633\" width=\"1024\" height=\"576\" \/>\r\n\t\t\t\t\t\t\t\t\t\t<div class=\"slideshow_description_box slideshow_transparent\">\r\n\t\t\t\t\t\t<div class=\"slideshow_title\">1749810436633<\/div>\t\t\t\t\t\t\t\t\t\t\t<\/div>\r\n\t\t\t\t<\/div>\r\n\r\n\t\t\t\t\t\t\r\n\t\t\t\t<div class=\"slideshow_slide slideshow_slide_image\">\r\n\t\t\t\t\t\t\t\t\t\t\t<img src=\"https:\/\/serveiseducatius.xtec.cat\/cda-tremp\/wp-content\/uploads\/usu1371\/2025\/06\/20210510_122605.jpg\" alt=\"20210510_122605\" width=\"1024\" height=\"768\" \/>\r\n\t\t\t\t\t\t\t\t\t\t<div class=\"slideshow_description_box slideshow_transparent\">\r\n\t\t\t\t\t\t<div class=\"slideshow_title\">20210510_122605<\/div>\t\t\t\t\t\t\t\t\t\t\t<\/div>\r\n\t\t\t\t<\/div>\r\n\r\n\t\t\t\t\t\t\r\n\t\t\t\t<div class=\"slideshow_slide slideshow_slide_image\">\r\n\t\t\t\t\t\t\t\t\t\t\t<img src=\"https:\/\/serveiseducatius.xtec.cat\/cda-tremp\/wp-content\/uploads\/usu1371\/2025\/06\/20210511_100348.jpg\" alt=\"20210511_100348\" width=\"1024\" height=\"768\" \/>\r\n\t\t\t\t\t\t\t\t\t\t<div class=\"slideshow_description_box slideshow_transparent\">\r\n\t\t\t\t\t\t<div class=\"slideshow_title\">20210511_100348<\/div>\t\t\t\t\t\t\t\t\t\t\t<\/div>\r\n\t\t\t\t<\/div>\r\n\r\n\t\t\t\t\t\t<div style=\"clear: both;\"><\/div><\/div><div class=\"slideshow_view\">\r\n\t\t\t\t<div class=\"slideshow_slide slideshow_slide_image\">\r\n\t\t\t\t\t\t\t\t\t\t\t<img src=\"https:\/\/serveiseducatius.xtec.cat\/cda-tremp\/wp-content\/uploads\/usu1371\/2025\/06\/1749808481466-1.jpg\" alt=\"1749808481466 (1)\" width=\"1024\" height=\"576\" \/>\r\n\t\t\t\t\t\t\t\t\t\t<div class=\"slideshow_description_box slideshow_transparent\">\r\n\t\t\t\t\t\t<div class=\"slideshow_title\">1749808481466 (1)<\/div>\t\t\t\t\t\t\t\t\t\t\t<\/div>\r\n\t\t\t\t<\/div>\r\n\r\n\t\t\t\t\t\t\r\n\t\t\t\t<div class=\"slideshow_slide slideshow_slide_image\">\r\n\t\t\t\t\t\t\t\t\t\t\t<img src=\"https:\/\/serveiseducatius.xtec.cat\/cda-tremp\/wp-content\/uploads\/usu1371\/2025\/06\/20210510_143805.jpg\" alt=\"20210510_143805\" width=\"1024\" height=\"768\" \/>\r\n\t\t\t\t\t\t\t\t\t\t<div class=\"slideshow_description_box slideshow_transparent\">\r\n\t\t\t\t\t\t<div class=\"slideshow_title\">20210510_143805<\/div>\t\t\t\t\t\t\t\t\t\t\t<\/div>\r\n\t\t\t\t<\/div>\r\n\r\n\t\t\t\t\t\t\r\n\t\t\t\t<div class=\"slideshow_slide slideshow_slide_image\">\r\n\t\t\t\t\t\t\t\t\t\t\t<img src=\"https:\/\/serveiseducatius.xtec.cat\/cda-tremp\/wp-content\/uploads\/usu1371\/2025\/06\/20201110_120847.jpg\" alt=\"20201110_120847\" width=\"1024\" height=\"768\" \/>\r\n\t\t\t\t\t\t\t\t\t\t<div class=\"slideshow_description_box slideshow_transparent\">\r\n\t\t\t\t\t\t<div class=\"slideshow_title\">20201110_120847<\/div>\t\t\t\t\t\t\t\t\t\t\t<\/div>\r\n\t\t\t\t<\/div>\r\n\r\n\t\t\t\t\t\t<div style=\"clear: both;\"><\/div><\/div>\r\n\t\t<\/div>\r\n\r\n\t\t<div class=\"slideshow_controlPanel slideshow_transparent\" style=\"display: none;\"><ul><li class=\"slideshow_togglePlay\" data-play-text=\"Visualitza\" data-pause-text=\"Pausa\"><\/li><\/ul><\/div>\r\n\r\n\t\t<div class=\"slideshow_button slideshow_previous slideshow_transparent\" role=\"button\" data-previous-text=\"Anterior\" style=\"display: none;\"><\/div>\r\n\t\t<div class=\"slideshow_button slideshow_next slideshow_transparent\" role=\"button\" data-next-text=\"Seg\u00fcent\" style=\"display: none;\"><\/div>\r\n\r\n\t\t<div class=\"slideshow_pagination\" style=\"display: none;\" data-go-to-text=\"V\u00e9s a la diapositiva\"><div class=\"slideshow_pagination_center\"><\/div><\/div>\r\n\r\n\t\t<!-- WordPress Slideshow Version 2.3.1 -->\r\n\r\n\t\t\t<\/div>\r\n\r\n\n<h6><strong>Fitxa did\u00e0ctica<\/strong><\/h6>\n<p>En el seg\u00fcent enlla\u00e7 podeu descarregar la\u00a0<a href=\"https:\/\/drive.google.com\/open?id=1LGXIVtx8bSHW3X_VZPSiXdgMCZeqiWZg\"><span style=\"color: #e64a19;\">fitxa did\u00e0ctica completa<\/span><\/a>, on trobareu tota la informaci\u00f3 necess\u00e0ria per a la vostra programaci\u00f3 (continguts, compet\u00e8ncies, objectius\u2026).<\/p>\n","protected":false},"excerpt":{"rendered":"<p>Itinerari literari-naturalista per la vall de Carreu Nivell Segon cicle de la ESO i batxillerat Durada Un dia sencer \u00c0rea [&hellip;]<\/p>\n","protected":false},"author":1,"featured_media":0,"parent":165,"menu_order":35,"comment_status":"closed","ping_status":"closed","template":"","meta":{"_bbp_topic_count":0,"_bbp_reply_count":0,"_bbp_total_topic_count":0,"_bbp_total_reply_count":0,"_bbp_voice_count":0,"_bbp_anonymous_reply_count":0,"_bbp_topic_count_hidden":0,"_bbp_reply_count_hidden":0,"_bbp_forum_subforum_count":0,"site-sidebar-layout":"default","site-content-layout":"","ast-site-content-layout":"default","site-content-style":"default","site-sidebar-style":"default","ast-global-header-display":"","ast-banner-title-visibility":"","ast-main-header-display":"","ast-hfb-above-header-display":"","ast-hfb-below-header-display":"","ast-hfb-mobile-header-display":"","site-post-title":"","ast-breadcrumbs-content":"","ast-featured-img":"","footer-sml-layout":"","theme-transparent-header-meta":"default","adv-header-id-meta":"","stick-header-meta":"","header-above-stick-meta":"","header-main-stick-meta":"","header-below-stick-meta":"","astra-migrate-meta-layouts":"set","ast-page-background-enabled":"default","ast-page-background-meta":{"desktop":{"background-color":"var(--ast-global-color-4)","background-image":"","background-repeat":"repeat","background-position":"center center","background-size":"auto","background-attachment":"scroll","background-type":"","background-media":"","overlay-type":"","overlay-color":"","overlay-opacity":"","overlay-gradient":""},"tablet":{"background-color":"","background-image":"","background-repeat":"repeat","background-position":"center center","background-size":"auto","background-attachment":"scroll","background-type":"","background-media":"","overlay-type":"","overlay-color":"","overlay-opacity":"","overlay-gradient":""},"mobile":{"background-color":"","background-image":"","background-repeat":"repeat","background-position":"center center","background-size":"auto","background-attachment":"scroll","background-type":"","background-media":"","overlay-type":"","overlay-color":"","overlay-opacity":"","overlay-gradient":""}},"ast-content-background-meta":{"desktop":{"background-color":"var(--ast-global-color-5)","background-image":"","background-repeat":"repeat","background-position":"center center","background-size":"auto","background-attachment":"scroll","background-type":"","background-media":"","overlay-type":"","overlay-color":"","overlay-opacity":"","overlay-gradient":""},"tablet":{"background-color":"var(--ast-global-color-5)","background-image":"","background-repeat":"repeat","background-position":"center center","background-size":"auto","background-attachment":"scroll","background-type":"","background-media":"","overlay-type":"","overlay-color":"","overlay-opacity":"","overlay-gradient":""},"mobile":{"background-color":"var(--ast-global-color-5)","background-image":"","background-repeat":"repeat","background-position":"center center","background-size":"auto","background-attachment":"scroll","background-type":"","background-media":"","overlay-type":"","overlay-color":"","overlay-opacity":"","overlay-gradient":""}},"footnotes":""},"class_list":["post-9735","page","type-page","status-publish","hentry"],"post_mailing_queue_ids":[],"_links":{"self":[{"href":"https:\/\/serveiseducatius.xtec.cat\/cda-tremp\/wp-json\/wp\/v2\/pages\/9735","targetHints":{"allow":["GET"]}}],"collection":[{"href":"https:\/\/serveiseducatius.xtec.cat\/cda-tremp\/wp-json\/wp\/v2\/pages"}],"about":[{"href":"https:\/\/serveiseducatius.xtec.cat\/cda-tremp\/wp-json\/wp\/v2\/types\/page"}],"author":[{"embeddable":true,"href":"https:\/\/serveiseducatius.xtec.cat\/cda-tremp\/wp-json\/wp\/v2\/users\/1"}],"replies":[{"embeddable":true,"href":"https:\/\/serveiseducatius.xtec.cat\/cda-tremp\/wp-json\/wp\/v2\/comments?post=9735"}],"version-history":[{"count":6,"href":"https:\/\/serveiseducatius.xtec.cat\/cda-tremp\/wp-json\/wp\/v2\/pages\/9735\/revisions"}],"predecessor-version":[{"id":11106,"href":"https:\/\/serveiseducatius.xtec.cat\/cda-tremp\/wp-json\/wp\/v2\/pages\/9735\/revisions\/11106"}],"up":[{"embeddable":true,"href":"https:\/\/serveiseducatius.xtec.cat\/cda-tremp\/wp-json\/wp\/v2\/pages\/165"}],"wp:attachment":[{"href":"https:\/\/serveiseducatius.xtec.cat\/cda-tremp\/wp-json\/wp\/v2\/media?parent=9735"}],"curies":[{"name":"wp","href":"https:\/\/api.w.org\/{rel}","templated":true}]}}