{"id":9305,"date":"2017-02-01T11:55:03","date_gmt":"2017-02-01T10:55:03","guid":{"rendered":"http:\/\/serveiseducatius.xtec.cat\/cda-tremp\/?page_id=9305"},"modified":"2017-10-19T12:45:36","modified_gmt":"2017-10-19T10:45:36","slug":"activitats-posteriors","status":"publish","type":"page","link":"https:\/\/serveiseducatius.xtec.cat\/cda-tremp\/amb-els-centres\/despres-de-lestada\/activitats-posteriors\/","title":{"rendered":"Activitats posteriors"},"content":{"rendered":"<p>En aquesta p\u00e0gina trobareu una proposta d\u2019activitats posteriors a la vostra estada. Aquestes ajudaran a enfortir la seq\u00fc\u00e8ncia d&#8217;ensenyament-aprenentatge que va comen\u00e7ar a l&#8217;aula amb les activitats pr\u00e8vies, i es va desenvolupar durant l&#8217;estada.<\/p>\n<p>Al igual que a la p\u00e0gina de les activitats pr\u00e8vies, hi ha tres dossiers diferents relacionats amb els tres \u00e0mbits que desenvolupa l&#8217;EdA de Tremp. Com en el cas de les activitats pr\u00e8vies, podeu escollir totes les d&#8217;un mateix \u00e0mbit, o triar-ne algunes de diferents \u00e0mbits, segons la programaci\u00f3 de l&#8217;estada que heu realitzat i dels objectius a assolir.<\/p>\n<ul style=\"list-style-type: disc;\">\n<li>Dossier d&#8217;activitats posteriors de geologia<br \/>\n<table style=\"width: 199px; height: 70px;\">\n<tbody>\n<tr>\n<td style=\"width: 193px; background-color: #edded8;\"><a href=\"https:\/\/drive.google.com\/open?id=0Bx8JlznV77svenVmOVJBR3E2NG8\"><span style=\"color: #e64a19;\">\u00a0Educaci\u00f3 prim\u00e0ria<\/span><\/a><\/td>\n<\/tr>\n<tr>\n<td style=\"width: 193px; background-color: #edded8;\">\u00a0<a href=\"https:\/\/drive.google.com\/open?id=0Bx8JlznV77svRl9sMjJ6eGZlWVU\"><span style=\"color: #e64a19;\">Educaci\u00f3 secund\u00e0ria<\/span><\/a><\/td>\n<\/tr>\n<\/tbody>\n<\/table>\n<\/li>\n<li>Dossier d&#8217;activitats posteriors d&#8217;hist\u00f2ria<br \/>\n<table style=\"width: 196px;\">\n<tbody>\n<tr>\n<td style=\"width: 190px; background-color: #ffe9d5;\"><a href=\"https:\/\/drive.google.com\/open?id=0Bx8JlznV77svU2g2RW9wOFQtQlE\"><span style=\"color: #e64a19;\">\u00a0<\/span><\/a><a href=\"https:\/\/drive.google.com\/open?id=0Bx8JlznV77svR0J1TFJoN2NYM28\"><span style=\"color: #e64a19;\">Educaci\u00f3 prim\u00e0ria<\/span><\/a><\/td>\n<\/tr>\n<tr>\n<td style=\"width: 190px; background-color: #ffe9d5;\">\u00a0<a href=\"https:\/\/drive.google.com\/open?id=0Bx8JlznV77svTEE3QUlSVkZCZXc\"><span style=\"color: #e64a19;\">Educaci\u00f3 secund\u00e0ria<\/span><\/a><\/td>\n<\/tr>\n<\/tbody>\n<\/table>\n<\/li>\n<li>Dossier d&#8217;activitats posteriors d&#8217;hidroel\u00e8ctriques<br \/>\n<table style=\"width: 197px;\">\n<tbody>\n<tr>\n<td style=\"width: 191px; background-color: #dce7f1;\"><a href=\"https:\/\/drive.google.com\/open?id=0Bx8JlznV77svMTRic0VaejkzSlE\"><span style=\"color: #e64a19;\">Educaci\u00f3 prim\u00e0ria<\/span><\/a><\/td>\n<\/tr>\n<tr>\n<td style=\"width: 191px; background-color: #dce7f1;\"><a href=\"https:\/\/drive.google.com\/open?id=0Bx8JlznV77svamRfRjRHUTEtTFE\"><span style=\"color: #e64a19;\">Educaci\u00f3 secund\u00e0ria<\/span><\/a><\/td>\n<\/tr>\n<\/tbody>\n<\/table>\n<\/li>\n<\/ul>\n","protected":false},"excerpt":{"rendered":"<p>En aquesta p\u00e0gina trobareu una proposta d\u2019activitats posteriors a la vostra estada. Aquestes ajudaran a enfortir la seq\u00fc\u00e8ncia d&#8217;ensenyament-aprenentatge que [&hellip;]<\/p>\n","protected":false},"author":1,"featured_media":0,"parent":9302,"menu_order":10,"comment_status":"closed","ping_status":"closed","template":"page-templates\/side-menu.php","meta":{"_bbp_topic_count":0,"_bbp_reply_count":0,"_bbp_total_topic_count":0,"_bbp_total_reply_count":0,"_bbp_voice_count":0,"_bbp_anonymous_reply_count":0,"_bbp_topic_count_hidden":0,"_bbp_reply_count_hidden":0,"_bbp_forum_subforum_count":0,"site-sidebar-layout":"default","site-content-layout":"","ast-site-content-layout":"","site-content-style":"default","site-sidebar-style":"default","ast-global-header-display":"","ast-banner-title-visibility":"","ast-main-header-display":"","ast-hfb-above-header-display":"","ast-hfb-below-header-display":"","ast-hfb-mobile-header-display":"","site-post-title":"","ast-breadcrumbs-content":"","ast-featured-img":"","footer-sml-layout":"","theme-transparent-header-meta":"","adv-header-id-meta":"","stick-header-meta":"","header-above-stick-meta":"","header-main-stick-meta":"","header-below-stick-meta":"","astra-migrate-meta-layouts":"default","ast-page-background-enabled":"default","ast-page-background-meta":{"desktop":{"background-color":"var(--ast-global-color-4)","background-image":"","background-repeat":"repeat","background-position":"center center","background-size":"auto","background-attachment":"scroll","background-type":"","background-media":"","overlay-type":"","overlay-color":"","overlay-opacity":"","overlay-gradient":""},"tablet":{"background-color":"","background-image":"","background-repeat":"repeat","background-position":"center center","background-size":"auto","background-attachment":"scroll","background-type":"","background-media":"","overlay-type":"","overlay-color":"","overlay-opacity":"","overlay-gradient":""},"mobile":{"background-color":"","background-image":"","background-repeat":"repeat","background-position":"center center","background-size":"auto","background-attachment":"scroll","background-type":"","background-media":"","overlay-type":"","overlay-color":"","overlay-opacity":"","overlay-gradient":""}},"ast-content-background-meta":{"desktop":{"background-color":"var(--ast-global-color-5)","background-image":"","background-repeat":"repeat","background-position":"center center","background-size":"auto","background-attachment":"scroll","background-type":"","background-media":"","overlay-type":"","overlay-color":"","overlay-opacity":"","overlay-gradient":""},"tablet":{"background-color":"var(--ast-global-color-5)","background-image":"","background-repeat":"repeat","background-position":"center center","background-size":"auto","background-attachment":"scroll","background-type":"","background-media":"","overlay-type":"","overlay-color":"","overlay-opacity":"","overlay-gradient":""},"mobile":{"background-color":"var(--ast-global-color-5)","background-image":"","background-repeat":"repeat","background-position":"center center","background-size":"auto","background-attachment":"scroll","background-type":"","background-media":"","overlay-type":"","overlay-color":"","overlay-opacity":"","overlay-gradient":""}},"footnotes":""},"class_list":["post-9305","page","type-page","status-publish","hentry"],"post_mailing_queue_ids":[],"_links":{"self":[{"href":"https:\/\/serveiseducatius.xtec.cat\/cda-tremp\/wp-json\/wp\/v2\/pages\/9305","targetHints":{"allow":["GET"]}}],"collection":[{"href":"https:\/\/serveiseducatius.xtec.cat\/cda-tremp\/wp-json\/wp\/v2\/pages"}],"about":[{"href":"https:\/\/serveiseducatius.xtec.cat\/cda-tremp\/wp-json\/wp\/v2\/types\/page"}],"author":[{"embeddable":true,"href":"https:\/\/serveiseducatius.xtec.cat\/cda-tremp\/wp-json\/wp\/v2\/users\/1"}],"replies":[{"embeddable":true,"href":"https:\/\/serveiseducatius.xtec.cat\/cda-tremp\/wp-json\/wp\/v2\/comments?post=9305"}],"version-history":[{"count":4,"href":"https:\/\/serveiseducatius.xtec.cat\/cda-tremp\/wp-json\/wp\/v2\/pages\/9305\/revisions"}],"predecessor-version":[{"id":9619,"href":"https:\/\/serveiseducatius.xtec.cat\/cda-tremp\/wp-json\/wp\/v2\/pages\/9305\/revisions\/9619"}],"up":[{"embeddable":true,"href":"https:\/\/serveiseducatius.xtec.cat\/cda-tremp\/wp-json\/wp\/v2\/pages\/9302"}],"wp:attachment":[{"href":"https:\/\/serveiseducatius.xtec.cat\/cda-tremp\/wp-json\/wp\/v2\/media?parent=9305"}],"curies":[{"name":"wp","href":"https:\/\/api.w.org\/{rel}","templated":true}]}}