{"id":9297,"date":"2017-02-01T11:37:43","date_gmt":"2017-02-01T10:37:43","guid":{"rendered":"http:\/\/serveiseducatius.xtec.cat\/cda-tremp\/?page_id=9297"},"modified":"2024-04-25T14:19:26","modified_gmt":"2024-04-25T12:19:26","slug":"activitats-previes","status":"publish","type":"page","link":"https:\/\/serveiseducatius.xtec.cat\/cda-tremp\/amb-els-centres\/preparacio\/activitats-previes\/","title":{"rendered":"Activitats pr\u00e8vies"},"content":{"rendered":"<p>En aquesta p\u00e0gina trobareu una proposta d\u2019activitats pr\u00e8vies a la vostra estada. Recordeu que l&#8217;estada forma part d&#8217;una seq\u00fc\u00e8ncia d&#8217;ensenyament-aprenentatge que comen\u00e7a a l&#8217;aula abans de venir a Tremp i que ha d&#8217;estar relacionada amb el projecte curricular del centre.<\/p>\n<p>Hi ha tres tipus d&#8217;activitats pr\u00e8vies, relacionades amb els tres \u00e0mbits que desenvolupa el CdA de Tremp. Podeu escollir totes les d&#8217;un mateix \u00e0mbit, o triar-ne algunes de diferents \u00e0mbits, segons la programaci\u00f3 de l&#8217;estada que els centres han pactat\u00a0 amb el CdA i dels objectius a assolir.<\/p>\n\t\t\t\t\t\t\t<h3 style=\"margin-bottom:20px ;display:block;width:100%;margin-top:10px\">Activitats pr\u00e8vies <\/h3>\r\n\t\t\t\t\t\t\t\t<style>\r\n\t\t\t\t\r\n\t\t\t\t\t#tab_container_10280 {\r\n\toverflow:hidden;\r\n\tdisplay:block;\r\n\twidth:100%;\r\n\tborder:0px solid #ddd;\r\n\tmargin-bottom:30px;\r\n\t}\r\n\r\n#tab_container_10280 .tab-content{\r\n\tpadding:20px;\r\n\tborder: 1px solid #ccc6c1 !important;\r\n\tmargin-top: 0px;\r\n\tbackground-color:#e5dfda !important;\r\n\tcolor: #000000 !important;\r\n\tfont-size:14px !important;\r\n\tfont-family: Arial !important;\r\n\t\r\n\t\tborder: 1px solid #ccc6c1 !important;\r\n\t}\r\n#tab_container_10280 .wpsm_nav-tabs {\r\n    border-bottom: 0px solid #ddd;\r\n}\r\n#tab_container_10280 .wpsm_nav-tabs > li.active > a, #tab_container_10280 .wpsm_nav-tabs > li.active > a:hover, #tab_container_10280 .wpsm_nav-tabs > li.active > a:focus {\r\n\tcolor: #000000 !important;\r\n\tcursor: default;\r\n\tbackground-color: #e5dfda !important;\r\n\tborder: 1px solid #ccc6c1 !important;\r\n}\r\n\r\n#tab_container_10280 .wpsm_nav-tabs > li > a {\r\n    margin-right: 0px !important; \r\n    line-height: 1.42857143 !important;\r\n    border: 1px solid #97430b !important;\r\n    border-radius: 0px 0px 0 0 !important; \r\n\tbackground-color: #aa561e !important;\r\n\tcolor: #000000 !important;\r\n\tpadding: 15px 18px 15px 18px !important;\r\n\ttext-decoration: none !important;\r\n\tfont-size: 16px !important;\r\n\ttext-align:center !important;\r\n\tfont-family: Arial !important;\r\n}\r\n#tab_container_10280 .wpsm_nav-tabs > li > a:focus {\r\noutline: 0px !important;\r\n}\r\n\r\n#tab_container_10280 .wpsm_nav-tabs > li > a:before {\r\n\tdisplay:none !important;\r\n}\r\n#tab_container_10280 .wpsm_nav-tabs > li > a:after {\r\n\tdisplay:none !important ;\r\n}\r\n#tab_container_10280 .wpsm_nav-tabs > li{\r\npadding:0px !important ;\r\nmargin:0px;\r\n}\r\n\r\n#tab_container_10280 .wpsm_nav-tabs > li > a:hover , #tab_container_10280 .wpsm_nav-tabs > li > a:focus {\r\n    color: #000000 !important;\r\n    background-color: #aa561e !important;\r\n\tborder: 1px solid #97430b !important;\r\n\t\r\n}\r\n#tab_container_10280 .wpsm_nav-tabs > li > a .fa{\r\n\r\nmargin-right:5px !important;\r\n\r\nmargin-left:5px !important;\r\n\r\n\r\n}\r\n\r\n\t\t#tab_container_10280 .wpsm_nav-tabs a{\r\n\t\t\tbackground-image: none;\r\n\t\t\tbackground-position: 0 0;\r\n\t\t\tbackground-repeat: repeat-x;\r\n\t\t}\r\n\t\t\t\r\n\r\n\r\n#tab_container_10280 .wpsm_nav-tabs > li {\r\n    float: left;\r\n    margin-bottom: -1px !important;\r\n\tmargin-right:0px !important; \r\n}\r\n\r\n\r\n#tab_container_10280 .tab-content{\r\noverflow:hidden !important;\r\n}\r\n\r\n\r\n@media (min-width: 769px) {\r\n\r\n\t#tab_container_10280 .wpsm_nav-tabs > li{\r\n\t\tfloat:left !important ;\r\n\t\t\t\tmargin-right:-1px !important;\r\n\t\t\t\t\t}\r\n\t#tab_container_10280 .wpsm_nav-tabs{\r\n\t\tfloat:none !important;\r\n\t\tmargin:0px !important;\r\n\t}\r\n\r\n\t#tab_container_10280 .wpsm_nav-tabs > li {\r\n\t\t\t\t\r\n\t}\r\n\t#tab_container_10280 .wpsm_nav{\r\n\t\t\t}\r\n\r\n}\r\n\r\n\r\n\r\n@media (max-width: 768px) {\r\n\t#tab_container_10280 .wpsm_nav-tabs > li {\r\n\t\t\t\t\r\n\t}\r\n\t#tab_container_10280 .wpsm_nav{\r\n\t\t\t}\r\n}\r\n\r\n\r\n\t.wpsm_nav-tabs li:before{\r\n\t\tdisplay:none !important;\r\n\t}\r\n\r\n\t@media (max-width: 768px) {\r\n\t\t\t\t\r\n\t\t\t\t.wpsm_nav-tabs{\r\n\t\t\tmargin-left:0px !important;\r\n\t\t\tmargin-right:0px !important; \r\n\t\t\t\r\n\t\t}\r\n\t\t\t\t#tab_container_10280 .wpsm_nav-tabs > li{\r\n\t\t\tfloat:none !important;\r\n\t\t}\r\n\t\t\t\r\n\t}\t\t\t\t<\/style>\r\n\t\t\t\t<div id=\"tab_container_10280\" >\r\n\t \r\n\t\t\t\t\t<ul class=\"wpsm_nav wpsm_nav-tabs\" role=\"tablist\" id=\"myTab_10280\">\r\n\t\t\t\t\t\t\t\r\n\t\t\t\t\t\t\t<li role=\"presentation\"  class=\"active\"  onclick=\"do_resize()\">\r\n\r\n\t\t\t\t\t\t\t\t<!-- XTEC ************ MODIFICAT - Disable scrolling on tab change. Fixes error in option \"Tabs Description Animation\" -->\r\n\t\t\t\t\t\t\t\t<!-- 2021.12.01 @aginard -->\r\n\t\t\t\t\t\t\t\t<a href=\"javascript:void(0);\" aria-controls=\"tabs_desc_10280_1\" role=\"tab\" data-toggle=\"tab\" data-target=\"#tabs_desc_10280_1\">\r\n\t\t\t\t\t\t\t\t<!-- ORIGINAL\r\n\t\t\t\t\t\t\t\t<a href=\"#tabs_desc_10280_1\" aria-controls=\"tabs_desc_10280_1\" role=\"tab\" data-toggle=\"tab\">\r\n\t\t\t\t\t\t\t\t-->\r\n\t\t\t\t\t\t\t\t<!-- ************ FI -->\r\n\t\t\t\t\t\t\t\t\t\r\n\t\t\t\t\t\t\t\t\t\t\t\t\t\t\t\t\t\t\t\t\t\t\t\t\t\t\t\t\t\t\t\t\t\t\t\t\t\t\t\t\t\t\t\t\t\t\t\t\t\r\n\t\t\t\t\t\t\t\t\t\t\t\t\t\t\t\t\t\t\r\n\t\t\t\t\t\t\t\t\t<span>Ci\u00e8ncies de la Terra i medi ambient<\/span>\r\n\t\t\t\t\t\t\t\t\t\r\n\t\t\t\t\t\t\t\t\t\t\t\t\t\t\t\t\t\t\r\n\t\t\t\t\t\t\t\t\t\t\t\t\t\t\t\t\t\t\t\t\r\n\t\t\t\t\t\t\t\t\t\r\n\t\t\t\t\t\t\t\t<\/a>\r\n\t\t\t\t\t\t\t<\/li>\r\n\t\t\t\t\t\t\t\r\n\t\t\t\t\t\t\t<li role=\"presentation\"  onclick=\"do_resize()\">\r\n\r\n\t\t\t\t\t\t\t\t<!-- XTEC ************ MODIFICAT - Disable scrolling on tab change. Fixes error in option \"Tabs Description Animation\" -->\r\n\t\t\t\t\t\t\t\t<!-- 2021.12.01 @aginard -->\r\n\t\t\t\t\t\t\t\t<a href=\"javascript:void(0);\" aria-controls=\"tabs_desc_10280_2\" role=\"tab\" data-toggle=\"tab\" data-target=\"#tabs_desc_10280_2\">\r\n\t\t\t\t\t\t\t\t<!-- ORIGINAL\r\n\t\t\t\t\t\t\t\t<a href=\"#tabs_desc_10280_2\" aria-controls=\"tabs_desc_10280_2\" role=\"tab\" data-toggle=\"tab\">\r\n\t\t\t\t\t\t\t\t-->\r\n\t\t\t\t\t\t\t\t<!-- ************ FI -->\r\n\t\t\t\t\t\t\t\t\t\r\n\t\t\t\t\t\t\t\t\t\t\t\t\t\t\t\t\t\t\t\t\t\t\t\t\t\t\t\t\t\t\t\t\t\t\t\t\t\t\t\t\t\t\t\t\t\t\t\t\t\r\n\t\t\t\t\t\t\t\t\t\t\t\t\t\t\t\t\t\t\r\n\t\t\t\t\t\t\t\t\t<span>Hist\u00f2ria<\/span>\r\n\t\t\t\t\t\t\t\t\t\r\n\t\t\t\t\t\t\t\t\t\t\t\t\t\t\t\t\t\t\r\n\t\t\t\t\t\t\t\t\t\t\t\t\t\t\t\t\t\t\t\t\r\n\t\t\t\t\t\t\t\t\t\r\n\t\t\t\t\t\t\t\t<\/a>\r\n\t\t\t\t\t\t\t<\/li>\r\n\t\t\t\t\t\t\t\r\n\t\t\t\t\t\t\t<li role=\"presentation\"  onclick=\"do_resize()\">\r\n\r\n\t\t\t\t\t\t\t\t<!-- XTEC ************ MODIFICAT - Disable scrolling on tab change. Fixes error in option \"Tabs Description Animation\" -->\r\n\t\t\t\t\t\t\t\t<!-- 2021.12.01 @aginard -->\r\n\t\t\t\t\t\t\t\t<a href=\"javascript:void(0);\" aria-controls=\"tabs_desc_10280_3\" role=\"tab\" data-toggle=\"tab\" data-target=\"#tabs_desc_10280_3\">\r\n\t\t\t\t\t\t\t\t<!-- ORIGINAL\r\n\t\t\t\t\t\t\t\t<a href=\"#tabs_desc_10280_3\" aria-controls=\"tabs_desc_10280_3\" role=\"tab\" data-toggle=\"tab\">\r\n\t\t\t\t\t\t\t\t-->\r\n\t\t\t\t\t\t\t\t<!-- ************ FI -->\r\n\t\t\t\t\t\t\t\t\t\r\n\t\t\t\t\t\t\t\t\t\t\t\t\t\t\t\t\t\t\t\t\t\t\t\t\t\t\t\t\t\t\t\t\t\t\t\t\t\t\t\t\t\t\t\t\t\t\t\t\t\r\n\t\t\t\t\t\t\t\t\t\t\t\t\t\t\t\t\t\t\r\n\t\t\t\t\t\t\t\t\t<span>Hidroel\u00e8ctriques<\/span>\r\n\t\t\t\t\t\t\t\t\t\r\n\t\t\t\t\t\t\t\t\t\t\t\t\t\t\t\t\t\t\r\n\t\t\t\t\t\t\t\t\t\t\t\t\t\t\t\t\t\t\t\t\r\n\t\t\t\t\t\t\t\t\t\r\n\t\t\t\t\t\t\t\t<\/a>\r\n\t\t\t\t\t\t\t<\/li>\r\n\t\t\t\t\t\t\t\t\t\t\t <\/ul>\r\n\r\n\t\t\t\t\t  <!-- Tab panes -->\r\n\t\t\t\t\t  <div class=\"tab-content\" id=\"tab-content_10280\">\r\n\t\t\t\t\t\t\t\t\t\t\t\t <div role=\"tabpanel\" class=\"tab-pane  in active \" id=\"tabs_desc_10280_1\">\r\n\t\t\t\t\t\t\t\t<table style=\"border-collapse: collapse;width: 100%\">\n<tbody>\n<tr>\n<td style=\"width: 95.108%\">\n<h3><strong>PALEONTOLOGIA<\/strong><\/h3>\n<ul>\n<li><a href=\"https:\/\/drive.google.com\/file\/d\/1NsCdOCrwf7FOPTBjtJosTuuVObioT0dW\/view?usp=sharing\">Activitats Paleontologia -<em> Educaci\u00f3 Prim\u00e0ria CM i CS<\/em><\/a><\/li>\n<li><a href=\"https:\/\/drive.google.com\/file\/d\/1EseDzccSk_4k-wRhnaGygNq1R7mgVklV\/view?usp=sharing\">Activitats Paleontologia - <em>Educaci\u00f3 Prim\u00e0ria CI i CM<\/em><\/a><\/li>\n<\/ul>\n<ul>\n<li><a href=\"https:\/\/drive.google.com\/file\/d\/14wdFIEzEEB9zXtpZJsSibxr8IxuRLU_G\/view?usp=sharing\">Dossier \"Terra de dinosaures 1 (de 5 a 8 anys)\" (Projecte Leader+ 2005)<\/a><\/li>\n<li><a href=\"https:\/\/drive.google.com\/file\/d\/17QG1n8xtfNvwiGiEvHUKhtWeDBMrQ2xQ\/view?usp=sharing\">Dossier \"Terra de dinosaures 2 (de 8 a 12 anys)\" (Projecte Leader+, 2005)<\/a><\/li>\n<li><a href=\"https:\/\/drive.google.com\/file\/d\/12uUDVel2CD68-xeuIjC6PWpXX7E4r0HF\/view?usp=sharing\">Dossier \"Terra de dinosaures 3 (de 12 a 16 anys)\" (Projecte Leader+, 2005)<\/a><\/li>\n<\/ul>\n<\/td>\n<\/tr>\n<tr>\n<td style=\"width: 95.108%\">\n<h3><strong>GEOLOGIA - situaci\u00f3 i coneixement general<\/strong><\/h3>\n<ul>\n<li><a href=\"https:\/\/drive.google.com\/file\/d\/1FEDfVSuFghUipFjtQqu3QIp-CLFRCQkC\/view\">Activitats Geologia - <em>Educaci\u00f3 Prim\u00e0ria\u00a0<\/em><\/a><\/li>\n<li><a href=\"https:\/\/drive.google.com\/file\/d\/1urixg7gRBfqEF-rLrFp4PW4hM7JOxsda\/view?usp=sharing\">Activitats Geologia i Paleontologia -<em> Educaci\u00f3 Secund\u00e0ria<\/em><\/a><\/li>\n<\/ul>\n<\/td>\n<\/tr>\n<tr>\n<td style=\"width: 95.108%\">\n<h3><strong>GEOLOGIA - S\u00d2LS<\/strong><\/h3>\n<ul>\n<li><a href=\"https:\/\/drive.google.com\/file\/d\/1wD7f7WubKzJM46tEuu5uYMCm7Y_oq6A-\/view?usp=sharing\">Activitats de s\u00f2ls - <em>Educaci\u00f3 Prim\u00e0ria<\/em><\/a><\/li>\n<li><a href=\"https:\/\/drive.google.com\/file\/d\/1Ulu1Ga58PiN2XoLxCENZarIgtHG4fquU\/view?usp=sharing\">Activitats de s\u00f2ls - <em>Educaci\u00f3 Secund\u00e0ria<\/em><\/a><\/li>\n<\/ul>\n<\/td>\n<\/tr>\n<tr>\n<td style=\"width: 95.108%\">\n<h3><strong>GEOLOGIA - RISCOS<\/strong><\/h3>\n<ul>\n<li><a href=\"https:\/\/drive.google.com\/file\/d\/138PAAqe0-e2b9BWhCGoLHBwYq3qLk1Im\/view?usp=sharing\">Activitats \"Quan la muntanya es mou\" - <em>Batxillerat<\/em><\/a><\/li>\n<\/ul>\n<\/td>\n<\/tr>\n<tr>\n<td style=\"width: 95.108%\">\n<h3><strong>FAUNA I FLORA<\/strong><\/h3>\n<ul>\n<li><a href=\"https:\/\/drive.google.com\/file\/d\/1zQ2HERX-8RFK1_ltdbt9f8DGEuGYZspB\/view?usp=sharing\">Activitats Grans carronyaires (La Terreta)<em> - Educaci\u00f3 Prim\u00e0ria i Secund\u00e0ria<\/em><\/a><\/li>\n<li><a href=\"https:\/\/drive.google.com\/file\/d\/1mIQBsCLBRfgBw_iiwFRinxAqFkoezvWY\/view?usp=sharing\">Activitat Arbres del bosc de ribera - <em>Educaci\u00f3 Prim\u00e0ria<\/em><\/a><\/li>\n<\/ul>\n<\/td>\n<\/tr>\n<\/tbody>\n<\/table>\n\t\t\t\t\t\t <\/div>\r\n\t\t\t\t\t\t\t\t\t\t\t\t <div role=\"tabpanel\" class=\"tab-pane \" id=\"tabs_desc_10280_2\">\r\n\t\t\t\t\t\t\t\t<table style=\"border-collapse: collapse;width: 100%;height: 119px\">\n<tbody>\n<tr style=\"height: 87px\">\n<td style=\"width: 100%;height: 87px\">\n<ul>\n<li><a href=\"https:\/\/drive.google.com\/file\/d\/13CwZ7yV1JN6j-jEEhia1ZuDKS5aC0PJC\/view?usp=sharing\">Activitats \"Els Secrets de Mur\" <em>- Educaci\u00f3 Prim\u00e0ria<\/em><\/a><\/li>\n<li><a href=\"https:\/\/drive.google.com\/file\/d\/1e9w488f4XeSMgT8m58_lGRHHHGqybuPc\/view?usp=sharing\">Activitats \"Els Secrets de Mur\" <em>- Educaci\u00f3 Secund\u00e0ria<\/em><\/a><\/li>\n<li><a href=\"https:\/\/drive.google.com\/file\/d\/1AK86TyaSWzDl8gkdjPuU0FonfDDhAqnX\/view?usp=sharing\">V\u00eddeo inicial \"Els Secrets de Mur\" - <em>Educaci\u00f3 Prim\u00e0ria i Secund\u00e0ria<\/em><\/a><\/li>\n<li><a href=\"https:\/\/www.ccma.cat\/tv3\/alacarta\/batalla-monumental\/batalla-de-fortaleses-castell-de-mur-castell-de-montsoriu\/video\/6138552\/\">El Castell de Mur al programa \"Batalla Monumental\" de TV3 (gener 2022)<\/a><\/li>\n<\/ul>\n<\/td>\n<\/tr>\n<tr style=\"height: 32px\">\n<td style=\"width: 100%;height: 32px\">\n<ul>\n<li><a href=\"https:\/\/drive.google.com\/file\/d\/0Bx8JlznV77svTkpIamlRclhGY3M\/view\">Activitats generals<em> - Educaci\u00f3 Prim\u00e0ria<\/em><\/a><\/li>\n<li><a href=\"https:\/\/drive.google.com\/file\/d\/0Bx8JlznV77svNEEzTWM4MDZZX0U\/view?usp=sharing\">Activitats generals <em>- Educaci\u00f3 Secund\u00e0ria<\/em><\/a><\/li>\n<\/ul>\n<\/td>\n<\/tr>\n<\/tbody>\n<\/table>\n\t\t\t\t\t\t <\/div>\r\n\t\t\t\t\t\t\t\t\t\t\t\t <div role=\"tabpanel\" class=\"tab-pane \" id=\"tabs_desc_10280_3\">\r\n\t\t\t\t\t\t\t\t<table style=\"border-collapse: collapse;width: 100%\">\n<tbody>\n<tr>\n<td style=\"width: 100%\">\n<ul>\n<li><a href=\"https:\/\/drive.google.com\/file\/d\/1_WdR2mtbEj0ikBM-hTmR8Af72svvyxMU\/view\">Activitats Central Hidroel\u00e8ctrica de Talarn <em>- Educaci\u00f3 Prim\u00e0ria<\/em><\/a><\/li>\n<li><a href=\"https:\/\/drive.google.com\/file\/d\/0Bx8JlznV77svTWdoLW5nb3FhRlE\/view\">Activitats Central Hidroel\u00e8ctrica de Talarn <em>- Educaci\u00f3 Secund\u00e0ria<\/em><\/a><\/li>\n<\/ul>\n<\/td>\n<\/tr>\n<\/tbody>\n<\/table>\n<p>\u00a0<\/p>\n\t\t\t\t\t\t <\/div>\r\n\t\t\t\t\t\t\t\r\n\t\t\t\t\t <\/div>\r\n\t\t\t\t\t \r\n\t\t\t\t <\/div>\r\n <script>\r\n\t\tjQuery(function () {\r\n\t\t\tjQuery('#myTab_10280 a:first').tab('show')\r\n\t\t});\r\n\t\t\r\n\t\t\t\tjQuery(function(){\r\n\t\t\tvar b=\"fadeIn\";\r\n\t\t\tvar c;\r\n\t\t\tvar a;\r\n\t\t\td(jQuery(\"#myTab_10280 a\"),jQuery(\"#tab-content_10280\"));function d(e,f,g){\r\n\t\t\t\te.click(function(i){\r\n\t\t\t\t\ti.preventDefault();\r\n\t\t\t\t\tjQuery(this).tab(\"show\");\r\n\t\t\t\t\tvar h=jQuery(this).data(\"easein\");\r\n\t\t\t\t\tif(c){c.removeClass(a);}\r\n\t\t\t\t\tif(h){f.find(\"div.active\").addClass(\"animated \"+h);a=h;}\r\n\t\t\t\t\telse{if(g){f.find(\"div.active\").addClass(\"animated \"+g);a=g;}else{f.find(\"div.active\").addClass(\"animated \"+b);a=b;}}c=f.find(\"div.active\");\r\n\t\t\t\t});\r\n\t\t\t}\r\n\t\t});\r\n\t\t\r\n\r\n\t\tfunction do_resize(){\r\n\r\n\t\t\tvar width=jQuery( '.tab-content .tab-pane iframe' ).width();\r\n\t\t\tvar height=jQuery( '.tab-content .tab-pane iframe' ).height();\r\n\r\n\t\t\tvar toggleSize = true;\r\n\t\t\tjQuery('iframe').animate({\r\n\t\t\t    width: toggleSize ? width : 640,\r\n\t\t\t    height: toggleSize ? height : 360\r\n\t\t\t  }, 250);\r\n\r\n\t\t\t  toggleSize = !toggleSize;\r\n\t\t}\r\n\r\n\r\n\t<\/script>\r\n\t\t\t\t\r\n\t\t\t\n","protected":false},"excerpt":{"rendered":"<p>En aquesta p\u00e0gina trobareu una proposta d\u2019activitats pr\u00e8vies a la vostra estada. Recordeu que l&#8217;estada forma part d&#8217;una seq\u00fc\u00e8ncia d&#8217;ensenyament-aprenentatge [&hellip;]<\/p>\n","protected":false},"author":1,"featured_media":0,"parent":549,"menu_order":40,"comment_status":"closed","ping_status":"closed","template":"page-templates\/side-menu.php","meta":{"_bbp_topic_count":0,"_bbp_reply_count":0,"_bbp_total_topic_count":0,"_bbp_total_reply_count":0,"_bbp_voice_count":0,"_bbp_anonymous_reply_count":0,"_bbp_topic_count_hidden":0,"_bbp_reply_count_hidden":0,"_bbp_forum_subforum_count":0,"site-sidebar-layout":"default","site-content-layout":"","ast-site-content-layout":"","site-content-style":"default","site-sidebar-style":"default","ast-global-header-display":"","ast-banner-title-visibility":"","ast-main-header-display":"","ast-hfb-above-header-display":"","ast-hfb-below-header-display":"","ast-hfb-mobile-header-display":"","site-post-title":"","ast-breadcrumbs-content":"","ast-featured-img":"","footer-sml-layout":"","theme-transparent-header-meta":"","adv-header-id-meta":"","stick-header-meta":"","header-above-stick-meta":"","header-main-stick-meta":"","header-below-stick-meta":"","astra-migrate-meta-layouts":"default","ast-page-background-enabled":"default","ast-page-background-meta":{"desktop":{"background-color":"var(--ast-global-color-4)","background-image":"","background-repeat":"repeat","background-position":"center center","background-size":"auto","background-attachment":"scroll","background-type":"","background-media":"","overlay-type":"","overlay-color":"","overlay-opacity":"","overlay-gradient":""},"tablet":{"background-color":"","background-image":"","background-repeat":"repeat","background-position":"center center","background-size":"auto","background-attachment":"scroll","background-type":"","background-media":"","overlay-type":"","overlay-color":"","overlay-opacity":"","overlay-gradient":""},"mobile":{"background-color":"","background-image":"","background-repeat":"repeat","background-position":"center center","background-size":"auto","background-attachment":"scroll","background-type":"","background-media":"","overlay-type":"","overlay-color":"","overlay-opacity":"","overlay-gradient":""}},"ast-content-background-meta":{"desktop":{"background-color":"var(--ast-global-color-5)","background-image":"","background-repeat":"repeat","background-position":"center center","background-size":"auto","background-attachment":"scroll","background-type":"","background-media":"","overlay-type":"","overlay-color":"","overlay-opacity":"","overlay-gradient":""},"tablet":{"background-color":"var(--ast-global-color-5)","background-image":"","background-repeat":"repeat","background-position":"center center","background-size":"auto","background-attachment":"scroll","background-type":"","background-media":"","overlay-type":"","overlay-color":"","overlay-opacity":"","overlay-gradient":""},"mobile":{"background-color":"var(--ast-global-color-5)","background-image":"","background-repeat":"repeat","background-position":"center center","background-size":"auto","background-attachment":"scroll","background-type":"","background-media":"","overlay-type":"","overlay-color":"","overlay-opacity":"","overlay-gradient":""}},"footnotes":""},"class_list":["post-9297","page","type-page","status-publish","hentry"],"post_mailing_queue_ids":[],"_links":{"self":[{"href":"https:\/\/serveiseducatius.xtec.cat\/cda-tremp\/wp-json\/wp\/v2\/pages\/9297","targetHints":{"allow":["GET"]}}],"collection":[{"href":"https:\/\/serveiseducatius.xtec.cat\/cda-tremp\/wp-json\/wp\/v2\/pages"}],"about":[{"href":"https:\/\/serveiseducatius.xtec.cat\/cda-tremp\/wp-json\/wp\/v2\/types\/page"}],"author":[{"embeddable":true,"href":"https:\/\/serveiseducatius.xtec.cat\/cda-tremp\/wp-json\/wp\/v2\/users\/1"}],"replies":[{"embeddable":true,"href":"https:\/\/serveiseducatius.xtec.cat\/cda-tremp\/wp-json\/wp\/v2\/comments?post=9297"}],"version-history":[{"count":4,"href":"https:\/\/serveiseducatius.xtec.cat\/cda-tremp\/wp-json\/wp\/v2\/pages\/9297\/revisions"}],"predecessor-version":[{"id":10602,"href":"https:\/\/serveiseducatius.xtec.cat\/cda-tremp\/wp-json\/wp\/v2\/pages\/9297\/revisions\/10602"}],"up":[{"embeddable":true,"href":"https:\/\/serveiseducatius.xtec.cat\/cda-tremp\/wp-json\/wp\/v2\/pages\/549"}],"wp:attachment":[{"href":"https:\/\/serveiseducatius.xtec.cat\/cda-tremp\/wp-json\/wp\/v2\/media?parent=9297"}],"curies":[{"name":"wp","href":"https:\/\/api.w.org\/{rel}","templated":true}]}}