{"id":9076,"date":"2017-01-26T11:49:12","date_gmt":"2017-01-26T10:49:12","guid":{"rendered":"http:\/\/serveiseducatius.xtec.cat\/cda-tremp\/?page_id=9076"},"modified":"2025-06-13T12:59:40","modified_gmt":"2025-06-13T10:59:40","slug":"tremp-i-les-hidroelectriques","status":"publish","type":"page","link":"https:\/\/serveiseducatius.xtec.cat\/cda-tremp\/ambits\/hidroelectriques\/tremp-i-les-hidroelectriques\/","title":{"rendered":"Tremp i les hidroel\u00e8ctriques"},"content":{"rendered":"<h4>Gimcana per Tremp<\/h4>\n<h6><strong><a href=\"http:\/\/serveiseducatius.xtec.cat\/cda-tremp\/wp-content\/uploads\/usu1371\/2017\/01\/IMG_0589.jpg\"><img loading=\"lazy\" decoding=\"async\" class=\"wp-image-9084 alignleft\" src=\"http:\/\/serveiseducatius.xtec.cat\/cda-tremp\/wp-content\/uploads\/usu1371\/2017\/01\/IMG_0589-300x186.jpg\" alt=\"img_0589\" width=\"325\" height=\"201\" srcset=\"https:\/\/serveiseducatius.xtec.cat\/cda-tremp\/wp-content\/uploads\/usu1371\/2017\/01\/IMG_0589-300x186.jpg 300w, https:\/\/serveiseducatius.xtec.cat\/cda-tremp\/wp-content\/uploads\/usu1371\/2017\/01\/IMG_0589-768x477.jpg 768w, https:\/\/serveiseducatius.xtec.cat\/cda-tremp\/wp-content\/uploads\/usu1371\/2017\/01\/IMG_0589-1024x635.jpg 1024w, https:\/\/serveiseducatius.xtec.cat\/cda-tremp\/wp-content\/uploads\/usu1371\/2017\/01\/IMG_0589.jpg 1950w\" sizes=\"auto, (max-width: 325px) 100vw, 325px\" \/><\/a>Nivell<\/strong><\/h6>\n<p>Cicles mitj\u00e0 i superior d&#8217;Educaci\u00f3 Prim\u00e0ria<\/p>\n<p><strong>\u00c0rea \/ Mat\u00e8ria<\/strong><\/p>\n<p>Coneixement del Medi, Ci\u00e8ncies Socials<\/p>\n<h6><strong>Durada<\/strong><\/h6>\n<p>de dues a tres hores<\/p>\n<h6><strong>Objectius<\/strong><\/h6>\n<ul style=\"list-style-type: circle;\">\n<li>Adonar-se dels impactes socials, econ\u00f2mics i paisatg\u00edstics que va suposar les obres de les centrals hidroel\u00e8ctriques al Pallars.<\/li>\n<li>Afavorir el treball en petit grup.<\/li>\n<\/ul>\n<h6><strong>Descripci\u00f3<\/strong><\/h6>\n<p>Recorregut pel casc urb\u00e0 de Tremp en format de gimcana, que recorre diferents indrets de la ciutat relacionats, m\u00e9s directa o indirectament, amb els canvis que es van produir arran de les obres de l&#8217;embassament de Sant Antoni i la Central Hidroel\u00e8ctrica de Talarn.<\/p>\n<h6><strong>Material<\/strong><\/h6>\n<ul style=\"list-style-type: disc;\">\n<li><a href=\"https:\/\/drive.google.com\/open?id=0Bx8JlznV77svV1p1RmZMUTN5U1k\"><span style=\"color: #e64a19;\">Dossier Cicle Superior prim\u00e0ria<\/span><\/a><\/li>\n<li><a href=\"https:\/\/drive.google.com\/open?id=0Bx8JlznV77svc0pyYXBuWDNVb2M\"><span style=\"color: #e64a19;\">Dossier Cicle Mitj\u00e0\u00a0 prim\u00e0ria<\/span><\/a><\/li>\n<\/ul>\n<h6><strong>Fitxa did\u00e0ctica<\/strong><\/h6>\n<p>En el seg\u00fcent enlla\u00e7 podeu descarregar la <a href=\"https:\/\/drive.google.com\/open?id=0Bx8JlznV77svTV96VFU4amF4VzA\"><span style=\"color: #e64a19;\">fitxa did\u00e0ctica completa<\/span><\/a>, on trobareu tota la informaci\u00f3 necess\u00e0ria per a la vostra programaci\u00f3 (continguts, compet\u00e8ncies, objectius\u2026<\/p>\n<p>&nbsp;<\/p>\n","protected":false},"excerpt":{"rendered":"<p>Gimcana per Tremp Nivell Cicles mitj\u00e0 i superior d&#8217;Educaci\u00f3 Prim\u00e0ria \u00c0rea \/ Mat\u00e8ria Coneixement del Medi, Ci\u00e8ncies Socials Durada de [&hellip;]<\/p>\n","protected":false},"author":1,"featured_media":0,"parent":8398,"menu_order":30,"comment_status":"closed","ping_status":"closed","template":"","meta":{"_bbp_topic_count":0,"_bbp_reply_count":0,"_bbp_total_topic_count":0,"_bbp_total_reply_count":0,"_bbp_voice_count":0,"_bbp_anonymous_reply_count":0,"_bbp_topic_count_hidden":0,"_bbp_reply_count_hidden":0,"_bbp_forum_subforum_count":0,"site-sidebar-layout":"default","site-content-layout":"","ast-site-content-layout":"default","site-content-style":"default","site-sidebar-style":"default","ast-global-header-display":"","ast-banner-title-visibility":"","ast-main-header-display":"","ast-hfb-above-header-display":"","ast-hfb-below-header-display":"","ast-hfb-mobile-header-display":"","site-post-title":"","ast-breadcrumbs-content":"","ast-featured-img":"","footer-sml-layout":"","theme-transparent-header-meta":"default","adv-header-id-meta":"","stick-header-meta":"","header-above-stick-meta":"","header-main-stick-meta":"","header-below-stick-meta":"","astra-migrate-meta-layouts":"set","ast-page-background-enabled":"default","ast-page-background-meta":{"desktop":{"background-color":"var(--ast-global-color-4)","background-image":"","background-repeat":"repeat","background-position":"center center","background-size":"auto","background-attachment":"scroll","background-type":"","background-media":"","overlay-type":"","overlay-color":"","overlay-opacity":"","overlay-gradient":""},"tablet":{"background-color":"","background-image":"","background-repeat":"repeat","background-position":"center center","background-size":"auto","background-attachment":"scroll","background-type":"","background-media":"","overlay-type":"","overlay-color":"","overlay-opacity":"","overlay-gradient":""},"mobile":{"background-color":"","background-image":"","background-repeat":"repeat","background-position":"center center","background-size":"auto","background-attachment":"scroll","background-type":"","background-media":"","overlay-type":"","overlay-color":"","overlay-opacity":"","overlay-gradient":""}},"ast-content-background-meta":{"desktop":{"background-color":"var(--ast-global-color-5)","background-image":"","background-repeat":"repeat","background-position":"center center","background-size":"auto","background-attachment":"scroll","background-type":"","background-media":"","overlay-type":"","overlay-color":"","overlay-opacity":"","overlay-gradient":""},"tablet":{"background-color":"var(--ast-global-color-5)","background-image":"","background-repeat":"repeat","background-position":"center center","background-size":"auto","background-attachment":"scroll","background-type":"","background-media":"","overlay-type":"","overlay-color":"","overlay-opacity":"","overlay-gradient":""},"mobile":{"background-color":"var(--ast-global-color-5)","background-image":"","background-repeat":"repeat","background-position":"center center","background-size":"auto","background-attachment":"scroll","background-type":"","background-media":"","overlay-type":"","overlay-color":"","overlay-opacity":"","overlay-gradient":""}},"footnotes":""},"class_list":["post-9076","page","type-page","status-publish","hentry"],"post_mailing_queue_ids":[],"_links":{"self":[{"href":"https:\/\/serveiseducatius.xtec.cat\/cda-tremp\/wp-json\/wp\/v2\/pages\/9076","targetHints":{"allow":["GET"]}}],"collection":[{"href":"https:\/\/serveiseducatius.xtec.cat\/cda-tremp\/wp-json\/wp\/v2\/pages"}],"about":[{"href":"https:\/\/serveiseducatius.xtec.cat\/cda-tremp\/wp-json\/wp\/v2\/types\/page"}],"author":[{"embeddable":true,"href":"https:\/\/serveiseducatius.xtec.cat\/cda-tremp\/wp-json\/wp\/v2\/users\/1"}],"replies":[{"embeddable":true,"href":"https:\/\/serveiseducatius.xtec.cat\/cda-tremp\/wp-json\/wp\/v2\/comments?post=9076"}],"version-history":[{"count":6,"href":"https:\/\/serveiseducatius.xtec.cat\/cda-tremp\/wp-json\/wp\/v2\/pages\/9076\/revisions"}],"predecessor-version":[{"id":11047,"href":"https:\/\/serveiseducatius.xtec.cat\/cda-tremp\/wp-json\/wp\/v2\/pages\/9076\/revisions\/11047"}],"up":[{"embeddable":true,"href":"https:\/\/serveiseducatius.xtec.cat\/cda-tremp\/wp-json\/wp\/v2\/pages\/8398"}],"wp:attachment":[{"href":"https:\/\/serveiseducatius.xtec.cat\/cda-tremp\/wp-json\/wp\/v2\/media?parent=9076"}],"curies":[{"name":"wp","href":"https:\/\/api.w.org\/{rel}","templated":true}]}}