{"id":9057,"date":"2017-01-26T11:07:26","date_gmt":"2017-01-26T10:07:26","guid":{"rendered":"http:\/\/serveiseducatius.xtec.cat\/cda-tremp\/?page_id=9057"},"modified":"2025-04-03T15:22:29","modified_gmt":"2025-04-03T13:22:29","slug":"tremp-dels-origens-a-ledat-moderna","status":"publish","type":"page","link":"https:\/\/serveiseducatius.xtec.cat\/cda-tremp\/ambits\/pedraforca\/tremp-dels-origens-a-ledat-moderna\/","title":{"rendered":"Tremp, dels or\u00edgens a l\u2019Edat Moderna"},"content":{"rendered":"<h4><span style=\"color: #993300;\">Itinerari pel casc antic i ravals<\/span><\/h4>\n<h6><strong><a href=\"http:\/\/serveiseducatius.xtec.cat\/cda-tremp\/wp-content\/uploads\/usu1371\/2016\/12\/IMG_0310.jpg\"><img loading=\"lazy\" decoding=\"async\" class=\"wp-image-9054 alignleft\" src=\"http:\/\/serveiseducatius.xtec.cat\/cda-tremp\/wp-content\/uploads\/usu1371\/2016\/12\/IMG_0310-300x222.jpg\" alt=\"img_0310\" width=\"290\" height=\"215\" srcset=\"https:\/\/serveiseducatius.xtec.cat\/cda-tremp\/wp-content\/uploads\/usu1371\/2016\/12\/IMG_0310-300x222.jpg 300w, https:\/\/serveiseducatius.xtec.cat\/cda-tremp\/wp-content\/uploads\/usu1371\/2016\/12\/IMG_0310-768x569.jpg 768w, https:\/\/serveiseducatius.xtec.cat\/cda-tremp\/wp-content\/uploads\/usu1371\/2016\/12\/IMG_0310-1024x759.jpg 1024w, https:\/\/serveiseducatius.xtec.cat\/cda-tremp\/wp-content\/uploads\/usu1371\/2016\/12\/IMG_0310.jpg 1840w\" sizes=\"auto, (max-width: 290px) 100vw, 290px\" \/><\/a><\/strong><strong>Nivell<\/strong><\/h6>\n<p>Cicles mitj\u00e0 i superior d&#8217;Educaci\u00f3 Prim\u00e0ria i ESO<\/p>\n<p><strong>Durada<\/strong><\/p>\n<p>Dues hores<\/p>\n<h6><strong>\u00c0rea \/ Mat\u00e8ria<\/strong><\/h6>\n<p>Coneixement del medi i Ci\u00e8ncies Socials<\/p>\n<h6><strong>Objectius<\/strong><\/h6>\n<ul style=\"list-style-type: circle;\">\n<li>Observar les caracter\u00edstiques arquitect\u00f2niques i art\u00edstiques des de l\u2019\u00e8poca medieval a la moderna.<\/li>\n<li>Diferenciar cada raval en relaci\u00f3 als seus edificis singulars i la seva funci\u00f3 al llarg de la hist\u00f2ria.<\/li>\n<li>Valorar la import\u00e0ncia del patrimoni hist\u00f2ric-art\u00edstic i la seva conservaci\u00f3.<\/li>\n<li>Con\u00e8ixer els il\u00b7lustres trempolins que han deixat petjada en la hist\u00f2ria.<\/li>\n<\/ul>\n<h6><strong>Descripci\u00f3<\/strong><\/h6>\n<p>Itinerari a peu pel casc antic i els ravals per entendre les \u00e8poques medieval i moderna a trav\u00e9s de l\u2019arquitectura, l\u2019economia i la societat trempolina.<\/p>\n<h6><strong>Material<\/strong><\/h6>\n<ul style=\"list-style-type: disc;\">\n<li><a href=\"https:\/\/drive.google.com\/open?id=0Bx8JlznV77svSVRaaDRhWlRjQlU\"><span style=\"color: #e64a19;\">Dossier de secund\u00e0ria<\/span><\/a><\/li>\n<li><a href=\"https:\/\/drive.google.com\/open?id=0Bx8JlznV77svUzBTWnJ1VWhfLVk\"><span style=\"color: #e64a19;\">Dossier Cicle Superior de prim\u00e0ria<\/span><\/a><\/li>\n<li><a href=\"https:\/\/drive.google.com\/open?id=0Bx8JlznV77svQllnQVRPRmdxdTA\"><span style=\"color: #e64a19;\">Dossier Cicle Mitj\u00e0 de prim\u00e0ria<\/span><\/a><\/li>\n<\/ul>\n<h6><strong>Fotos<\/strong><\/h6>\n<p>En aquest <a href=\"https:\/\/goo.gl\/photos\/HRGi3nKGBmQjQ4Vj9\"><span style=\"color: #e64a19;\">enlla\u00e7<\/span><\/a> trobareu un \u00e0lbum de fotos de l&#8217;activitat.<\/p>\n<h6><strong>Fitxa did\u00e0ctica<\/strong><\/h6>\n<p>En el seg\u00fcent enlla\u00e7 podeu descarregar la <a href=\"https:\/\/drive.google.com\/open?id=0Bx8JlznV77svTnFfampIQWFiT3c\"><span style=\"color: #e64a19;\">fitxa did\u00e0ctica completa<\/span><\/a>, on trobareu tota la informaci\u00f3 necess\u00e0ria per a la vostra programaci\u00f3 (continguts, compet\u00e8ncies, objectius\u2026).<\/p>\n<p>&nbsp;<\/p>\n","protected":false},"excerpt":{"rendered":"<p>Itinerari pel casc antic i ravals Nivell Cicles mitj\u00e0 i superior d&#8217;Educaci\u00f3 Prim\u00e0ria i ESO Durada Dues hores \u00c0rea \/ [&hellip;]<\/p>\n","protected":false},"author":1,"featured_media":0,"parent":165,"menu_order":10,"comment_status":"closed","ping_status":"closed","template":"","meta":{"_bbp_topic_count":0,"_bbp_reply_count":0,"_bbp_total_topic_count":0,"_bbp_total_reply_count":0,"_bbp_voice_count":0,"_bbp_anonymous_reply_count":0,"_bbp_topic_count_hidden":0,"_bbp_reply_count_hidden":0,"_bbp_forum_subforum_count":0,"site-sidebar-layout":"default","site-content-layout":"","ast-site-content-layout":"default","site-content-style":"default","site-sidebar-style":"default","ast-global-header-display":"","ast-banner-title-visibility":"","ast-main-header-display":"","ast-hfb-above-header-display":"","ast-hfb-below-header-display":"","ast-hfb-mobile-header-display":"","site-post-title":"","ast-breadcrumbs-content":"","ast-featured-img":"","footer-sml-layout":"","theme-transparent-header-meta":"default","adv-header-id-meta":"","stick-header-meta":"","header-above-stick-meta":"","header-main-stick-meta":"","header-below-stick-meta":"","astra-migrate-meta-layouts":"set","ast-page-background-enabled":"default","ast-page-background-meta":{"desktop":{"background-color":"var(--ast-global-color-4)","background-image":"","background-repeat":"repeat","background-position":"center center","background-size":"auto","background-attachment":"scroll","background-type":"","background-media":"","overlay-type":"","overlay-color":"","overlay-opacity":"","overlay-gradient":""},"tablet":{"background-color":"","background-image":"","background-repeat":"repeat","background-position":"center center","background-size":"auto","background-attachment":"scroll","background-type":"","background-media":"","overlay-type":"","overlay-color":"","overlay-opacity":"","overlay-gradient":""},"mobile":{"background-color":"","background-image":"","background-repeat":"repeat","background-position":"center center","background-size":"auto","background-attachment":"scroll","background-type":"","background-media":"","overlay-type":"","overlay-color":"","overlay-opacity":"","overlay-gradient":""}},"ast-content-background-meta":{"desktop":{"background-color":"var(--ast-global-color-5)","background-image":"","background-repeat":"repeat","background-position":"center center","background-size":"auto","background-attachment":"scroll","background-type":"","background-media":"","overlay-type":"","overlay-color":"","overlay-opacity":"","overlay-gradient":""},"tablet":{"background-color":"var(--ast-global-color-5)","background-image":"","background-repeat":"repeat","background-position":"center center","background-size":"auto","background-attachment":"scroll","background-type":"","background-media":"","overlay-type":"","overlay-color":"","overlay-opacity":"","overlay-gradient":""},"mobile":{"background-color":"var(--ast-global-color-5)","background-image":"","background-repeat":"repeat","background-position":"center center","background-size":"auto","background-attachment":"scroll","background-type":"","background-media":"","overlay-type":"","overlay-color":"","overlay-opacity":"","overlay-gradient":""}},"footnotes":""},"class_list":["post-9057","page","type-page","status-publish","hentry"],"post_mailing_queue_ids":[],"_links":{"self":[{"href":"https:\/\/serveiseducatius.xtec.cat\/cda-tremp\/wp-json\/wp\/v2\/pages\/9057","targetHints":{"allow":["GET"]}}],"collection":[{"href":"https:\/\/serveiseducatius.xtec.cat\/cda-tremp\/wp-json\/wp\/v2\/pages"}],"about":[{"href":"https:\/\/serveiseducatius.xtec.cat\/cda-tremp\/wp-json\/wp\/v2\/types\/page"}],"author":[{"embeddable":true,"href":"https:\/\/serveiseducatius.xtec.cat\/cda-tremp\/wp-json\/wp\/v2\/users\/1"}],"replies":[{"embeddable":true,"href":"https:\/\/serveiseducatius.xtec.cat\/cda-tremp\/wp-json\/wp\/v2\/comments?post=9057"}],"version-history":[{"count":4,"href":"https:\/\/serveiseducatius.xtec.cat\/cda-tremp\/wp-json\/wp\/v2\/pages\/9057\/revisions"}],"predecessor-version":[{"id":10888,"href":"https:\/\/serveiseducatius.xtec.cat\/cda-tremp\/wp-json\/wp\/v2\/pages\/9057\/revisions\/10888"}],"up":[{"embeddable":true,"href":"https:\/\/serveiseducatius.xtec.cat\/cda-tremp\/wp-json\/wp\/v2\/pages\/165"}],"wp:attachment":[{"href":"https:\/\/serveiseducatius.xtec.cat\/cda-tremp\/wp-json\/wp\/v2\/media?parent=9057"}],"curies":[{"name":"wp","href":"https:\/\/api.w.org\/{rel}","templated":true}]}}