{"id":9018,"date":"2017-01-25T19:00:10","date_gmt":"2017-01-25T18:00:10","guid":{"rendered":"http:\/\/serveiseducatius.xtec.cat\/cda-tremp\/?page_id=9018"},"modified":"2025-06-17T09:58:23","modified_gmt":"2025-06-17T07:58:23","slug":"tremp-ciutat-geologica","status":"publish","type":"page","link":"https:\/\/serveiseducatius.xtec.cat\/cda-tremp\/ambits\/el-bosc\/tremp-ciutat-geologica\/","title":{"rendered":"Tremp, ciutat geol\u00f2gica"},"content":{"rendered":"<h4><span style=\"color: #993300;\">Visita a l&#8217;Institut Cartogr\u00e0fic i Geol\u00f2gic de Catalunya<\/span><\/h4>\n<p><a href=\"http:\/\/serveiseducatius.xtec.cat\/cda-tremp\/wp-content\/uploads\/usu1371\/2016\/12\/IMG_0686.jpg\"><img loading=\"lazy\" decoding=\"async\" class=\"wp-image-8534 alignleft\" src=\"http:\/\/serveiseducatius.xtec.cat\/cda-tremp\/wp-content\/uploads\/usu1371\/2016\/12\/IMG_0686-300x225.jpg\" width=\"341\" height=\"256\" srcset=\"https:\/\/serveiseducatius.xtec.cat\/cda-tremp\/wp-content\/uploads\/usu1371\/2016\/12\/IMG_0686-300x225.jpg 300w, https:\/\/serveiseducatius.xtec.cat\/cda-tremp\/wp-content\/uploads\/usu1371\/2016\/12\/IMG_0686-768x576.jpg 768w, https:\/\/serveiseducatius.xtec.cat\/cda-tremp\/wp-content\/uploads\/usu1371\/2016\/12\/IMG_0686-1024x768.jpg 1024w, https:\/\/serveiseducatius.xtec.cat\/cda-tremp\/wp-content\/uploads\/usu1371\/2016\/12\/IMG_0686-200x150.jpg 200w\" sizes=\"auto, (max-width: 341px) 100vw, 341px\" \/><\/a><\/p>\n<p><strong>Nivell<\/strong><\/p>\n<p>Cicle mitj\u00e0 i superior d&#8217;Educaci\u00f3 Prim\u00e0ria, ESO, Batxillerat i Cicles Formatius<\/p>\n<p><strong>Durada<\/strong><\/p>\n<p>de 2 a 3 hores<\/p>\n<h6><strong>\u00c0rea \/ Mat\u00e8ria<\/strong><\/h6>\n<p>Coneixement del medi, Ci\u00e8ncies Naturals i Ci\u00e8ncies de la Terra i del Medi Ambient.<\/p>\n<h6><strong>Objectius<\/strong><\/h6>\n<ul style=\"list-style-type: circle;\">\n<li style=\"text-align: justify;\">Recon\u00e8ixer la import\u00e0ncia geol\u00f2gica de la Conca de Tremp<\/li>\n<li style=\"text-align: justify;\">Valorar la geologia com una ci\u00e8ncia al servei dels ciutadans tant per a la prevenci\u00f3 del risc geol\u00f2gic com per a l&#8217;obtenci\u00f3 dels recursos naturals<\/li>\n<li style=\"text-align: justify;\">Observar l\u2019arquitectura i el material constructiu de l\u2019edifici aix\u00ed com el seu encaix i equilibri amb l\u2019entorn<\/li>\n<li style=\"text-align: justify;\">Identificar els elements que el fan un edifici energ\u00e8ticament sostenible<\/li>\n<\/ul>\n<h6><strong>Descripci\u00f3<\/strong><\/h6>\n<p style=\"text-align: justify;\">La visita al Centre de Suport Territorial al Pirineu de\u00a0l\u2019Institut Cartogr\u00e0fic i Geol\u00f2gic de Catalunya, permet descobrir el m\u00f3n de la geologia, les seves utilitats per a la societat i a la vegada permet observar un model arquitect\u00f2nic sostenible (energia geot\u00e8rmica). Tamb\u00e9 es realitza una activitat pr\u00e0ctica tipus taller ( a escollir entre identificaci\u00f3 de roques o microf\u00f2ssils).<\/p>\n<h6><strong>Materials<\/strong><\/h6>\n<ul style=\"list-style-type: disc;\">\n<li><a href=\"https:\/\/drive.google.com\/file\/d\/1ynDZ2raJxojfB0XEewtqJgplzDaj3Q67\/view?usp=drive_link\"><span style=\"color: #e64a19;\">Dossier de secund\u00e0ria<\/span><\/a><\/li>\n<\/ul>\n<h6><strong>Imatges<\/strong><\/h6>\n<p>En aquest <a href=\"https:\/\/goo.gl\/photos\/chimihJcTQ95FPFaA\"><span style=\"color: #e64a19;\">enlla\u00e7<\/span><\/a> trobareu un \u00e0lbum de fotos de l&#8217;activitat.<\/p>\n<h6><strong>Fitxa<\/strong> <strong>did\u00e0ctica<\/strong><\/h6>\n<p>En el seg\u00fcent enlla\u00e7 podeu descarregar la <a href=\"https:\/\/drive.google.com\/open?id=0Bx8JlznV77svLXVYRlBTS0VZVzg\"><span style=\"\u201dcolor: #e64a19;\"><span style=\"color: #e64a19;\">fitxa did\u00e0ctica completa<\/span><\/span><\/a>, on trobareu tota la informaci\u00f3 necess\u00e0ria per a la vostra programaci\u00f3 (continguts, compet\u00e8ncies, objectius&#8230;).<\/p>\n<p>&nbsp;<\/p>\n","protected":false},"excerpt":{"rendered":"<p>Visita a l&#8217;Institut Cartogr\u00e0fic i Geol\u00f2gic de Catalunya Nivell Cicle mitj\u00e0 i superior d&#8217;Educaci\u00f3 Prim\u00e0ria, ESO, Batxillerat i Cicles Formatius [&hellip;]<\/p>\n","protected":false},"author":1,"featured_media":0,"parent":8198,"menu_order":10,"comment_status":"closed","ping_status":"closed","template":"","meta":{"_bbp_topic_count":0,"_bbp_reply_count":0,"_bbp_total_topic_count":0,"_bbp_total_reply_count":0,"_bbp_voice_count":0,"_bbp_anonymous_reply_count":0,"_bbp_topic_count_hidden":0,"_bbp_reply_count_hidden":0,"_bbp_forum_subforum_count":0,"site-sidebar-layout":"default","site-content-layout":"","ast-site-content-layout":"default","site-content-style":"default","site-sidebar-style":"default","ast-global-header-display":"","ast-banner-title-visibility":"","ast-main-header-display":"","ast-hfb-above-header-display":"","ast-hfb-below-header-display":"","ast-hfb-mobile-header-display":"","site-post-title":"","ast-breadcrumbs-content":"","ast-featured-img":"","footer-sml-layout":"","theme-transparent-header-meta":"default","adv-header-id-meta":"","stick-header-meta":"","header-above-stick-meta":"","header-main-stick-meta":"","header-below-stick-meta":"","astra-migrate-meta-layouts":"set","ast-page-background-enabled":"default","ast-page-background-meta":{"desktop":{"background-color":"var(--ast-global-color-4)","background-image":"","background-repeat":"repeat","background-position":"center center","background-size":"auto","background-attachment":"scroll","background-type":"","background-media":"","overlay-type":"","overlay-color":"","overlay-opacity":"","overlay-gradient":""},"tablet":{"background-color":"","background-image":"","background-repeat":"repeat","background-position":"center center","background-size":"auto","background-attachment":"scroll","background-type":"","background-media":"","overlay-type":"","overlay-color":"","overlay-opacity":"","overlay-gradient":""},"mobile":{"background-color":"","background-image":"","background-repeat":"repeat","background-position":"center center","background-size":"auto","background-attachment":"scroll","background-type":"","background-media":"","overlay-type":"","overlay-color":"","overlay-opacity":"","overlay-gradient":""}},"ast-content-background-meta":{"desktop":{"background-color":"var(--ast-global-color-5)","background-image":"","background-repeat":"repeat","background-position":"center center","background-size":"auto","background-attachment":"scroll","background-type":"","background-media":"","overlay-type":"","overlay-color":"","overlay-opacity":"","overlay-gradient":""},"tablet":{"background-color":"var(--ast-global-color-5)","background-image":"","background-repeat":"repeat","background-position":"center center","background-size":"auto","background-attachment":"scroll","background-type":"","background-media":"","overlay-type":"","overlay-color":"","overlay-opacity":"","overlay-gradient":""},"mobile":{"background-color":"var(--ast-global-color-5)","background-image":"","background-repeat":"repeat","background-position":"center center","background-size":"auto","background-attachment":"scroll","background-type":"","background-media":"","overlay-type":"","overlay-color":"","overlay-opacity":"","overlay-gradient":""}},"footnotes":""},"class_list":["post-9018","page","type-page","status-publish","hentry"],"post_mailing_queue_ids":[],"_links":{"self":[{"href":"https:\/\/serveiseducatius.xtec.cat\/cda-tremp\/wp-json\/wp\/v2\/pages\/9018","targetHints":{"allow":["GET"]}}],"collection":[{"href":"https:\/\/serveiseducatius.xtec.cat\/cda-tremp\/wp-json\/wp\/v2\/pages"}],"about":[{"href":"https:\/\/serveiseducatius.xtec.cat\/cda-tremp\/wp-json\/wp\/v2\/types\/page"}],"author":[{"embeddable":true,"href":"https:\/\/serveiseducatius.xtec.cat\/cda-tremp\/wp-json\/wp\/v2\/users\/1"}],"replies":[{"embeddable":true,"href":"https:\/\/serveiseducatius.xtec.cat\/cda-tremp\/wp-json\/wp\/v2\/comments?post=9018"}],"version-history":[{"count":5,"href":"https:\/\/serveiseducatius.xtec.cat\/cda-tremp\/wp-json\/wp\/v2\/pages\/9018\/revisions"}],"predecessor-version":[{"id":11079,"href":"https:\/\/serveiseducatius.xtec.cat\/cda-tremp\/wp-json\/wp\/v2\/pages\/9018\/revisions\/11079"}],"up":[{"embeddable":true,"href":"https:\/\/serveiseducatius.xtec.cat\/cda-tremp\/wp-json\/wp\/v2\/pages\/8198"}],"wp:attachment":[{"href":"https:\/\/serveiseducatius.xtec.cat\/cda-tremp\/wp-json\/wp\/v2\/media?parent=9018"}],"curies":[{"name":"wp","href":"https:\/\/api.w.org\/{rel}","templated":true}]}}