{"id":8949,"date":"2017-01-24T18:21:26","date_gmt":"2017-01-24T17:21:26","guid":{"rendered":"http:\/\/serveiseducatius.xtec.cat\/cda-tremp\/?page_id=8949"},"modified":"2025-04-03T15:23:42","modified_gmt":"2025-04-03T13:23:42","slug":"la-historia-a-traves-de-personatges-quotidians","status":"publish","type":"page","link":"https:\/\/serveiseducatius.xtec.cat\/cda-tremp\/ambits\/pedraforca\/la-historia-a-traves-de-personatges-quotidians\/","title":{"rendered":"La hist\u00f2ria a trav\u00e9s de personatges quotidians"},"content":{"rendered":"<h4><span style=\"color: #993300;\">Visita a l&#8217;exposici\u00f3 de personatges de l&#8217;Epicentre<\/span><\/h4>\n<h6><strong><a href=\"http:\/\/serveiseducatius.xtec.cat\/cda-tremp\/wp-content\/uploads\/usu1371\/2016\/12\/IMG_0336.jpg\"><img loading=\"lazy\" decoding=\"async\" class=\"alignleft wp-image-8880 \" src=\"http:\/\/serveiseducatius.xtec.cat\/cda-tremp\/wp-content\/uploads\/usu1371\/2016\/12\/IMG_0336-225x300.jpg\" alt=\"img_0336\" width=\"191\" height=\"255\" srcset=\"https:\/\/serveiseducatius.xtec.cat\/cda-tremp\/wp-content\/uploads\/usu1371\/2016\/12\/IMG_0336-225x300.jpg 225w, https:\/\/serveiseducatius.xtec.cat\/cda-tremp\/wp-content\/uploads\/usu1371\/2016\/12\/IMG_0336-768x1024.jpg 768w, https:\/\/serveiseducatius.xtec.cat\/cda-tremp\/wp-content\/uploads\/usu1371\/2016\/12\/IMG_0336.jpg 1944w\" sizes=\"auto, (max-width: 191px) 100vw, 191px\" \/><\/a><\/strong><strong>Nivell<\/strong><\/h6>\n<p>Cicle Mitj\u00e0 de Prim\u00e0ria<\/p>\n<p><strong>Durada<\/strong><\/p>\n<p>una hora i mitja<\/p>\n<p><strong>\u00c0rea \/ Mat\u00e8ria<\/strong><\/p>\n<p>Coneixement del medi social<\/p>\n<h6><\/h6>\n<h6><strong>Objectius<\/strong><\/h6>\n<ul style=\"list-style-type: circle;\">\n<li style=\"text-align: justify;\">Identificar les diferents etapes de la historia de la comarca a trav\u00e9s de personatges quotidians.<\/li>\n<li style=\"text-align: justify;\">Interpretar les cultures, societats i personatges que han marcat la hist\u00f2ria del Pallars a trav\u00e9s de la vida quotidiana.<\/li>\n<li style=\"text-align: justify;\">Intervenir en la construcci\u00f3 d\u2019un fris cronol\u00f2gic sobre el temps social i hist\u00f2ric.<\/li>\n<li style=\"text-align: justify;\">Exposar a la resta de companys els personatges treballats.<\/li>\n<\/ul>\n<h6><strong>Descripci\u00f3<\/strong><\/h6>\n<p style=\"text-align: justify;\">A trav\u00e9s de material visual, audiovisual, objectes i la visita a l\u2019exposici\u00f3 sobre personatges de la vida quotidiana (Epicentre) es treballa el temps social i hist\u00f2ric. Com a tasca final s\u2019ha de situar les siluetes de diferents personatges de la vida quotidiana pallaresa en un fris cronol\u00f2gic al llarg de les diferents etapes de la hist\u00f2ria.<\/p>\n<h6><strong>Material <\/strong><\/h6>\n<ul style=\"list-style-type: disc;\">\n<li><a href=\"https:\/\/drive.google.com\/open?id=0Bx8JlznV77svZ1pEVXdEUjBzb1E\"><span style=\"color: #e64a19;\">Dossier prim\u00e0ria<\/span><\/a><\/li>\n<\/ul>\n<h6><strong>Fotos<\/strong><\/h6>\n<p>En aquest <a href=\"https:\/\/goo.gl\/photos\/uBF5e2nz33XCQPPT9\"><span style=\"color: #e64a19;\">enlla\u00e7<\/span><\/a> trobareu un \u00e0lbum de fotos de l&#8217;activitat.<\/p>\n<h6><strong>Fitxa did\u00e0ctica<\/strong><\/h6>\n<p>En el seg\u00fcent enlla\u00e7 podeu descarregar la <a href=\"https:\/\/drive.google.com\/open?id=0Bx8JlznV77svVjFjZEkyMU1yV2s\"><span style=\"color: #e64a19;\">fitxa did\u00e0ctica completa<\/span><\/a>, on trobareu tota la informaci\u00f3 necess\u00e0ria per a la vostra programaci\u00f3 (continguts, compet\u00e8ncies, objectius\u2026).<\/p>\n<p>&nbsp;<\/p>\n","protected":false},"excerpt":{"rendered":"<p>Visita a l&#8217;exposici\u00f3 de personatges de l&#8217;Epicentre Nivell Cicle Mitj\u00e0 de Prim\u00e0ria Durada una hora i mitja \u00c0rea \/ Mat\u00e8ria [&hellip;]<\/p>\n","protected":false},"author":1,"featured_media":0,"parent":165,"menu_order":30,"comment_status":"closed","ping_status":"closed","template":"","meta":{"_bbp_topic_count":0,"_bbp_reply_count":0,"_bbp_total_topic_count":0,"_bbp_total_reply_count":0,"_bbp_voice_count":0,"_bbp_anonymous_reply_count":0,"_bbp_topic_count_hidden":0,"_bbp_reply_count_hidden":0,"_bbp_forum_subforum_count":0,"site-sidebar-layout":"default","site-content-layout":"","ast-site-content-layout":"default","site-content-style":"default","site-sidebar-style":"default","ast-global-header-display":"","ast-banner-title-visibility":"","ast-main-header-display":"","ast-hfb-above-header-display":"","ast-hfb-below-header-display":"","ast-hfb-mobile-header-display":"","site-post-title":"","ast-breadcrumbs-content":"","ast-featured-img":"","footer-sml-layout":"","theme-transparent-header-meta":"default","adv-header-id-meta":"","stick-header-meta":"","header-above-stick-meta":"","header-main-stick-meta":"","header-below-stick-meta":"","astra-migrate-meta-layouts":"set","ast-page-background-enabled":"default","ast-page-background-meta":{"desktop":{"background-color":"var(--ast-global-color-4)","background-image":"","background-repeat":"repeat","background-position":"center center","background-size":"auto","background-attachment":"scroll","background-type":"","background-media":"","overlay-type":"","overlay-color":"","overlay-opacity":"","overlay-gradient":""},"tablet":{"background-color":"","background-image":"","background-repeat":"repeat","background-position":"center center","background-size":"auto","background-attachment":"scroll","background-type":"","background-media":"","overlay-type":"","overlay-color":"","overlay-opacity":"","overlay-gradient":""},"mobile":{"background-color":"","background-image":"","background-repeat":"repeat","background-position":"center center","background-size":"auto","background-attachment":"scroll","background-type":"","background-media":"","overlay-type":"","overlay-color":"","overlay-opacity":"","overlay-gradient":""}},"ast-content-background-meta":{"desktop":{"background-color":"var(--ast-global-color-5)","background-image":"","background-repeat":"repeat","background-position":"center center","background-size":"auto","background-attachment":"scroll","background-type":"","background-media":"","overlay-type":"","overlay-color":"","overlay-opacity":"","overlay-gradient":""},"tablet":{"background-color":"var(--ast-global-color-5)","background-image":"","background-repeat":"repeat","background-position":"center center","background-size":"auto","background-attachment":"scroll","background-type":"","background-media":"","overlay-type":"","overlay-color":"","overlay-opacity":"","overlay-gradient":""},"mobile":{"background-color":"var(--ast-global-color-5)","background-image":"","background-repeat":"repeat","background-position":"center center","background-size":"auto","background-attachment":"scroll","background-type":"","background-media":"","overlay-type":"","overlay-color":"","overlay-opacity":"","overlay-gradient":""}},"footnotes":""},"class_list":["post-8949","page","type-page","status-publish","hentry"],"post_mailing_queue_ids":[],"_links":{"self":[{"href":"https:\/\/serveiseducatius.xtec.cat\/cda-tremp\/wp-json\/wp\/v2\/pages\/8949","targetHints":{"allow":["GET"]}}],"collection":[{"href":"https:\/\/serveiseducatius.xtec.cat\/cda-tremp\/wp-json\/wp\/v2\/pages"}],"about":[{"href":"https:\/\/serveiseducatius.xtec.cat\/cda-tremp\/wp-json\/wp\/v2\/types\/page"}],"author":[{"embeddable":true,"href":"https:\/\/serveiseducatius.xtec.cat\/cda-tremp\/wp-json\/wp\/v2\/users\/1"}],"replies":[{"embeddable":true,"href":"https:\/\/serveiseducatius.xtec.cat\/cda-tremp\/wp-json\/wp\/v2\/comments?post=8949"}],"version-history":[{"count":4,"href":"https:\/\/serveiseducatius.xtec.cat\/cda-tremp\/wp-json\/wp\/v2\/pages\/8949\/revisions"}],"predecessor-version":[{"id":10891,"href":"https:\/\/serveiseducatius.xtec.cat\/cda-tremp\/wp-json\/wp\/v2\/pages\/8949\/revisions\/10891"}],"up":[{"embeddable":true,"href":"https:\/\/serveiseducatius.xtec.cat\/cda-tremp\/wp-json\/wp\/v2\/pages\/165"}],"wp:attachment":[{"href":"https:\/\/serveiseducatius.xtec.cat\/cda-tremp\/wp-json\/wp\/v2\/media?parent=8949"}],"curies":[{"name":"wp","href":"https:\/\/api.w.org\/{rel}","templated":true}]}}