{"id":8716,"date":"2017-01-17T19:04:19","date_gmt":"2017-01-17T18:04:19","guid":{"rendered":"http:\/\/serveiseducatius.xtec.cat\/cda-tremp\/?page_id=8716"},"modified":"2025-04-03T15:27:30","modified_gmt":"2025-04-03T13:27:30","slug":"una-mostra-de-modernisme-al-pallars-jussa","status":"publish","type":"page","link":"https:\/\/serveiseducatius.xtec.cat\/cda-tremp\/ambits\/pedraforca\/una-mostra-de-modernisme-al-pallars-jussa\/","title":{"rendered":"Una mostra de modernisme al Pallars Juss\u00e0"},"content":{"rendered":"<h4>Visita al conjunt Mauri, la Pobla de Segur<strong>\u00a0<\/strong><\/h4>\n<p><strong><img loading=\"lazy\" decoding=\"async\" class=\"alignleft\" src=\"http:\/\/serveiseducatius.xtec.cat\/cda-tremp\/wp-content\/uploads\/usu1371\/2016\/12\/IMG_1791-300x225.jpg\" alt=\"img_1791\" width=\"280\" height=\"210\" \/><\/strong><strong>Nivell<\/strong><\/p>\n<p style=\"text-align: justify;\">Cicle Superior d\u2019Educaci\u00f3 Prim\u00e0ria, ESO i Batxillerat<\/p>\n<p style=\"text-align: justify;\"><strong>Durada<\/strong><\/p>\n<p>Dues hores<\/p>\n<h6><strong>\u00c0rea \/ Mat\u00e8ria<\/strong><\/h6>\n<p style=\"text-align: justify;\">Coneixement del medi, Ci\u00e8ncies socials i Hist\u00f2ria de l\u2019Art<strong>\u00a0 \u00a0 \u00a0 <\/strong><\/p>\n<h6 style=\"text-align: justify;\"><strong>Objectius<\/strong><\/h6>\n<ul style=\"list-style-type: circle;\">\n<li>\u00a0Recon\u00e8ixer els elements modernistes de la Casa Mauri i el valor dels seus mosaics i escultures.<\/li>\n<li>Manifestar inter\u00e8s i gaudir amb l\u2019estudi de les obres art\u00edstiques.<\/li>\n<li>Valorar la import\u00e0ncia del patrimoni hist\u00f2ric-art\u00edstic i la seva conservaci\u00f3.<\/li>\n<\/ul>\n<h6><strong>Descripci\u00f3<\/strong><\/h6>\n<p>El conjunt Mauri \u00e9s un exemple singular de l\u2019extensi\u00f3 del modernisme, en zones allunyades al nucli principal del moviment, Barcelona.<br \/>\nPrenen especial rellev\u00e0ncia els mosaics, realitzats en la seva majoria, pel mosa\u00efcista i decorador Llu\u00eds Bru. Igualment, l\u2019escultura de l\u2019artista modernista Josep Llimona.<\/p>\n<h6><strong>Observacions<\/strong><\/h6>\n<p style=\"text-align: justify;\">Aquesta activitat es desenvolupa a La Pobla de Segur, a 12 km de Tremp. El despla\u00e7ament amb autocar va c\u00e0rrec del centre escolar (o amb tren, depenent de l\u2019horari).<\/p>\n<h6><strong>Material<\/strong><\/h6>\n<p>&nbsp;<\/p>\n<h6><strong>Fotos<\/strong><\/h6>\n<p>En aquest <a href=\"https:\/\/goo.gl\/photos\/wsBL4GLDBH89DppN9\"><span style=\"color: #e64a19;\">enlla\u00e7<\/span><\/a> trobareu fotografies de l&#8217;activitat.<\/p>\n<h6><strong>Fitxa did\u00e0ctica<\/strong><\/h6>\n<p>En el seg\u00fcent enlla\u00e7 podeu descarregar la <a href=\"https:\/\/drive.google.com\/open?id=0Bx8JlznV77svUzNXajc2UDNFVFk\"><span style=\"color: #e64a19;\">Fitxa did\u00e0ctica completa<\/span><\/a>, on trobareu tota la informaci\u00f3 necess\u00e0ria per a la vostra programaci\u00f3 (continguts, compet\u00e8ncies, objectius\u2026).<\/p>\n<p>&nbsp;<\/p>\n<p>&nbsp;<\/p>\n","protected":false},"excerpt":{"rendered":"<p>Visita al conjunt Mauri, la Pobla de Segur\u00a0 Nivell Cicle Superior d\u2019Educaci\u00f3 Prim\u00e0ria, ESO i Batxillerat Durada Dues hores \u00c0rea [&hellip;]<\/p>\n","protected":false},"author":1,"featured_media":0,"parent":165,"menu_order":60,"comment_status":"closed","ping_status":"closed","template":"","meta":{"_bbp_topic_count":0,"_bbp_reply_count":0,"_bbp_total_topic_count":0,"_bbp_total_reply_count":0,"_bbp_voice_count":0,"_bbp_anonymous_reply_count":0,"_bbp_topic_count_hidden":0,"_bbp_reply_count_hidden":0,"_bbp_forum_subforum_count":0,"site-sidebar-layout":"default","site-content-layout":"","ast-site-content-layout":"default","site-content-style":"default","site-sidebar-style":"default","ast-global-header-display":"","ast-banner-title-visibility":"","ast-main-header-display":"","ast-hfb-above-header-display":"","ast-hfb-below-header-display":"","ast-hfb-mobile-header-display":"","site-post-title":"","ast-breadcrumbs-content":"","ast-featured-img":"","footer-sml-layout":"","theme-transparent-header-meta":"default","adv-header-id-meta":"","stick-header-meta":"","header-above-stick-meta":"","header-main-stick-meta":"","header-below-stick-meta":"","astra-migrate-meta-layouts":"set","ast-page-background-enabled":"default","ast-page-background-meta":{"desktop":{"background-color":"var(--ast-global-color-4)","background-image":"","background-repeat":"repeat","background-position":"center center","background-size":"auto","background-attachment":"scroll","background-type":"","background-media":"","overlay-type":"","overlay-color":"","overlay-opacity":"","overlay-gradient":""},"tablet":{"background-color":"","background-image":"","background-repeat":"repeat","background-position":"center center","background-size":"auto","background-attachment":"scroll","background-type":"","background-media":"","overlay-type":"","overlay-color":"","overlay-opacity":"","overlay-gradient":""},"mobile":{"background-color":"","background-image":"","background-repeat":"repeat","background-position":"center center","background-size":"auto","background-attachment":"scroll","background-type":"","background-media":"","overlay-type":"","overlay-color":"","overlay-opacity":"","overlay-gradient":""}},"ast-content-background-meta":{"desktop":{"background-color":"var(--ast-global-color-5)","background-image":"","background-repeat":"repeat","background-position":"center center","background-size":"auto","background-attachment":"scroll","background-type":"","background-media":"","overlay-type":"","overlay-color":"","overlay-opacity":"","overlay-gradient":""},"tablet":{"background-color":"var(--ast-global-color-5)","background-image":"","background-repeat":"repeat","background-position":"center center","background-size":"auto","background-attachment":"scroll","background-type":"","background-media":"","overlay-type":"","overlay-color":"","overlay-opacity":"","overlay-gradient":""},"mobile":{"background-color":"var(--ast-global-color-5)","background-image":"","background-repeat":"repeat","background-position":"center center","background-size":"auto","background-attachment":"scroll","background-type":"","background-media":"","overlay-type":"","overlay-color":"","overlay-opacity":"","overlay-gradient":""}},"footnotes":""},"class_list":["post-8716","page","type-page","status-publish","hentry"],"post_mailing_queue_ids":[],"_links":{"self":[{"href":"https:\/\/serveiseducatius.xtec.cat\/cda-tremp\/wp-json\/wp\/v2\/pages\/8716","targetHints":{"allow":["GET"]}}],"collection":[{"href":"https:\/\/serveiseducatius.xtec.cat\/cda-tremp\/wp-json\/wp\/v2\/pages"}],"about":[{"href":"https:\/\/serveiseducatius.xtec.cat\/cda-tremp\/wp-json\/wp\/v2\/types\/page"}],"author":[{"embeddable":true,"href":"https:\/\/serveiseducatius.xtec.cat\/cda-tremp\/wp-json\/wp\/v2\/users\/1"}],"replies":[{"embeddable":true,"href":"https:\/\/serveiseducatius.xtec.cat\/cda-tremp\/wp-json\/wp\/v2\/comments?post=8716"}],"version-history":[{"count":5,"href":"https:\/\/serveiseducatius.xtec.cat\/cda-tremp\/wp-json\/wp\/v2\/pages\/8716\/revisions"}],"predecessor-version":[{"id":10895,"href":"https:\/\/serveiseducatius.xtec.cat\/cda-tremp\/wp-json\/wp\/v2\/pages\/8716\/revisions\/10895"}],"up":[{"embeddable":true,"href":"https:\/\/serveiseducatius.xtec.cat\/cda-tremp\/wp-json\/wp\/v2\/pages\/165"}],"wp:attachment":[{"href":"https:\/\/serveiseducatius.xtec.cat\/cda-tremp\/wp-json\/wp\/v2\/media?parent=8716"}],"curies":[{"name":"wp","href":"https:\/\/api.w.org\/{rel}","templated":true}]}}