{"id":8709,"date":"2017-01-17T18:44:07","date_gmt":"2017-01-17T17:44:07","guid":{"rendered":"http:\/\/serveiseducatius.xtec.cat\/cda-tremp\/?page_id=8709"},"modified":"2025-04-03T15:22:49","modified_gmt":"2025-04-03T13:22:49","slug":"el-pas-de-les-cultures","status":"publish","type":"page","link":"https:\/\/serveiseducatius.xtec.cat\/cda-tremp\/ambits\/pedraforca\/el-pas-de-les-cultures\/","title":{"rendered":"El pas de les cultures"},"content":{"rendered":"<h4><span style=\"color: #993300;\"> Recorregut per l&#8217;espai d&#8217;hist\u00f2ria de l&#8217;Epicentre<\/span><\/h4>\n<h6><a href=\"http:\/\/serveiseducatius.xtec.cat\/cda-tremp\/wp-content\/uploads\/usu1371\/2016\/12\/IMG_5972.jpg\"><img loading=\"lazy\" decoding=\"async\" class=\"wp-image-8554 alignleft\" src=\"http:\/\/serveiseducatius.xtec.cat\/cda-tremp\/wp-content\/uploads\/usu1371\/2016\/12\/IMG_5972-300x225.jpg\" alt=\"img_5972\" width=\"278\" height=\"208\" srcset=\"https:\/\/serveiseducatius.xtec.cat\/cda-tremp\/wp-content\/uploads\/usu1371\/2016\/12\/IMG_5972-300x225.jpg 300w, https:\/\/serveiseducatius.xtec.cat\/cda-tremp\/wp-content\/uploads\/usu1371\/2016\/12\/IMG_5972-768x576.jpg 768w, https:\/\/serveiseducatius.xtec.cat\/cda-tremp\/wp-content\/uploads\/usu1371\/2016\/12\/IMG_5972-1024x768.jpg 1024w, https:\/\/serveiseducatius.xtec.cat\/cda-tremp\/wp-content\/uploads\/usu1371\/2016\/12\/IMG_5972-200x150.jpg 200w\" sizes=\"auto, (max-width: 278px) 100vw, 278px\" \/><\/a><strong>Nivell<\/strong><\/h6>\n<p>Cicle Superior de Prim\u00e0ria i primer cicle de l&#8217;ESO<\/p>\n<p><strong>Durada<\/strong><\/p>\n<p>Una hora i mitja<\/p>\n<h6><strong>\u00c0rea \/ Mat\u00e8ria<\/strong><\/h6>\n<p>Ci\u00e8ncies Socials<\/p>\n<h6><\/h6>\n<h6><strong>Objectius<\/strong><\/h6>\n<ul style=\"list-style-type: circle;\">\n<li style=\"text-align: justify;\">Valorar elements del patrimoni hist\u00f2ric, cultural i social del Pallars Juss\u00e0.<\/li>\n<li style=\"text-align: justify;\">Distingir les etapes i fets rellevants que han marcat la hist\u00f2ria.<\/li>\n<li style=\"text-align: justify;\">Descobrir els personatges m\u00e9s rellevants en la hist\u00f2ria de Tremp<\/li>\n<\/ul>\n<h6><strong>Descripci\u00f3<\/strong><\/h6>\n<p>Aquesta activitat es realitza\u00a0 a la sala d\u2019hist\u00f2ria de l\u2019Epicentre de Tremp, anomenada <em>El \u00a0pas de les cultures<\/em>.<\/p>\n<p>Primer es realitza una introducci\u00f3 general per part del personal de l\u2019EdA, tot visualitzant un v\u00eddeo divulgatiu que exposa les principals cultures, fets i personatges hist\u00f2rics de la comarca. Tot seguit l\u2019alumnat, organitzat en petits grups, realitza les activitats del dossier tot observant els plafons informatius i la vitrina amb r\u00e8pliques d\u2019objectes hist\u00f2rics de la sala.<\/p>\n<h6><strong>Material<\/strong><\/h6>\n<ul style=\"list-style-type: disc;\">\n<li><a href=\"https:\/\/drive.google.com\/open?id=0Bx8JlznV77svQmtiRkdzZFgyRlk\"><span style=\"color: #e64a19;\">Dossier ESO<\/span><\/a><\/li>\n<\/ul>\n<h6><strong>Fotos<\/strong><\/h6>\n<p>En aquest <a href=\"https:\/\/goo.gl\/photos\/SUhvfZzRvXTPbAT58\"><span style=\"color: #e64a19;\">enlla\u00e7<\/span><\/a> trobareu un \u00e0lbum de fotos de l&#8217;activitat.<\/p>\n<h6><strong>Fitxa did\u00e0ctica<\/strong><\/h6>\n<p>En el seg\u00fcent enlla\u00e7 podeu descarregar la <a href=\"https:\/\/drive.google.com\/open?id=0Bx8JlznV77svMHVfT1ZRRUVEb0k\"><span style=\"color: #e64a19;\">fitxa did\u00e0ctica completa<\/span><\/a>, on trobareu tota la informaci\u00f3 necess\u00e0ria per a la vostra programaci\u00f3 (continguts, compet\u00e8ncies, objectius\u2026).<\/p>\n<p>&nbsp;<\/p>\n","protected":false},"excerpt":{"rendered":"<p>Recorregut per l&#8217;espai d&#8217;hist\u00f2ria de l&#8217;Epicentre Nivell Cicle Superior de Prim\u00e0ria i primer cicle de l&#8217;ESO Durada Una hora i [&hellip;]<\/p>\n","protected":false},"author":1,"featured_media":0,"parent":165,"menu_order":20,"comment_status":"closed","ping_status":"closed","template":"","meta":{"_bbp_topic_count":0,"_bbp_reply_count":0,"_bbp_total_topic_count":0,"_bbp_total_reply_count":0,"_bbp_voice_count":0,"_bbp_anonymous_reply_count":0,"_bbp_topic_count_hidden":0,"_bbp_reply_count_hidden":0,"_bbp_forum_subforum_count":0,"site-sidebar-layout":"default","site-content-layout":"","ast-site-content-layout":"default","site-content-style":"default","site-sidebar-style":"default","ast-global-header-display":"","ast-banner-title-visibility":"","ast-main-header-display":"","ast-hfb-above-header-display":"","ast-hfb-below-header-display":"","ast-hfb-mobile-header-display":"","site-post-title":"","ast-breadcrumbs-content":"","ast-featured-img":"","footer-sml-layout":"","theme-transparent-header-meta":"default","adv-header-id-meta":"","stick-header-meta":"","header-above-stick-meta":"","header-main-stick-meta":"","header-below-stick-meta":"","astra-migrate-meta-layouts":"set","ast-page-background-enabled":"default","ast-page-background-meta":{"desktop":{"background-color":"var(--ast-global-color-4)","background-image":"","background-repeat":"repeat","background-position":"center center","background-size":"auto","background-attachment":"scroll","background-type":"","background-media":"","overlay-type":"","overlay-color":"","overlay-opacity":"","overlay-gradient":""},"tablet":{"background-color":"","background-image":"","background-repeat":"repeat","background-position":"center center","background-size":"auto","background-attachment":"scroll","background-type":"","background-media":"","overlay-type":"","overlay-color":"","overlay-opacity":"","overlay-gradient":""},"mobile":{"background-color":"","background-image":"","background-repeat":"repeat","background-position":"center center","background-size":"auto","background-attachment":"scroll","background-type":"","background-media":"","overlay-type":"","overlay-color":"","overlay-opacity":"","overlay-gradient":""}},"ast-content-background-meta":{"desktop":{"background-color":"var(--ast-global-color-5)","background-image":"","background-repeat":"repeat","background-position":"center center","background-size":"auto","background-attachment":"scroll","background-type":"","background-media":"","overlay-type":"","overlay-color":"","overlay-opacity":"","overlay-gradient":""},"tablet":{"background-color":"var(--ast-global-color-5)","background-image":"","background-repeat":"repeat","background-position":"center center","background-size":"auto","background-attachment":"scroll","background-type":"","background-media":"","overlay-type":"","overlay-color":"","overlay-opacity":"","overlay-gradient":""},"mobile":{"background-color":"var(--ast-global-color-5)","background-image":"","background-repeat":"repeat","background-position":"center center","background-size":"auto","background-attachment":"scroll","background-type":"","background-media":"","overlay-type":"","overlay-color":"","overlay-opacity":"","overlay-gradient":""}},"footnotes":""},"class_list":["post-8709","page","type-page","status-publish","hentry"],"post_mailing_queue_ids":[],"_links":{"self":[{"href":"https:\/\/serveiseducatius.xtec.cat\/cda-tremp\/wp-json\/wp\/v2\/pages\/8709","targetHints":{"allow":["GET"]}}],"collection":[{"href":"https:\/\/serveiseducatius.xtec.cat\/cda-tremp\/wp-json\/wp\/v2\/pages"}],"about":[{"href":"https:\/\/serveiseducatius.xtec.cat\/cda-tremp\/wp-json\/wp\/v2\/types\/page"}],"author":[{"embeddable":true,"href":"https:\/\/serveiseducatius.xtec.cat\/cda-tremp\/wp-json\/wp\/v2\/users\/1"}],"replies":[{"embeddable":true,"href":"https:\/\/serveiseducatius.xtec.cat\/cda-tremp\/wp-json\/wp\/v2\/comments?post=8709"}],"version-history":[{"count":4,"href":"https:\/\/serveiseducatius.xtec.cat\/cda-tremp\/wp-json\/wp\/v2\/pages\/8709\/revisions"}],"predecessor-version":[{"id":10889,"href":"https:\/\/serveiseducatius.xtec.cat\/cda-tremp\/wp-json\/wp\/v2\/pages\/8709\/revisions\/10889"}],"up":[{"embeddable":true,"href":"https:\/\/serveiseducatius.xtec.cat\/cda-tremp\/wp-json\/wp\/v2\/pages\/165"}],"wp:attachment":[{"href":"https:\/\/serveiseducatius.xtec.cat\/cda-tremp\/wp-json\/wp\/v2\/media?parent=8709"}],"curies":[{"name":"wp","href":"https:\/\/api.w.org\/{rel}","templated":true}]}}