{"id":8701,"date":"2017-01-17T18:31:35","date_gmt":"2017-01-17T17:31:35","guid":{"rendered":"http:\/\/serveiseducatius.xtec.cat\/cda-tremp\/?page_id=8701"},"modified":"2025-04-03T15:28:14","modified_gmt":"2025-04-03T13:28:14","slug":"el-recorregut-cap-a-la-llum","status":"publish","type":"page","link":"https:\/\/serveiseducatius.xtec.cat\/cda-tremp\/ambits\/hidroelectriques\/el-recorregut-cap-a-la-llum\/","title":{"rendered":"El recorregut cap a la llum"},"content":{"rendered":"<h4>Itinerari\u00a0 i <em>scape room<\/em> al complex hidroel\u00e8ctric de Talarn<strong>\u00a0 \u00a0 \u00a0 \u00a0 \u00a0 \u00a0 \u00a0 \u00a0 \u00a0 \u00a0 \u00a0 \u00a0 \u00a0 \u00a0 \u00a0 \u00a0 \u00a0 \u00a0 \u00a0 \u00a0 \u00a0 \u00a0 <\/strong><\/h4>\n<div class=\"entry-content\">\n<h6><strong><a href=\"https:\/\/serveiseducatius.xtec.cat\/cda-tremp\/wp-content\/uploads\/usu1371\/2021\/01\/Captura2-1.jpg\"><img loading=\"lazy\" decoding=\"async\" class=\"wp-image-10255 alignleft\" src=\"https:\/\/serveiseducatius.xtec.cat\/cda-tremp\/wp-content\/uploads\/usu1371\/2021\/01\/Captura2-1.jpg\" alt=\"\" width=\"306\" height=\"194\" srcset=\"https:\/\/serveiseducatius.xtec.cat\/cda-tremp\/wp-content\/uploads\/usu1371\/2021\/01\/Captura2-1.jpg 1325w, https:\/\/serveiseducatius.xtec.cat\/cda-tremp\/wp-content\/uploads\/usu1371\/2021\/01\/Captura2-1-300x191.jpg 300w, https:\/\/serveiseducatius.xtec.cat\/cda-tremp\/wp-content\/uploads\/usu1371\/2021\/01\/Captura2-1-768x488.jpg 768w, https:\/\/serveiseducatius.xtec.cat\/cda-tremp\/wp-content\/uploads\/usu1371\/2021\/01\/Captura2-1-1024x651.jpg 1024w\" sizes=\"auto, (max-width: 306px) 100vw, 306px\" \/><\/a>Nivell<\/strong><\/h6>\n<p>Cicle superior d\u2019Educaci\u00f3 Prim\u00e0ria, ESO, Batxillerat i Cicles Formatius<\/p>\n<p><strong>Durada<\/strong><\/p>\n<p>Un mati sencer (3 hores aproximadament)<\/p>\n<h6><strong>\u00c0rea\/ Mat\u00e8ria <\/strong><\/h6>\n<p>Ci\u00e8ncies Socials, Tecnologia<\/p>\n<h6><strong>Objectius<\/strong><\/h6>\n<ul style=\"list-style-type: circle;\">\n<li>Descriure les diferents fases de la producci\u00f3 d\u2019electricitat en una central hidroel\u00e8ctrica<\/li>\n<li>Analitzar els impactes socials, econ\u00f2mics i paisatg\u00edstics que va suposar les obres de les centrals hidroel\u00e8ctriques al Pallars<\/li>\n<li>Conscienciar l&#8217;alumnat de la necessitat d\u2019estalvi energ\u00e8tic<\/li>\n<li>Analitzar l&#8217;Exposici\u00f3 El Pallars il\u00b7lumina Catalunya<\/li>\n<\/ul>\n<h6><strong>Descripci\u00f3<\/strong><\/h6>\n<p style=\"text-align: justify;\">En cas de sortir de Tremp, es baixa caminant fins a la Central de Talarn (uns 20 minuts). En cas de venir de fora, l&#8217;autocar es pot despla\u00e7ar fins a la central hidroel\u00e8ctrica. La sortida consta de dues parts:<\/p>\n<p>PRIMERA PART (Contextualitzaci\u00f3 hist\u00f2rica):<\/p>\n<ul>\n<li style=\"text-align: justify;\">Per a l&#8217;alumnat d&#8217;ESO: un joc d&#8217;<em>scape room<\/em> dins la central hidroel\u00e8ctrica a partir de la vida de dos personatges rellevants pel que fa a la construcci\u00f3 de la central: un enginyer i un treballador.<\/li>\n<li>Per a l&#8217;alumnat de prim\u00e0ria: l&#8217;activitat anomenada <em>Mr Marshall i el seu temps.<\/em> A partir d&#8217;una visita teatrealitzada, Mr Marshall ens explica el context hist\u00f2ric de la construcci\u00f3 de les centrals hidroel\u00e8ctriques i demana ajuda a l&#8217;alumnat que haur\u00e0 de superar uns reptes per ajudar-lo a tornar als seus temps.<\/li>\n<\/ul>\n<p>SEGONA PART (Part t\u00e8cnica):<\/p>\n<ul>\n<li style=\"text-align: justify;\">Una visita a la sala de m\u00e0quines on s&#8217;explica el funcionament de la central, i una excursi\u00f3 fins a la presa de St. Antoni on es parla del funcionament de les comportes i les caracter\u00edstiques i funcions de l&#8217;embassament del mateix nom.<\/li>\n<\/ul>\n<h6><strong>Observacions<\/strong><\/h6>\n<p>La visita a la Central nom\u00e9s es pot realitzar els <span style=\"color: #333333;\"><strong>dimecres, dijous i divendres mat\u00ed i tarda.<br \/>\n<\/strong><\/span><\/p>\n<h6><strong>Material<\/strong><\/h6>\n<p>Els seg\u00fcents dossiers <strong>no s&#8217;utilitzen durant la sortida<\/strong>, per\u00f2 poden servir com a material de treball a l&#8217;aula, abans o despr\u00e9s de la mateixa.<\/p>\n<ul style=\"list-style-type: disc;\">\n<li><a href=\"https:\/\/drive.google.com\/open?id=0Bx8JlznV77svMUNEUTNvYndxc0k\"><span style=\"color: #e64a19;\">Dossier de prim\u00e0ria<\/span><\/a> (no s&#8217;utilitza durant la sortida)<\/li>\n<li><a href=\"https:\/\/drive.google.com\/open?id=0Bx8JlznV77svdFlIbW5mZ0ZOVzA\"><span style=\"color: #e64a19;\">Dossier de secund\u00e0ria<\/span><\/a> (no s&#8217;utilitza durant la sortida)<\/li>\n<\/ul>\n<h6><strong>Fotos<\/strong><\/h6>\n\r\n\t<div class=\"slideshow_container slideshow_container_style-light\" style=\"height: 300px; \" data-slideshow-id=\"10253\" data-style-name=\"style-light\" data-style-version=\"2.3.1\" >\r\n\r\n\t\t\t\t\t<div class=\"slideshow_loading_icon\"><\/div>\r\n\t\t\r\n\t\t<div class=\"slideshow_content\" style=\"display: none;\">\r\n\r\n\t\t\t<div class=\"slideshow_view\">\r\n\t\t\t\t<div class=\"slideshow_slide slideshow_slide_image\">\r\n\t\t\t\t\t\t\t\t\t\t\t<img src=\"https:\/\/serveiseducatius.xtec.cat\/cda-tremp\/wp-content\/uploads\/usu1371\/2025\/06\/IMG_5728.jpg\" alt=\"IMG_5728\" width=\"1024\" height=\"1365\" \/>\r\n\t\t\t\t\t\t\t\t\t\t<div class=\"slideshow_description_box slideshow_transparent\">\r\n\t\t\t\t\t\t<div class=\"slideshow_title\">IMG_5728<\/div>\t\t\t\t\t\t\t\t\t\t\t<\/div>\r\n\t\t\t\t<\/div>\r\n\r\n\t\t\t\t\t\t\r\n\t\t\t\t<div class=\"slideshow_slide slideshow_slide_image\">\r\n\t\t\t\t\t\t\t\t\t\t\t<img src=\"https:\/\/serveiseducatius.xtec.cat\/cda-tremp\/wp-content\/uploads\/usu1371\/2021\/01\/Captura6.jpg\" alt=\"Captura6\" width=\"1158\" height=\"881\" \/>\r\n\t\t\t\t\t\t\t\t\t\t<div class=\"slideshow_description_box slideshow_transparent\">\r\n\t\t\t\t\t\t<div class=\"slideshow_title\">Captura6<\/div>\t\t\t\t\t\t\t\t\t\t\t<\/div>\r\n\t\t\t\t<\/div>\r\n\r\n\t\t\t\t\t\t\r\n\t\t\t\t<div class=\"slideshow_slide slideshow_slide_image\">\r\n\t\t\t\t\t\t\t\t\t\t\t<img src=\"https:\/\/serveiseducatius.xtec.cat\/cda-tremp\/wp-content\/uploads\/usu1371\/2021\/01\/Captura4-1.jpg\" alt=\"Captura4\" width=\"507\" height=\"830\" \/>\r\n\t\t\t\t\t\t\t\t\t\t<div class=\"slideshow_description_box slideshow_transparent\">\r\n\t\t\t\t\t\t<div class=\"slideshow_title\">Captura4<\/div>\t\t\t\t\t\t\t\t\t\t\t<\/div>\r\n\t\t\t\t<\/div>\r\n\r\n\t\t\t\t\t\t<div style=\"clear: both;\"><\/div><\/div><div class=\"slideshow_view\">\r\n\t\t\t\t<div class=\"slideshow_slide slideshow_slide_image\">\r\n\t\t\t\t\t\t\t\t\t\t\t<img src=\"https:\/\/serveiseducatius.xtec.cat\/cda-tremp\/wp-content\/uploads\/usu1371\/2021\/01\/Captura3-2.jpg\" alt=\"Captura3\" width=\"1054\" height=\"797\" \/>\r\n\t\t\t\t\t\t\t\t\t\t<div class=\"slideshow_description_box slideshow_transparent\">\r\n\t\t\t\t\t\t<div class=\"slideshow_title\">Captura3<\/div>\t\t\t\t\t\t\t\t\t\t\t<\/div>\r\n\t\t\t\t<\/div>\r\n\r\n\t\t\t\t\t\t\r\n\t\t\t\t<div class=\"slideshow_slide slideshow_slide_image\">\r\n\t\t\t\t\t\t\t\t\t\t\t<img src=\"https:\/\/serveiseducatius.xtec.cat\/cda-tremp\/wp-content\/uploads\/usu1371\/2021\/01\/Captura3-1.jpg\" alt=\"Captura3\" width=\"1193\" height=\"831\" \/>\r\n\t\t\t\t\t\t\t\t\t\t<div class=\"slideshow_description_box slideshow_transparent\">\r\n\t\t\t\t\t\t<div class=\"slideshow_title\">Captura3<\/div>\t\t\t\t\t\t\t\t\t\t\t<\/div>\r\n\t\t\t\t<\/div>\r\n\r\n\t\t\t\t\t\t\r\n\t\t\t\t<div class=\"slideshow_slide slideshow_slide_image\">\r\n\t\t\t\t\t\t\t\t\t\t\t<img src=\"https:\/\/serveiseducatius.xtec.cat\/cda-tremp\/wp-content\/uploads\/usu1371\/2021\/01\/Captura1-1.jpg\" alt=\"Captura1\" width=\"1180\" height=\"867\" \/>\r\n\t\t\t\t\t\t\t\t\t\t<div class=\"slideshow_description_box slideshow_transparent\">\r\n\t\t\t\t\t\t<div class=\"slideshow_title\">Captura1<\/div>\t\t\t\t\t\t\t\t\t\t\t<\/div>\r\n\t\t\t\t<\/div>\r\n\r\n\t\t\t\t\t\t<div style=\"clear: both;\"><\/div><\/div>\r\n\t\t<\/div>\r\n\r\n\t\t<div class=\"slideshow_controlPanel slideshow_transparent\" style=\"display: none;\"><ul><li class=\"slideshow_togglePlay\" data-play-text=\"Visualitza\" data-pause-text=\"Pausa\"><\/li><\/ul><\/div>\r\n\r\n\t\t<div class=\"slideshow_button slideshow_previous slideshow_transparent\" role=\"button\" data-previous-text=\"Anterior\" style=\"display: none;\"><\/div>\r\n\t\t<div class=\"slideshow_button slideshow_next slideshow_transparent\" role=\"button\" data-next-text=\"Seg\u00fcent\" style=\"display: none;\"><\/div>\r\n\r\n\t\t<div class=\"slideshow_pagination\" style=\"display: none;\" data-go-to-text=\"V\u00e9s a la diapositiva\"><div class=\"slideshow_pagination_center\"><\/div><\/div>\r\n\r\n\t\t<!-- WordPress Slideshow Version 2.3.1 -->\r\n\r\n\t\t\t<\/div>\r\n\r\n\n<h6><strong>Fitxa did\u00e0ctica<\/strong><\/h6>\n<p>En el seg\u00fcent enlla\u00e7 podeu descarregar la <a href=\"https:\/\/drive.google.com\/open?id=0Bx8JlznV77sva2ZPaGE2RXpBYkk\"><span style=\"color: #e64a19;\">fitxa did\u00e0ctica completa<\/span><\/a>, on trobareu tota la informaci\u00f3 necess\u00e0ria per a la vostra programaci\u00f3 (continguts, compet\u00e8ncies, objectius\u2026).<\/p>\n<p>&nbsp;<\/p>\n<\/div>\n","protected":false},"excerpt":{"rendered":"<p>Itinerari\u00a0 i scape room al complex hidroel\u00e8ctric de Talarn\u00a0 \u00a0 \u00a0 \u00a0 \u00a0 \u00a0 \u00a0 \u00a0 \u00a0 \u00a0 \u00a0 \u00a0 [&hellip;]<\/p>\n","protected":false},"author":1,"featured_media":0,"parent":8398,"menu_order":10,"comment_status":"closed","ping_status":"closed","template":"","meta":{"_bbp_topic_count":0,"_bbp_reply_count":0,"_bbp_total_topic_count":0,"_bbp_total_reply_count":0,"_bbp_voice_count":0,"_bbp_anonymous_reply_count":0,"_bbp_topic_count_hidden":0,"_bbp_reply_count_hidden":0,"_bbp_forum_subforum_count":0,"site-sidebar-layout":"default","site-content-layout":"","ast-site-content-layout":"default","site-content-style":"default","site-sidebar-style":"default","ast-global-header-display":"","ast-banner-title-visibility":"","ast-main-header-display":"","ast-hfb-above-header-display":"","ast-hfb-below-header-display":"","ast-hfb-mobile-header-display":"","site-post-title":"","ast-breadcrumbs-content":"","ast-featured-img":"","footer-sml-layout":"","theme-transparent-header-meta":"default","adv-header-id-meta":"","stick-header-meta":"","header-above-stick-meta":"","header-main-stick-meta":"","header-below-stick-meta":"","astra-migrate-meta-layouts":"set","ast-page-background-enabled":"default","ast-page-background-meta":{"desktop":{"background-color":"var(--ast-global-color-4)","background-image":"","background-repeat":"repeat","background-position":"center center","background-size":"auto","background-attachment":"scroll","background-type":"","background-media":"","overlay-type":"","overlay-color":"","overlay-opacity":"","overlay-gradient":""},"tablet":{"background-color":"","background-image":"","background-repeat":"repeat","background-position":"center center","background-size":"auto","background-attachment":"scroll","background-type":"","background-media":"","overlay-type":"","overlay-color":"","overlay-opacity":"","overlay-gradient":""},"mobile":{"background-color":"","background-image":"","background-repeat":"repeat","background-position":"center center","background-size":"auto","background-attachment":"scroll","background-type":"","background-media":"","overlay-type":"","overlay-color":"","overlay-opacity":"","overlay-gradient":""}},"ast-content-background-meta":{"desktop":{"background-color":"var(--ast-global-color-5)","background-image":"","background-repeat":"repeat","background-position":"center center","background-size":"auto","background-attachment":"scroll","background-type":"","background-media":"","overlay-type":"","overlay-color":"","overlay-opacity":"","overlay-gradient":""},"tablet":{"background-color":"var(--ast-global-color-5)","background-image":"","background-repeat":"repeat","background-position":"center center","background-size":"auto","background-attachment":"scroll","background-type":"","background-media":"","overlay-type":"","overlay-color":"","overlay-opacity":"","overlay-gradient":""},"mobile":{"background-color":"var(--ast-global-color-5)","background-image":"","background-repeat":"repeat","background-position":"center center","background-size":"auto","background-attachment":"scroll","background-type":"","background-media":"","overlay-type":"","overlay-color":"","overlay-opacity":"","overlay-gradient":""}},"footnotes":""},"class_list":["post-8701","page","type-page","status-publish","hentry"],"post_mailing_queue_ids":[],"_links":{"self":[{"href":"https:\/\/serveiseducatius.xtec.cat\/cda-tremp\/wp-json\/wp\/v2\/pages\/8701","targetHints":{"allow":["GET"]}}],"collection":[{"href":"https:\/\/serveiseducatius.xtec.cat\/cda-tremp\/wp-json\/wp\/v2\/pages"}],"about":[{"href":"https:\/\/serveiseducatius.xtec.cat\/cda-tremp\/wp-json\/wp\/v2\/types\/page"}],"author":[{"embeddable":true,"href":"https:\/\/serveiseducatius.xtec.cat\/cda-tremp\/wp-json\/wp\/v2\/users\/1"}],"replies":[{"embeddable":true,"href":"https:\/\/serveiseducatius.xtec.cat\/cda-tremp\/wp-json\/wp\/v2\/comments?post=8701"}],"version-history":[{"count":5,"href":"https:\/\/serveiseducatius.xtec.cat\/cda-tremp\/wp-json\/wp\/v2\/pages\/8701\/revisions"}],"predecessor-version":[{"id":10898,"href":"https:\/\/serveiseducatius.xtec.cat\/cda-tremp\/wp-json\/wp\/v2\/pages\/8701\/revisions\/10898"}],"up":[{"embeddable":true,"href":"https:\/\/serveiseducatius.xtec.cat\/cda-tremp\/wp-json\/wp\/v2\/pages\/8398"}],"wp:attachment":[{"href":"https:\/\/serveiseducatius.xtec.cat\/cda-tremp\/wp-json\/wp\/v2\/media?parent=8701"}],"curies":[{"name":"wp","href":"https:\/\/api.w.org\/{rel}","templated":true}]}}