{"id":8630,"date":"2017-01-17T11:49:38","date_gmt":"2017-01-17T10:49:38","guid":{"rendered":"http:\/\/serveiseducatius.xtec.cat\/cda-tremp\/?page_id=8630"},"modified":"2025-06-18T14:27:26","modified_gmt":"2025-06-18T12:27:26","slug":"el-pallars-fa-mil-anys","status":"publish","type":"page","link":"https:\/\/serveiseducatius.xtec.cat\/cda-tremp\/ambits\/pedraforca\/el-pallars-fa-mil-anys\/","title":{"rendered":"El Pallars fa mil anys"},"content":{"rendered":"<h4><strong><span style=\"color: #993300;\">Itinerari medieval-rom\u00e0nic pels castells de frontera. \u00a0Mur &#8211; Llord\u00e0<\/span><\/strong><\/h4>\n<h6><a href=\"http:\/\/serveiseducatius.xtec.cat\/cda-tremp\/wp-content\/uploads\/usu1371\/2016\/12\/2014-05-20-13.29.34.jpg\"><img loading=\"lazy\" decoding=\"async\" class=\"wp-image-8543 alignleft\" src=\"http:\/\/serveiseducatius.xtec.cat\/cda-tremp\/wp-content\/uploads\/usu1371\/2016\/12\/2014-05-20-13.29.34-300x215.jpg\" alt=\"2014-05-20-13-29-34\" width=\"315\" height=\"226\" srcset=\"https:\/\/serveiseducatius.xtec.cat\/cda-tremp\/wp-content\/uploads\/usu1371\/2016\/12\/2014-05-20-13.29.34-300x215.jpg 300w, https:\/\/serveiseducatius.xtec.cat\/cda-tremp\/wp-content\/uploads\/usu1371\/2016\/12\/2014-05-20-13.29.34-768x549.jpg 768w, https:\/\/serveiseducatius.xtec.cat\/cda-tremp\/wp-content\/uploads\/usu1371\/2016\/12\/2014-05-20-13.29.34.jpg 800w\" sizes=\"auto, (max-width: 315px) 100vw, 315px\" \/><\/a><strong>Nivell<\/strong><\/h6>\n<p style=\"text-align: justify;\">Cicle Superior d&#8217;Educaci\u00f3 Prim\u00e0ria, ESO i Batxillerat (es pot adaptar al Cicle Mitj\u00e0 de prim\u00e0ria)<\/p>\n<p style=\"text-align: justify;\"><strong>Durada<\/strong><\/p>\n<p style=\"text-align: justify;\">un dia sencer<\/p>\n<h6><strong>\u00c0rea\/Mat\u00e8ria<\/strong><\/h6>\n<p style=\"text-align: justify;\">Ci\u00e8ncies Socials i Hist\u00f2ria de l&#8217;art<\/p>\n<h6><strong>Objectius<\/strong><\/h6>\n<ul style=\"list-style-type: circle;\">\n<li style=\"text-align: justify;\">Diferenciar els estils arquitect\u00f2nics medievals d\u2019\u00fas civil i les seves funcions.<\/li>\n<li style=\"text-align: justify;\">Recon\u00e8ixer les caracter\u00edstiques i elements del rom\u00e0nic civil i religi\u00f3s.<\/li>\n<li style=\"text-align: justify;\">Relacionar els edificis visitats amb el context hist\u00f2ric de l&#8217;\u00e8poca.<\/li>\n<li style=\"text-align: justify;\">Valorar la import\u00e0ncia del patrimoni hist\u00f2ric-art\u00edstic i la seva conservaci\u00f3.<\/li>\n<\/ul>\n<h6><strong>Descripci\u00f3<\/strong><\/h6>\n<p style=\"text-align: justify;\">L&#8217;activitat contempla inicialment, visitar dos conjunts medievals destacats de funcions diferenciades: Mur (castell amb doble funci\u00f3 de defensa i habitatge comtal i col\u00b7legiata de Sta. Maria) i Llord\u00e0 (castell-palau residencial). Els dos conjunts s\u00f3n una representaci\u00f3 de la riquesa del rom\u00e0nic al Pallars Juss\u00e0.<br \/>\nTamb\u00e9 s&#8217;ofereix la possibilitat de realitzar la visita a vil\u00b7la medieval de Llimiana i la seva espl\u00e8ndida esgl\u00e9sia rom\u00e0nica en lloc de Mur o Llord\u00e0.<\/p>\n<h6><strong>Observacions<\/strong><\/h6>\n<p style=\"text-align: justify;\">Si nom\u00e9s es disposa d&#8217;un mat\u00ed es pot realitzar la visita al castell de Llord\u00e0 i a l&#8217;esgl\u00e9sia de Covet, amb una portalada rom\u00e0nica de bellesa excepcional.<br \/>\nSi l&#8217;horari ho permet es pot realitzar la pujada al conjunt de Mur, des de Gu\u00e0rdia de Tremp, a peu (una hora i 30 minuts, fent parada a les runes del Castell de Gu\u00e0rdia).<br \/>\n<b>El despla\u00e7ament en autocar va a c\u00e0rrec del centre escolar.<\/b><\/p>\n<h6><strong>Materials<\/strong><\/h6>\n<ul style=\"list-style-type: disc;\">\n<li><a href=\"https:\/\/drive.google.com\/file\/d\/1nTROI7FrPjPkYhOeRnp6y7W9y1FJP0xA\/view?usp=sharing\"><span style=\"color: #e64a19;\">Dossier\u00a0<\/span><span style=\"color: #e64a19;\">alumnat<\/span><\/a><\/li>\n<\/ul>\n<h6><strong>Fotos<\/strong><\/h6>\n\r\n\t<div class=\"slideshow_container slideshow_container_style-light\" style=\"height: 300px; \" data-slideshow-id=\"11108\" data-style-name=\"style-light\" data-style-version=\"2.3.1\" >\r\n\r\n\t\t\t\t\t<div class=\"slideshow_loading_icon\"><\/div>\r\n\t\t\r\n\t\t<div class=\"slideshow_content\" style=\"display: none;\">\r\n\r\n\t\t\t<div class=\"slideshow_view\">\r\n\t\t\t\t<div class=\"slideshow_slide slideshow_slide_image\">\r\n\t\t\t\t\t\t\t\t\t\t\t<img src=\"https:\/\/serveiseducatius.xtec.cat\/cda-tremp\/wp-content\/uploads\/usu1371\/2025\/06\/20210224_114859-1.jpg\" alt=\"20210224_114859\" width=\"1024\" height=\"719\" \/>\r\n\t\t\t\t\t\t\t\t\t\t<div class=\"slideshow_description_box slideshow_transparent\">\r\n\t\t\t\t\t\t<div class=\"slideshow_title\">20210224_114859<\/div>\t\t\t\t\t\t\t\t\t\t\t<\/div>\r\n\t\t\t\t<\/div>\r\n\r\n\t\t\t\t\t\t\r\n\t\t\t\t<div class=\"slideshow_slide slideshow_slide_image\">\r\n\t\t\t\t\t\t\t\t\t\t\t<img src=\"https:\/\/serveiseducatius.xtec.cat\/cda-tremp\/wp-content\/uploads\/usu1371\/2025\/06\/mur2.jpg\" alt=\"mur2\" width=\"1024\" height=\"694\" \/>\r\n\t\t\t\t\t\t\t\t\t\t<div class=\"slideshow_description_box slideshow_transparent\">\r\n\t\t\t\t\t\t<div class=\"slideshow_title\">mur2<\/div>\t\t\t\t\t\t\t\t\t\t\t<\/div>\r\n\t\t\t\t<\/div>\r\n\r\n\t\t\t\t\t\t\r\n\t\t\t\t<div class=\"slideshow_slide slideshow_slide_image\">\r\n\t\t\t\t\t\t\t\t\t\t\t<img src=\"https:\/\/serveiseducatius.xtec.cat\/cda-tremp\/wp-content\/uploads\/usu1371\/2025\/06\/20210519_094359-rotated.jpg\" alt=\"20210519_094359\" width=\"1024\" height=\"1365\" \/>\r\n\t\t\t\t\t\t\t\t\t\t<div class=\"slideshow_description_box slideshow_transparent\">\r\n\t\t\t\t\t\t<div class=\"slideshow_title\">20210519_094359<\/div>\t\t\t\t\t\t\t\t\t\t\t<\/div>\r\n\t\t\t\t<\/div>\r\n\r\n\t\t\t\t\t\t<div style=\"clear: both;\"><\/div><\/div><div class=\"slideshow_view\">\r\n\t\t\t\t<div class=\"slideshow_slide slideshow_slide_image\">\r\n\t\t\t\t\t\t\t\t\t\t\t<img src=\"https:\/\/serveiseducatius.xtec.cat\/cda-tremp\/wp-content\/uploads\/usu1371\/2025\/06\/mur4.jpg\" alt=\"mur4\" width=\"1014\" height=\"991\" \/>\r\n\t\t\t\t\t\t\t\t\t\t<div class=\"slideshow_description_box slideshow_transparent\">\r\n\t\t\t\t\t\t<div class=\"slideshow_title\">mur4<\/div>\t\t\t\t\t\t\t\t\t\t\t<\/div>\r\n\t\t\t\t<\/div>\r\n\r\n\t\t\t\t\t\t\r\n\t\t\t\t<div class=\"slideshow_slide slideshow_slide_image\">\r\n\t\t\t\t\t\t\t\t\t\t\t<img src=\"https:\/\/serveiseducatius.xtec.cat\/cda-tremp\/wp-content\/uploads\/usu1371\/2025\/06\/P3070198.jpg\" alt=\"P3070198\" width=\"1024\" height=\"683\" \/>\r\n\t\t\t\t\t\t\t\t\t\t<div class=\"slideshow_description_box slideshow_transparent\">\r\n\t\t\t\t\t\t<div class=\"slideshow_title\">P3070198<\/div>\t\t\t\t\t\t\t\t\t\t\t<\/div>\r\n\t\t\t\t<\/div>\r\n\r\n\t\t\t\t\t\t<div style=\"clear: both;\"><\/div><\/div>\r\n\t\t<\/div>\r\n\r\n\t\t<div class=\"slideshow_controlPanel slideshow_transparent\" style=\"display: none;\"><ul><li class=\"slideshow_togglePlay\" data-play-text=\"Visualitza\" data-pause-text=\"Pausa\"><\/li><\/ul><\/div>\r\n\r\n\t\t<div class=\"slideshow_button slideshow_previous slideshow_transparent\" role=\"button\" data-previous-text=\"Anterior\" style=\"display: none;\"><\/div>\r\n\t\t<div class=\"slideshow_button slideshow_next slideshow_transparent\" role=\"button\" data-next-text=\"Seg\u00fcent\" style=\"display: none;\"><\/div>\r\n\r\n\t\t<div class=\"slideshow_pagination\" style=\"display: none;\" data-go-to-text=\"V\u00e9s a la diapositiva\"><div class=\"slideshow_pagination_center\"><\/div><\/div>\r\n\r\n\t\t<!-- WordPress Slideshow Version 2.3.1 -->\r\n\r\n\t\t\t<\/div>\r\n\r\n\n<h6><strong>Fitxa did\u00e0ctica<\/strong><\/h6>\n<p>En el seg\u00fcent enlla\u00e7 podeu descarregar la <a href=\"https:\/\/drive.google.com\/open?id=0Bx8JlznV77svWW4tTVBXS1RjNlk\"><span style=\"color: #e64a19;\">fitxa did\u00e0ctica completa<\/span><\/a> , on trobareu tota la informaci\u00f3 necess\u00e0ria per a la vostra programaci\u00f3 (continguts, compet\u00e8ncies, objectius\u2026).<\/p>\n<p>&nbsp;<\/p>\n<div class=\"wp-link-preview\"><\/div>\n<div class=\"wp-link-preview\"><\/div>\n<div class=\"wp-link-preview\"><\/div>\n","protected":false},"excerpt":{"rendered":"<p>Itinerari medieval-rom\u00e0nic pels castells de frontera. \u00a0Mur &#8211; Llord\u00e0 Nivell Cicle Superior d&#8217;Educaci\u00f3 Prim\u00e0ria, ESO i Batxillerat (es pot adaptar [&hellip;]<\/p>\n","protected":false},"author":1,"featured_media":0,"parent":165,"menu_order":40,"comment_status":"closed","ping_status":"closed","template":"","meta":{"_bbp_topic_count":0,"_bbp_reply_count":0,"_bbp_total_topic_count":0,"_bbp_total_reply_count":0,"_bbp_voice_count":0,"_bbp_anonymous_reply_count":0,"_bbp_topic_count_hidden":0,"_bbp_reply_count_hidden":0,"_bbp_forum_subforum_count":0,"site-sidebar-layout":"default","site-content-layout":"","ast-site-content-layout":"default","site-content-style":"default","site-sidebar-style":"default","ast-global-header-display":"","ast-banner-title-visibility":"","ast-main-header-display":"","ast-hfb-above-header-display":"","ast-hfb-below-header-display":"","ast-hfb-mobile-header-display":"","site-post-title":"","ast-breadcrumbs-content":"","ast-featured-img":"","footer-sml-layout":"","theme-transparent-header-meta":"default","adv-header-id-meta":"","stick-header-meta":"","header-above-stick-meta":"","header-main-stick-meta":"","header-below-stick-meta":"","astra-migrate-meta-layouts":"set","ast-page-background-enabled":"default","ast-page-background-meta":{"desktop":{"background-color":"var(--ast-global-color-4)","background-image":"","background-repeat":"repeat","background-position":"center center","background-size":"auto","background-attachment":"scroll","background-type":"","background-media":"","overlay-type":"","overlay-color":"","overlay-opacity":"","overlay-gradient":""},"tablet":{"background-color":"","background-image":"","background-repeat":"repeat","background-position":"center center","background-size":"auto","background-attachment":"scroll","background-type":"","background-media":"","overlay-type":"","overlay-color":"","overlay-opacity":"","overlay-gradient":""},"mobile":{"background-color":"","background-image":"","background-repeat":"repeat","background-position":"center center","background-size":"auto","background-attachment":"scroll","background-type":"","background-media":"","overlay-type":"","overlay-color":"","overlay-opacity":"","overlay-gradient":""}},"ast-content-background-meta":{"desktop":{"background-color":"var(--ast-global-color-5)","background-image":"","background-repeat":"repeat","background-position":"center center","background-size":"auto","background-attachment":"scroll","background-type":"","background-media":"","overlay-type":"","overlay-color":"","overlay-opacity":"","overlay-gradient":""},"tablet":{"background-color":"var(--ast-global-color-5)","background-image":"","background-repeat":"repeat","background-position":"center center","background-size":"auto","background-attachment":"scroll","background-type":"","background-media":"","overlay-type":"","overlay-color":"","overlay-opacity":"","overlay-gradient":""},"mobile":{"background-color":"var(--ast-global-color-5)","background-image":"","background-repeat":"repeat","background-position":"center center","background-size":"auto","background-attachment":"scroll","background-type":"","background-media":"","overlay-type":"","overlay-color":"","overlay-opacity":"","overlay-gradient":""}},"footnotes":""},"class_list":["post-8630","page","type-page","status-publish","hentry"],"post_mailing_queue_ids":[],"_links":{"self":[{"href":"https:\/\/serveiseducatius.xtec.cat\/cda-tremp\/wp-json\/wp\/v2\/pages\/8630","targetHints":{"allow":["GET"]}}],"collection":[{"href":"https:\/\/serveiseducatius.xtec.cat\/cda-tremp\/wp-json\/wp\/v2\/pages"}],"about":[{"href":"https:\/\/serveiseducatius.xtec.cat\/cda-tremp\/wp-json\/wp\/v2\/types\/page"}],"author":[{"embeddable":true,"href":"https:\/\/serveiseducatius.xtec.cat\/cda-tremp\/wp-json\/wp\/v2\/users\/1"}],"replies":[{"embeddable":true,"href":"https:\/\/serveiseducatius.xtec.cat\/cda-tremp\/wp-json\/wp\/v2\/comments?post=8630"}],"version-history":[{"count":7,"href":"https:\/\/serveiseducatius.xtec.cat\/cda-tremp\/wp-json\/wp\/v2\/pages\/8630\/revisions"}],"predecessor-version":[{"id":11126,"href":"https:\/\/serveiseducatius.xtec.cat\/cda-tremp\/wp-json\/wp\/v2\/pages\/8630\/revisions\/11126"}],"up":[{"embeddable":true,"href":"https:\/\/serveiseducatius.xtec.cat\/cda-tremp\/wp-json\/wp\/v2\/pages\/165"}],"wp:attachment":[{"href":"https:\/\/serveiseducatius.xtec.cat\/cda-tremp\/wp-json\/wp\/v2\/media?parent=8630"}],"curies":[{"name":"wp","href":"https:\/\/api.w.org\/{rel}","templated":true}]}}