{"id":83,"date":"2013-11-14T21:16:00","date_gmt":"2013-11-14T20:16:00","guid":{"rendered":"http:\/\/blocs.xtec.cat\/plantillacda\/?page_id=83"},"modified":"2025-03-20T14:24:07","modified_gmt":"2025-03-20T13:24:07","slug":"allotjament","status":"publish","type":"page","link":"https:\/\/serveiseducatius.xtec.cat\/cda-tremp\/el-camp\/allotjament\/","title":{"rendered":"Allotjament"},"content":{"rendered":"<p><strong>L&#8217;alberg del Pallars<\/strong>\u00a0est\u00e0 situat a l&#8217;est de la poblaci\u00f3 de Tremp, dins del seu casc urb\u00e0. Constru\u00eft sobre uns terrenys que albergaven un antic convent del segle XV, que posteriorment va ser transformat en un centre d&#8217;acollida. M\u00e9s tard va ser utilitzat per a diversos usos municipals (magatzem i calab\u00f3s). Es va inaugurar com a alberg el mar\u00e7 de 2005, formant part de\u00a0la <strong>Xarxa Nacional d&#8217;Albergs Socials de Catalunya (XANASCAT).<\/strong><\/p>\n<p><a href=\"http:\/\/serveiseducatius.xtec.cat\/cda-tremp\/wp-content\/uploads\/usu1371\/2013\/11\/alberg.jpg\"><img loading=\"lazy\" decoding=\"async\" class=\" wp-image-8428 alignright\" src=\"http:\/\/serveiseducatius.xtec.cat\/cda-tremp\/wp-content\/uploads\/usu1371\/2013\/11\/alberg.jpg\" alt=\"alberg\" width=\"481\" height=\"361\" srcset=\"https:\/\/serveiseducatius.xtec.cat\/cda-tremp\/wp-content\/uploads\/usu1371\/2013\/11\/alberg.jpg 488w, https:\/\/serveiseducatius.xtec.cat\/cda-tremp\/wp-content\/uploads\/usu1371\/2013\/11\/alberg-300x225.jpg 300w, https:\/\/serveiseducatius.xtec.cat\/cda-tremp\/wp-content\/uploads\/usu1371\/2013\/11\/alberg-200x150.jpg 200w\" sizes=\"auto, (max-width: 481px) 100vw, 481px\" \/><\/a>Dividit en 2 edificis, el m\u00e9s gran de construcci\u00f3 recent, disposa d&#8217;una gran sala polivalent, que tamb\u00e9 fa les funcions de menjador.<br \/>\nLes\u00a0habitacions compartides s\u00f3n amplies i lluminoses de 6 i 8 llits disposats en lliteres, amb armariets individuals. Els lavabos i dutxes s\u00f3n compartits.<br \/>\nL&#8217;edifici hist\u00f2ric, m\u00e9s petit, alberga les oficines, sala d&#8217;estar i jocs i m\u00e0quines autom\u00e0tiques expenedores de begudes i snaks.<br \/>\nA les seves instal\u00b7lacions tamb\u00e9 hi podem trobar una \u00e0mplia terrassa sol\u00e0rium.<\/p>\n<p>L&#8217;Alberg del Pallars reserva un total de 50 places destinades al CdA de Tremp.<\/p>\n<p>El preu de l&#8217;allotjament i manutenci\u00f3 \u00a0\u00e9s el previst pel Departament d&#8217;Educaci\u00f3. Veure l&#8217;apartat de: <a href=\"https:\/\/serveiseducatius.xtec.cat\/cda-tremp\/amb-els-centres\/quotes-i-pagaments\/\"><span style=\"color: #e64a19;\">Inscripcions i quotes<\/span><\/a><\/p>\n<p>Tamb\u00e9 pot organitzar, a demanda, activitats de lleure fora de l&#8217;horari del CdA. Els preus d&#8217;aquestes activitats cal acordar-los amb l&#8217;alberg.<\/p>\n<p>M\u00e9s informaci\u00f3: <a href=\"https:\/\/xanascat.gencat.cat\/ca\/albergs\/albergs\/tremp-xanascat\"><span style=\"color: #e64a19;\">Web de l&#8217;alberg de joventud de Tremp (XANASCAT)<\/span><\/a><\/p>\n<h4>Localitzaci\u00f3<\/h4>\n<p>Cam\u00ed Sant Jaume, 28, 25620 Tremp, Lleida\u00a0\u00a0 &#8211;\u00a0 Tel\u00e8fon: <span class=\"_Xbe _ZWk kno-fv\"><span data-dtype=\"d3ph\">973 65 25 63<\/span><\/span><\/p>\n<p><a href=\"https:\/\/serveiseducatius.xtec.cat\/cda-tremp\/wp-content\/uploads\/usu1371\/2013\/11\/mapa_tremp_modificat_1-778x1024.jpg\"><img loading=\"lazy\" decoding=\"async\" class=\"wp-image-8433  alignleft\" src=\"https:\/\/serveiseducatius.xtec.cat\/cda-tremp\/wp-content\/uploads\/usu1371\/2013\/11\/mapa_tremp_modificat_1-778x1024.jpg\" alt=\"\" width=\"673\" height=\"886\" srcset=\"https:\/\/serveiseducatius.xtec.cat\/cda-tremp\/wp-content\/uploads\/usu1371\/2013\/11\/mapa_tremp_modificat_1-778x1024.jpg 778w, https:\/\/serveiseducatius.xtec.cat\/cda-tremp\/wp-content\/uploads\/usu1371\/2013\/11\/mapa_tremp_modificat_1-778x1024-228x300.jpg 228w, https:\/\/serveiseducatius.xtec.cat\/cda-tremp\/wp-content\/uploads\/usu1371\/2013\/11\/mapa_tremp_modificat_1-778x1024-768x1011.jpg 768w\" sizes=\"auto, (max-width: 673px) 100vw, 673px\" \/><\/a><\/p>\n","protected":false},"excerpt":{"rendered":"<p>L&#8217;alberg del Pallars\u00a0est\u00e0 situat a l&#8217;est de la poblaci\u00f3 de Tremp, dins del seu casc urb\u00e0. Constru\u00eft sobre uns terrenys [&hellip;]<\/p>\n","protected":false},"author":1,"featured_media":0,"parent":8225,"menu_order":40,"comment_status":"open","ping_status":"open","template":"","meta":{"_bbp_topic_count":0,"_bbp_reply_count":0,"_bbp_total_topic_count":0,"_bbp_total_reply_count":0,"_bbp_voice_count":0,"_bbp_anonymous_reply_count":0,"_bbp_topic_count_hidden":0,"_bbp_reply_count_hidden":0,"_bbp_forum_subforum_count":0,"site-sidebar-layout":"default","site-content-layout":"","ast-site-content-layout":"default","site-content-style":"default","site-sidebar-style":"default","ast-global-header-display":"","ast-banner-title-visibility":"","ast-main-header-display":"","ast-hfb-above-header-display":"","ast-hfb-below-header-display":"","ast-hfb-mobile-header-display":"","site-post-title":"","ast-breadcrumbs-content":"","ast-featured-img":"","footer-sml-layout":"","theme-transparent-header-meta":"default","adv-header-id-meta":"","stick-header-meta":"","header-above-stick-meta":"","header-main-stick-meta":"","header-below-stick-meta":"","astra-migrate-meta-layouts":"set","ast-page-background-enabled":"default","ast-page-background-meta":{"desktop":{"background-color":"var(--ast-global-color-4)","background-image":"","background-repeat":"repeat","background-position":"center center","background-size":"auto","background-attachment":"scroll","background-type":"","background-media":"","overlay-type":"","overlay-color":"","overlay-opacity":"","overlay-gradient":""},"tablet":{"background-color":"","background-image":"","background-repeat":"repeat","background-position":"center center","background-size":"auto","background-attachment":"scroll","background-type":"","background-media":"","overlay-type":"","overlay-color":"","overlay-opacity":"","overlay-gradient":""},"mobile":{"background-color":"","background-image":"","background-repeat":"repeat","background-position":"center center","background-size":"auto","background-attachment":"scroll","background-type":"","background-media":"","overlay-type":"","overlay-color":"","overlay-opacity":"","overlay-gradient":""}},"ast-content-background-meta":{"desktop":{"background-color":"var(--ast-global-color-5)","background-image":"","background-repeat":"repeat","background-position":"center center","background-size":"auto","background-attachment":"scroll","background-type":"","background-media":"","overlay-type":"","overlay-color":"","overlay-opacity":"","overlay-gradient":""},"tablet":{"background-color":"var(--ast-global-color-5)","background-image":"","background-repeat":"repeat","background-position":"center center","background-size":"auto","background-attachment":"scroll","background-type":"","background-media":"","overlay-type":"","overlay-color":"","overlay-opacity":"","overlay-gradient":""},"mobile":{"background-color":"var(--ast-global-color-5)","background-image":"","background-repeat":"repeat","background-position":"center center","background-size":"auto","background-attachment":"scroll","background-type":"","background-media":"","overlay-type":"","overlay-color":"","overlay-opacity":"","overlay-gradient":""}},"footnotes":""},"class_list":["post-83","page","type-page","status-publish","hentry"],"post_mailing_queue_ids":[],"_links":{"self":[{"href":"https:\/\/serveiseducatius.xtec.cat\/cda-tremp\/wp-json\/wp\/v2\/pages\/83","targetHints":{"allow":["GET"]}}],"collection":[{"href":"https:\/\/serveiseducatius.xtec.cat\/cda-tremp\/wp-json\/wp\/v2\/pages"}],"about":[{"href":"https:\/\/serveiseducatius.xtec.cat\/cda-tremp\/wp-json\/wp\/v2\/types\/page"}],"author":[{"embeddable":true,"href":"https:\/\/serveiseducatius.xtec.cat\/cda-tremp\/wp-json\/wp\/v2\/users\/1"}],"replies":[{"embeddable":true,"href":"https:\/\/serveiseducatius.xtec.cat\/cda-tremp\/wp-json\/wp\/v2\/comments?post=83"}],"version-history":[{"count":6,"href":"https:\/\/serveiseducatius.xtec.cat\/cda-tremp\/wp-json\/wp\/v2\/pages\/83\/revisions"}],"predecessor-version":[{"id":10829,"href":"https:\/\/serveiseducatius.xtec.cat\/cda-tremp\/wp-json\/wp\/v2\/pages\/83\/revisions\/10829"}],"up":[{"embeddable":true,"href":"https:\/\/serveiseducatius.xtec.cat\/cda-tremp\/wp-json\/wp\/v2\/pages\/8225"}],"wp:attachment":[{"href":"https:\/\/serveiseducatius.xtec.cat\/cda-tremp\/wp-json\/wp\/v2\/media?parent=83"}],"curies":[{"name":"wp","href":"https:\/\/api.w.org\/{rel}","templated":true}]}}