{"id":8260,"date":"2016-06-20T17:50:46","date_gmt":"2016-06-20T16:50:46","guid":{"rendered":"http:\/\/serveiseducatius.xtec.cat\/cda-tremp\/?page_id=8260"},"modified":"2020-04-03T09:48:05","modified_gmt":"2020-04-03T07:48:05","slug":"modalitats","status":"publish","type":"page","link":"https:\/\/serveiseducatius.xtec.cat\/cda-tremp\/modalitats\/","title":{"rendered":"Modalitats"},"content":{"rendered":"<p>Els camps i els entorns d\u2019aprenentatge ofereixen activitats did\u00e0ctiques innovadores que poden ser de <strong>m\u00e9s d\u2019un dia (<a href=\"http:\/\/serveiseducatius.xtec.cat\/cda-tremp\/modalitats\/estades\/\">estades<\/a>)<\/strong> o d\u2019<strong>un dia (<a href=\"http:\/\/serveiseducatius.xtec.cat\/cda-tremp\/modalitats\/sortides\/\">sortides<\/a>)<\/strong>. Les activitats de m\u00e9s d\u2019un dia promouen la consolidaci\u00f3 dels aprenentatges dels alumnes. Per tal d\u2019assolir els objectius d\u2019aprenentatge el Departament d&#8217;Ensenyament recomana aquesta tipologia d\u2019estada.<\/p>\n<p>Les activitats d\u2019un dia s\u2019adrecen principalment als centres educatius propers als CdA\/EdA.<\/p>\n<p>En les seg\u00fcents p\u00e0gines d&#8217;aquest apartat trobareu propostes orientatives de sortides d&#8217;un dia o d&#8217;estades de dos o tres dies (les m\u00e9s habituals, encara que tamb\u00e9 se&#8217;n poden fer de quatre i cinc dies). De totes maneres, es pot concretar una s\u00e8rie d&#8217;activitats espec\u00edfica per a cada centre, a consensuar durant el contacte previ amb aquests.<\/p>\n","protected":false},"excerpt":{"rendered":"<p>Els camps i els entorns d\u2019aprenentatge ofereixen activitats did\u00e0ctiques innovadores que poden ser de m\u00e9s d\u2019un dia (estades) o d\u2019un [&hellip;]<\/p>\n","protected":false},"author":1,"featured_media":0,"parent":0,"menu_order":0,"comment_status":"closed","ping_status":"closed","template":"page-templates\/side-menu.php","meta":{"_bbp_topic_count":0,"_bbp_reply_count":0,"_bbp_total_topic_count":0,"_bbp_total_reply_count":0,"_bbp_voice_count":0,"_bbp_anonymous_reply_count":0,"_bbp_topic_count_hidden":0,"_bbp_reply_count_hidden":0,"_bbp_forum_subforum_count":0,"site-sidebar-layout":"default","site-content-layout":"","ast-site-content-layout":"","site-content-style":"default","site-sidebar-style":"default","ast-global-header-display":"","ast-banner-title-visibility":"","ast-main-header-display":"","ast-hfb-above-header-display":"","ast-hfb-below-header-display":"","ast-hfb-mobile-header-display":"","site-post-title":"","ast-breadcrumbs-content":"","ast-featured-img":"","footer-sml-layout":"","theme-transparent-header-meta":"","adv-header-id-meta":"","stick-header-meta":"","header-above-stick-meta":"","header-main-stick-meta":"","header-below-stick-meta":"","astra-migrate-meta-layouts":"default","ast-page-background-enabled":"default","ast-page-background-meta":{"desktop":{"background-color":"var(--ast-global-color-4)","background-image":"","background-repeat":"repeat","background-position":"center center","background-size":"auto","background-attachment":"scroll","background-type":"","background-media":"","overlay-type":"","overlay-color":"","overlay-opacity":"","overlay-gradient":""},"tablet":{"background-color":"","background-image":"","background-repeat":"repeat","background-position":"center center","background-size":"auto","background-attachment":"scroll","background-type":"","background-media":"","overlay-type":"","overlay-color":"","overlay-opacity":"","overlay-gradient":""},"mobile":{"background-color":"","background-image":"","background-repeat":"repeat","background-position":"center center","background-size":"auto","background-attachment":"scroll","background-type":"","background-media":"","overlay-type":"","overlay-color":"","overlay-opacity":"","overlay-gradient":""}},"ast-content-background-meta":{"desktop":{"background-color":"var(--ast-global-color-5)","background-image":"","background-repeat":"repeat","background-position":"center center","background-size":"auto","background-attachment":"scroll","background-type":"","background-media":"","overlay-type":"","overlay-color":"","overlay-opacity":"","overlay-gradient":""},"tablet":{"background-color":"var(--ast-global-color-5)","background-image":"","background-repeat":"repeat","background-position":"center center","background-size":"auto","background-attachment":"scroll","background-type":"","background-media":"","overlay-type":"","overlay-color":"","overlay-opacity":"","overlay-gradient":""},"mobile":{"background-color":"var(--ast-global-color-5)","background-image":"","background-repeat":"repeat","background-position":"center center","background-size":"auto","background-attachment":"scroll","background-type":"","background-media":"","overlay-type":"","overlay-color":"","overlay-opacity":"","overlay-gradient":""}},"footnotes":""},"class_list":["post-8260","page","type-page","status-publish","hentry"],"post_mailing_queue_ids":[],"_links":{"self":[{"href":"https:\/\/serveiseducatius.xtec.cat\/cda-tremp\/wp-json\/wp\/v2\/pages\/8260","targetHints":{"allow":["GET"]}}],"collection":[{"href":"https:\/\/serveiseducatius.xtec.cat\/cda-tremp\/wp-json\/wp\/v2\/pages"}],"about":[{"href":"https:\/\/serveiseducatius.xtec.cat\/cda-tremp\/wp-json\/wp\/v2\/types\/page"}],"author":[{"embeddable":true,"href":"https:\/\/serveiseducatius.xtec.cat\/cda-tremp\/wp-json\/wp\/v2\/users\/1"}],"replies":[{"embeddable":true,"href":"https:\/\/serveiseducatius.xtec.cat\/cda-tremp\/wp-json\/wp\/v2\/comments?post=8260"}],"version-history":[{"count":4,"href":"https:\/\/serveiseducatius.xtec.cat\/cda-tremp\/wp-json\/wp\/v2\/pages\/8260\/revisions"}],"predecessor-version":[{"id":10023,"href":"https:\/\/serveiseducatius.xtec.cat\/cda-tremp\/wp-json\/wp\/v2\/pages\/8260\/revisions\/10023"}],"wp:attachment":[{"href":"https:\/\/serveiseducatius.xtec.cat\/cda-tremp\/wp-json\/wp\/v2\/media?parent=8260"}],"curies":[{"name":"wp","href":"https:\/\/api.w.org\/{rel}","templated":true}]}}