{"id":8235,"date":"2016-06-20T17:26:18","date_gmt":"2016-06-20T16:26:18","guid":{"rendered":"http:\/\/serveiseducatius.xtec.cat\/cda-tremp\/?page_id=8235"},"modified":"2025-05-21T09:40:09","modified_gmt":"2025-05-21T07:40:09","slug":"ambits","status":"publish","type":"page","link":"https:\/\/serveiseducatius.xtec.cat\/cda-tremp\/ambits\/","title":{"rendered":"Tem\u00e0tiques i activitats"},"content":{"rendered":"<p style=\"text-align: justify;\">Les activitats que conformen l&#8217;oferta pedag\u00f2gica del CdA de Tremp s&#8217;agrupen en tres \u00e0mbits diferents, encara que es procura que siguin el m\u00e9s transversals possibles:<\/p>\n<ul style=\"list-style-type: disc; text-align: justify;\">\n<li><strong><a href=\"http:\/\/serveiseducatius.xtec.cat\/cda-tremp\/ambits\/el-bosc\/\">Ci\u00e8ncies de la Terra: <\/a><\/strong>s\u00f3n activitats relacionades amb la geologia i la paleontologia, tan de camp com tallers a l&#8217;aula.<\/li>\n<li><strong><a href=\"https:\/\/serveiseducatius.xtec.cat\/cda-tremp\/ambits\/medi-natural\/\">Medi natural<\/a>:<\/strong> s\u00f3n activitats relacionades amb la natura, paisatge i ecosistemes.<\/li>\n<li><strong><a href=\"http:\/\/serveiseducatius.xtec.cat\/cda-tremp\/ambits\/pedraforca\/\">Hist\u00f2ria i societat<\/a>:\u00a0<\/strong>conjunt d&#8217;activitats en les que es treballen els castells de frontera del segle XI o els museus o edificis relacionats amb temes hist\u00f2rics de la comarca.<\/li>\n<li><strong><a href=\"http:\/\/serveiseducatius.xtec.cat\/cda-tremp\/ambits\/hidroelectriques\/\">Hidroel\u00e8ctriques<\/a>: a<\/strong>ctivitats relacionades amb les obres hidroel\u00e8ctriques que van transformar Tremp i la comarca sencera, a principis del segle XX<\/li>\n<li><a href=\"https:\/\/serveiseducatius.xtec.cat\/cda-tremp\/ambits\/projectes-compartits\/\"><strong>Projectes<\/strong> <strong>compartits<\/strong><\/a>: projectes educatius que desenvolupem amb aliances educatives amb els centres propers, promocionant el coneixement i descobriment de l\u2019entorn m\u00e9s immediat a disposici\u00f3 dels centres.<\/li>\n<\/ul>\n<p style=\"text-align: justify;\">Cada activitat est\u00e0 pensada per a un determinat nivell escolar, encara que algunes es poden adaptar a d&#8217;altres. Ho trobareu especificat en l&#8217;apartat corresponent a les activitats de cada \u00e0mbit.<\/p>\n<p style=\"text-align: justify;\"><strong>Totes les activitats es poden realitzar tant en una sortida d&#8217;un dia com en el marc d&#8217;una estada.<\/strong><\/p>\n<p style=\"text-align: justify;\">Hi ha una s\u00e8rie d&#8217;objectius que s\u00f3n comuns a totes aquestes activitats:<\/p>\n<ul style=\"list-style-type: circle;\">\n<li style=\"text-align: justify;\">Introduir l&#8217;alumnat en el coneixement d&#8217;una comarca amb una rellev\u00e0ncia geol\u00f2gica, hist\u00f2rica i natural excepcional, per\u00f2 que sovint, passa desapercebuda.<\/li>\n<li style=\"text-align: justify;\">Sensibilitzar l&#8217;alumnat vers la protecci\u00f3 del patrimoni natural i cultural de la comarca i, per extensi\u00f3, al del seu entorn proper.<\/li>\n<li style=\"text-align: justify;\">Aplicar una metodologia din\u00e0mica, seguint un treball en petit grup, tot incentivant el raonament cr\u00edtic i la discussi\u00f3 de resultats.<\/li>\n<li style=\"text-align: justify;\">Oferir als docents i alumnes dels centres un espai de conviv\u00e8ncia diferent per potenciar nous lligams i interrelacions.<\/li>\n<\/ul>\n<h4>Activitats pr\u00e8vies i posteriors<\/h4>\n<p>Per un bon aprofitament de l&#8217;estada al CdA de Tremp, a banda de les activitats que l&#8217;alumnat dels centres duen a terme durant l&#8217;estada al\u00a0 CdA, es recomana la realitzaci\u00f3 d&#8217;algunes activitats pr\u00e8vies a l&#8217;estada i posteriors a aquesta, que es poden realitzar a l&#8217;aula. Les primeres per motivar als alumnes i preparar-los per la visita i les segones per acabar de treballar els conceptes desenvolupats durant la visita.<\/p>\n<p>Aquestes activitats estan especificades en la p\u00e0gina AMB ELS CENTRES<em>, <\/em>a les respectives subp\u00e0gines: <a href=\"http:\/\/serveiseducatius.xtec.cat\/cda-tremp\/amb-els-centres\/preparacio\/activitats-previes\/\"><span style=\"color: #e64a19;\">activitats pr\u00e8vies<\/span><\/a> i <a href=\"http:\/\/serveiseducatius.xtec.cat\/cda-tremp\/amb-els-centres\/despres-de-lestada\/activitats-posteriors\/\"><span style=\"color: #e64a19;\">activitats posteriors<\/span><\/a>.<\/p>\n","protected":false},"excerpt":{"rendered":"<p>Les activitats que conformen l&#8217;oferta pedag\u00f2gica del CdA de Tremp s&#8217;agrupen en tres \u00e0mbits diferents, encara que es procura que [&hellip;]<\/p>\n","protected":false},"author":1,"featured_media":0,"parent":0,"menu_order":0,"comment_status":"closed","ping_status":"closed","template":"","meta":{"_bbp_topic_count":0,"_bbp_reply_count":0,"_bbp_total_topic_count":0,"_bbp_total_reply_count":0,"_bbp_voice_count":0,"_bbp_anonymous_reply_count":0,"_bbp_topic_count_hidden":0,"_bbp_reply_count_hidden":0,"_bbp_forum_subforum_count":0,"site-sidebar-layout":"default","site-content-layout":"","ast-site-content-layout":"default","site-content-style":"default","site-sidebar-style":"default","ast-global-header-display":"","ast-banner-title-visibility":"","ast-main-header-display":"","ast-hfb-above-header-display":"","ast-hfb-below-header-display":"","ast-hfb-mobile-header-display":"","site-post-title":"","ast-breadcrumbs-content":"","ast-featured-img":"","footer-sml-layout":"","theme-transparent-header-meta":"default","adv-header-id-meta":"","stick-header-meta":"","header-above-stick-meta":"","header-main-stick-meta":"","header-below-stick-meta":"","astra-migrate-meta-layouts":"set","ast-page-background-enabled":"default","ast-page-background-meta":{"desktop":{"background-color":"var(--ast-global-color-4)","background-image":"","background-repeat":"repeat","background-position":"center center","background-size":"auto","background-attachment":"scroll","background-type":"","background-media":"","overlay-type":"","overlay-color":"","overlay-opacity":"","overlay-gradient":""},"tablet":{"background-color":"","background-image":"","background-repeat":"repeat","background-position":"center center","background-size":"auto","background-attachment":"scroll","background-type":"","background-media":"","overlay-type":"","overlay-color":"","overlay-opacity":"","overlay-gradient":""},"mobile":{"background-color":"","background-image":"","background-repeat":"repeat","background-position":"center center","background-size":"auto","background-attachment":"scroll","background-type":"","background-media":"","overlay-type":"","overlay-color":"","overlay-opacity":"","overlay-gradient":""}},"ast-content-background-meta":{"desktop":{"background-color":"var(--ast-global-color-5)","background-image":"","background-repeat":"repeat","background-position":"center center","background-size":"auto","background-attachment":"scroll","background-type":"","background-media":"","overlay-type":"","overlay-color":"","overlay-opacity":"","overlay-gradient":""},"tablet":{"background-color":"var(--ast-global-color-5)","background-image":"","background-repeat":"repeat","background-position":"center center","background-size":"auto","background-attachment":"scroll","background-type":"","background-media":"","overlay-type":"","overlay-color":"","overlay-opacity":"","overlay-gradient":""},"mobile":{"background-color":"var(--ast-global-color-5)","background-image":"","background-repeat":"repeat","background-position":"center center","background-size":"auto","background-attachment":"scroll","background-type":"","background-media":"","overlay-type":"","overlay-color":"","overlay-opacity":"","overlay-gradient":""}},"footnotes":""},"class_list":["post-8235","page","type-page","status-publish","hentry"],"post_mailing_queue_ids":[],"_links":{"self":[{"href":"https:\/\/serveiseducatius.xtec.cat\/cda-tremp\/wp-json\/wp\/v2\/pages\/8235","targetHints":{"allow":["GET"]}}],"collection":[{"href":"https:\/\/serveiseducatius.xtec.cat\/cda-tremp\/wp-json\/wp\/v2\/pages"}],"about":[{"href":"https:\/\/serveiseducatius.xtec.cat\/cda-tremp\/wp-json\/wp\/v2\/types\/page"}],"author":[{"embeddable":true,"href":"https:\/\/serveiseducatius.xtec.cat\/cda-tremp\/wp-json\/wp\/v2\/users\/1"}],"replies":[{"embeddable":true,"href":"https:\/\/serveiseducatius.xtec.cat\/cda-tremp\/wp-json\/wp\/v2\/comments?post=8235"}],"version-history":[{"count":7,"href":"https:\/\/serveiseducatius.xtec.cat\/cda-tremp\/wp-json\/wp\/v2\/pages\/8235\/revisions"}],"predecessor-version":[{"id":11001,"href":"https:\/\/serveiseducatius.xtec.cat\/cda-tremp\/wp-json\/wp\/v2\/pages\/8235\/revisions\/11001"}],"wp:attachment":[{"href":"https:\/\/serveiseducatius.xtec.cat\/cda-tremp\/wp-json\/wp\/v2\/media?parent=8235"}],"curies":[{"name":"wp","href":"https:\/\/api.w.org\/{rel}","templated":true}]}}