{"id":8225,"date":"2016-06-20T17:21:25","date_gmt":"2016-06-20T16:21:25","guid":{"rendered":"http:\/\/serveiseducatius.xtec.cat\/cda-tremp\/?page_id=8225"},"modified":"2024-04-25T13:16:49","modified_gmt":"2024-04-25T11:16:49","slug":"el-camp","status":"publish","type":"page","link":"https:\/\/serveiseducatius.xtec.cat\/cda-tremp\/el-camp\/","title":{"rendered":"El Camp d&#8217;Aprenentatge de Tremp"},"content":{"rendered":"<h3>PRESENTACI\u00d3<\/h3>\n<p style=\"text-align: justify;\">El Camp d&#8217;Aprenentatge (CdA) de Tremp \u00e9s un servei educatiu de suport a la doc\u00e8ncia integrat a la xarxa de camps d&#8217;aprenentatge i entorns d&#8217;aprenentatge del Departament d&#8217;Educaci\u00f3. Aquests ofereixen al professorat i als centres docents la possibilitat de desenvolupar projectes de treball per a l&#8217;estudi i l&#8217;experimentaci\u00f3 en un medi singular de Catalunya, i realitzar sortides docents fora del centre amb un ventall ampli d&#8217;activitats pautades.<\/p>\n<p style=\"text-align: justify;\">En els seus inicis, el CdA de Tremp va n\u00e9ixer com a Entorn d&#8217;Aprenentatge gr\u00e0cies al Departament d&#8217;Educaci\u00f3, el Consell Comarcal del Pallars Juss\u00e0, l&#8217;Ajuntament de Tremp, l&#8217;Institut Cartogr\u00e0fic i Geol\u00f2gic de Catalunya i el Servei Educatiu dels Pallars, tots implicats en la gesti\u00f3 i funcionament de l\u2019EdA de Tremp i aportant-hi diferents recursos i suports. Des del curs 2023-2024, l&#8217;EdA de Tremp passa a ser Camp d&#8217;Aprenentatge.<\/p>\n<p style=\"text-align: justify;\">L\u2019objectiu general del Camp \u00e9s afavorir i facilitar el proc\u00e9s d\u2019ensenyament-aprenentatge dels continguts curriculars a partir de la observaci\u00f3 directa d\u2019elements del patrimoni del Pallars Juss\u00e0 (geol\u00f2gic-medi ambiental, hist\u00f2ric \u2013 art\u00edstic i tecnol\u00f2gic \u2013 hidroel\u00e8ctric) amb la participaci\u00f3 activa de l\u2019alumnat i des d&#8217;una \u00f2ptica competencial.<\/p>\n<p style=\"text-align: justify;\">Tremp i la comarca del Pallars Juss\u00e0 presenten una \u00e0mplia riquesa patrimonial. La singularitat i el tret diferenciador del territori \u00e9s, per\u00f2, el patrimoni industrial de les centrals hidroel\u00e8ctriques, els castells de frontera del Segle XI (i d&#8217;altres restes arqueol\u00f2giques i hist\u00f2riques) i, sobretot, el patrimoni geol\u00f2gic. D&#8217;aquesta manera, per potenciar, preservar, divulgar, posar en valor i, especialment, per que les comunitats locals puguin gaudir aquest riquesa, a partir del mes d&#8217;abril de 2018, aquesta zona a rebut l&#8217;acreditaci\u00f3 de Geoparc Mundial de la UNESCO.<\/p>\n<p style=\"text-align: justify;\">L\u2019excepcionalitat de la riquesa geol\u00f2gica de la zona fa que aquesta sigui un entorn especial per a l\u2019estudi de la geologia tant a nivell divulgatiu com universitari i d\u2019investigaci\u00f3. Cada any centenars de ge\u00f2legs (universitats, companyies petrolieres &#8230;) d\u2019arreu del m\u00f3n visiten la zona, on realitzen estudis de camp estratigr\u00e0fics i paleontol\u00f2gics.<\/p>\n<p style=\"text-align: justify;\"><a href=\"http:\/\/serveiseducatius.xtec.cat\/cda-tremp\/wp-content\/uploads\/usu1371\/2016\/06\/2013-08-24-08.31.06.jpg\"><img loading=\"lazy\" decoding=\"async\" class=\"alignnone size-large wp-image-9425\" src=\"http:\/\/serveiseducatius.xtec.cat\/cda-tremp\/wp-content\/uploads\/usu1371\/2016\/06\/2013-08-24-08.31.06-1024x322.jpg\" alt=\"2013-08-24-08-31-06\" width=\"1024\" height=\"322\" srcset=\"https:\/\/serveiseducatius.xtec.cat\/cda-tremp\/wp-content\/uploads\/usu1371\/2016\/06\/2013-08-24-08.31.06-1024x322.jpg 1024w, https:\/\/serveiseducatius.xtec.cat\/cda-tremp\/wp-content\/uploads\/usu1371\/2016\/06\/2013-08-24-08.31.06-300x94.jpg 300w, https:\/\/serveiseducatius.xtec.cat\/cda-tremp\/wp-content\/uploads\/usu1371\/2016\/06\/2013-08-24-08.31.06-768x242.jpg 768w\" sizes=\"auto, (max-width: 1024px) 100vw, 1024px\" \/><\/a><\/p>\n<p style=\"text-align: justify;\">L&#8217;eix fluvial Flamicell-Noguera Pallaresa (Pallars Juss\u00e0) t\u00e9 una xarxa de 9 centrals hidroel\u00e8ctriques constru\u00efdes entre el 1912 i 1940 i una altra de bombeig pur, la central reversible de Sallente, dels anys 80, que completa aquesta xarxa.<\/p>\n<p style=\"text-align: justify;\"><a href=\"http:\/\/serveiseducatius.xtec.cat\/cda-tremp\/wp-content\/uploads\/usu1371\/2016\/06\/2013-05-04-08.54.24.jpg\"><img loading=\"lazy\" decoding=\"async\" class=\"alignnone size-large wp-image-9426\" src=\"http:\/\/serveiseducatius.xtec.cat\/cda-tremp\/wp-content\/uploads\/usu1371\/2016\/06\/2013-05-04-08.54.24-1024x389.jpg\" alt=\"2013-05-04-08-54-24\" width=\"1024\" height=\"389\" \/><\/a><\/p>\n<p style=\"text-align: justify;\">Els conjunts arquitect\u00f2nics medievals de Mur, Llord\u00e0-Covet i Llimiana, entre altres, permeten endinsar-se en una \u00e8poca marcada pels castells de frontera del segle XI. Aquest elements completen l\u2019extraordin\u00e0ria riquesa patrimonial de la comarca.<\/p>\n<p style=\"text-align: justify;\"><a href=\"http:\/\/serveiseducatius.xtec.cat\/cda-tremp\/wp-content\/uploads\/usu1371\/2016\/06\/2013-10-08-17.41.05.jpg\"><img loading=\"lazy\" decoding=\"async\" class=\"alignnone size-large wp-image-9427\" src=\"http:\/\/serveiseducatius.xtec.cat\/cda-tremp\/wp-content\/uploads\/usu1371\/2016\/06\/2013-10-08-17.41.05-1024x255.jpg\" alt=\"2013-10-08-17-41-05\" width=\"1024\" height=\"255\" srcset=\"https:\/\/serveiseducatius.xtec.cat\/cda-tremp\/wp-content\/uploads\/usu1371\/2016\/06\/2013-10-08-17.41.05-1024x255.jpg 1024w, https:\/\/serveiseducatius.xtec.cat\/cda-tremp\/wp-content\/uploads\/usu1371\/2016\/06\/2013-10-08-17.41.05-300x75.jpg 300w, https:\/\/serveiseducatius.xtec.cat\/cda-tremp\/wp-content\/uploads\/usu1371\/2016\/06\/2013-10-08-17.41.05-768x191.jpg 768w, https:\/\/serveiseducatius.xtec.cat\/cda-tremp\/wp-content\/uploads\/usu1371\/2016\/06\/2013-10-08-17.41.05.jpg 1819w\" sizes=\"auto, (max-width: 1024px) 100vw, 1024px\" \/><\/a><\/p>\n<p style=\"text-align: justify;\">\u00c9s per tot aix\u00f2 que s\u2019ofereix una oferta educativa centrada en la geologia, les hidroel\u00e8ctriques i la hist\u00f2ria, la qual es complementa amb propostes on es treballen altres aspectes naturals, socials i art\u00edstics, a trav\u00e9s de l&#8217;observaci\u00f3 i an\u00e0lisi d\u2019elements destacables del patrimoni pallar\u00e8s.<\/p>\n<p style=\"text-align: justify;\">Esperem que la proposta del CdA esdevingui un recurs motivador per l\u2019alumnat i s&#8217;ajusti als interessos curriculars i competencials del professorat i dels centres.<\/p>\n","protected":false},"excerpt":{"rendered":"<p>PRESENTACI\u00d3 El Camp d&#8217;Aprenentatge (CdA) de Tremp \u00e9s un servei educatiu de suport a la doc\u00e8ncia integrat a la xarxa [&hellip;]<\/p>\n","protected":false},"author":1,"featured_media":0,"parent":0,"menu_order":0,"comment_status":"closed","ping_status":"closed","template":"page-templates\/side-menu.php","meta":{"_bbp_topic_count":0,"_bbp_reply_count":0,"_bbp_total_topic_count":0,"_bbp_total_reply_count":0,"_bbp_voice_count":0,"_bbp_anonymous_reply_count":0,"_bbp_topic_count_hidden":0,"_bbp_reply_count_hidden":0,"_bbp_forum_subforum_count":0,"site-sidebar-layout":"default","site-content-layout":"","ast-site-content-layout":"","site-content-style":"default","site-sidebar-style":"default","ast-global-header-display":"","ast-banner-title-visibility":"","ast-main-header-display":"","ast-hfb-above-header-display":"","ast-hfb-below-header-display":"","ast-hfb-mobile-header-display":"","site-post-title":"","ast-breadcrumbs-content":"","ast-featured-img":"","footer-sml-layout":"","theme-transparent-header-meta":"","adv-header-id-meta":"","stick-header-meta":"","header-above-stick-meta":"","header-main-stick-meta":"","header-below-stick-meta":"","astra-migrate-meta-layouts":"default","ast-page-background-enabled":"default","ast-page-background-meta":{"desktop":{"background-color":"var(--ast-global-color-4)","background-image":"","background-repeat":"repeat","background-position":"center center","background-size":"auto","background-attachment":"scroll","background-type":"","background-media":"","overlay-type":"","overlay-color":"","overlay-opacity":"","overlay-gradient":""},"tablet":{"background-color":"","background-image":"","background-repeat":"repeat","background-position":"center center","background-size":"auto","background-attachment":"scroll","background-type":"","background-media":"","overlay-type":"","overlay-color":"","overlay-opacity":"","overlay-gradient":""},"mobile":{"background-color":"","background-image":"","background-repeat":"repeat","background-position":"center center","background-size":"auto","background-attachment":"scroll","background-type":"","background-media":"","overlay-type":"","overlay-color":"","overlay-opacity":"","overlay-gradient":""}},"ast-content-background-meta":{"desktop":{"background-color":"var(--ast-global-color-5)","background-image":"","background-repeat":"repeat","background-position":"center center","background-size":"auto","background-attachment":"scroll","background-type":"","background-media":"","overlay-type":"","overlay-color":"","overlay-opacity":"","overlay-gradient":""},"tablet":{"background-color":"var(--ast-global-color-5)","background-image":"","background-repeat":"repeat","background-position":"center center","background-size":"auto","background-attachment":"scroll","background-type":"","background-media":"","overlay-type":"","overlay-color":"","overlay-opacity":"","overlay-gradient":""},"mobile":{"background-color":"var(--ast-global-color-5)","background-image":"","background-repeat":"repeat","background-position":"center center","background-size":"auto","background-attachment":"scroll","background-type":"","background-media":"","overlay-type":"","overlay-color":"","overlay-opacity":"","overlay-gradient":""}},"footnotes":""},"class_list":["post-8225","page","type-page","status-publish","hentry"],"post_mailing_queue_ids":[],"_links":{"self":[{"href":"https:\/\/serveiseducatius.xtec.cat\/cda-tremp\/wp-json\/wp\/v2\/pages\/8225","targetHints":{"allow":["GET"]}}],"collection":[{"href":"https:\/\/serveiseducatius.xtec.cat\/cda-tremp\/wp-json\/wp\/v2\/pages"}],"about":[{"href":"https:\/\/serveiseducatius.xtec.cat\/cda-tremp\/wp-json\/wp\/v2\/types\/page"}],"author":[{"embeddable":true,"href":"https:\/\/serveiseducatius.xtec.cat\/cda-tremp\/wp-json\/wp\/v2\/users\/1"}],"replies":[{"embeddable":true,"href":"https:\/\/serveiseducatius.xtec.cat\/cda-tremp\/wp-json\/wp\/v2\/comments?post=8225"}],"version-history":[{"count":6,"href":"https:\/\/serveiseducatius.xtec.cat\/cda-tremp\/wp-json\/wp\/v2\/pages\/8225\/revisions"}],"predecessor-version":[{"id":10599,"href":"https:\/\/serveiseducatius.xtec.cat\/cda-tremp\/wp-json\/wp\/v2\/pages\/8225\/revisions\/10599"}],"wp:attachment":[{"href":"https:\/\/serveiseducatius.xtec.cat\/cda-tremp\/wp-json\/wp\/v2\/media?parent=8225"}],"curies":[{"name":"wp","href":"https:\/\/api.w.org\/{rel}","templated":true}]}}