{"id":8198,"date":"2013-11-15T13:40:37","date_gmt":"2013-11-15T12:40:37","guid":{"rendered":"http:\/\/blocs.xtec.cat\/plantillacda\/?page_id=173"},"modified":"2025-06-17T10:20:30","modified_gmt":"2025-06-17T08:20:30","slug":"el-bosc","status":"publish","type":"page","link":"https:\/\/serveiseducatius.xtec.cat\/cda-tremp\/ambits\/el-bosc\/","title":{"rendered":"Ci\u00e8ncies de la Terra"},"content":{"rendered":"<p>&nbsp;<\/p>\n<table style=\"height: 766px; color: #ffffff; font-weight: bold; width: 91.0352%;\" border=\"0\" cellspacing=\"2\" cellpadding=\"2\">\n<tbody>\n<tr style=\"height: 46px;\">\n<td style=\"height: 87px; background-color: #99310e; width: 49.6133%; text-align: center;\" rowspan=\"2\" bgcolor=\"#ad6b51\"><span style=\"color: #ffffff; font-size: x-large;\"><b><span style=\"color: #993300;\">_______________<\/span>Activitats<span style=\"color: #993300;\">______________<\/span><\/b><\/span><\/td>\n<td style=\"background-color: #99310e; width: 19.337%; text-align: center; height: 54px;\" colspan=\"3\"><b><span style=\"color: #ffffff;\">Prim\u00e0ria<\/span><\/b><\/td>\n<td style=\"height: 54px; background-color: #99310e; width: 12.1547%;\" colspan=\"2\" align=\"center\" valign=\"middle\" bgcolor=\"#ad6b51\"><span style=\"color: #ffffff;\"><b>ESO<\/b><\/span><\/td>\n<td style=\"height: 87px; background-color: #99310e; width: 6.62983%;\" rowspan=\"2\" bgcolor=\"#ad6b51\"><span style=\"color: #ffffff;\"><b>Batx.<\/b><\/span><\/td>\n<td style=\"text-align: center; height: 54px; background-color: #99310e; width: 12.1547%;\" colspan=\"2\" bgcolor=\"#ad6b51\"><span style=\"color: #ffffff;\"><b>Cicles Formatius<\/b><\/span><\/td>\n<\/tr>\n<tr style=\"height: 31px;\">\n<td style=\"width: 6.62983%; background-color: #99310e; text-align: center; height: 33px;\"><b><span style=\"color: #ffffff;\">CI<br \/>\n<\/span><\/b><\/td>\n<td style=\"width: 6.62983%; height: 33px; background-color: #99310e;\" align=\"center\" valign=\"middle\" bgcolor=\"#ad6b51\"><b><span style=\"color: #ffffff;\">\u00a0CM<\/span><\/b><\/td>\n<td style=\"height: 33px; background-color: #99310e; width: 6.07735%;\" align=\"center\" valign=\"middle\" bgcolor=\"#ad6b51\"><span style=\"color: #ffffff;\">CS<\/span><\/td>\n<td style=\"width: 6.07735%; height: 33px; background-color: #99310e;\" align=\"center\" valign=\"middle\" bgcolor=\"#ad6b51\"><span style=\"color: #ffffff;\">1r\u00a0 2n<br \/>\n<\/span><\/td>\n<td style=\"width: 6.07735%; height: 33px; background-color: #99310e;\" align=\"center\" valign=\"middle\" bgcolor=\"#ad6b51\"><span style=\"color: #ffffff;\"><b>\u00a03r\u00a0 4t<br \/>\n<\/b><\/span><\/td>\n<td style=\"text-align: center; height: 33px; background-color: #99310e; width: 6.07735%;\" bgcolor=\"#ad6b51\"><span style=\"color: #ffffff;\">GM<\/span><\/td>\n<td style=\"text-align: center; height: 33px; background-color: #99310e; width: 6.07735%;\" bgcolor=\"#ad6b51\"><span style=\"color: #ffffff;\">GS<\/span><\/td>\n<\/tr>\n<tr style=\"height: 40px;\">\n<td style=\"width: 49.6133%; height: 48px; background-color: #f2f1f0; border-color: #000000;\">\n<div><a href=\"http:\/\/serveiseducatius.xtec.cat\/cda-tremp\/ambits\/el-bosc\/tremp-ciutat-geologica\/\"><em><strong>Tremp, ciutat geol\u00f2gica.<\/strong><\/em><em>\u00a0<\/em><\/a><\/div>\n<div><span style=\"color: #808080;\">Visita a la seu de l&#8217;ICGC<\/span><\/div>\n<\/td>\n<td style=\"background-color: #ffe699; width: 6.62983%; height: 48px; border-color: #000000;\"><\/td>\n<td style=\"background-color: #c6e0b4; width: 6.62983%; height: 48px; border-color: #000000;\"><\/td>\n<td style=\"background-color: #c6e0b4; width: 6.07735%; height: 48px; border-color: #000000;\"><\/td>\n<td style=\"background-color: #c6e0b4; width: 6.07735%; height: 48px; border-color: #000000;\"><\/td>\n<td style=\"background-color: #c6e0b4; width: 6.07735%; height: 48px; border-color: #000000;\"><span style=\"color: #ffffff;\"><b>\u00a0<\/b><\/span><\/td>\n<td style=\"background-color: #c6e0b4; width: 6.62983%; height: 48px; border-color: #000000;\"><\/td>\n<td style=\"background-color: #c6e0b4; width: 6.07735%; height: 48px; border-color: #000000;\"><\/td>\n<td style=\"background-color: #c6e0b4; width: 6.07735%; height: 48px; border-color: #000000;\"><\/td>\n<\/tr>\n<tr style=\"height: 47px;\">\n<td style=\"height: 49px; width: 49.6133%; background-color: #f2f1f0; border-color: #000000;\" bgcolor=\"#edded8\">\n<div><em><a href=\"http:\/\/serveiseducatius.xtec.cat\/cda-tremp\/ambits\/el-bosc\/els-fossilslempremta-del-passat\/\"><strong>Els f\u00f2ssils, l&#8217;empremta del passat.<\/strong> <\/a><\/em><\/div>\n<div><span style=\"color: #808080;\">Taller de paleontologia<\/span><\/div>\n<\/td>\n<td style=\"background-color: #f2f1f0; width: 6.62983%; height: 49px; border-color: #000000;\"><\/td>\n<td style=\"background-color: #ffe699; height: 49px; width: 6.62983%; border-color: #000000;\" bgcolor=\"#f6eeec\"><\/td>\n<td style=\"background-color: #c6e0b4; height: 49px; width: 6.07735%; border-color: #000000;\" bgcolor=\"#f6eeec\"><\/td>\n<td style=\"background-color: #c6e0b4; height: 49px; width: 6.07735%; border-color: #000000;\" bgcolor=\"#C6E0B4\"><\/td>\n<td style=\"background-color: #c6e0b4; height: 49px; width: 6.07735%; border-color: #000000;\" bgcolor=\"#C6E0B4\"><span style=\"color: #ffffff;\"><b>\u00a0<\/b><\/span><\/td>\n<td style=\"background-color: #c6e0b4; height: 49px; width: 6.62983%; border-color: #000000;\" bgcolor=\"#F6eeec\"><\/td>\n<td style=\"background-color: #c6e0b4; height: 49px; width: 6.07735%; border-color: #000000;\" bgcolor=\"#F6eeec\"><\/td>\n<td style=\"background-color: #c6e0b4; height: 49px; width: 6.07735%; border-color: #000000;\" bgcolor=\"#F6eeec\"><\/td>\n<\/tr>\n<tr style=\"height: 47px;\">\n<td style=\"height: 49px; width: 49.6133%; background-color: #f2f1f0; border-color: #000000;\" bgcolor=\"#edded8\">\n<div><a href=\"http:\/\/serveiseducatius.xtec.cat\/cda-tremp\/ambits\/el-bosc\/el-mon-dels-ultims-dinosaures\/\"><em><strong>El m\u00f3n dels \u00faltims dinosaures.<\/strong><\/em><\/a><\/div>\n<div><span style=\"color: #808080;\">Estudi de jaciments paleontol\u00f2gics<\/span><\/div>\n<\/td>\n<td style=\"background-color: #ffe699; width: 6.62983%; height: 49px; border-color: #000000;\"><\/td>\n<td style=\"background-color: #ffe699; height: 49px; width: 6.62983%; border-color: #000000;\" bgcolor=\"#edded8\"><\/td>\n<td style=\"background-color: #c6e0b4; height: 49px; width: 6.07735%; border-color: #000000;\" bgcolor=\"#edded8\"><b>\u00a0<\/b><\/td>\n<td style=\"background-color: #c6e0b4; height: 49px; width: 6.07735%; border-color: #000000;\" bgcolor=\"#F6eeec\"><\/td>\n<td style=\"background-color: #c6e0b4; height: 49px; width: 6.07735%; border-color: #000000;\" bgcolor=\"#F6eeec\"><span style=\"color: #ffffff;\"><b>\u00a0<\/b><\/span><\/td>\n<td style=\"background-color: #c6e0b4; height: 49px; width: 6.62983%; border-color: #000000;\" bgcolor=\"#F6eeec\"><\/td>\n<td style=\"background-color: #c6e0b4; height: 49px; width: 6.07735%; border-color: #000000;\" bgcolor=\"#F6eeec\"><\/td>\n<td style=\"background-color: #c6e0b4; height: 49px; width: 6.07735%; border-color: #000000;\" bgcolor=\"#F6eeec\"><\/td>\n<\/tr>\n<tr style=\"height: 47px;\">\n<td style=\"height: 49px; width: 49.6133%; background-color: #f2f1f0; border-color: #000000;\" bgcolor=\"#edded8\">\n<div><a href=\"http:\/\/serveiseducatius.xtec.cat\/cda-tremp\/ambits\/el-bosc\/llegint-les-pedres\/\"><em><strong>Llegint les pedres.<\/strong><\/em><\/a><\/div>\n<div><span style=\"color: #808080;\">Itinerari de geologia urbana per Tremp<\/span><\/div>\n<\/td>\n<td style=\"width: 6.62983%; height: 49px; background-color: #f2f1f0; border-color: #000000;\"><\/td>\n<td style=\"height: 49px; width: 6.62983%; background-color: #f2f1f0; border-color: #000000;\" bgcolor=\"#edded8\"><\/td>\n<td style=\"background-color: #ffe699; height: 49px; width: 6.07735%; border-color: #000000;\" bgcolor=\"#edded8\"><\/td>\n<td style=\"background-color: #c6e0b4; height: 49px; width: 6.07735%; border-color: #000000;\" bgcolor=\"#edded8\"><\/td>\n<td style=\"background-color: #c6e0b4; height: 49px; width: 6.07735%; border-color: #000000;\" bgcolor=\"#edded8\"><b><span style=\"color: #ffffff;\">\u00a0<\/span><\/b><\/td>\n<td style=\"background-color: #c6e0b4; height: 49px; width: 6.62983%; border-color: #000000;\" bgcolor=\"#F6eeec\"><b><span style=\"color: #ffffff;\">\u00a0<\/span><\/b><\/td>\n<td style=\"background-color: #ffe699; height: 49px; width: 6.07735%; border-color: #000000;\" bgcolor=\"#edded8\"><\/td>\n<td style=\"background-color: #ffe699; height: 49px; width: 6.07735%; border-color: #000000;\" bgcolor=\"#edded8\"><\/td>\n<\/tr>\n<tr style=\"height: 47px;\">\n<td style=\"height: 65px; width: 49.6133%; background-color: #f2f1f0; border-color: #000000;\" bgcolor=\"#edded8\">\n<div>\n<div>\n<div><a href=\"http:\/\/serveiseducatius.xtec.cat\/cda-tremp\/ambits\/el-bosc\/la-pell-de-la-terra\/\"><em><strong>La pell de la Terra.<\/strong><\/em><\/a><\/div>\n<div><span style=\"color: #808080;\">Sortida de camp per a la descoberta dels s\u00f2ls i visita a l&#8217;exposici\u00f3 de mon\u00f2lits de s\u00f2ls al CISP<\/span><\/div>\n<\/div>\n<\/div>\n<\/td>\n<td style=\"width: 6.62983%; height: 65px; background-color: #f2f1f0; border-color: #000000;\"><\/td>\n<td style=\"background-color: #ffe699; height: 65px; width: 6.62983%; border-color: #000000;\" bgcolor=\"#edded8\"><\/td>\n<td style=\"background-color: #ffe699; height: 65px; width: 6.07735%; border-color: #000000;\" bgcolor=\"#edded8\"><\/td>\n<td style=\"background-color: #c6e0b4; height: 65px; width: 6.07735%; border-color: #000000;\" bgcolor=\"#edded8\"><\/td>\n<td style=\"background-color: #c6e0b4; height: 65px; width: 6.07735%; border-color: #000000;\" bgcolor=\"#edded8\"><\/td>\n<td style=\"background-color: #c6e0b4; height: 65px; width: 6.62983%; border-color: #000000;\" bgcolor=\"#F6eeec\"><\/td>\n<td style=\"background-color: #c6e0b4; height: 65px; width: 6.07735%; border-color: #000000;\" bgcolor=\"#edded8\"><\/td>\n<td style=\"background-color: #c6e0b4; height: 65px; width: 6.07735%; border-color: #000000;\" bgcolor=\"#edded8\"><\/td>\n<\/tr>\n<tr style=\"height: 47px;\">\n<td style=\"height: 61px; width: 49.6133%; background-color: #f2f1f0; border-color: #000000;\" bgcolor=\"#edded8\">\n<div><a href=\"https:\/\/serveiseducatius.xtec.cat\/cda-tremp\/ambits\/el-bosc\/tot-es-mou\/\"><em><strong>Quan la muntanya es mou.<\/strong><\/em><\/a><\/div>\n<div><span style=\"color: #808080;\">Itinerari i estudi dels riscos geol\u00f2gics que afecten diferents indrets de la zona<\/span><\/div>\n<\/td>\n<td style=\"width: 6.62983%; height: 61px; background-color: #f2f1f0; border-color: #000000;\"><\/td>\n<td style=\"height: 61px; width: 6.62983%; background-color: #f2f1f0; border-color: #000000;\" bgcolor=\"#edded8\"><\/td>\n<td style=\"height: 61px; width: 6.07735%; background-color: #f2f1f0; border-color: #000000;\" bgcolor=\"#edded8\"><\/td>\n<td style=\"background-color: #ffe699; height: 61px; width: 6.07735%; border-color: #000000;\" bgcolor=\"#edded8\"><\/td>\n<td style=\"background-color: #c6e0b4; height: 61px; width: 6.07735%; border-color: #000000;\" bgcolor=\"#edded8\"><\/td>\n<td style=\"height: 61px; width: 6.62983%; background-color: #c6e0b4; border-color: #000000;\" bgcolor=\"#F6eeec\"><\/td>\n<td style=\"height: 61px; width: 6.07735%; background-color: #c6e0b4; border-color: #000000;\" bgcolor=\"#edded8\"><\/td>\n<td style=\"height: 61px; width: 6.07735%; background-color: #c6e0b4; border-color: #000000;\" bgcolor=\"#edded8\"><\/td>\n<\/tr>\n<tr style=\"height: 64px;\">\n<td style=\"width: 49.6133%; height: 42px; background-color: #f2f1f0; border-color: #000000;\">\n<div><a href=\"http:\/\/serveiseducatius.xtec.cat\/cda-tremp\/ambits\/el-bosc\/la-memoria-de-la-terra\/\"><em><strong>La mem\u00f2ria de la terra.<\/strong><\/em><\/a><\/div>\n<div><span style=\"color: #808080;\">Itinerari geoambiental per la Conca de Dell\u00e0<\/span><\/div>\n<\/td>\n<td style=\"width: 6.62983%; height: 42px; background-color: #f2f1f0; border-color: #000000;\"><\/td>\n<td style=\"width: 6.62983%; height: 42px; background-color: #f2f1f0; border-color: #000000;\"><\/td>\n<td style=\"width: 6.07735%; height: 42px; background-color: #f2f1f0; border-color: #000000;\"><\/td>\n<td style=\"background-color: #ffe699; width: 6.07735%; height: 42px; border-color: #000000;\"><\/td>\n<td style=\"width: 6.07735%; height: 42px; background-color: #c6e0b4; border-color: #000000;\"><\/td>\n<td style=\"width: 6.62983%; height: 42px; background-color: #c6e0b4; border-color: #000000;\"><\/td>\n<td style=\"width: 6.07735%; height: 42px; background-color: #c6e0b4; border-color: #000000;\"><\/td>\n<td style=\"width: 6.07735%; height: 42px; background-color: #c6e0b4; border-color: #000000;\"><\/td>\n<\/tr>\n<tr style=\"height: 58px;\">\n<td style=\"width: 49.6133%; height: 52px; background-color: #f2f1f0; border-color: #000000;\">\n<div><a href=\"http:\/\/serveiseducatius.xtec.cat\/cda-tremp\/ambits\/el-bosc\/la-interpretacio-geologica-del-paisatge\/\"><em><strong>La interpretaci\u00f3 geol\u00f2gica del paisatge.<\/strong><\/em><\/a><\/div>\n<div><span style=\"color: #808080;\">Itinerari geoambiental pel Pallars Juss\u00e0<\/span><\/div>\n<\/td>\n<td style=\"width: 6.62983%; height: 52px; background-color: #f2f1f0; border-color: #000000;\"><\/td>\n<td style=\"width: 6.62983%; height: 52px; background-color: #f2f1f0; border-color: #000000;\"><\/td>\n<td style=\"width: 6.07735%; height: 52px; background-color: #f2f1f0; border-color: #000000;\"><\/td>\n<td style=\"background-color: #ffe699; width: 6.07735%; height: 52px; border-color: #000000;\"><\/td>\n<td style=\"width: 6.07735%; height: 52px; background-color: #c6e0b4; border-color: #000000;\"><\/td>\n<td style=\"width: 6.62983%; height: 52px; background-color: #c6e0b4; border-color: #000000;\"><\/td>\n<td style=\"width: 6.07735%; height: 52px; background-color: #c6e0b4; border-color: #000000;\"><\/td>\n<td style=\"width: 6.07735%; height: 52px; background-color: #c6e0b4; border-color: #000000;\"><\/td>\n<\/tr>\n<tr style=\"height: 47px;\">\n<td style=\"height: 50px; width: 49.6133%; background-color: #f2f1f0; border-color: #000000;\" bgcolor=\"#edded8\">\n<div><a href=\"http:\/\/serveiseducatius.xtec.cat\/cda-tremp\/ambits\/el-bosc\/el-paisatge-ens-parla\/\"><strong><em>El paisatge ens parla.\u00a0<\/em><\/strong><\/a><\/div>\n<div><span style=\"color: #808080;\">Itinerari geol\u00f2gic de Tremp a Claret<\/span><\/div>\n<\/td>\n<td style=\"width: 6.62983%; height: 50px; background-color: #f2f1f0; border-color: #000000;\"><\/td>\n<td style=\"height: 50px; width: 6.62983%; background-color: #f2f1f0; border-color: #000000;\" bgcolor=\"#edded8\"><\/td>\n<td style=\"background-color: #ffe699; height: 50px; width: 6.07735%; border-color: #000000;\" bgcolor=\"#edded8\"><\/td>\n<td style=\"background-color: #c6e0b4; height: 50px; width: 6.07735%; border-color: #000000;\" bgcolor=\"#edded8\"><\/td>\n<td style=\"background-color: #c6e0b4; height: 50px; width: 6.07735%; border-color: #000000;\" bgcolor=\"#edded8\"><\/td>\n<td style=\"height: 50px; width: 6.62983%; background-color: #ffe699; border-color: #000000;\" bgcolor=\"#F6eeec\"><\/td>\n<td style=\"height: 50px; width: 6.07735%; background-color: #ffe699; border-color: #000000;\" bgcolor=\"#F6eeec\"><\/td>\n<td style=\"height: 50px; width: 6.07735%; background-color: #ffe699; border-color: #000000;\" bgcolor=\"#F6eeec\"><\/td>\n<\/tr>\n<tr style=\"height: 83px;\">\n<td style=\"width: 49.6133%; height: 83px; background-color: #f2f1f0; border-color: #000000;\">\n<div>\n<div><a href=\"https:\/\/serveiseducatius.xtec.cat\/cda-tremp\/ambits\/el-bosc\/relleus-als-pirineus\/\"><strong><em>Relleus als Pirineus!.<\/em><\/strong><\/a><\/div>\n<div><span style=\"color: #808080;\">Taller sobre la formaci\u00f3 del Pirineu i els principals materials geol\u00f2gics de Catalunya<\/span><\/div>\n<\/div>\n<\/td>\n<td style=\"width: 6.62983%; height: 83px; background-color: #f2f1f0; border-color: #000000;\"><\/td>\n<td style=\"background-color: #ffe699; width: 6.62983%; height: 83px; border-color: #000000;\"><\/td>\n<td style=\"background-color: #c6e0b4; width: 6.07735%; height: 83px; border-color: #000000;\"><\/td>\n<td style=\"background-color: #c6e0b4; width: 6.07735%; height: 83px; border-color: #000000;\"><\/td>\n<td style=\"background-color: #ffe699; width: 6.07735%; height: 83px; border-color: #000000;\"><\/td>\n<td style=\"width: 6.62983%; background-color: #ffe699; height: 83px; border-color: #000000;\"><\/td>\n<td style=\"width: 6.07735%; background-color: #ffe699; height: 83px; border-color: #000000;\"><\/td>\n<td style=\"width: 6.07735%; background-color: #ffe699; height: 83px; border-color: #000000;\"><\/td>\n<\/tr>\n<tr style=\"height: 47px;\">\n<td style=\"height: 49px; width: 49.6133%; background-color: #f2f1f0; border-color: #000000;\" bgcolor=\"#edded8\">\n<div><a href=\"https:\/\/serveiseducatius.xtec.cat\/cda-tremp\/ambits\/el-bosc\/amb-tot-el-temps-del-mon-toquem-els-pirineus\/\"><strong><em>Tot el temps del m\u00f3n, toquem els Pirineus.\u00a0<\/em><\/strong><\/a><\/div>\n<div><span style=\"color: #808080;\">Activitat a l&#8217;avinguda dels temps geol\u00f2gics i al jard\u00ed de roques del PGOM<\/span><\/div>\n<\/td>\n<td style=\"width: 6.62983%; height: 49px; background-color: #f2f1f0; border-color: #000000;\"><\/td>\n<td style=\"height: 49px; width: 6.62983%; background-color: #ffe699; border-color: #000000;\" bgcolor=\"#edded8\"><\/td>\n<td style=\"height: 49px; width: 6.07735%; background-color: #ffe699; border-color: #000000;\" bgcolor=\"#edded8\"><\/td>\n<td style=\"background-color: #c6e0b4; height: 49px; width: 6.07735%; border-color: #000000;\" bgcolor=\"#edded8\"><\/td>\n<td style=\"background-color: #c6e0b4; height: 49px; width: 6.07735%; border-color: #000000;\" bgcolor=\"#edded8\"><\/td>\n<td style=\"background-color: #c6e0b4; height: 49px; width: 6.62983%; border-color: #000000;\" bgcolor=\"#edded8\"><\/td>\n<td style=\"background-color: #c6e0b4; height: 49px; width: 6.07735%; border-color: #000000;\" bgcolor=\"#F6eeec\"><\/td>\n<td style=\"height: 49px; width: 6.07735%; background-color: #c6e0b4; border-color: #000000;\" bgcolor=\"#F6eeec\"><\/td>\n<\/tr>\n<tr style=\"height: 82px;\">\n<td style=\"width: 49.6133%; background-color: #f2f1f0; border-color: #000000; height: 82px;\">\n<div>\n<div><a href=\"https:\/\/serveiseducatius.xtec.cat\/cda-tremp\/ambits\/el-bosc\/a-cop-de-pedal\/\"><strong><em>A cop de pedal\u00a0<\/em><\/strong><\/a><a href=\"https:\/\/serveiseducatius.xtec.cat\/cda-tremp\/ambits\/el-bosc\/amb-tot-el-temps-del-mon-toquem-els-pirineus\/\"><strong><em><br \/>\n<\/em><\/strong><\/a><span style=\"color: #808080;\">Ruta en btt pel pant\u00e0 de Sant Antoni<\/span><\/div>\n<\/div>\n<\/td>\n<td style=\"width: 6.62983%; background-color: #f2f1f0; border-color: #000000; height: 82px;\"><\/td>\n<td style=\"width: 6.62983%; background-color: #f2f1f0; border-color: #000000; height: 82px;\"><\/td>\n<td style=\"width: 6.07735%; background-color: #ffe699; border-color: #000000; height: 82px;\"><\/td>\n<td style=\"background-color: #c6e0b4; width: 6.07735%; border-color: #000000; height: 82px;\"><\/td>\n<td style=\"background-color: #c6e0b4; width: 6.07735%; border-color: #000000; height: 82px;\"><\/td>\n<td style=\"background-color: #c6e0b4; width: 6.62983%; border-color: #000000; height: 82px;\"><\/td>\n<td style=\"background-color: #c6e0b4; width: 6.07735%; border-color: #000000; height: 82px;\"><\/td>\n<td style=\"width: 6.07735%; background-color: #c6e0b4; border-color: #000000; height: 82px;\"><\/td>\n<\/tr>\n<\/tbody>\n<\/table>\n<table style=\"height: 77px;\" width=\"295\">\n<tbody>\n<tr>\n<td style=\"width: 50px;\" bgcolor=\"#c6e0b4\"><\/td>\n<td>Oferta recomanada especialment<\/td>\n<\/tr>\n<tr>\n<td bgcolor=\"#ffe699\"><\/td>\n<td>Oferta adaptable<\/td>\n<\/tr>\n<\/tbody>\n<\/table>\n<p>&nbsp;<\/p>\n","protected":false},"excerpt":{"rendered":"<p>&nbsp; _______________Activitats______________ Prim\u00e0ria ESO Batx. Cicles Formatius CI \u00a0CM CS 1r\u00a0 2n \u00a03r\u00a0 4t GM GS Tremp, ciutat geol\u00f2gica.\u00a0 Visita [&hellip;]<\/p>\n","protected":false},"author":1,"featured_media":8181,"parent":8235,"menu_order":30,"comment_status":"open","ping_status":"open","template":"","meta":{"_bbp_topic_count":0,"_bbp_reply_count":0,"_bbp_total_topic_count":0,"_bbp_total_reply_count":0,"_bbp_voice_count":0,"_bbp_anonymous_reply_count":0,"_bbp_topic_count_hidden":0,"_bbp_reply_count_hidden":0,"_bbp_forum_subforum_count":0,"site-sidebar-layout":"default","site-content-layout":"","ast-site-content-layout":"default","site-content-style":"default","site-sidebar-style":"default","ast-global-header-display":"","ast-banner-title-visibility":"","ast-main-header-display":"","ast-hfb-above-header-display":"","ast-hfb-below-header-display":"","ast-hfb-mobile-header-display":"","site-post-title":"","ast-breadcrumbs-content":"","ast-featured-img":"","footer-sml-layout":"","theme-transparent-header-meta":"default","adv-header-id-meta":"","stick-header-meta":"","header-above-stick-meta":"","header-main-stick-meta":"","header-below-stick-meta":"","astra-migrate-meta-layouts":"set","ast-page-background-enabled":"default","ast-page-background-meta":{"desktop":{"background-color":"var(--ast-global-color-4)","background-image":"","background-repeat":"repeat","background-position":"center center","background-size":"auto","background-attachment":"scroll","background-type":"","background-media":"","overlay-type":"","overlay-color":"","overlay-opacity":"","overlay-gradient":""},"tablet":{"background-color":"","background-image":"","background-repeat":"repeat","background-position":"center center","background-size":"auto","background-attachment":"scroll","background-type":"","background-media":"","overlay-type":"","overlay-color":"","overlay-opacity":"","overlay-gradient":""},"mobile":{"background-color":"","background-image":"","background-repeat":"repeat","background-position":"center center","background-size":"auto","background-attachment":"scroll","background-type":"","background-media":"","overlay-type":"","overlay-color":"","overlay-opacity":"","overlay-gradient":""}},"ast-content-background-meta":{"desktop":{"background-color":"var(--ast-global-color-5)","background-image":"","background-repeat":"repeat","background-position":"center center","background-size":"auto","background-attachment":"scroll","background-type":"","background-media":"","overlay-type":"","overlay-color":"","overlay-opacity":"","overlay-gradient":""},"tablet":{"background-color":"var(--ast-global-color-5)","background-image":"","background-repeat":"repeat","background-position":"center center","background-size":"auto","background-attachment":"scroll","background-type":"","background-media":"","overlay-type":"","overlay-color":"","overlay-opacity":"","overlay-gradient":""},"mobile":{"background-color":"var(--ast-global-color-5)","background-image":"","background-repeat":"repeat","background-position":"center center","background-size":"auto","background-attachment":"scroll","background-type":"","background-media":"","overlay-type":"","overlay-color":"","overlay-opacity":"","overlay-gradient":""}},"footnotes":""},"class_list":["post-8198","page","type-page","status-publish","has-post-thumbnail","hentry"],"post_mailing_queue_ids":[],"_links":{"self":[{"href":"https:\/\/serveiseducatius.xtec.cat\/cda-tremp\/wp-json\/wp\/v2\/pages\/8198","targetHints":{"allow":["GET"]}}],"collection":[{"href":"https:\/\/serveiseducatius.xtec.cat\/cda-tremp\/wp-json\/wp\/v2\/pages"}],"about":[{"href":"https:\/\/serveiseducatius.xtec.cat\/cda-tremp\/wp-json\/wp\/v2\/types\/page"}],"author":[{"embeddable":true,"href":"https:\/\/serveiseducatius.xtec.cat\/cda-tremp\/wp-json\/wp\/v2\/users\/1"}],"replies":[{"embeddable":true,"href":"https:\/\/serveiseducatius.xtec.cat\/cda-tremp\/wp-json\/wp\/v2\/comments?post=8198"}],"version-history":[{"count":6,"href":"https:\/\/serveiseducatius.xtec.cat\/cda-tremp\/wp-json\/wp\/v2\/pages\/8198\/revisions"}],"predecessor-version":[{"id":11087,"href":"https:\/\/serveiseducatius.xtec.cat\/cda-tremp\/wp-json\/wp\/v2\/pages\/8198\/revisions\/11087"}],"up":[{"embeddable":true,"href":"https:\/\/serveiseducatius.xtec.cat\/cda-tremp\/wp-json\/wp\/v2\/pages\/8235"}],"wp:featuredmedia":[{"embeddable":true,"href":"https:\/\/serveiseducatius.xtec.cat\/cda-tremp\/wp-json\/wp\/v2\/media\/8181"}],"wp:attachment":[{"href":"https:\/\/serveiseducatius.xtec.cat\/cda-tremp\/wp-json\/wp\/v2\/media?parent=8198"}],"curies":[{"name":"wp","href":"https:\/\/api.w.org\/{rel}","templated":true}]}}