{"id":80,"date":"2013-11-14T20:29:29","date_gmt":"2013-11-14T19:29:29","guid":{"rendered":"http:\/\/blocs.xtec.cat\/plantillacda\/?page_id=80"},"modified":"2025-03-20T14:19:17","modified_gmt":"2025-03-20T13:19:17","slug":"instal%c2%b7lacions","status":"publish","type":"page","link":"https:\/\/serveiseducatius.xtec.cat\/cda-tremp\/el-camp\/instal%c2%b7lacions\/","title":{"rendered":"Instal\u00b7lacions"},"content":{"rendered":"<h4>Epicentre. Centre de visitants<\/h4>\n<p><span style=\"font-size: 16px;\">Passeig del Vall , 13. Tremp<\/span><\/p>\n<p><img loading=\"lazy\" decoding=\"async\" class=\"wp-image-10825 alignleft\" src=\"https:\/\/serveiseducatius.xtec.cat\/cda-tremp\/wp-content\/uploads\/usu1371\/2025\/03\/2014-01-21-13.33.32-scaled.jpg\" alt=\"\" width=\"445\" height=\"334\" srcset=\"https:\/\/serveiseducatius.xtec.cat\/cda-tremp\/wp-content\/uploads\/usu1371\/2025\/03\/2014-01-21-13.33.32-scaled.jpg 2560w, https:\/\/serveiseducatius.xtec.cat\/cda-tremp\/wp-content\/uploads\/usu1371\/2025\/03\/2014-01-21-13.33.32-300x225.jpg 300w, https:\/\/serveiseducatius.xtec.cat\/cda-tremp\/wp-content\/uploads\/usu1371\/2025\/03\/2014-01-21-13.33.32-1024x768.jpg 1024w, https:\/\/serveiseducatius.xtec.cat\/cda-tremp\/wp-content\/uploads\/usu1371\/2025\/03\/2014-01-21-13.33.32-768x576.jpg 768w, https:\/\/serveiseducatius.xtec.cat\/cda-tremp\/wp-content\/uploads\/usu1371\/2025\/03\/2014-01-21-13.33.32-1536x1152.jpg 1536w, https:\/\/serveiseducatius.xtec.cat\/cda-tremp\/wp-content\/uploads\/usu1371\/2025\/03\/2014-01-21-13.33.32-2048x1536.jpg 2048w\" sizes=\"auto, (max-width: 445px) 100vw, 445px\" \/>El\u00a0Centre de\u00a0Visitants \u00e9s un espai on es troba una mostra d\u2019elements del patrimoni historicoart\u00edstic, natural,\u00a0\u00a0geol\u00f2gic i paleontol\u00f2gic de la comarca en suport tecnol\u00f2gic, audiovisual, objectes reals&#8230;<\/p>\n<p>Es tracta d\u2019un espai on l\u2019alumnat gaudeix d\u2019una experi\u00e8ncia \u00fanica: tenir a l\u2019abast una s\u00edntesi general del patrimoni del Pallars Juss\u00e0 que desperti la curiositat, l\u2019inter\u00e8s i l\u2019esperit cr\u00edtic, en un entorn agradable i acollidor que invita a escoltar, observar, reflexionar, gaudir i, per tant, a aprendre.<\/p>\n<p>A la vegada \u00e9s un suggeriment a visitar indrets singulars, edificis arquitect\u00f2nics emblem\u00e0tics,&#8230; del territori que potenciaran la sensibilitat de l\u2019alumnat envers la valoraci\u00f3 de la cultura i el patrimoni.<\/p>\n<p>En conjunt, l\u2019equipament est\u00e0 concebut com a porta d\u2019entrada al Pallars Juss\u00e0 i de difusi\u00f3 dels valors de la zona que invita a redescobrir-la i visitar-la. Tamb\u00e9 \u00e9s la seu d&#8217;exposicions temporals de tem\u00e0tica diversa, aix\u00ed com el punt principal d&#8217;atenci\u00f3 als visitants del <em>Geoparc Mundial de la UNESCO Or\u00edgens.<br \/>\n<\/em><\/p>\n<p>Compta amb amplis espais: zona de recepci\u00f3, de despatxos, biblioteca, laboratori per fer tallers, auditori per 80 persones, i espais d\u2019exposicions permanents.<\/p>\n<p><a href=\"http:\/\/www.pallarsjussa.net\/ca\/epicentre\" target=\"_blank\" rel=\"noopener noreferrer\"><span style=\"color: #e64a19;\">M\u00e9s informaci\u00f3<\/span><\/a><\/p>\n<p>&nbsp;<\/p>\n<h4>Centre de Suport Territorial al Pirineu (CSTP) de l&#8217;Institut Cartogr\u00e0fic i Geol\u00f2gic de Catalunya (ICGC)<\/h4>\n<p>Passeig Pompeu Fabra, 21. \u00a0Tremp<\/p>\n<p><a href=\"https:\/\/goo.gl\/photos\/b31BPZWB33jBt9S4A\"><img loading=\"lazy\" decoding=\"async\" class=\"wp-image-8725 alignleft\" src=\"http:\/\/serveiseducatius.xtec.cat\/cda-tremp\/wp-content\/uploads\/usu1371\/2013\/11\/2014-05-22-15.43.58-1024x768.jpg\" alt=\"2014-05-22-15-43-58\" width=\"342\" height=\"256\" srcset=\"https:\/\/serveiseducatius.xtec.cat\/cda-tremp\/wp-content\/uploads\/usu1371\/2013\/11\/2014-05-22-15.43.58-1024x768.jpg 1024w, https:\/\/serveiseducatius.xtec.cat\/cda-tremp\/wp-content\/uploads\/usu1371\/2013\/11\/2014-05-22-15.43.58-300x225.jpg 300w, https:\/\/serveiseducatius.xtec.cat\/cda-tremp\/wp-content\/uploads\/usu1371\/2013\/11\/2014-05-22-15.43.58-768x576.jpg 768w, https:\/\/serveiseducatius.xtec.cat\/cda-tremp\/wp-content\/uploads\/usu1371\/2013\/11\/2014-05-22-15.43.58-200x150.jpg 200w, https:\/\/serveiseducatius.xtec.cat\/cda-tremp\/wp-content\/uploads\/usu1371\/2013\/11\/2014-05-22-15.43.58.jpg 1267w\" sizes=\"auto, (max-width: 342px) 100vw, 342px\" \/><\/a>Una de les institucions implicades en l&#8217;Entorn d&#8217;Aprenentatge de Tremp \u00e9s la seu de l&#8217;ICGC, el qual pertany al Departament de Territori i Sostenibilitat. L&#8217;ICGC t\u00e9 com a objectiu potenciar la recerca, el desenvolupament i la divulgaci\u00f3 de la geologia de l&#8217;\u00e0rea pirinenca. Aix\u00ed mateix, acull activitats i ofereix serveis\u00a0p\u00fablics relacionats amb la geologia i el coneixement cient\u00edfic.<\/p>\n<p>Disposa d\u2019instal\u00b7lacions modernes: zones di\u00e0fanes de treball, sales de reunions, despatxos, sala de confer\u00e8ncies, laboratori de tractament de mostres, magatzem, biblioteca i centre de c\u00e0lcul. Cal destacar que aquest edifici ha estat guardonat amb un Premi d&#8217;efici\u00e8ncia Energ\u00e8tica (entre d&#8217;altres motius per utilitzar l&#8217;energia geot\u00e8rmica).<\/p>\n<p>A la segona planta est\u00e0 ubicat el CISP: Centre d&#8217;Interpretaci\u00f3 de S\u00f2ls del Pirineu, amb una col\u00b7lecci\u00f3 de 15 mon\u00f2lits de s\u00f2ls de zones properes, la visita dels quals pot formar part d&#8217;una activitat pedag\u00f2gica (combinada o no amb una sortida de camp d&#8217;edafologia).<\/p>\n<p>Tamb\u00e9 \u00e9s la seu cient\u00edfica del <em>Geoparc Mundial de la UNESCO<\/em> <em>Or\u00edgens.<\/em><\/p>\n<p>Es pot realitzar una visita guiada a aquest equipament (introduint els conceptes d&#8217;energia geot\u00e8rmica i arquitectura sostenible, per la qual cosa aquest edifici va guanyar un premi) i realitzar dos tipus de taller: identificaci\u00f3 de roques i microf\u00f2ssils.<\/p>\n<p>&nbsp;<\/p>\n","protected":false},"excerpt":{"rendered":"<p>Epicentre. Centre de visitants Passeig del Vall , 13. Tremp El\u00a0Centre de\u00a0Visitants \u00e9s un espai on es troba una mostra [&hellip;]<\/p>\n","protected":false},"author":1,"featured_media":0,"parent":8225,"menu_order":30,"comment_status":"closed","ping_status":"closed","template":"","meta":{"_bbp_topic_count":0,"_bbp_reply_count":0,"_bbp_total_topic_count":0,"_bbp_total_reply_count":0,"_bbp_voice_count":0,"_bbp_anonymous_reply_count":0,"_bbp_topic_count_hidden":0,"_bbp_reply_count_hidden":0,"_bbp_forum_subforum_count":0,"site-sidebar-layout":"default","site-content-layout":"","ast-site-content-layout":"default","site-content-style":"default","site-sidebar-style":"default","ast-global-header-display":"","ast-banner-title-visibility":"","ast-main-header-display":"","ast-hfb-above-header-display":"","ast-hfb-below-header-display":"","ast-hfb-mobile-header-display":"","site-post-title":"","ast-breadcrumbs-content":"","ast-featured-img":"","footer-sml-layout":"","theme-transparent-header-meta":"default","adv-header-id-meta":"","stick-header-meta":"","header-above-stick-meta":"","header-main-stick-meta":"","header-below-stick-meta":"","astra-migrate-meta-layouts":"set","ast-page-background-enabled":"default","ast-page-background-meta":{"desktop":{"background-color":"var(--ast-global-color-4)","background-image":"","background-repeat":"repeat","background-position":"center center","background-size":"auto","background-attachment":"scroll","background-type":"","background-media":"","overlay-type":"","overlay-color":"","overlay-opacity":"","overlay-gradient":""},"tablet":{"background-color":"","background-image":"","background-repeat":"repeat","background-position":"center center","background-size":"auto","background-attachment":"scroll","background-type":"","background-media":"","overlay-type":"","overlay-color":"","overlay-opacity":"","overlay-gradient":""},"mobile":{"background-color":"","background-image":"","background-repeat":"repeat","background-position":"center center","background-size":"auto","background-attachment":"scroll","background-type":"","background-media":"","overlay-type":"","overlay-color":"","overlay-opacity":"","overlay-gradient":""}},"ast-content-background-meta":{"desktop":{"background-color":"var(--ast-global-color-5)","background-image":"","background-repeat":"repeat","background-position":"center center","background-size":"auto","background-attachment":"scroll","background-type":"","background-media":"","overlay-type":"","overlay-color":"","overlay-opacity":"","overlay-gradient":""},"tablet":{"background-color":"var(--ast-global-color-5)","background-image":"","background-repeat":"repeat","background-position":"center center","background-size":"auto","background-attachment":"scroll","background-type":"","background-media":"","overlay-type":"","overlay-color":"","overlay-opacity":"","overlay-gradient":""},"mobile":{"background-color":"var(--ast-global-color-5)","background-image":"","background-repeat":"repeat","background-position":"center center","background-size":"auto","background-attachment":"scroll","background-type":"","background-media":"","overlay-type":"","overlay-color":"","overlay-opacity":"","overlay-gradient":""}},"footnotes":""},"class_list":["post-80","page","type-page","status-publish","hentry"],"post_mailing_queue_ids":[],"_links":{"self":[{"href":"https:\/\/serveiseducatius.xtec.cat\/cda-tremp\/wp-json\/wp\/v2\/pages\/80","targetHints":{"allow":["GET"]}}],"collection":[{"href":"https:\/\/serveiseducatius.xtec.cat\/cda-tremp\/wp-json\/wp\/v2\/pages"}],"about":[{"href":"https:\/\/serveiseducatius.xtec.cat\/cda-tremp\/wp-json\/wp\/v2\/types\/page"}],"author":[{"embeddable":true,"href":"https:\/\/serveiseducatius.xtec.cat\/cda-tremp\/wp-json\/wp\/v2\/users\/1"}],"replies":[{"embeddable":true,"href":"https:\/\/serveiseducatius.xtec.cat\/cda-tremp\/wp-json\/wp\/v2\/comments?post=80"}],"version-history":[{"count":4,"href":"https:\/\/serveiseducatius.xtec.cat\/cda-tremp\/wp-json\/wp\/v2\/pages\/80\/revisions"}],"predecessor-version":[{"id":8670,"href":"https:\/\/serveiseducatius.xtec.cat\/cda-tremp\/wp-json\/wp\/v2\/pages\/80\/revisions\/8670"}],"up":[{"embeddable":true,"href":"https:\/\/serveiseducatius.xtec.cat\/cda-tremp\/wp-json\/wp\/v2\/pages\/8225"}],"wp:attachment":[{"href":"https:\/\/serveiseducatius.xtec.cat\/cda-tremp\/wp-json\/wp\/v2\/media?parent=80"}],"curies":[{"name":"wp","href":"https:\/\/api.w.org\/{rel}","templated":true}]}}