{"id":549,"date":"2013-12-12T09:25:27","date_gmt":"2013-12-12T09:25:27","guid":{"rendered":"http:\/\/blocs.xtec.cat\/plantillacda\/?page_id=549"},"modified":"2026-02-25T15:42:46","modified_gmt":"2026-02-25T14:42:46","slug":"preparacio","status":"publish","type":"page","link":"https:\/\/serveiseducatius.xtec.cat\/cda-tremp\/amb-els-centres\/preparacio\/","title":{"rendered":"Preparaci\u00f3 de l&#8217;estada\/sortida"},"content":{"rendered":"<h6><strong>Organitzaci\u00f3 i documentaci\u00f3\u00a0<\/strong><\/h6>\n<p>Clicant la imatge trobareu una <strong>infografia<\/strong> <strong>dirigida al professorat, <\/strong>amb la informaci\u00f3 i documentaci\u00f3 necess\u00e0ria per a preparar la vostra estada o sortida al camp d&#8217;aprenentatge, aix\u00ed com un resum dels aspectes pr\u00e0ctics i organitzatius (qu\u00e8 cal portar, dades d&#8217;inter\u00e8s,&#8230;)<\/p>\n<p><a href=\"https:\/\/drive.google.com\/file\/d\/1HRFx9HGBvbXUG03754-T_-tJ_uTImfs9\/view?usp=sharing\"><img loading=\"lazy\" decoding=\"async\" class=\"aligncenter wp-image-10979\" src=\"https:\/\/serveiseducatius.xtec.cat\/cda-tremp\/wp-content\/uploads\/usu1371\/2025\/05\/Captura-de-pantalla-2025-05-07-130623.png\" alt=\"\" width=\"615\" height=\"160\" srcset=\"https:\/\/serveiseducatius.xtec.cat\/cda-tremp\/wp-content\/uploads\/usu1371\/2025\/05\/Captura-de-pantalla-2025-05-07-130623.png 722w, https:\/\/serveiseducatius.xtec.cat\/cda-tremp\/wp-content\/uploads\/usu1371\/2025\/05\/Captura-de-pantalla-2025-05-07-130623-300x78.png 300w\" sizes=\"auto, (max-width: 615px) 100vw, 615px\" \/><\/a><\/p>\n<p>Per altra banda, tamb\u00e9 us recomanem fer arribar la seg\u00fcent <strong>infografia a l&#8217;alumnat<\/strong>, on fem \u00e8mfasi en el <strong>material necessari<\/strong> per venir al Camp d&#8217;Aprenentatge de Tremp.<\/p>\n<p><a href=\"https:\/\/drive.google.com\/file\/d\/1m4BeyzJdweiVhBhd6gsBCjjdoWNi8SF3\/view?usp=sharing\"><img loading=\"lazy\" decoding=\"async\" class=\"aligncenter wp-image-11148\" src=\"https:\/\/serveiseducatius.xtec.cat\/cda-tremp\/wp-content\/uploads\/usu1371\/2026\/01\/Infografia-alumnat-CdATremp-retallada.png\" alt=\"\" width=\"623\" height=\"173\" srcset=\"https:\/\/serveiseducatius.xtec.cat\/cda-tremp\/wp-content\/uploads\/usu1371\/2026\/01\/Infografia-alumnat-CdATremp-retallada.png 1414w, https:\/\/serveiseducatius.xtec.cat\/cda-tremp\/wp-content\/uploads\/usu1371\/2026\/01\/Infografia-alumnat-CdATremp-retallada-300x83.png 300w, https:\/\/serveiseducatius.xtec.cat\/cda-tremp\/wp-content\/uploads\/usu1371\/2026\/01\/Infografia-alumnat-CdATremp-retallada-1024x285.png 1024w, https:\/\/serveiseducatius.xtec.cat\/cda-tremp\/wp-content\/uploads\/usu1371\/2026\/01\/Infografia-alumnat-CdATremp-retallada-768x213.png 768w\" sizes=\"auto, (max-width: 623px) 100vw, 623px\" \/><\/a><\/p>\n\t\t\t\t\t\t\t<h3 style=\"margin-bottom:20px ;display:block;width:100%;margin-top:10px\">Preparaci\u00f3 de l&#8217;estada\/sortida <\/h3>\r\n\t\t\t\t\t\t\t\t<style>\r\n\t\t\t\t\r\n\t\t\t\t\t#tab_container_10197 {\r\n\toverflow:hidden;\r\n\tdisplay:block;\r\n\twidth:100%;\r\n\tborder:0px solid #ddd;\r\n\tmargin-bottom:30px;\r\n\t}\r\n\r\n#tab_container_10197 .tab-content{\r\n\tpadding:20px;\r\n\tborder: 1px solid #ccc6c1 !important;\r\n\tmargin-top: 0px;\r\n\tbackground-color:#e5dfda !important;\r\n\tcolor: #000000 !important;\r\n\tfont-size:14px !important;\r\n\tfont-family: Arial !important;\r\n\t\r\n\t\tborder: 1px solid #ccc6c1 !important;\r\n\t}\r\n#tab_container_10197 .wpsm_nav-tabs {\r\n    border-bottom: 0px solid #ddd;\r\n}\r\n#tab_container_10197 .wpsm_nav-tabs > li.active > a, #tab_container_10197 .wpsm_nav-tabs > li.active > a:hover, #tab_container_10197 .wpsm_nav-tabs > li.active > a:focus {\r\n\tcolor: #000000 !important;\r\n\tcursor: default;\r\n\tbackground-color: #e5dfda !important;\r\n\tborder: 1px solid #ccc6c1 !important;\r\n}\r\n\r\n#tab_container_10197 .wpsm_nav-tabs > li > a {\r\n    margin-right: 0px !important; \r\n    line-height: 1.42857143 !important;\r\n    border: 1px solid #97430b !important;\r\n    border-radius: 0px 0px 0 0 !important; \r\n\tbackground-color: #aa561e !important;\r\n\tcolor: #000000 !important;\r\n\tpadding: 15px 18px 15px 18px !important;\r\n\ttext-decoration: none !important;\r\n\tfont-size: 16px !important;\r\n\ttext-align:center !important;\r\n\tfont-family: Arial !important;\r\n}\r\n#tab_container_10197 .wpsm_nav-tabs > li > a:focus {\r\noutline: 0px !important;\r\n}\r\n\r\n#tab_container_10197 .wpsm_nav-tabs > li > a:before {\r\n\tdisplay:none !important;\r\n}\r\n#tab_container_10197 .wpsm_nav-tabs > li > a:after {\r\n\tdisplay:none !important ;\r\n}\r\n#tab_container_10197 .wpsm_nav-tabs > li{\r\npadding:0px !important ;\r\nmargin:0px;\r\n}\r\n\r\n#tab_container_10197 .wpsm_nav-tabs > li > a:hover , #tab_container_10197 .wpsm_nav-tabs > li > a:focus {\r\n    color: #000000 !important;\r\n    background-color: #aa561e !important;\r\n\tborder: 1px solid #97430b !important;\r\n\t\r\n}\r\n#tab_container_10197 .wpsm_nav-tabs > li > a .fa{\r\n\r\nmargin-right:5px !important;\r\n\r\nmargin-left:5px !important;\r\n\r\n\r\n}\r\n\r\n\t\t#tab_container_10197 .wpsm_nav-tabs a{\r\n\t\t\tbackground-image: none;\r\n\t\t\tbackground-position: 0 0;\r\n\t\t\tbackground-repeat: repeat-x;\r\n\t\t}\r\n\t\t\t\r\n\r\n\r\n#tab_container_10197 .wpsm_nav-tabs > li {\r\n    float: left;\r\n    margin-bottom: -1px !important;\r\n\tmargin-right:0px !important; \r\n}\r\n\r\n\r\n#tab_container_10197 .tab-content{\r\noverflow:hidden !important;\r\n}\r\n\r\n\r\n@media (min-width: 769px) {\r\n\r\n\t#tab_container_10197 .wpsm_nav-tabs > li{\r\n\t\tfloat:left !important ;\r\n\t\t\t\tmargin-right:-1px !important;\r\n\t\t\t\t\t}\r\n\t#tab_container_10197 .wpsm_nav-tabs{\r\n\t\tfloat:none !important;\r\n\t\tmargin:0px !important;\r\n\t}\r\n\r\n\t#tab_container_10197 .wpsm_nav-tabs > li {\r\n\t\t\t\t\r\n\t}\r\n\t#tab_container_10197 .wpsm_nav{\r\n\t\t\t}\r\n\r\n}\r\n\r\n\r\n\r\n@media (max-width: 768px) {\r\n\t#tab_container_10197 .wpsm_nav-tabs > li {\r\n\t\t\t\t\r\n\t}\r\n\t#tab_container_10197 .wpsm_nav{\r\n\t\t\t}\r\n}\r\n\r\n\r\n\t.wpsm_nav-tabs li:before{\r\n\t\tdisplay:none !important;\r\n\t}\r\n\r\n\t@media (max-width: 768px) {\r\n\t\t\t\t\r\n\t\t\t\t.wpsm_nav-tabs{\r\n\t\t\tmargin-left:0px !important;\r\n\t\t\tmargin-right:0px !important; \r\n\t\t\t\r\n\t\t}\r\n\t\t\t\t#tab_container_10197 .wpsm_nav-tabs > li{\r\n\t\t\tfloat:none !important;\r\n\t\t}\r\n\t\t\t\r\n\t}\t\t\t\t<\/style>\r\n\t\t\t\t<div id=\"tab_container_10197\" >\r\n\t \r\n\t\t\t\t\t<ul class=\"wpsm_nav wpsm_nav-tabs\" role=\"tablist\" id=\"myTab_10197\">\r\n\t\t\t\t\t\t\t\r\n\t\t\t\t\t\t\t<li role=\"presentation\"  class=\"active\"  onclick=\"do_resize()\">\r\n\r\n\t\t\t\t\t\t\t\t<!-- XTEC ************ MODIFICAT - Disable scrolling on tab change. Fixes error in option \"Tabs Description Animation\" -->\r\n\t\t\t\t\t\t\t\t<!-- 2021.12.01 @aginard -->\r\n\t\t\t\t\t\t\t\t<a href=\"javascript:void(0);\" aria-controls=\"tabs_desc_10197_1\" role=\"tab\" data-toggle=\"tab\" data-target=\"#tabs_desc_10197_1\">\r\n\t\t\t\t\t\t\t\t<!-- ORIGINAL\r\n\t\t\t\t\t\t\t\t<a href=\"#tabs_desc_10197_1\" aria-controls=\"tabs_desc_10197_1\" role=\"tab\" data-toggle=\"tab\">\r\n\t\t\t\t\t\t\t\t-->\r\n\t\t\t\t\t\t\t\t<!-- ************ FI -->\r\n\t\t\t\t\t\t\t\t\t\r\n\t\t\t\t\t\t\t\t\t\t\t\t\t\t\t\t\t\t\t\t\t\t\t\t\t\t\t\t\t\t\t\t\t\t\t\t\t\t\t\t\t\t\t\t\t\t\t\t\t\r\n\t\t\t\t\t\t\t\t\t\t\t\t\t\t\t\t\t\t\r\n\t\t\t\t\t\t\t\t\t<span>Trobades de coordinaci\u00f3<\/span>\r\n\t\t\t\t\t\t\t\t\t\r\n\t\t\t\t\t\t\t\t\t\t\t\t\t\t\t\t\t\t\r\n\t\t\t\t\t\t\t\t\t\t\t\t\t\t\t\t\t\t\t\t\r\n\t\t\t\t\t\t\t\t\t\r\n\t\t\t\t\t\t\t\t<\/a>\r\n\t\t\t\t\t\t\t<\/li>\r\n\t\t\t\t\t\t\t\r\n\t\t\t\t\t\t\t<li role=\"presentation\"  onclick=\"do_resize()\">\r\n\r\n\t\t\t\t\t\t\t\t<!-- XTEC ************ MODIFICAT - Disable scrolling on tab change. Fixes error in option \"Tabs Description Animation\" -->\r\n\t\t\t\t\t\t\t\t<!-- 2021.12.01 @aginard -->\r\n\t\t\t\t\t\t\t\t<a href=\"javascript:void(0);\" aria-controls=\"tabs_desc_10197_2\" role=\"tab\" data-toggle=\"tab\" data-target=\"#tabs_desc_10197_2\">\r\n\t\t\t\t\t\t\t\t<!-- ORIGINAL\r\n\t\t\t\t\t\t\t\t<a href=\"#tabs_desc_10197_2\" aria-controls=\"tabs_desc_10197_2\" role=\"tab\" data-toggle=\"tab\">\r\n\t\t\t\t\t\t\t\t-->\r\n\t\t\t\t\t\t\t\t<!-- ************ FI -->\r\n\t\t\t\t\t\t\t\t\t\r\n\t\t\t\t\t\t\t\t\t\t\t\t\t\t\t\t\t\t\t\t\t\t\t\t\t\t\t\t\t\t\t\t\t\t\t\t\t\t\t\t\t\t\t\t\t\t\t\t\t\r\n\t\t\t\t\t\t\t\t\t\t\t\t\t\t\t\t\t\t\r\n\t\t\t\t\t\t\t\t\t<span>Documentaci\u00f3 necess\u00e0ria<\/span>\r\n\t\t\t\t\t\t\t\t\t\r\n\t\t\t\t\t\t\t\t\t\t\t\t\t\t\t\t\t\t\r\n\t\t\t\t\t\t\t\t\t\t\t\t\t\t\t\t\t\t\t\t\r\n\t\t\t\t\t\t\t\t\t\r\n\t\t\t\t\t\t\t\t<\/a>\r\n\t\t\t\t\t\t\t<\/li>\r\n\t\t\t\t\t\t\t\r\n\t\t\t\t\t\t\t<li role=\"presentation\"  onclick=\"do_resize()\">\r\n\r\n\t\t\t\t\t\t\t\t<!-- XTEC ************ MODIFICAT - Disable scrolling on tab change. Fixes error in option \"Tabs Description Animation\" -->\r\n\t\t\t\t\t\t\t\t<!-- 2021.12.01 @aginard -->\r\n\t\t\t\t\t\t\t\t<a href=\"javascript:void(0);\" aria-controls=\"tabs_desc_10197_3\" role=\"tab\" data-toggle=\"tab\" data-target=\"#tabs_desc_10197_3\">\r\n\t\t\t\t\t\t\t\t<!-- ORIGINAL\r\n\t\t\t\t\t\t\t\t<a href=\"#tabs_desc_10197_3\" aria-controls=\"tabs_desc_10197_3\" role=\"tab\" data-toggle=\"tab\">\r\n\t\t\t\t\t\t\t\t-->\r\n\t\t\t\t\t\t\t\t<!-- ************ FI -->\r\n\t\t\t\t\t\t\t\t\t\r\n\t\t\t\t\t\t\t\t\t\t\t\t\t\t\t\t\t\t\t\t\t\t\t\t\t\t\t\t\t\t\t\t\t\t\t\t\t\t\t\t\t\t\t\t\t\t\t\t\t\r\n\t\t\t\t\t\t\t\t\t\t\t\t\t\t\t\t\t\t\r\n\t\t\t\t\t\t\t\t\t<span>Allotjament<\/span>\r\n\t\t\t\t\t\t\t\t\t\r\n\t\t\t\t\t\t\t\t\t\t\t\t\t\t\t\t\t\t\r\n\t\t\t\t\t\t\t\t\t\t\t\t\t\t\t\t\t\t\t\t\r\n\t\t\t\t\t\t\t\t\t\r\n\t\t\t\t\t\t\t\t<\/a>\r\n\t\t\t\t\t\t\t<\/li>\r\n\t\t\t\t\t\t\t\r\n\t\t\t\t\t\t\t<li role=\"presentation\"  onclick=\"do_resize()\">\r\n\r\n\t\t\t\t\t\t\t\t<!-- XTEC ************ MODIFICAT - Disable scrolling on tab change. Fixes error in option \"Tabs Description Animation\" -->\r\n\t\t\t\t\t\t\t\t<!-- 2021.12.01 @aginard -->\r\n\t\t\t\t\t\t\t\t<a href=\"javascript:void(0);\" aria-controls=\"tabs_desc_10197_4\" role=\"tab\" data-toggle=\"tab\" data-target=\"#tabs_desc_10197_4\">\r\n\t\t\t\t\t\t\t\t<!-- ORIGINAL\r\n\t\t\t\t\t\t\t\t<a href=\"#tabs_desc_10197_4\" aria-controls=\"tabs_desc_10197_4\" role=\"tab\" data-toggle=\"tab\">\r\n\t\t\t\t\t\t\t\t-->\r\n\t\t\t\t\t\t\t\t<!-- ************ FI -->\r\n\t\t\t\t\t\t\t\t\t\r\n\t\t\t\t\t\t\t\t\t\t\t\t\t\t\t\t\t\t\t\t\t\t\t\t\t\t\t\t\t\t\t\t\t\t\t\t\t\t\t\t\t\t\t\t\t\t\t\t\t\r\n\t\t\t\t\t\t\t\t\t\t\t\t\t\t\t\t\t\t\r\n\t\t\t\t\t\t\t\t\t<span>Activitats pr\u00e8vies<\/span>\r\n\t\t\t\t\t\t\t\t\t\r\n\t\t\t\t\t\t\t\t\t\t\t\t\t\t\t\t\t\t\r\n\t\t\t\t\t\t\t\t\t\t\t\t\t\t\t\t\t\t\t\t\r\n\t\t\t\t\t\t\t\t\t\r\n\t\t\t\t\t\t\t\t<\/a>\r\n\t\t\t\t\t\t\t<\/li>\r\n\t\t\t\t\t\t\t\t\t\t\t <\/ul>\r\n\r\n\t\t\t\t\t  <!-- Tab panes -->\r\n\t\t\t\t\t  <div class=\"tab-content\" id=\"tab-content_10197\">\r\n\t\t\t\t\t\t\t\t\t\t\t\t <div role=\"tabpanel\" class=\"tab-pane  in active \" id=\"tabs_desc_10197_1\">\r\n\t\t\t\t\t\t\t\t<p>La <strong>trobada de coordinaci\u00f3 presencial <\/strong>\u00e9s una jornada adre\u00e7ada als docents que tenen prevista una estada amb el seu alumnat al CdA de Tremp.<\/p>\n<p>En aquesta trobada, a banda de con\u00e8ixer les instal\u00b7lacions del CdA i l\u2019alberg de Tremp, es concretar\u00e0 la planificaci\u00f3 de la proposta educativa que cada centre educatiu desenvolupar\u00e0 durant la seva estada al CdA de Tremp.<\/p>\n<p>Tingueu en compte que les estades als Camps i Entorns d\u2019Aprenentatge serveixen per aprofundir aspectes del proc\u00e9s d\u2019ensenyament-aprenentatge que l\u2019alumnat treballa als centres escolars i pretenen desenvolupar aspectes competencials i complementar el curr\u00edculum que els alumnes reben als seus centres. \u00c9s per tot aix\u00f2, que creiem que \u00e9s molt important l\u2019assist\u00e8ncia a aquesta jordana.<\/p>\n<p>En cas de no voler-se despla\u00e7ar fins al CdA de Tremp, tamb\u00e9 s'ofereix l'opci\u00f3 de realitzar la trobada de coordinaci\u00f3 de forma <strong>telem\u00e0tica<\/strong>.<\/p>\n\t\t\t\t\t\t <\/div>\r\n\t\t\t\t\t\t\t\t\t\t\t\t <div role=\"tabpanel\" class=\"tab-pane \" id=\"tabs_desc_10197_2\">\r\n\t\t\t\t\t\t\t\t<p>Us recordem que per formalitzar la inscripci\u00f3 heu de portar a la reuni\u00f3 de coordinaci\u00f3, o enviar al CdA de Tremp (per correu postal o electr\u00f2nic) uns dies abans de l\u2019estada el <a href=\"https:\/\/drive.google.com\/open?id=0Bx8JlznV77svc01HZ2R3N3RpZlU\">full d\u2019inscripci\u00f3 definitiva<\/a>, signat pel director\/a i amb el segell del centre.<\/p>\n<p>Tamb\u00e9 seria convenient aportar amb anterioritat a l\u2019estada la seg\u00fcent informaci\u00f3:<\/p>\n<ul>\n<li><strong>Llistat d\u2019alumnes<\/strong> que poden gaudir d\u2019<strong>exempci\u00f3 o bonificaci\u00f3<\/strong> en el preu p\u00fablic pel servei d\u2019activitats dels Camps d\u2019Aprenentatge, segons l\u2019ordre<a href=\"http:\/\/portaldogc.gencat.cat\/utilsEADOP\/PDF\/7148\/1508527.pdf\"> ENS\/163\/2016<\/a> (com per exemple alumnes de fam\u00edlies monoparentals, nombroses\u2026). Per gaudir aquests descomptes s\u2019han d\u2019adjuntar les fotoc\u00f2pies dels documents acreditatius (carnets de fam\u00edlia nombrosa, discapacitat\u2026)<\/li>\n<li><strong>Llistat d\u2019alumnes<\/strong> amb<strong> al\u00b7l\u00e8rgies i\/o intoler\u00e0ncies aliment\u00e0ries<\/strong> (per comunicar-ho a l\u2019alberg)<\/li>\n<\/ul>\n<p>Per \u00faltim seria de molta utilitat per a la bona marxa de les activitats i organitzaci\u00f3 a l\u2019alberg que el primer dia de l\u2019estada estiguessin definits:<\/p>\n<ul>\n<li><strong>Distribuci\u00f3<\/strong> d\u2019alumnes a les <strong>habitacions<\/strong> de l\u2019alberg, en grups de 6 o 8 (nombre de llits en cada habitaci\u00f3). Ho podeu organitzar en aquest<a href=\"https:\/\/drive.google.com\/open?id=0Bx8JlznV77svbUNrNDBKaGQ4ZWs\"> full<\/a>.<\/li>\n<li><strong>Grups de treball<\/strong> dels\/les alumnes ( 2, 3 o 4 alumnes per grup, segons l\u2019activitat)<\/li>\n<\/ul>\n\t\t\t\t\t\t <\/div>\r\n\t\t\t\t\t\t\t\t\t\t\t\t <div role=\"tabpanel\" class=\"tab-pane \" id=\"tabs_desc_10197_3\">\r\n\t\t\t\t\t\t\t\t<p>Com ja s\u2019ha especificat en la p\u00e0gina de l\u2019allotjament, aquest es realitza a l\u2019<a href=\"http:\/\/serveiseducatius.xtec.cat\/eda-tremp\/el-camp\/allotjament\/\">Alberg de Joventut del Pallars<\/a>, de la xarxa XANASCAT de la Generalitat de Catalunya.<\/p>\n<p>Els preus de l\u2019allotjament i manutenci\u00f3 estan especificats en el punt 2 de la p\u00e0gina <a href=\"http:\/\/serveiseducatius.xtec.cat\/eda-tremp\/amb-els-centres\/quotes-i-pagaments\/\">quotes i pagaments<\/a>.<\/p>\n<p>Per a la vostra organitzaci\u00f3 seria convenient que us pos\u00e9ssiu <strong>en contacte directament amb l\u2019alberg<\/strong> i tingu\u00e9ssiu en compte els seg\u00fcents documents:<\/p>\n<ul>\n<li>Llistat amb el <a href=\"https:\/\/drive.google.com\/open?id=0Bx8JlznV77svNEpGMGxVZjk0Wlk\">que cal portar,<\/a> per part dels\/les alumnes.<\/li>\n<li><a href=\"https:\/\/drive.google.com\/open?id=0Bx8JlznV77svRkE1ZWJVQldzSmc\">Horari<\/a> general i d\u2019\u00e0pats.<\/li>\n<\/ul>\n\t\t\t\t\t\t <\/div>\r\n\t\t\t\t\t\t\t\t\t\t\t\t <div role=\"tabpanel\" class=\"tab-pane \" id=\"tabs_desc_10197_4\">\r\n\t\t\t\t\t\t\t\t<p>En aquesta p\u00e0gina trobareu una <a href=\"https:\/\/serveiseducatius.xtec.cat\/cda-tremp\/amb-els-centres\/preparacio\/activitats-previes\/\"><strong>proposta d\u2019acti<\/strong><strong>vitats pr\u00e8vies<\/strong><\/a> a la vostra estada. Recordeu que l\u2019estada forma part d\u2019una seq\u00fc\u00e8ncia d\u2019ensenyament-aprenentatge que comen\u00e7a a l\u2019aula abans de venir a Tremp i que ha d\u2019estar relacionada amb el projecte curricular del centre.<\/p>\n<p>Un temps abans de l'Estada, personal del CdA de Tremp es posar\u00e0 en contacte amb els professors\/es o mestres del grup per a recomanar un tipus o altre d'activitats pr\u00e8vies.<\/p>\n<p>Hi ha tres tipus d\u2019activitats pr\u00e8vies, <strong>relacionades amb els tres \u00e0mbits<\/strong> que desenvolupa al CdA de Tremp. Podeu escollir totes les d\u2019un mateix \u00e0mbit, o triar-ne algunes de diferents \u00e0mbits, segons la programaci\u00f3 de l\u2019estada que els centres han pactat\u00a0 amb el CdA i dels objectius a assolir.<\/p>\n\t\t\t\t\t\t <\/div>\r\n\t\t\t\t\t\t\t\r\n\t\t\t\t\t <\/div>\r\n\t\t\t\t\t \r\n\t\t\t\t <\/div>\r\n <script>\r\n\t\tjQuery(function () {\r\n\t\t\tjQuery('#myTab_10197 a:first').tab('show')\r\n\t\t});\r\n\t\t\r\n\t\t\t\tjQuery(function(){\r\n\t\t\tvar b=\"fadeIn\";\r\n\t\t\tvar c;\r\n\t\t\tvar a;\r\n\t\t\td(jQuery(\"#myTab_10197 a\"),jQuery(\"#tab-content_10197\"));function d(e,f,g){\r\n\t\t\t\te.click(function(i){\r\n\t\t\t\t\ti.preventDefault();\r\n\t\t\t\t\tjQuery(this).tab(\"show\");\r\n\t\t\t\t\tvar h=jQuery(this).data(\"easein\");\r\n\t\t\t\t\tif(c){c.removeClass(a);}\r\n\t\t\t\t\tif(h){f.find(\"div.active\").addClass(\"animated \"+h);a=h;}\r\n\t\t\t\t\telse{if(g){f.find(\"div.active\").addClass(\"animated \"+g);a=g;}else{f.find(\"div.active\").addClass(\"animated \"+b);a=b;}}c=f.find(\"div.active\");\r\n\t\t\t\t});\r\n\t\t\t}\r\n\t\t});\r\n\t\t\r\n\r\n\t\tfunction do_resize(){\r\n\r\n\t\t\tvar width=jQuery( '.tab-content .tab-pane iframe' ).width();\r\n\t\t\tvar height=jQuery( '.tab-content .tab-pane iframe' ).height();\r\n\r\n\t\t\tvar toggleSize = true;\r\n\t\t\tjQuery('iframe').animate({\r\n\t\t\t    width: toggleSize ? width : 640,\r\n\t\t\t    height: toggleSize ? height : 360\r\n\t\t\t  }, 250);\r\n\r\n\t\t\t  toggleSize = !toggleSize;\r\n\t\t}\r\n\r\n\r\n\t<\/script>\r\n\t\t\t\t\r\n\t\t\t\n<p>&nbsp;<\/p>\n","protected":false},"excerpt":{"rendered":"<p>Organitzaci\u00f3 i documentaci\u00f3\u00a0 Clicant la imatge trobareu una infografia dirigida al professorat, amb la informaci\u00f3 i documentaci\u00f3 necess\u00e0ria per a [&hellip;]<\/p>\n","protected":false},"author":1,"featured_media":0,"parent":8272,"menu_order":10,"comment_status":"closed","ping_status":"closed","template":"","meta":{"_bbp_topic_count":0,"_bbp_reply_count":0,"_bbp_total_topic_count":0,"_bbp_total_reply_count":0,"_bbp_voice_count":0,"_bbp_anonymous_reply_count":0,"_bbp_topic_count_hidden":0,"_bbp_reply_count_hidden":0,"_bbp_forum_subforum_count":0,"site-sidebar-layout":"default","site-content-layout":"","ast-site-content-layout":"default","site-content-style":"default","site-sidebar-style":"default","ast-global-header-display":"","ast-banner-title-visibility":"","ast-main-header-display":"","ast-hfb-above-header-display":"","ast-hfb-below-header-display":"","ast-hfb-mobile-header-display":"","site-post-title":"","ast-breadcrumbs-content":"","ast-featured-img":"","footer-sml-layout":"","theme-transparent-header-meta":"default","adv-header-id-meta":"","stick-header-meta":"","header-above-stick-meta":"","header-main-stick-meta":"","header-below-stick-meta":"","astra-migrate-meta-layouts":"set","ast-page-background-enabled":"default","ast-page-background-meta":{"desktop":{"background-color":"var(--ast-global-color-4)","background-image":"","background-repeat":"repeat","background-position":"center center","background-size":"auto","background-attachment":"scroll","background-type":"","background-media":"","overlay-type":"","overlay-color":"","overlay-opacity":"","overlay-gradient":""},"tablet":{"background-color":"","background-image":"","background-repeat":"repeat","background-position":"center center","background-size":"auto","background-attachment":"scroll","background-type":"","background-media":"","overlay-type":"","overlay-color":"","overlay-opacity":"","overlay-gradient":""},"mobile":{"background-color":"","background-image":"","background-repeat":"repeat","background-position":"center center","background-size":"auto","background-attachment":"scroll","background-type":"","background-media":"","overlay-type":"","overlay-color":"","overlay-opacity":"","overlay-gradient":""}},"ast-content-background-meta":{"desktop":{"background-color":"var(--ast-global-color-5)","background-image":"","background-repeat":"repeat","background-position":"center center","background-size":"auto","background-attachment":"scroll","background-type":"","background-media":"","overlay-type":"","overlay-color":"","overlay-opacity":"","overlay-gradient":""},"tablet":{"background-color":"var(--ast-global-color-5)","background-image":"","background-repeat":"repeat","background-position":"center center","background-size":"auto","background-attachment":"scroll","background-type":"","background-media":"","overlay-type":"","overlay-color":"","overlay-opacity":"","overlay-gradient":""},"mobile":{"background-color":"var(--ast-global-color-5)","background-image":"","background-repeat":"repeat","background-position":"center center","background-size":"auto","background-attachment":"scroll","background-type":"","background-media":"","overlay-type":"","overlay-color":"","overlay-opacity":"","overlay-gradient":""}},"footnotes":""},"class_list":["post-549","page","type-page","status-publish","hentry"],"post_mailing_queue_ids":[],"_links":{"self":[{"href":"https:\/\/serveiseducatius.xtec.cat\/cda-tremp\/wp-json\/wp\/v2\/pages\/549","targetHints":{"allow":["GET"]}}],"collection":[{"href":"https:\/\/serveiseducatius.xtec.cat\/cda-tremp\/wp-json\/wp\/v2\/pages"}],"about":[{"href":"https:\/\/serveiseducatius.xtec.cat\/cda-tremp\/wp-json\/wp\/v2\/types\/page"}],"author":[{"embeddable":true,"href":"https:\/\/serveiseducatius.xtec.cat\/cda-tremp\/wp-json\/wp\/v2\/users\/1"}],"replies":[{"embeddable":true,"href":"https:\/\/serveiseducatius.xtec.cat\/cda-tremp\/wp-json\/wp\/v2\/comments?post=549"}],"version-history":[{"count":6,"href":"https:\/\/serveiseducatius.xtec.cat\/cda-tremp\/wp-json\/wp\/v2\/pages\/549\/revisions"}],"predecessor-version":[{"id":9326,"href":"https:\/\/serveiseducatius.xtec.cat\/cda-tremp\/wp-json\/wp\/v2\/pages\/549\/revisions\/9326"}],"up":[{"embeddable":true,"href":"https:\/\/serveiseducatius.xtec.cat\/cda-tremp\/wp-json\/wp\/v2\/pages\/8272"}],"wp:attachment":[{"href":"https:\/\/serveiseducatius.xtec.cat\/cda-tremp\/wp-json\/wp\/v2\/media?parent=549"}],"curies":[{"name":"wp","href":"https:\/\/api.w.org\/{rel}","templated":true}]}}