{"id":165,"date":"2013-11-15T13:32:09","date_gmt":"2013-11-15T12:32:09","guid":{"rendered":"http:\/\/blocs.xtec.cat\/plantillacda\/?page_id=165"},"modified":"2025-06-17T14:27:12","modified_gmt":"2025-06-17T12:27:12","slug":"pedraforca","status":"publish","type":"page","link":"https:\/\/serveiseducatius.xtec.cat\/cda-tremp\/ambits\/pedraforca\/","title":{"rendered":"Hist\u00f2ria i societat"},"content":{"rendered":"<table style=\"height: 229px; color: #ffffff; font-weight: bold; width: 51.8945%;\" border=\"0\" width=\"877\" cellspacing=\"2\" cellpadding=\"2\">\n<tbody>\n<tr style=\"height: 88px;\">\n<td style=\"width: 99.8804%; background-color: #99310e; text-align: center; height: 20px;\" rowspan=\"2\" bgcolor=\"#ad6b51\"><span style=\"color: #ffffff; font-size: x-large;\"><b><span style=\"color: #993300;\">__________________________<\/span>Activitats<span style=\"color: #993300;\">_______________________<\/span><br \/>\n<\/b><\/span><\/td>\n<td style=\"width: 14.9075%; background-color: #99310e; text-align: center; height: 10px;\" colspan=\"3\"><b><span style=\"color: #ffffff;\">Prim\u00e0ria<\/span><\/b><\/td>\n<td style=\"width: 13.396%; background-color: #99310e; height: 10px;\" colspan=\"2\" align=\"center\" valign=\"middle\" bgcolor=\"#ad6b51\"><span style=\"color: #ffffff;\"><b>ESO<\/b><\/span><\/td>\n<td style=\"background-color: #99310e; width: 8.93067%; height: 20px;\" rowspan=\"2\" bgcolor=\"#ad6b51\"><span style=\"color: #ffffff;\"><b>Batx.<\/b><\/span><\/td>\n<td style=\"text-align: center; width: 14.1011%; background-color: #99310e; height: 10px;\" colspan=\"2\" bgcolor=\"#ad6b51\"><span style=\"color: #ffffff;\"><b>Cicles Formatius<\/b><\/span><\/td>\n<\/tr>\n<tr style=\"height: 88px;\">\n<td style=\"width: 0.806452%; background-color: #99310e; text-align: center; height: 10px;\"><b><span style=\"color: #ffffff;\">\u00a0CI<\/span><\/b><\/td>\n<td style=\"width: 7.63807%; background-color: #99310e; height: 10px;\" align=\"center\" valign=\"middle\" bgcolor=\"#ad6b51\"><b><span style=\"color: #ffffff;\">\u00a0CM<\/span><\/b><\/td>\n<td style=\"width: 6.46298%; background-color: #99310e; height: 10px;\" align=\"center\" valign=\"middle\" bgcolor=\"#ad6b51\"><span style=\"color: #ffffff;\">CS<\/span><\/td>\n<td style=\"width: 6.34548%; background-color: #99310e; height: 10px;\" align=\"center\" valign=\"middle\" bgcolor=\"#ad6b51\"><span style=\"color: #ffffff;\">1r 2n<br \/>\n<\/span><\/td>\n<td style=\"width: 7.05053%; background-color: #99310e; height: 10px;\" align=\"center\" valign=\"middle\" bgcolor=\"#ad6b51\"><span style=\"color: #ffffff;\"><b>\u00a03r\u00a0 4t<br \/>\n<\/b><\/span><\/td>\n<td style=\"text-align: center; width: 7.40306%; background-color: #99310e; height: 10px;\" bgcolor=\"#ad6b51\"><span style=\"color: #ffffff;\">GM<\/span><\/td>\n<td style=\"text-align: center; width: 6.698%; background-color: #99310e; height: 10px;\" bgcolor=\"#ad6b51\"><span style=\"color: #ffffff;\">GS<\/span><\/td>\n<\/tr>\n<tr style=\"height: 53px;\">\n<td style=\"width: 99.8804%; height: 53px; background-color: #f2f1f0;\" bgcolor=\"#edded8\">\n<div class=\"estil_1\"><a href=\"http:\/\/serveiseducatius.xtec.cat\/cda-tremp\/ambits\/pedraforca\/carreu-un-entorn-de-novella\/\"><b><i><span style=\"font-style: italic; font-size: 14px; color: #ad6b51; font-family: Verdana, Geneva, sans-serif;\"><span style=\"color: #993300;\">Carreu, un entorn de novel\u00b7la<\/span><\/span><\/i><\/b><\/a><\/div>\n<div class=\"estil_1\"><span style=\"color: #808080;\">Itinerari literari-natural\u00edstic per la vall de Carreu<\/span><\/div>\n<\/td>\n<td style=\"width: 0.806452%; height: 53px; background-color: #f6eeec;\"><\/td>\n<td style=\"width: 7.63807%; height: 53px;\" bgcolor=\"#F6eeec\"><\/td>\n<td style=\"background-color: #f6eeec; width: 6.46298%; height: 53px;\" bgcolor=\"#edded8\"><b>\u00a0<\/b><\/td>\n<td style=\"width: 6.34548%; height: 53px;\" bgcolor=\"#F6eeec\"><\/td>\n<td style=\"background-color: #c6e0b4; width: 7.05053%; height: 53px;\" bgcolor=\"#F6eeec\"><span style=\"color: #ffffff;\"><b>\u00a0<\/b><\/span><\/td>\n<td style=\"background-color: #c6e0b4; width: 8.93067%; height: 53px;\" bgcolor=\"#F6eeec\"><\/td>\n<td style=\"width: 7.40306%; height: 53px;\" bgcolor=\"#F6eeec\"><\/td>\n<td style=\"width: 6.698%; height: 53px;\" bgcolor=\"#F6eeec\"><\/td>\n<\/tr>\n<tr style=\"height: 54px;\">\n<td style=\"width: 99.8804%; height: 54px; background-color: #f2f1f0;\" bgcolor=\"#edded8\">\n<div class=\"estil_1\"><a href=\"http:\/\/serveiseducatius.xtec.cat\/cda-tremp\/ambits\/pedraforca\/el-pallars-fa-mil-anys\/\"><b><i><span style=\"font-style: italic; font-size: 14px; color: #ad6b51; font-family: Verdana, Geneva, sans-serif;\"><span style=\"color: #993300;\">El Pallars fa mil anys<\/span><\/span><\/i><\/b><\/a><\/div>\n<div class=\"subtittols\"><span style=\"color: #808080;\">Itinerari medieval-rom\u00e0nic pels castells de frontera. Mur-Llord\u00e0-Llimiana<\/span><\/div>\n<\/td>\n<td style=\"background-color: #f6eeec; width: 0.806452%; height: 54px;\"><\/td>\n<td style=\"background-color: #ffe699; width: 7.63807%; height: 54px;\" bgcolor=\"#edded8\"><\/td>\n<td style=\"background-color: #c6e0b4; width: 6.46298%; height: 54px;\" bgcolor=\"#edded8\"><\/td>\n<td style=\"background-color: #c6e0b4; width: 6.34548%; height: 54px;\" bgcolor=\"#edded8\"><\/td>\n<td style=\"background-color: #c6e0b4; width: 7.05053%; height: 54px;\" bgcolor=\"#edded8\"><b><span style=\"color: #ffffff;\">\u00a0<\/span><\/b><\/td>\n<td style=\"background-color: #ffe699; width: 8.93067%; height: 54px;\" bgcolor=\"#F6eeec\"><b><span style=\"color: #ffffff;\">\u00a0<\/span><\/b><\/td>\n<td style=\"background-color: #ffe699; width: 7.40306%; height: 54px;\" bgcolor=\"#edded8\"><\/td>\n<td style=\"background-color: #ffe699; width: 6.698%; height: 54px;\" bgcolor=\"#edded8\"><\/td>\n<\/tr>\n<tr style=\"height: 10px;\">\n<td style=\"width: 99.8804%; height: 10px; background-color: #f2f1f0;\">\n<div><span style=\"color: #993300;\"><a style=\"color: #993300;\" href=\"https:\/\/serveiseducatius.xtec.cat\/cda-tremp\/ambits\/pedraforca\/els-secrets-de-mur-scape-mur\/\"><strong><em>Els secrets de Mur. Scape Mur.<\/em><\/strong><\/a><\/span><\/div>\n<div><span style=\"color: #808080;\">Joc de resoluci\u00f3 de reptes a la col\u00b7legiata de Sta Maria de Mur, i visita al castell.<\/span><\/div>\n<\/td>\n<td style=\"background-color: #ffe699; width: 0.806452%; height: 10px;\"><\/td>\n<td style=\"background-color: #ffe699; width: 7.63807%; height: 10px;\"><\/td>\n<td style=\"background-color: #c6e0b4; width: 6.46298%; height: 10px;\"><\/td>\n<td style=\"background-color: #c6e0b4; width: 6.34548%; height: 10px;\"><\/td>\n<td style=\"background-color: #c6e0b4; width: 7.05053%; height: 10px;\"><b><span style=\"color: #ffffff;\">\u00a0<\/span><\/b><\/td>\n<td style=\"background-color: #ffe699; width: 8.93067%; height: 10px;\"><b><span style=\"color: #ffffff;\">\u00a0<\/span><\/b><\/td>\n<td style=\"background-color: #ffe699; width: 7.40306%; height: 10px;\"><\/td>\n<td style=\"background-color: #ffe699; width: 6.698%; height: 10px;\"><\/td>\n<\/tr>\n<tr style=\"height: 82px;\">\n<td style=\"width: 99.8804%; background-color: #f2f1f0; height: 82px;\">\n<div>\n<div class=\"estil_1\"><a href=\"https:\/\/serveiseducatius.xtec.cat\/cda-tremp\/ambits\/pedraforca\/lletra-a-lletra\/\"><b><i>Lletra a lletra<\/i><\/b><\/a><\/div>\n<div class=\"subtittols\"><span style=\"color: #808080;\">Taller d&#8217;escriptura medieval<\/span><\/div>\n<\/div>\n<\/td>\n<td style=\"background-color: #ffe699; width: 0.806452%; height: 82px;\"><\/td>\n<td style=\"background-color: #ffe699; width: 7.63807%; height: 82px;\"><\/td>\n<td style=\"background-color: #c6e0b4; width: 6.46298%; height: 82px;\"><\/td>\n<td style=\"background-color: #c6e0b4; width: 6.34548%; height: 82px;\"><\/td>\n<td style=\"background-color: #c6e0b4; width: 7.05053%; height: 82px;\"><b><span style=\"color: #ffffff;\">\u00a0<\/span><\/b><\/td>\n<td style=\"background-color: #ffe699; width: 8.93067%; height: 82px;\"><b><span style=\"color: #ffffff;\">\u00a0<\/span><\/b><\/td>\n<td style=\"background-color: #ffe699; width: 7.40306%; height: 82px;\"><\/td>\n<td style=\"background-color: #ffe699; width: 6.698%; height: 82px;\"><\/td>\n<\/tr>\n<tr style=\"height: 65px;\">\n<td style=\"width: 99.8804%; height: 10px; background-color: #f2f1f0;\" bgcolor=\"#edded8\">\n<div class=\"estil_1\"><a href=\"http:\/\/serveiseducatius.xtec.cat\/cda-tremp\/ambits\/pedraforca\/descoberta-de-la-historia-contemporania-a-traves-de-la-vida-quotidiana\/\"><b><i><span style=\"font-style: italic; font-size: 14px; color: #ad6b51; font-family: Verdana, Geneva, sans-serif;\"><span style=\"color: #993300;\">Descoberta de la hist\u00f2ria contempor\u00e0nia a trav\u00e9s de la vida quotidiana<\/span><\/span><\/i><\/b><\/a><\/div>\n<div class=\"subtittols\"><span style=\"color: #808080;\">Les Botigues Museu de Sal\u00e0s de Pallars<\/span><\/div>\n<\/td>\n<td style=\"background-color: #ffe699; width: 0.806452%; height: 10px;\"><\/td>\n<td style=\"background-color: #ffe699; width: 7.63807%; height: 10px;\" bgcolor=\"#edded8\"><\/td>\n<td style=\"background-color: #c6e0b4; width: 6.46298%; height: 10px;\" bgcolor=\"#edded8\"><\/td>\n<td style=\"background-color: #c6e0b4; width: 6.34548%; height: 10px;\" bgcolor=\"#edded8\"><\/td>\n<td style=\"background-color: #c6e0b4; width: 7.05053%; height: 10px;\" bgcolor=\"#edded8\"><\/td>\n<td style=\"background-color: #ffe699; width: 8.93067%; height: 10px;\" bgcolor=\"#F6eeec\"><\/td>\n<td style=\"background-color: #ffe699; width: 7.40306%; height: 10px;\" bgcolor=\"#F6eeec\"><\/td>\n<td style=\"background-color: #ffe699; width: 6.698%; height: 10px;\" bgcolor=\"#F6eeec\"><\/td>\n<\/tr>\n<\/tbody>\n<\/table>\n<table style=\"height: 77px;\" width=\"295\">\n<tbody>\n<tr>\n<td style=\"width: 50px;\" bgcolor=\"#c6e0b4\"><\/td>\n<td>Oferta recomanada especialment<\/td>\n<\/tr>\n<tr>\n<td bgcolor=\"#ffe699\"><\/td>\n<td>Oferta adaptable<\/td>\n<\/tr>\n<\/tbody>\n<\/table>\n<h4><\/h4>\n<h4><\/h4>\n<h4><strong>ALTRES ACTIVITATS RECOMANADES PELS CENTRES DE LA ZONA:<\/strong><\/h4>\n<table style=\"width: 409px; height: 206px;\">\n<tbody>\n<tr style=\"height: 49px;\">\n<td style=\"width: 402.767px; height: 49px; border-color: #d59bfa; background-color: #e8cbf7;\">\n<div class=\"estil_1\"><strong><a href=\"http:\/\/serveiseducatius.xtec.cat\/cda-tremp\/ambits\/pedraforca\/tremp-dels-origens-a-ledat-moderna\/\"><i>Tremp, dels or\u00edgens a l&#8217;Edat Moderna<\/i><\/a><\/strong><\/div>\n<div class=\"subtittols\"><strong>Itinerari pel casc antic i ravals<\/strong><\/div>\n<\/td>\n<\/tr>\n<tr style=\"height: 49px;\">\n<td style=\"width: 402.767px; height: 49px; border-color: #d59bfa; background-color: #e8cbf7;\">\n<div class=\"estil_1\"><strong><a href=\"http:\/\/serveiseducatius.xtec.cat\/cda-tremp\/ambits\/pedraforca\/el-pas-de-les-cultures\/\"><i>El pas de les cultures<\/i><\/a><\/strong><\/div>\n<div class=\"subtittols\"><strong>Recorregut per l&#8217;espai d&#8217;hist\u00f2ria de l&#8217;Epicentre<\/strong><\/div>\n<\/td>\n<\/tr>\n<tr style=\"height: 49px;\">\n<td style=\"width: 402.767px; height: 49px; border-color: #d59bfa; background-color: #e8cbf7;\">\n<div class=\"estil_1\"><strong><a href=\"http:\/\/serveiseducatius.xtec.cat\/cda-tremp\/ambits\/pedraforca\/la-historia-a-traves-de-personatges-quotidians\/\"><i>La hist\u00f2ria a trav\u00e9s de personatges quotidians<\/i><\/a><\/strong><\/div>\n<div class=\"estil_1\"><strong>Visita a l&#8217;exposici\u00f3 de personatges de l&#8217;Epicentre<\/strong><\/div>\n<\/td>\n<\/tr>\n<tr style=\"height: 49px;\">\n<td style=\"width: 402.767px; height: 49px; border-color: #d59bfa; background-color: #e8cbf7;\">\n<div class=\"estil_1\"><strong><a href=\"http:\/\/serveiseducatius.xtec.cat\/cda-tremp\/ambits\/pedraforca\/una-mostra-de-modernisme-al-pallars-jussa\/\"><i>Una mostra del Modernisme al Pallars Juss\u00e0<\/i><\/a><\/strong><\/div>\n<div class=\"estil_1\"><strong>Visita al conjunt Mauri, la Pobla de Segur<\/strong><\/div>\n<\/td>\n<\/tr>\n<tr style=\"height: 10px;\">\n<td style=\"width: 402.767px; height: 10px; border-color: #d59bfa; background-color: #e8cbf7;\">\n<div class=\"estil_1\"><strong><a href=\"http:\/\/serveiseducatius.xtec.cat\/cda-tremp\/ambits\/pedraforca\/un-tomb-virtual-pel-pallars\/\"><i>Un tomb virtual pel Pallars<\/i><\/a><\/strong><\/div>\n<div class=\"subtittols\"><strong>Visita als diferents espais de l&#8217;Epicentre<\/strong><\/div>\n<\/td>\n<\/tr>\n<\/tbody>\n<\/table>\n","protected":false},"excerpt":{"rendered":"<p>__________________________Activitats_______________________ Prim\u00e0ria ESO Batx. Cicles Formatius \u00a0CI \u00a0CM CS 1r 2n \u00a03r\u00a0 4t GM GS Carreu, un entorn de novel\u00b7la [&hellip;]<\/p>\n","protected":false},"author":1,"featured_media":0,"parent":8235,"menu_order":40,"comment_status":"open","ping_status":"open","template":"","meta":{"_bbp_topic_count":0,"_bbp_reply_count":0,"_bbp_total_topic_count":0,"_bbp_total_reply_count":0,"_bbp_voice_count":0,"_bbp_anonymous_reply_count":0,"_bbp_topic_count_hidden":0,"_bbp_reply_count_hidden":0,"_bbp_forum_subforum_count":0,"site-sidebar-layout":"default","site-content-layout":"","ast-site-content-layout":"default","site-content-style":"default","site-sidebar-style":"default","ast-global-header-display":"","ast-banner-title-visibility":"","ast-main-header-display":"","ast-hfb-above-header-display":"","ast-hfb-below-header-display":"","ast-hfb-mobile-header-display":"","site-post-title":"","ast-breadcrumbs-content":"","ast-featured-img":"","footer-sml-layout":"","theme-transparent-header-meta":"default","adv-header-id-meta":"","stick-header-meta":"","header-above-stick-meta":"","header-main-stick-meta":"","header-below-stick-meta":"","astra-migrate-meta-layouts":"set","ast-page-background-enabled":"default","ast-page-background-meta":{"desktop":{"background-color":"var(--ast-global-color-4)","background-image":"","background-repeat":"repeat","background-position":"center center","background-size":"auto","background-attachment":"scroll","background-type":"","background-media":"","overlay-type":"","overlay-color":"","overlay-opacity":"","overlay-gradient":""},"tablet":{"background-color":"","background-image":"","background-repeat":"repeat","background-position":"center center","background-size":"auto","background-attachment":"scroll","background-type":"","background-media":"","overlay-type":"","overlay-color":"","overlay-opacity":"","overlay-gradient":""},"mobile":{"background-color":"","background-image":"","background-repeat":"repeat","background-position":"center center","background-size":"auto","background-attachment":"scroll","background-type":"","background-media":"","overlay-type":"","overlay-color":"","overlay-opacity":"","overlay-gradient":""}},"ast-content-background-meta":{"desktop":{"background-color":"var(--ast-global-color-5)","background-image":"","background-repeat":"repeat","background-position":"center center","background-size":"auto","background-attachment":"scroll","background-type":"","background-media":"","overlay-type":"","overlay-color":"","overlay-opacity":"","overlay-gradient":""},"tablet":{"background-color":"var(--ast-global-color-5)","background-image":"","background-repeat":"repeat","background-position":"center center","background-size":"auto","background-attachment":"scroll","background-type":"","background-media":"","overlay-type":"","overlay-color":"","overlay-opacity":"","overlay-gradient":""},"mobile":{"background-color":"var(--ast-global-color-5)","background-image":"","background-repeat":"repeat","background-position":"center center","background-size":"auto","background-attachment":"scroll","background-type":"","background-media":"","overlay-type":"","overlay-color":"","overlay-opacity":"","overlay-gradient":""}},"footnotes":""},"class_list":["post-165","page","type-page","status-publish","hentry"],"post_mailing_queue_ids":[],"_links":{"self":[{"href":"https:\/\/serveiseducatius.xtec.cat\/cda-tremp\/wp-json\/wp\/v2\/pages\/165","targetHints":{"allow":["GET"]}}],"collection":[{"href":"https:\/\/serveiseducatius.xtec.cat\/cda-tremp\/wp-json\/wp\/v2\/pages"}],"about":[{"href":"https:\/\/serveiseducatius.xtec.cat\/cda-tremp\/wp-json\/wp\/v2\/types\/page"}],"author":[{"embeddable":true,"href":"https:\/\/serveiseducatius.xtec.cat\/cda-tremp\/wp-json\/wp\/v2\/users\/1"}],"replies":[{"embeddable":true,"href":"https:\/\/serveiseducatius.xtec.cat\/cda-tremp\/wp-json\/wp\/v2\/comments?post=165"}],"version-history":[{"count":6,"href":"https:\/\/serveiseducatius.xtec.cat\/cda-tremp\/wp-json\/wp\/v2\/pages\/165\/revisions"}],"predecessor-version":[{"id":11118,"href":"https:\/\/serveiseducatius.xtec.cat\/cda-tremp\/wp-json\/wp\/v2\/pages\/165\/revisions\/11118"}],"up":[{"embeddable":true,"href":"https:\/\/serveiseducatius.xtec.cat\/cda-tremp\/wp-json\/wp\/v2\/pages\/8235"}],"wp:attachment":[{"href":"https:\/\/serveiseducatius.xtec.cat\/cda-tremp\/wp-json\/wp\/v2\/media?parent=165"}],"curies":[{"name":"wp","href":"https:\/\/api.w.org\/{rel}","templated":true}]}}