{"id":157,"date":"2013-11-15T13:22:03","date_gmt":"2013-11-15T12:22:03","guid":{"rendered":"http:\/\/blocs.xtec.cat\/plantillacda\/?page_id=157"},"modified":"2025-05-06T14:41:48","modified_gmt":"2025-05-06T12:41:48","slug":"estades","status":"publish","type":"page","link":"https:\/\/serveiseducatius.xtec.cat\/cda-tremp\/modalitats\/estades\/","title":{"rendered":"Estades"},"content":{"rendered":"<p>Es tracta d&#8217;estades <strong>de dos a cinc dies<\/strong> en les quals es realitzen diverses activitats (de dia sencer o de mat\u00ed i tarda) mentre l&#8217;allotjament el proporciona l&#8217;<a href=\"https:\/\/xanascat.gencat.cat\/ca\/albergs\/albergs\/tremp-xanascat\">alberg de Joventut de Tremp<\/a> (de Xanascat). El primer contacte i la reserva de l&#8217;allotjament es duu a terme des del CdA de Tremp.<\/p>\n<p>El disseny de les estades es realitza de forma conjunta amb el centre educatiu a partir d&#8217;una reuni\u00f3 de coordinaci\u00f3 a inici de curs, un cop confirmades les dates.<\/p>\n<p style=\"text-align: justify;\">A continuaci\u00f3, per\u00f2, us proposem alguns <strong>models d&#8217;estada<\/strong>, de dos o tres dies.<\/p>\n<table style=\"height: 297px; width: 78.5084%;\" border=\"0\" cellspacing=\"2\" cellpadding=\"2\">\n<tbody>\n<tr style=\"height: 34px;\">\n<td style=\"width: 11.4173%; border-color: #ffffff; height: 68px;\" rowspan=\"2\"><\/td>\n<td style=\"width: 89.6326%; height: 34px;\" colspan=\"3\" bgcolor=\"#dfa765\"><b><span style=\"color: #ffffff; font-size: medium;\">Ci\u00e8ncies de la Terra &#8211; ESO i Batxillerat<\/span><\/b><\/td>\n<\/tr>\n<tr style=\"height: 34px;\">\n<td style=\"width: 27.5591%; text-align: center; height: 34px;\" bgcolor=\"#E9C294\"><b>Primer dia<\/b><\/td>\n<td style=\"width: 33.5245%; text-align: center; height: 34px;\" bgcolor=\"#E9C294\"><b>Segon dia<\/b><\/td>\n<td style=\"width: 28.549%; text-align: center; height: 34px;\" bgcolor=\"#E9C294\"><b>Tercer dia<\/b><\/td>\n<\/tr>\n<tr style=\"height: 120px;\">\n<td style=\"width: 11.4173%; height: 120px;\" bgcolor=\"#E9C294\"><b><br \/>\nMat\u00ed<\/b><\/td>\n<td style=\"width: 27.5591%; height: 120px; background-color: #f5ebd3;\" bgcolor=\"#F8E9DC\"><em><strong><a href=\"https:\/\/serveiseducatius.xtec.cat\/cda-tremp\/ambits\/el-bosc\/la-memoria-de-la-terra\/\">La mem\u00f2ria de la Terra<\/a> (*)<\/strong><\/em><\/td>\n<td style=\"width: 33.5245%; height: 120px; background-color: #f5ebd3;\" bgcolor=\"#F8E9DC\">\n<p style=\"text-align: left;\" align=\"center\">OPCIONS:<\/p>\n<p style=\"text-align: left;\" align=\"center\"><em><strong><a href=\"https:\/\/serveiseducatius.xtec.cat\/cda-tremp\/ambits\/el-bosc\/amb-tot-el-temps-del-mon-toquem-els-pirineus\/\">Tot el temps del m\u00f3n. Toquem els Pirineus<\/a><\/strong><\/em><\/p>\n<p style=\"text-align: left;\" align=\"center\"><em><strong><a href=\"https:\/\/serveiseducatius.xtec.cat\/cda-tremp\/ambits\/el-bosc\/la-pell-de-la-terra\/\">La Pell de la Terra<\/a><\/strong><\/em><\/p>\n<\/td>\n<td style=\"height: 120px; width: 28.549%; background-color: #f5ebd3;\" bgcolor=\"#F8E9DC\">OPCIONS:<\/p>\n<p><em><strong><a href=\"https:\/\/serveiseducatius.xtec.cat\/cda-tremp\/ambits\/el-bosc\/tot-es-mou\/\">Quan la muntanya es mou <\/a><\/strong><\/em>(*)<\/p>\n<p>&nbsp;<\/td>\n<\/tr>\n<tr style=\"height: 75px;\">\n<td style=\"width: 11.4173%; height: 75px;\" bgcolor=\"#E9C294\"><b>Tarda<\/b><\/td>\n<td style=\"width: 27.5591%; height: 75px; background-color: #f5ebd3;\" bgcolor=\"#F8E9DC\"><em><strong><a href=\"https:\/\/serveiseducatius.xtec.cat\/cda-tremp\/ambits\/el-bosc\/la-memoria-de-la-terra\/\">La mem\u00f2ria de la Terra<\/a> (*)<\/strong><\/em><\/td>\n<td style=\"width: 33.5245%; height: 75px; background-color: #f5ebd3;\" bgcolor=\"#F8E9DC\"><em><strong><a href=\"https:\/\/serveiseducatius.xtec.cat\/cda-tremp\/ambits\/el-bosc\/els-fossilslempremta-del-passat\/\">Els f\u00f2ssils l&#8217;empremta del passat<\/a><\/strong><\/em><\/td>\n<td style=\"width: 28.549%; height: 75px; background-color: #f5ebd3;\">Tornada cap al centre educatiu<\/td>\n<\/tr>\n<tr style=\"height: 34px;\">\n<td style=\"width: 101.05%; height: 34px;\" colspan=\"4\">* Es necessita transport (es pot aprofitar el transport que s&#8217;utilitza per arribar o marxar del CdA de Tremp)<\/td>\n<\/tr>\n<\/tbody>\n<\/table>\n<p>&nbsp;<\/p>\n<table style=\"height: 285px; width: 800px;\" border=\"0\" cellspacing=\"2\" cellpadding=\"2\">\n<tbody>\n<tr style=\"height: 32px;\">\n<td style=\"height: 64px; width: 14.5997%; border-color: #ffffff; background-color: #ffffff;\" rowspan=\"2\" bgcolor=\"#ED7E6B\"><\/td>\n<td style=\"height: 32px; width: 83.9874%;\" colspan=\"2\" bgcolor=\"#ED7E6B\"><b><span style=\"color: #ffffff; font-size: medium;\">Hist\u00f2ria i societat &#8211; CS Prim\u00e0ria i ESO<\/span><\/b><\/td>\n<\/tr>\n<tr style=\"height: 32px;\">\n<td style=\"height: 32px; width: 38.7755%; text-align: center;\" bgcolor=\"#F3B5A9\"><b>Primer dia<\/b><\/td>\n<td style=\"height: 32px; width: 45.2119%; text-align: center;\" bgcolor=\"#F3B5A9\"><b>Segon dia<\/b><\/td>\n<\/tr>\n<tr style=\"height: 141px;\">\n<td style=\"height: 141px; width: 14.5997%;\" bgcolor=\"#F3B5A9\"><b>Mat\u00ed<\/b><\/td>\n<td style=\"height: 141px; width: 38.7755%;\" bgcolor=\"#FCECE9\"><strong>\u00a0<\/strong><\/p>\n<p><strong><em><a href=\"https:\/\/serveiseducatius.xtec.cat\/cda-tremp\/ambits\/pedraforca\/els-secrets-de-mur-scape-mur\/\">Els secrets de Mur. Scape Mur<\/a> (*)<\/em><\/strong><\/td>\n<td style=\"height: 141px; width: 45.2119%;\" bgcolor=\"#FCECE9\">\n<p style=\"text-align: left;\" align=\"center\">OPCIONS:<\/p>\n<p style=\"text-align: left;\" align=\"center\"><em><strong><a href=\"https:\/\/serveiseducatius.xtec.cat\/cda-tremp\/ambits\/pedraforca\/descoberta-de-la-historia-contemporania-a-traves-de-la-vida-quotidiana\/\">Descoberta de la hist\u00f2ria a trav\u00e9s de la vida quotidiana.<\/a>\u00a0 (*)<\/strong><\/em><\/p>\n<p style=\"text-align: left;\" align=\"center\"><em><strong><a href=\"https:\/\/serveiseducatius.xtec.cat\/cda-tremp\/ambits\/pedraforca\/lletra-a-lletra\/\">Lletra a lletra<\/a><\/strong><\/em><\/p>\n<\/td>\n<\/tr>\n<tr style=\"height: 48px;\">\n<td style=\"height: 48px; width: 14.5997%;\" bgcolor=\"#F3B5A9\"><b><br \/>\nTarda<\/b><\/td>\n<td style=\"height: 48px; width: 38.7755%;\" bgcolor=\"#FCECE9\"><em><strong><a href=\"https:\/\/serveiseducatius.xtec.cat\/cda-tremp\/ambits\/pedraforca\/els-secrets-de-mur-scape-mur\/\">Els secrets de Mur. Scape Mur<\/a> (*)<\/strong><\/em><\/td>\n<td style=\"height: 48px; width: 45.2119%;\" bgcolor=\"#FCECE9\">Retorn cap al centre educatiu<\/td>\n<\/tr>\n<tr style=\"height: 32px;\">\n<td style=\"height: 32px; width: 100.157%;\" colspan=\"4\">* Es necessita transport (es pot aprofitar el transport que s&#8217;utilitza per arribar o marxar del CdA de Tremp)<\/td>\n<\/tr>\n<\/tbody>\n<\/table>\n<p>&nbsp;<\/p>\n<table style=\"width: 59.8904%; height: 203px;\" border=\"0\" cellspacing=\"2\" cellpadding=\"2\">\n<tbody>\n<tr style=\"height: 33px;\">\n<td style=\"height: 66px; background-color: #ffffff;\" rowspan=\"2\" bgcolor=\"#6666CC\"><\/td>\n<td style=\"height: 33px; background-color: #2b1df2;\" colspan=\"2\" bgcolor=\"#6666CC\">\u00a0<span style=\"color: #ffffff;\"><b>Hidroel\u00e8ctriques &#8211; CS Prim\u00e0ria i ESO<\/b><\/span><\/td>\n<\/tr>\n<tr style=\"height: 33px;\">\n<td style=\"height: 33px; text-align: center; background-color: #7a98e6;\" bgcolor=\"#AFAFE4\">\u00a0<strong>Primer dia<\/strong><\/td>\n<td style=\"height: 33px; background-color: #7a98e6; text-align: center;\" bgcolor=\"#AFAFE4\"><strong>Segon dia\u00a0<\/strong><\/td>\n<\/tr>\n<tr style=\"height: 88px;\">\n<td style=\"height: 88px; background-color: #7a98e6;\" bgcolor=\"#AFAFE4\"><b>Mat\u00ed<\/b><\/td>\n<td style=\"height: 88px; background-color: #dcddf7;\" bgcolor=\"#AFAFE4\"><b><a href=\"https:\/\/serveiseducatius.xtec.cat\/cda-tremp\/ambits\/hidroelectriques\/tremp-i-les-hidroelectriques\/\"><em>Tremp i les hidroel\u00e8ctriques<\/em><\/a><br \/>\n<\/b><\/td>\n<td style=\"height: 88px; background-color: #dcddf7;\" bgcolor=\"#D5D5F0\">\n<p style=\"text-align: left;\" align=\"center\"><strong><i><a href=\"https:\/\/serveiseducatius.xtec.cat\/cda-tremp\/ambits\/hidroelectriques\/el-recorregut-cap-a-la-llum\/\">El recorregut cap a la llum\u00a0<\/a><br \/>\n<\/i><\/strong><\/p>\n<\/td>\n<\/tr>\n<tr style=\"height: 49px;\">\n<td style=\"height: 49px; background-color: #7a98e6;\" bgcolor=\"#D5D5F0\"><b>Tarda<\/b><\/td>\n<td style=\"height: 49px; background-color: #dcddf7;\" bgcolor=\"#D5D5F0\"><strong><em><a href=\"https:\/\/serveiseducatius.xtec.cat\/cda-tremp\/ambits\/hidroelectriques\/laigua-lenergia-que-ens-mou\/\">L&#8217;aigua, l&#8217;energia que ens mou<\/a><br \/>\n<\/em><\/strong><\/td>\n<td style=\"height: 49px; background-color: #dcddf7;\" bgcolor=\"#D5D5F0\">Retorn cap al centre educatiu<strong><em><br \/>\n<\/em><\/strong><\/td>\n<\/tr>\n<\/tbody>\n<\/table>\n<p>&nbsp;<\/p>\n<table style=\"height: 284px; width: 78.5084%;\" border=\"0\" width=\"78.5084%\" cellspacing=\"2\" cellpadding=\"2\">\n<tbody>\n<tr style=\"height: 34px;\">\n<td style=\"width: 12.0894%; border-color: #ffffff; height: 67px;\" rowspan=\"2\"><\/td>\n<td style=\"height: 34px; width: 116.426%;\" colspan=\"3\" bgcolor=\"#6666CC\"><b><span style=\"color: #ffffff; font-size: medium;\">Interdisciplinar &#8211; CS Prim\u00e0ria i ESO<\/span><\/b><\/td>\n<\/tr>\n<tr style=\"height: 33px;\">\n<td style=\"width: 29.334%; text-align: center; height: 33px;\" bgcolor=\"#AFAFE4\" width=\"177\"><b>Primer dia<\/b><\/td>\n<td style=\"width: 30.2526%; text-align: center; height: 33px;\" bgcolor=\"#AFAFE4\" width=\"164\"><b>Segon dia<\/b><\/td>\n<td style=\"width: 56.8391%; text-align: center; height: 33px;\" bgcolor=\"#AFAFE4\" width=\"164\"><b>Tercer dia<\/b><\/td>\n<\/tr>\n<tr style=\"height: 119px;\">\n<td style=\"height: 119px; width: 12.0894%;\" bgcolor=\"#AFAFE4\" width=\"59\"><strong>Mat\u00ed<\/strong><\/td>\n<td style=\"height: 119px; width: 29.334%;\" bgcolor=\"#D5D5F0\" width=\"177\">OPCIONS:<\/p>\n<p><strong><em><a href=\"https:\/\/serveiseducatius.xtec.cat\/cda-tremp\/ambits\/el-bosc\/el-mon-dels-ultims-dinosaures\/\">El m\u00f3n dels \u00faltims dinosaures <\/a>(*)<\/em><\/strong><\/p>\n<p><strong><em><a href=\"https:\/\/serveiseducatius.xtec.cat\/cda-tremp\/ambits\/pedraforca\/els-secrets-de-mur-scape-mur\/\">Els secrets de Mur. Scape Mur<\/a> (*)<\/em><\/strong><\/td>\n<td style=\"height: 119px; width: 30.2526%;\" bgcolor=\"#D5D5F0\" width=\"164\">\n<p style=\"text-align: left;\" align=\"center\">OPCIONS:<\/p>\n<p style=\"text-align: left;\" align=\"center\"><em><strong><a href=\"https:\/\/serveiseducatius.xtec.cat\/cda-tremp\/ambits\/pedraforca\/descoberta-de-la-historia-contemporania-a-traves-de-la-vida-quotidiana\/\">Descoberta de la hist\u00f2ria contempor\u00e0nia a trav\u00e9s de la visa quaotidiana <\/a>(**)<\/strong><\/em><\/p>\n<p style=\"text-align: left;\" align=\"center\"><em><strong><a href=\"https:\/\/serveiseducatius.xtec.cat\/cda-tremp\/ambits\/el-bosc\/el-paisatge-el-riu-i-el-bosc-ribera\/\">El paisatge, el riu i el bosc de ribera<\/a><\/strong><\/em><\/p>\n<\/td>\n<td style=\"height: 119px; width: 56.8391%;\" bgcolor=\"#D5D5F0\" width=\"164\">\n<p style=\"text-align: left;\" align=\"center\">OPCIONS:<\/p>\n<p style=\"text-align: left;\" align=\"center\"><em><strong><a href=\"https:\/\/serveiseducatius.xtec.cat\/cda-tremp\/ambits\/hidroelectriques\/el-recorregut-cap-a-la-llum\/\">El recorregut cap a la llum<\/a><\/strong><\/em><\/p>\n<p style=\"text-align: left;\" align=\"center\"><em><strong><a href=\"https:\/\/serveiseducatius.xtec.cat\/cda-tremp\/ambits\/el-bosc\/la-pell-de-la-terra\/\">La pell de la Terra<\/a><\/strong><\/em><\/p>\n<\/td>\n<\/tr>\n<tr style=\"height: 65px;\">\n<td style=\"height: 65px; width: 12.0894%;\" bgcolor=\"#AFAFE4\" width=\"59\"><b><br \/>\nTarda<\/b><\/td>\n<td style=\"height: 65px; width: 29.334%;\" bgcolor=\"#D5D5F0\" width=\"177\">Continuaci\u00f3 de l&#8217;activitat del mat\u00ed<\/td>\n<td style=\"height: 65px; width: 30.2526%;\" bgcolor=\"#D5D5F0\" width=\"164\">OPCIONS:<\/p>\n<p><em><strong><a href=\"https:\/\/serveiseducatius.xtec.cat\/cda-tremp\/ambits\/el-bosc\/els-fossilslempremta-del-passat\/\">Els f\u00f2ssils, l&#8217;empremta del passat<\/a><\/strong><\/em><\/p>\n<p><em><strong><a href=\"https:\/\/serveiseducatius.xtec.cat\/cda-tremp\/ambits\/el-bosc\/seguint-el-rastre\/\">Seguint el rastre<\/a><\/strong><\/em><\/p>\n<p><em><strong><a href=\"https:\/\/serveiseducatius.xtec.cat\/cda-tremp\/ambits\/hidroelectriques\/laigua-lenergia-que-ens-mou\/\">L&#8217;aigua, l&#8217;energia que ens mou<\/a><\/strong><\/em><\/td>\n<td style=\"height: 65px; width: 56.8391%;\" bgcolor=\"#D5D5F0\" width=\"164\">Retorn cap al centre educatiu<i><\/i><i><\/i><strong><i><br \/>\n<\/i><\/strong><\/td>\n<\/tr>\n<tr style=\"height: 33px;\">\n<td style=\"height: 33px; width: 128.515%;\" colspan=\"4\">* Es necessita transport (es pot aprofitar el transport que s&#8217;utilitza per arribar o marxar del CdA de Tremp)<\/p>\n<p>**Es necessita transport que es pot realitzar en tren<\/td>\n<\/tr>\n<\/tbody>\n<\/table>\n","protected":false},"excerpt":{"rendered":"<p>Es tracta d&#8217;estades de dos a cinc dies en les quals es realitzen diverses activitats (de dia sencer o de [&hellip;]<\/p>\n","protected":false},"author":1,"featured_media":0,"parent":8260,"menu_order":20,"comment_status":"closed","ping_status":"closed","template":"","meta":{"_bbp_topic_count":0,"_bbp_reply_count":0,"_bbp_total_topic_count":0,"_bbp_total_reply_count":0,"_bbp_voice_count":0,"_bbp_anonymous_reply_count":0,"_bbp_topic_count_hidden":0,"_bbp_reply_count_hidden":0,"_bbp_forum_subforum_count":0,"site-sidebar-layout":"default","site-content-layout":"","ast-site-content-layout":"default","site-content-style":"default","site-sidebar-style":"default","ast-global-header-display":"","ast-banner-title-visibility":"","ast-main-header-display":"","ast-hfb-above-header-display":"","ast-hfb-below-header-display":"","ast-hfb-mobile-header-display":"","site-post-title":"","ast-breadcrumbs-content":"","ast-featured-img":"","footer-sml-layout":"","theme-transparent-header-meta":"default","adv-header-id-meta":"","stick-header-meta":"","header-above-stick-meta":"","header-main-stick-meta":"","header-below-stick-meta":"","astra-migrate-meta-layouts":"set","ast-page-background-enabled":"default","ast-page-background-meta":{"desktop":{"background-color":"var(--ast-global-color-4)","background-image":"","background-repeat":"repeat","background-position":"center center","background-size":"auto","background-attachment":"scroll","background-type":"","background-media":"","overlay-type":"","overlay-color":"","overlay-opacity":"","overlay-gradient":""},"tablet":{"background-color":"","background-image":"","background-repeat":"repeat","background-position":"center center","background-size":"auto","background-attachment":"scroll","background-type":"","background-media":"","overlay-type":"","overlay-color":"","overlay-opacity":"","overlay-gradient":""},"mobile":{"background-color":"","background-image":"","background-repeat":"repeat","background-position":"center center","background-size":"auto","background-attachment":"scroll","background-type":"","background-media":"","overlay-type":"","overlay-color":"","overlay-opacity":"","overlay-gradient":""}},"ast-content-background-meta":{"desktop":{"background-color":"var(--ast-global-color-5)","background-image":"","background-repeat":"repeat","background-position":"center center","background-size":"auto","background-attachment":"scroll","background-type":"","background-media":"","overlay-type":"","overlay-color":"","overlay-opacity":"","overlay-gradient":""},"tablet":{"background-color":"var(--ast-global-color-5)","background-image":"","background-repeat":"repeat","background-position":"center center","background-size":"auto","background-attachment":"scroll","background-type":"","background-media":"","overlay-type":"","overlay-color":"","overlay-opacity":"","overlay-gradient":""},"mobile":{"background-color":"var(--ast-global-color-5)","background-image":"","background-repeat":"repeat","background-position":"center center","background-size":"auto","background-attachment":"scroll","background-type":"","background-media":"","overlay-type":"","overlay-color":"","overlay-opacity":"","overlay-gradient":""}},"footnotes":""},"class_list":["post-157","page","type-page","status-publish","hentry"],"post_mailing_queue_ids":[],"_links":{"self":[{"href":"https:\/\/serveiseducatius.xtec.cat\/cda-tremp\/wp-json\/wp\/v2\/pages\/157","targetHints":{"allow":["GET"]}}],"collection":[{"href":"https:\/\/serveiseducatius.xtec.cat\/cda-tremp\/wp-json\/wp\/v2\/pages"}],"about":[{"href":"https:\/\/serveiseducatius.xtec.cat\/cda-tremp\/wp-json\/wp\/v2\/types\/page"}],"author":[{"embeddable":true,"href":"https:\/\/serveiseducatius.xtec.cat\/cda-tremp\/wp-json\/wp\/v2\/users\/1"}],"replies":[{"embeddable":true,"href":"https:\/\/serveiseducatius.xtec.cat\/cda-tremp\/wp-json\/wp\/v2\/comments?post=157"}],"version-history":[{"count":6,"href":"https:\/\/serveiseducatius.xtec.cat\/cda-tremp\/wp-json\/wp\/v2\/pages\/157\/revisions"}],"predecessor-version":[{"id":10973,"href":"https:\/\/serveiseducatius.xtec.cat\/cda-tremp\/wp-json\/wp\/v2\/pages\/157\/revisions\/10973"}],"up":[{"embeddable":true,"href":"https:\/\/serveiseducatius.xtec.cat\/cda-tremp\/wp-json\/wp\/v2\/pages\/8260"}],"wp:attachment":[{"href":"https:\/\/serveiseducatius.xtec.cat\/cda-tremp\/wp-json\/wp\/v2\/media?parent=157"}],"curies":[{"name":"wp","href":"https:\/\/api.w.org\/{rel}","templated":true}]}}