{"id":11080,"date":"2025-06-17T10:13:16","date_gmt":"2025-06-17T08:13:16","guid":{"rendered":"https:\/\/serveiseducatius.xtec.cat\/cda-tremp\/?page_id=11080"},"modified":"2025-07-09T11:50:51","modified_gmt":"2025-07-09T09:50:51","slug":"banc-de-recursos","status":"publish","type":"page","link":"https:\/\/serveiseducatius.xtec.cat\/cda-tremp\/recursos\/banc-de-recursos\/","title":{"rendered":"Banc de recursos"},"content":{"rendered":"<h3><span style=\"color: #993300;\"><strong>Ci\u00e8ncies de la Terra<\/strong><\/span><\/h3>\n<ul>\n<li>P\u00e0gina web amb recursos per treballar les ci\u00e8ncies de la Terra: <a href=\"https:\/\/www.earthlearningidea.com\/\">Earth Learning Idea<\/a><\/li>\n<\/ul>\n<h3><span style=\"color: #993300;\"><strong>Medi Natural<\/strong><\/span><\/h3>\n<ul>\n<li><\/li>\n<\/ul>\n<h3><span style=\"color: #993300;\"><strong>Hist\u00f2ria<\/strong><\/span><\/h3>\n<ul style=\"list-style-type: disc;\">\n<li><a href=\"https:\/\/educaciodigital.cat\/escolagermanesbertomeu\/moodle\/pluginfile.php\/270\/mod_folder\/content\/0\/%C3%80mbit%20art%C3%ADstic\/pintem_amb_pigments_sup.pdf?forcedownload=1\">Pintura al tremp. (educaci\u00f3digital.cat)<\/a><\/li>\n<li>\n<p class=\"portlet-title\"><a href=\"https:\/\/bv.gva.es\/va\/destaquem\/-\/asset_publisher\/OmJIJd1Vl03q\/content\/scriptorium-el-mundo-de-la-escritura-medieval\"><span class=\"portlet-title-text\">Scriptorium. El m\u00f3n de l&#8217;escriptura medieval (Generalitat Valenciana)<\/span><\/a><\/p>\n<\/li>\n<\/ul>\n<h3><span style=\"color: #993300;\"><strong>Hidroel\u00e8ctriques<\/strong><\/span><\/h3>\n<ul>\n<li><\/li>\n<\/ul>\n","protected":false},"excerpt":{"rendered":"<p>Ci\u00e8ncies de la Terra P\u00e0gina web amb recursos per treballar les ci\u00e8ncies de la Terra: Earth Learning Idea Medi Natural [&hellip;]<\/p>\n","protected":false},"author":1,"featured_media":0,"parent":10012,"menu_order":30,"comment_status":"closed","ping_status":"closed","template":"","meta":{"_bbp_topic_count":0,"_bbp_reply_count":0,"_bbp_total_topic_count":0,"_bbp_total_reply_count":0,"_bbp_voice_count":0,"_bbp_anonymous_reply_count":0,"_bbp_topic_count_hidden":0,"_bbp_reply_count_hidden":0,"_bbp_forum_subforum_count":0,"site-sidebar-layout":"default","site-content-layout":"","ast-site-content-layout":"default","site-content-style":"default","site-sidebar-style":"default","ast-global-header-display":"","ast-banner-title-visibility":"","ast-main-header-display":"","ast-hfb-above-header-display":"","ast-hfb-below-header-display":"","ast-hfb-mobile-header-display":"","site-post-title":"","ast-breadcrumbs-content":"","ast-featured-img":"","footer-sml-layout":"","theme-transparent-header-meta":"default","adv-header-id-meta":"","stick-header-meta":"","header-above-stick-meta":"","header-main-stick-meta":"","header-below-stick-meta":"","astra-migrate-meta-layouts":"set","ast-page-background-enabled":"default","ast-page-background-meta":{"desktop":{"background-color":"var(--ast-global-color-4)","background-image":"","background-repeat":"repeat","background-position":"center center","background-size":"auto","background-attachment":"scroll","background-type":"","background-media":"","overlay-type":"","overlay-color":"","overlay-opacity":"","overlay-gradient":""},"tablet":{"background-color":"","background-image":"","background-repeat":"repeat","background-position":"center center","background-size":"auto","background-attachment":"scroll","background-type":"","background-media":"","overlay-type":"","overlay-color":"","overlay-opacity":"","overlay-gradient":""},"mobile":{"background-color":"","background-image":"","background-repeat":"repeat","background-position":"center center","background-size":"auto","background-attachment":"scroll","background-type":"","background-media":"","overlay-type":"","overlay-color":"","overlay-opacity":"","overlay-gradient":""}},"ast-content-background-meta":{"desktop":{"background-color":"var(--ast-global-color-5)","background-image":"","background-repeat":"repeat","background-position":"center center","background-size":"auto","background-attachment":"scroll","background-type":"","background-media":"","overlay-type":"","overlay-color":"","overlay-opacity":"","overlay-gradient":""},"tablet":{"background-color":"var(--ast-global-color-5)","background-image":"","background-repeat":"repeat","background-position":"center center","background-size":"auto","background-attachment":"scroll","background-type":"","background-media":"","overlay-type":"","overlay-color":"","overlay-opacity":"","overlay-gradient":""},"mobile":{"background-color":"var(--ast-global-color-5)","background-image":"","background-repeat":"repeat","background-position":"center center","background-size":"auto","background-attachment":"scroll","background-type":"","background-media":"","overlay-type":"","overlay-color":"","overlay-opacity":"","overlay-gradient":""}},"footnotes":""},"class_list":["post-11080","page","type-page","status-publish","hentry"],"post_mailing_queue_ids":[],"_links":{"self":[{"href":"https:\/\/serveiseducatius.xtec.cat\/cda-tremp\/wp-json\/wp\/v2\/pages\/11080","targetHints":{"allow":["GET"]}}],"collection":[{"href":"https:\/\/serveiseducatius.xtec.cat\/cda-tremp\/wp-json\/wp\/v2\/pages"}],"about":[{"href":"https:\/\/serveiseducatius.xtec.cat\/cda-tremp\/wp-json\/wp\/v2\/types\/page"}],"author":[{"embeddable":true,"href":"https:\/\/serveiseducatius.xtec.cat\/cda-tremp\/wp-json\/wp\/v2\/users\/1"}],"replies":[{"embeddable":true,"href":"https:\/\/serveiseducatius.xtec.cat\/cda-tremp\/wp-json\/wp\/v2\/comments?post=11080"}],"version-history":[{"count":6,"href":"https:\/\/serveiseducatius.xtec.cat\/cda-tremp\/wp-json\/wp\/v2\/pages\/11080\/revisions"}],"predecessor-version":[{"id":11129,"href":"https:\/\/serveiseducatius.xtec.cat\/cda-tremp\/wp-json\/wp\/v2\/pages\/11080\/revisions\/11129"}],"up":[{"embeddable":true,"href":"https:\/\/serveiseducatius.xtec.cat\/cda-tremp\/wp-json\/wp\/v2\/pages\/10012"}],"wp:attachment":[{"href":"https:\/\/serveiseducatius.xtec.cat\/cda-tremp\/wp-json\/wp\/v2\/media?parent=11080"}],"curies":[{"name":"wp","href":"https:\/\/api.w.org\/{rel}","templated":true}]}}