{"id":10983,"date":"2025-05-15T11:19:17","date_gmt":"2025-05-15T09:19:17","guid":{"rendered":"https:\/\/serveiseducatius.xtec.cat\/cda-tremp\/?page_id=10983"},"modified":"2025-05-15T12:19:46","modified_gmt":"2025-05-15T10:19:46","slug":"a-cop-de-pedal","status":"publish","type":"page","link":"https:\/\/serveiseducatius.xtec.cat\/cda-tremp\/ambits\/el-bosc\/a-cop-de-pedal\/","title":{"rendered":"A cop de pedal"},"content":{"rendered":"<h4>Ruta en btt pel pant\u00e0 de Sant Antoni<\/h4>\n<p><a href=\"https:\/\/serveiseducatius.xtec.cat\/cda-tremp\/wp-content\/uploads\/usu1371\/2025\/05\/20250512_103330-copia.jpg\"><img loading=\"lazy\" decoding=\"async\" class=\" wp-image-10984 alignleft\" src=\"https:\/\/serveiseducatius.xtec.cat\/cda-tremp\/wp-content\/uploads\/usu1371\/2025\/05\/20250512_103330-copia.jpg\" alt=\"\" width=\"328\" height=\"246\" srcset=\"https:\/\/serveiseducatius.xtec.cat\/cda-tremp\/wp-content\/uploads\/usu1371\/2025\/05\/20250512_103330-copia.jpg 1024w, https:\/\/serveiseducatius.xtec.cat\/cda-tremp\/wp-content\/uploads\/usu1371\/2025\/05\/20250512_103330-copia-300x225.jpg 300w, https:\/\/serveiseducatius.xtec.cat\/cda-tremp\/wp-content\/uploads\/usu1371\/2025\/05\/20250512_103330-copia-768x576.jpg 768w\" sizes=\"auto, (max-width: 328px) 100vw, 328px\" \/><\/a><\/p>\n<p><strong>Nivell<\/strong><\/p>\n<p>ESO, batxillerat i Cicles Formatius<\/p>\n<p><strong>Durada<\/strong><\/p>\n<p>Tot un mat\u00ed<\/p>\n<h6><\/h6>\n<h6><strong>\u00c0rea \/ Mat\u00e8ria<\/strong><\/h6>\n<p>Educaci\u00f3 f\u00edsica, Biologia i geologia, Tecnologia, Ci\u00e8ncies de la terra i medi ambient<\/p>\n<h6><strong>Objectius<\/strong><\/h6>\n<ul>\n<li>Promoure i gaudir de l&#8217;activitat f\u00edsica en el medi natural<\/li>\n<li>Interpretar estructures geol\u00f2giques a partir de l&#8217;observaci\u00f3 del paisatge<\/li>\n<li>Con\u00e8ixer el pant\u00e0 de Sant Antoni com a exemple d&#8217;aprofitament hidroel\u00e8ctric<\/li>\n<\/ul>\n<h6><strong>Descripci\u00f3<\/strong><\/h6>\n<p>L&#8217;activitat s&#8217;inicia a la Pobla de Segur on, en cas d&#8217;estar allotjat a l&#8217;alberg de Tremp, s&#8217;hi arriba en tren des de la mateixa poblaci\u00f3 de Tremp. Des d&#8217;all\u00e0 es realitza una ruta en direcci\u00f3 sud d&#8217;uns 11 km fins a la presa del pant\u00e0 de Sant Antoni, gaudint d&#8217;un tram de la<em> Ruta dels Llacs<\/em>. Es tracta d&#8217;un tra\u00e7at amb pendents suaus que segueix en algun punt el marge dret del pant\u00e0, aix\u00ed com el voral de la carretera C-13, oferint unes vistes espectaculars de l&#8217;embassament i el seu entorn.<\/p>\n<p>Durant aquesta ruta, es realitzen dues parades per dur a terme petites activitats did\u00e0ctiques que poden variar segons el nivell educatiu i els interessos del centre:<\/p>\n<ul>\n<li>Interpretaci\u00f3 geol\u00f2gica de paisatge: observaci\u00f3 del vessant Est del pant\u00e0, on es pot interpretar el mantell d&#8217;encavalcament de la l\u00e0mina B\u00f2ixols-St Corneli, aix\u00ed com les diferents formacions que conformen la Vall de Carreu.<\/li>\n<li>Caracter\u00edstiques dels embassaments de Catalunya, pros i contres de la seva construcci\u00f3, hist\u00f2ria de la construcci\u00f3 de la presa i de l&#8217;embassament de St Antoni.<\/li>\n<\/ul>\n<p>Podeu consultar el track de la ruta en el seg\u00fcent enlla\u00e7: <a href=\"https:\/\/ca.wikiloc.com\/rutes-btt\/la-pobla-de-segur-presa-panta-st-antoni-213587751\">https:\/\/ca.wikiloc.com\/rutes-btt\/la-pobla-de-segur-presa-panta-st-antoni-213587751<\/a><\/p>\n<h6><strong>Observacions<\/strong><\/h6>\n<p>L&#8217;activitat t\u00e9 un <strong>cost addicional de 20\u20ac\/alumne<\/strong> en concepte de lloguer de la bicicleta i el casc.<\/p>\n<p>\u00c9s necessari tenir un bon domini de la btt i un forma f\u00edsica acceptable.<\/p>\n<p>El cost del despla\u00e7ament en tren des de Tremp fins la Pobla de Segur tamb\u00e9 correr\u00e0 a c\u00e0rrec del centre escolar.<\/p>\n<h6><strong>Fotos<\/strong><\/h6>\n\r\n\t<div class=\"slideshow_container slideshow_container_style-light\" style=\"height: 300px; \" data-slideshow-id=\"10988\" data-style-name=\"style-light\" data-style-version=\"2.3.1\" >\r\n\r\n\t\t\t\t\t<div class=\"slideshow_loading_icon\"><\/div>\r\n\t\t\r\n\t\t<div class=\"slideshow_content\" style=\"display: none;\">\r\n\r\n\t\t\t<div class=\"slideshow_view\">\r\n\t\t\t\t<div class=\"slideshow_slide slideshow_slide_image\">\r\n\t\t\t\t\t\t\t\t\t\t\t<img src=\"https:\/\/serveiseducatius.xtec.cat\/cda-tremp\/wp-content\/uploads\/usu1371\/2025\/05\/IMG-20250512-WA0043-copia.jpg\" alt=\"IMG-20250512-WA0043 - c\u00f2pia\" width=\"1600\" height=\"1200\" \/>\r\n\t\t\t\t\t\t\t\t\t\t<div class=\"slideshow_description_box slideshow_transparent\">\r\n\t\t\t\t\t\t<div class=\"slideshow_title\">IMG-20250512-WA0043 - c\u00f2pia<\/div>\t\t\t\t\t\t\t\t\t\t\t<\/div>\r\n\t\t\t\t<\/div>\r\n\r\n\t\t\t\t\t\t\r\n\t\t\t\t<div class=\"slideshow_slide slideshow_slide_image\">\r\n\t\t\t\t\t\t\t\t\t\t\t<img src=\"https:\/\/serveiseducatius.xtec.cat\/cda-tremp\/wp-content\/uploads\/usu1371\/2025\/05\/IMG-20250512-WA0021-copia.jpg\" alt=\"IMG-20250512-WA0021 - c\u00f2pia\" width=\"1024\" height=\"1822\" \/>\r\n\t\t\t\t\t\t\t\t\t\t<div class=\"slideshow_description_box slideshow_transparent\">\r\n\t\t\t\t\t\t<div class=\"slideshow_title\">IMG-20250512-WA0021 - c\u00f2pia<\/div>\t\t\t\t\t\t\t\t\t\t\t<\/div>\r\n\t\t\t\t<\/div>\r\n\r\n\t\t\t\t\t\t\r\n\t\t\t\t<div class=\"slideshow_slide slideshow_slide_image\">\r\n\t\t\t\t\t\t\t\t\t\t\t<img src=\"https:\/\/serveiseducatius.xtec.cat\/cda-tremp\/wp-content\/uploads\/usu1371\/2025\/05\/20250512_111431-copia.jpg\" alt=\"20250512_111431 - c\u00f2pia\" width=\"1024\" height=\"768\" \/>\r\n\t\t\t\t\t\t\t\t\t\t<div class=\"slideshow_description_box slideshow_transparent\">\r\n\t\t\t\t\t\t<div class=\"slideshow_title\">20250512_111431 - c\u00f2pia<\/div>\t\t\t\t\t\t\t\t\t\t\t<\/div>\r\n\t\t\t\t<\/div>\r\n\r\n\t\t\t\t\t\t<div style=\"clear: both;\"><\/div><\/div><div class=\"slideshow_view\">\r\n\t\t\t\t<div class=\"slideshow_slide slideshow_slide_image\">\r\n\t\t\t\t\t\t\t\t\t\t\t<img src=\"https:\/\/serveiseducatius.xtec.cat\/cda-tremp\/wp-content\/uploads\/usu1371\/2025\/05\/20250512_103330-copia-1.jpg\" alt=\"20250512_103330 - c\u00f2pia\" width=\"1024\" height=\"768\" \/>\r\n\t\t\t\t\t\t\t\t\t\t<div class=\"slideshow_description_box slideshow_transparent\">\r\n\t\t\t\t\t\t<div class=\"slideshow_title\">20250512_103330 - c\u00f2pia<\/div>\t\t\t\t\t\t\t\t\t\t\t<\/div>\r\n\t\t\t\t<\/div>\r\n\r\n\t\t\t\t\t\t\r\n\t\t\t\t<div class=\"slideshow_slide slideshow_slide_image\">\r\n\t\t\t\t\t\t\t\t\t\t\t<img src=\"https:\/\/serveiseducatius.xtec.cat\/cda-tremp\/wp-content\/uploads\/usu1371\/2025\/05\/20250512_101622-copia.jpg\" alt=\"20250512_101622 - c\u00f2pia\" width=\"1024\" height=\"768\" \/>\r\n\t\t\t\t\t\t\t\t\t\t<div class=\"slideshow_description_box slideshow_transparent\">\r\n\t\t\t\t\t\t<div class=\"slideshow_title\">20250512_101622 - c\u00f2pia<\/div>\t\t\t\t\t\t\t\t\t\t\t<\/div>\r\n\t\t\t\t<\/div>\r\n\r\n\t\t\t\t\t\t\r\n\t\t\t\t<div class=\"slideshow_slide slideshow_slide_image\">\r\n\t\t\t\t\t\t\t\t\t\t\t<img src=\"https:\/\/serveiseducatius.xtec.cat\/cda-tremp\/wp-content\/uploads\/usu1371\/2025\/05\/20250512_100749-copia.jpg\" alt=\"20250512_100749 - c\u00f2pia\" width=\"1024\" height=\"768\" \/>\r\n\t\t\t\t\t\t\t\t\t\t<div class=\"slideshow_description_box slideshow_transparent\">\r\n\t\t\t\t\t\t<div class=\"slideshow_title\">20250512_100749 - c\u00f2pia<\/div>\t\t\t\t\t\t\t\t\t\t\t<\/div>\r\n\t\t\t\t<\/div>\r\n\r\n\t\t\t\t\t\t<div style=\"clear: both;\"><\/div><\/div>\r\n\t\t<\/div>\r\n\r\n\t\t<div class=\"slideshow_controlPanel slideshow_transparent\" style=\"display: none;\"><ul><li class=\"slideshow_togglePlay\" data-play-text=\"Visualitza\" data-pause-text=\"Pausa\"><\/li><\/ul><\/div>\r\n\r\n\t\t<div class=\"slideshow_button slideshow_previous slideshow_transparent\" role=\"button\" data-previous-text=\"Anterior\" style=\"display: none;\"><\/div>\r\n\t\t<div class=\"slideshow_button slideshow_next slideshow_transparent\" role=\"button\" data-next-text=\"Seg\u00fcent\" style=\"display: none;\"><\/div>\r\n\r\n\t\t<div class=\"slideshow_pagination\" style=\"display: none;\" data-go-to-text=\"V\u00e9s a la diapositiva\"><div class=\"slideshow_pagination_center\"><\/div><\/div>\r\n\r\n\t\t<!-- WordPress Slideshow Version 2.3.1 -->\r\n\r\n\t\t\t<\/div>\r\n\r\n\n<p>&nbsp;<\/p>\n<p>&nbsp;<\/p>\n","protected":false},"excerpt":{"rendered":"<p>Ruta en btt pel pant\u00e0 de Sant Antoni Nivell ESO, batxillerat i Cicles Formatius Durada Tot un mat\u00ed \u00c0rea \/ [&hellip;]<\/p>\n","protected":false},"author":1,"featured_media":0,"parent":8198,"menu_order":110,"comment_status":"closed","ping_status":"closed","template":"","meta":{"_bbp_topic_count":0,"_bbp_reply_count":0,"_bbp_total_topic_count":0,"_bbp_total_reply_count":0,"_bbp_voice_count":0,"_bbp_anonymous_reply_count":0,"_bbp_topic_count_hidden":0,"_bbp_reply_count_hidden":0,"_bbp_forum_subforum_count":0,"site-sidebar-layout":"default","site-content-layout":"","ast-site-content-layout":"default","site-content-style":"default","site-sidebar-style":"default","ast-global-header-display":"","ast-banner-title-visibility":"","ast-main-header-display":"","ast-hfb-above-header-display":"","ast-hfb-below-header-display":"","ast-hfb-mobile-header-display":"","site-post-title":"","ast-breadcrumbs-content":"","ast-featured-img":"","footer-sml-layout":"","theme-transparent-header-meta":"default","adv-header-id-meta":"","stick-header-meta":"","header-above-stick-meta":"","header-main-stick-meta":"","header-below-stick-meta":"","astra-migrate-meta-layouts":"set","ast-page-background-enabled":"default","ast-page-background-meta":{"desktop":{"background-color":"var(--ast-global-color-4)","background-image":"","background-repeat":"repeat","background-position":"center center","background-size":"auto","background-attachment":"scroll","background-type":"","background-media":"","overlay-type":"","overlay-color":"","overlay-opacity":"","overlay-gradient":""},"tablet":{"background-color":"","background-image":"","background-repeat":"repeat","background-position":"center center","background-size":"auto","background-attachment":"scroll","background-type":"","background-media":"","overlay-type":"","overlay-color":"","overlay-opacity":"","overlay-gradient":""},"mobile":{"background-color":"","background-image":"","background-repeat":"repeat","background-position":"center center","background-size":"auto","background-attachment":"scroll","background-type":"","background-media":"","overlay-type":"","overlay-color":"","overlay-opacity":"","overlay-gradient":""}},"ast-content-background-meta":{"desktop":{"background-color":"var(--ast-global-color-5)","background-image":"","background-repeat":"repeat","background-position":"center center","background-size":"auto","background-attachment":"scroll","background-type":"","background-media":"","overlay-type":"","overlay-color":"","overlay-opacity":"","overlay-gradient":""},"tablet":{"background-color":"var(--ast-global-color-5)","background-image":"","background-repeat":"repeat","background-position":"center center","background-size":"auto","background-attachment":"scroll","background-type":"","background-media":"","overlay-type":"","overlay-color":"","overlay-opacity":"","overlay-gradient":""},"mobile":{"background-color":"var(--ast-global-color-5)","background-image":"","background-repeat":"repeat","background-position":"center center","background-size":"auto","background-attachment":"scroll","background-type":"","background-media":"","overlay-type":"","overlay-color":"","overlay-opacity":"","overlay-gradient":""}},"footnotes":""},"class_list":["post-10983","page","type-page","status-publish","hentry"],"post_mailing_queue_ids":[],"_links":{"self":[{"href":"https:\/\/serveiseducatius.xtec.cat\/cda-tremp\/wp-json\/wp\/v2\/pages\/10983","targetHints":{"allow":["GET"]}}],"collection":[{"href":"https:\/\/serveiseducatius.xtec.cat\/cda-tremp\/wp-json\/wp\/v2\/pages"}],"about":[{"href":"https:\/\/serveiseducatius.xtec.cat\/cda-tremp\/wp-json\/wp\/v2\/types\/page"}],"author":[{"embeddable":true,"href":"https:\/\/serveiseducatius.xtec.cat\/cda-tremp\/wp-json\/wp\/v2\/users\/1"}],"replies":[{"embeddable":true,"href":"https:\/\/serveiseducatius.xtec.cat\/cda-tremp\/wp-json\/wp\/v2\/comments?post=10983"}],"version-history":[{"count":6,"href":"https:\/\/serveiseducatius.xtec.cat\/cda-tremp\/wp-json\/wp\/v2\/pages\/10983\/revisions"}],"predecessor-version":[{"id":10998,"href":"https:\/\/serveiseducatius.xtec.cat\/cda-tremp\/wp-json\/wp\/v2\/pages\/10983\/revisions\/10998"}],"up":[{"embeddable":true,"href":"https:\/\/serveiseducatius.xtec.cat\/cda-tremp\/wp-json\/wp\/v2\/pages\/8198"}],"wp:attachment":[{"href":"https:\/\/serveiseducatius.xtec.cat\/cda-tremp\/wp-json\/wp\/v2\/media?parent=10983"}],"curies":[{"name":"wp","href":"https:\/\/api.w.org\/{rel}","templated":true}]}}