{"id":10433,"date":"2023-04-21T12:32:49","date_gmt":"2023-04-21T10:32:49","guid":{"rendered":"https:\/\/serveiseducatius.xtec.cat\/cda-tremp\/?page_id=10433"},"modified":"2025-04-03T15:21:07","modified_gmt":"2025-04-03T13:21:07","slug":"relleus-als-pirineus","status":"publish","type":"page","link":"https:\/\/serveiseducatius.xtec.cat\/cda-tremp\/ambits\/el-bosc\/relleus-als-pirineus\/","title":{"rendered":"Relleus als Pirineus!"},"content":{"rendered":"<h4>Taller sobre la formaci\u00f3 del Pirineu i els principals materials geol\u00f2gics de Catalunya<\/h4>\n<h6><a href=\"https:\/\/serveiseducatius.xtec.cat\/cda-tremp\/wp-content\/uploads\/usu1371\/2023\/04\/Captura5-1.jpg\"><img loading=\"lazy\" decoding=\"async\" class=\"wp-image-10438 alignleft\" src=\"https:\/\/serveiseducatius.xtec.cat\/cda-tremp\/wp-content\/uploads\/usu1371\/2023\/04\/Captura5-1.jpg\" alt=\"\" width=\"352\" height=\"208\" srcset=\"https:\/\/serveiseducatius.xtec.cat\/cda-tremp\/wp-content\/uploads\/usu1371\/2023\/04\/Captura5-1.jpg 1419w, https:\/\/serveiseducatius.xtec.cat\/cda-tremp\/wp-content\/uploads\/usu1371\/2023\/04\/Captura5-1-300x177.jpg 300w, https:\/\/serveiseducatius.xtec.cat\/cda-tremp\/wp-content\/uploads\/usu1371\/2023\/04\/Captura5-1-1024x605.jpg 1024w, https:\/\/serveiseducatius.xtec.cat\/cda-tremp\/wp-content\/uploads\/usu1371\/2023\/04\/Captura5-1-768x454.jpg 768w\" sizes=\"auto, (max-width: 352px) 100vw, 352px\" \/><\/a><strong>Nivell<\/strong><\/h6>\n<p>Cicle superior de prim\u00e0ria i primer cicle d&#8217;ESO (adaptable a altres nivells)<\/p>\n<p><strong>Durada<\/strong><\/p>\n<p>2 hores<\/p>\n<h6><strong>\u00c0rea \/ Mat\u00e8ria<\/strong><\/h6>\n<p>Medi natural, Biologia i geologia<strong><br \/>\n<\/strong><\/p>\n<h6><strong>Objectius\u00a0<\/strong><\/h6>\n<ul>\n<li>Assenyalar les principals caracter\u00edstiques del mapa geol\u00f2gic de Catalunya, identificant les tipologies i edats principals dels seus materials<\/li>\n<li>Simular la formaci\u00f3 de relleu i relacionar-lo amb la formaci\u00f3 del Pirineu<\/li>\n<li>Interpretar el context de la zona pirinenca en diferents edats geol\u00f2giques i evolutives<\/li>\n<\/ul>\n<h6><strong>Descripci\u00f3<\/strong><\/h6>\n<p>L&#8217;activitat s&#8217;inicia amb una introducci\u00f3 geol\u00f2gica de les principals estructures i materials que conformen Catalunya, i m\u00e9s concretament, el Pirineu, a partir de mapes geol\u00f2gics. A continuaci\u00f3, i mitjan\u00e7ant una simulaci\u00f3, s&#8217;explica la formaci\u00f3 d&#8217;algunes roques aix\u00ed com la formaci\u00f3 de relleu conseq\u00fc\u00e8ncia del xoc entre les plaques Ib\u00e8rica i Europea.<\/p>\n<p>Despr\u00e9s d&#8217;aquesta introducci\u00f3, l&#8217;alumnat treballa en petits grups per ordenar cronol\u00f2gicament els principals esdeveniments geol\u00f2gics que tenen lloc a l&#8217;entorn del Pirineu des de fa 250 Ma fins a l&#8217;actualitat, tot representant-ho amb un dibuix. Un cop representats aquests esdeveniments, cada petit grup simula la formaci\u00f3 del relleu i identifica les principals estructures que s&#8217;hi formen: plecs, falles, encavalcaments&#8230;<\/p>\n<h6><strong>Observacions<\/strong><\/h6>\n<p>\u00c9s un taller que es realitza en una aula o a l&#8217;alberg.<\/p>\n<p>En cas de realitzar-lo amb centres de la zona, es pot completar amb una sortida per l&#8217;entorn per interpretar els materials i estructures conseq\u00fc\u00e8ncia de la formaci\u00f3 del Pirineu.<\/p>\n<p>S&#8217;aconsella utilitzar aquest <a href=\"https:\/\/drive.google.com\/file\/d\/1zwMOU4UB2lb5r5ZKkfRX3SMqm5KEk80c\/view?usp=drive_link\">material previ<\/a> abans de l&#8217;activitat.<\/p>\n<h6><strong>Fotos\u00a0<\/strong><\/h6>\n\r\n\t<div class=\"slideshow_container slideshow_container_style-light\" style=\"height: 300px; \" data-slideshow-id=\"10440\" data-style-name=\"style-light\" data-style-version=\"2.3.1\" >\r\n\r\n\t\t\t\t\t<div class=\"slideshow_loading_icon\"><\/div>\r\n\t\t\r\n\t\t<div class=\"slideshow_content\" style=\"display: none;\">\r\n\r\n\t\t\t<div class=\"slideshow_view\">\r\n\t\t\t\t<div class=\"slideshow_slide slideshow_slide_image\">\r\n\t\t\t\t\t\t\t\t\t\t\t<img src=\"https:\/\/serveiseducatius.xtec.cat\/cda-tremp\/wp-content\/uploads\/usu1371\/2023\/04\/Captura4-1.jpg\" alt=\"Captura4\" width=\"1181\" height=\"814\" \/>\r\n\t\t\t\t\t\t\t\t\t\t<div class=\"slideshow_description_box slideshow_transparent\">\r\n\t\t\t\t\t\t<div class=\"slideshow_title\">Captura4<\/div>\t\t\t\t\t\t\t\t\t\t\t<\/div>\r\n\t\t\t\t<\/div>\r\n\r\n\t\t\t\t\t\t\r\n\t\t\t\t<div class=\"slideshow_slide slideshow_slide_image\">\r\n\t\t\t\t\t\t\t\t\t\t\t<img src=\"https:\/\/serveiseducatius.xtec.cat\/cda-tremp\/wp-content\/uploads\/usu1371\/2023\/04\/Captura1.jpg\" alt=\"Captura1\" width=\"730\" height=\"796\" \/>\r\n\t\t\t\t\t\t\t\t\t\t<div class=\"slideshow_description_box slideshow_transparent\">\r\n\t\t\t\t\t\t<div class=\"slideshow_title\">Captura1<\/div>\t\t\t\t\t\t\t\t\t\t\t<\/div>\r\n\t\t\t\t<\/div>\r\n\r\n\t\t\t\t\t\t\r\n\t\t\t\t<div class=\"slideshow_slide slideshow_slide_image\">\r\n\t\t\t\t\t\t\t\t\t\t\t<img src=\"https:\/\/serveiseducatius.xtec.cat\/cda-tremp\/wp-content\/uploads\/usu1371\/2023\/04\/Captura2.jpg\" alt=\"Captura2\" width=\"1206\" height=\"775\" \/>\r\n\t\t\t\t\t\t\t\t\t\t<div class=\"slideshow_description_box slideshow_transparent\">\r\n\t\t\t\t\t\t<div class=\"slideshow_title\">Captura2<\/div>\t\t\t\t\t\t\t\t\t\t\t<\/div>\r\n\t\t\t\t<\/div>\r\n\r\n\t\t\t\t\t\t<div style=\"clear: both;\"><\/div><\/div>\r\n\t\t<\/div>\r\n\r\n\t\t<div class=\"slideshow_controlPanel slideshow_transparent\" style=\"display: none;\"><ul><li class=\"slideshow_togglePlay\" data-play-text=\"Visualitza\" data-pause-text=\"Pausa\"><\/li><\/ul><\/div>\r\n\r\n\t\t<div class=\"slideshow_button slideshow_previous slideshow_transparent\" role=\"button\" data-previous-text=\"Anterior\" style=\"display: none;\"><\/div>\r\n\t\t<div class=\"slideshow_button slideshow_next slideshow_transparent\" role=\"button\" data-next-text=\"Seg\u00fcent\" style=\"display: none;\"><\/div>\r\n\r\n\t\t<div class=\"slideshow_pagination\" style=\"display: none;\" data-go-to-text=\"V\u00e9s a la diapositiva\"><div class=\"slideshow_pagination_center\"><\/div><\/div>\r\n\r\n\t\t<!-- WordPress Slideshow Version 2.3.1 -->\r\n\r\n\t\t\t<\/div>\r\n\r\n\n","protected":false},"excerpt":{"rendered":"<p>Taller sobre la formaci\u00f3 del Pirineu i els principals materials geol\u00f2gics de Catalunya Nivell Cicle superior de prim\u00e0ria i primer [&hellip;]<\/p>\n","protected":false},"author":1,"featured_media":0,"parent":8198,"menu_order":90,"comment_status":"closed","ping_status":"closed","template":"","meta":{"_bbp_topic_count":0,"_bbp_reply_count":0,"_bbp_total_topic_count":0,"_bbp_total_reply_count":0,"_bbp_voice_count":0,"_bbp_anonymous_reply_count":0,"_bbp_topic_count_hidden":0,"_bbp_reply_count_hidden":0,"_bbp_forum_subforum_count":0,"site-sidebar-layout":"default","site-content-layout":"","ast-site-content-layout":"default","site-content-style":"default","site-sidebar-style":"default","ast-global-header-display":"","ast-banner-title-visibility":"","ast-main-header-display":"","ast-hfb-above-header-display":"","ast-hfb-below-header-display":"","ast-hfb-mobile-header-display":"","site-post-title":"","ast-breadcrumbs-content":"","ast-featured-img":"","footer-sml-layout":"","theme-transparent-header-meta":"default","adv-header-id-meta":"","stick-header-meta":"","header-above-stick-meta":"","header-main-stick-meta":"","header-below-stick-meta":"","astra-migrate-meta-layouts":"set","ast-page-background-enabled":"default","ast-page-background-meta":{"desktop":{"background-color":"var(--ast-global-color-4)","background-image":"","background-repeat":"repeat","background-position":"center center","background-size":"auto","background-attachment":"scroll","background-type":"","background-media":"","overlay-type":"","overlay-color":"","overlay-opacity":"","overlay-gradient":""},"tablet":{"background-color":"","background-image":"","background-repeat":"repeat","background-position":"center center","background-size":"auto","background-attachment":"scroll","background-type":"","background-media":"","overlay-type":"","overlay-color":"","overlay-opacity":"","overlay-gradient":""},"mobile":{"background-color":"","background-image":"","background-repeat":"repeat","background-position":"center center","background-size":"auto","background-attachment":"scroll","background-type":"","background-media":"","overlay-type":"","overlay-color":"","overlay-opacity":"","overlay-gradient":""}},"ast-content-background-meta":{"desktop":{"background-color":"var(--ast-global-color-5)","background-image":"","background-repeat":"repeat","background-position":"center center","background-size":"auto","background-attachment":"scroll","background-type":"","background-media":"","overlay-type":"","overlay-color":"","overlay-opacity":"","overlay-gradient":""},"tablet":{"background-color":"var(--ast-global-color-5)","background-image":"","background-repeat":"repeat","background-position":"center center","background-size":"auto","background-attachment":"scroll","background-type":"","background-media":"","overlay-type":"","overlay-color":"","overlay-opacity":"","overlay-gradient":""},"mobile":{"background-color":"var(--ast-global-color-5)","background-image":"","background-repeat":"repeat","background-position":"center center","background-size":"auto","background-attachment":"scroll","background-type":"","background-media":"","overlay-type":"","overlay-color":"","overlay-opacity":"","overlay-gradient":""}},"footnotes":""},"class_list":["post-10433","page","type-page","status-publish","hentry"],"post_mailing_queue_ids":[],"_links":{"self":[{"href":"https:\/\/serveiseducatius.xtec.cat\/cda-tremp\/wp-json\/wp\/v2\/pages\/10433","targetHints":{"allow":["GET"]}}],"collection":[{"href":"https:\/\/serveiseducatius.xtec.cat\/cda-tremp\/wp-json\/wp\/v2\/pages"}],"about":[{"href":"https:\/\/serveiseducatius.xtec.cat\/cda-tremp\/wp-json\/wp\/v2\/types\/page"}],"author":[{"embeddable":true,"href":"https:\/\/serveiseducatius.xtec.cat\/cda-tremp\/wp-json\/wp\/v2\/users\/1"}],"replies":[{"embeddable":true,"href":"https:\/\/serveiseducatius.xtec.cat\/cda-tremp\/wp-json\/wp\/v2\/comments?post=10433"}],"version-history":[{"count":5,"href":"https:\/\/serveiseducatius.xtec.cat\/cda-tremp\/wp-json\/wp\/v2\/pages\/10433\/revisions"}],"predecessor-version":[{"id":10886,"href":"https:\/\/serveiseducatius.xtec.cat\/cda-tremp\/wp-json\/wp\/v2\/pages\/10433\/revisions\/10886"}],"up":[{"embeddable":true,"href":"https:\/\/serveiseducatius.xtec.cat\/cda-tremp\/wp-json\/wp\/v2\/pages\/8198"}],"wp:attachment":[{"href":"https:\/\/serveiseducatius.xtec.cat\/cda-tremp\/wp-json\/wp\/v2\/media?parent=10433"}],"curies":[{"name":"wp","href":"https:\/\/api.w.org\/{rel}","templated":true}]}}