{"id":10407,"date":"2023-04-19T16:03:24","date_gmt":"2023-04-19T14:03:24","guid":{"rendered":"https:\/\/serveiseducatius.xtec.cat\/cda-tremp\/?page_id=10407"},"modified":"2025-06-13T10:31:48","modified_gmt":"2025-06-13T08:31:48","slug":"seguint-el-rastre","status":"publish","type":"page","link":"https:\/\/serveiseducatius.xtec.cat\/cda-tremp\/ambits\/medi-natural\/seguint-el-rastre\/","title":{"rendered":"Seguint el rastre"},"content":{"rendered":"<h4>Taller de rastres<\/h4>\n<h6><a href=\"https:\/\/serveiseducatius.xtec.cat\/cda-tremp\/wp-content\/uploads\/usu1371\/2023\/04\/Captura5.jpg\"><img loading=\"lazy\" decoding=\"async\" class=\"alignleft wp-image-10409\" src=\"https:\/\/serveiseducatius.xtec.cat\/cda-tremp\/wp-content\/uploads\/usu1371\/2023\/04\/Captura5.jpg\" alt=\"\" width=\"272\" height=\"209\" srcset=\"https:\/\/serveiseducatius.xtec.cat\/cda-tremp\/wp-content\/uploads\/usu1371\/2023\/04\/Captura5.jpg 1244w, https:\/\/serveiseducatius.xtec.cat\/cda-tremp\/wp-content\/uploads\/usu1371\/2023\/04\/Captura5-300x231.jpg 300w, https:\/\/serveiseducatius.xtec.cat\/cda-tremp\/wp-content\/uploads\/usu1371\/2023\/04\/Captura5-1024x787.jpg 1024w, https:\/\/serveiseducatius.xtec.cat\/cda-tremp\/wp-content\/uploads\/usu1371\/2023\/04\/Captura5-768x590.jpg 768w\" sizes=\"auto, (max-width: 272px) 100vw, 272px\" \/><\/a><strong>Nivell<\/strong><\/h6>\n<p>Educaci\u00f3 prim\u00e0ria i primer cicle d&#8217;ESO. Adaptable a altres nivells.<\/p>\n<p><strong>Durada<\/strong><\/p>\n<p>2 hores<\/p>\n<h6><strong>\u00c0rea \/ Mat\u00e8ria<\/strong><\/h6>\n<p>Coneixement del medi, Biologia i Geologia<\/p>\n<h6><strong>Objectius<\/strong><\/h6>\n<ul>\n<li>Diferenciar diferents tipus de rastres: procedents del despla\u00e7ament, de l&#8217;alimentaci\u00f3, de l&#8217;h\u00e0bitat o de restes corporals.<\/li>\n<li>Descriure i classificar, utilitzant claus dicot\u00f2miques i guies de natura, alguns dels rastres<\/li>\n<li>Valorar la biodiversitat d&#8217;una zona i la seva import\u00e0ncia<\/li>\n<li>Estimular l&#8217;observaci\u00f3 de la natura<\/li>\n<\/ul>\n<h6><strong>Descripci\u00f3<\/strong><\/h6>\n<p>Tenint en compte que moltes esp\u00e8cies s\u00f3n dif\u00edcils d&#8217;observar directament en un medi natural, el taller vol donar a con\u00e8ixer com es pot identificar la fauna que habita al nostre entorn sabent observar i identificar diferents tipus de rastres.<\/p>\n<p>El taller, que es realitza en una aula, s&#8217;inicia fent una introducci\u00f3 de qu\u00e8 \u00e9s un rastres, aix\u00ed com de les diferents tipologies de rastres m\u00e9s comuns que trobem en el nostre entorn, tot mostrant-ne alguns exemples. A partir d&#8217;aqu\u00ed, i en petits grups, l&#8217;alumnat treballa de forma aut\u00f2noma per identificar-ne alguns:<\/p>\n<ul>\n<li>Petjades dels principals grans mam\u00edfers amb una clau dicot\u00f2mica<\/li>\n<li>Femtes dels principals grans mam\u00edfers amb una clau dicot\u00f2mica<\/li>\n<li>Observaci\u00f3 de restes corporals amb lupes binoculars<\/li>\n<li>Caracteritzaci\u00f3 de diferents cranis<\/li>\n<li>Identificaci\u00f3 amb una guia de camp d&#8217;esp\u00e8cies d&#8217;aus a partir de plomes<\/li>\n<\/ul>\n<p>Durant l&#8217;activitat, l&#8217;alumnat recull totes les observacions en unes fitxes d&#8217;identificaci\u00f3 de rastres.<\/p>\n<h6><strong>Observacions<\/strong><\/h6>\n<p>\u00c9s recomanable realitzar aquesta activitat com a complement d&#8217;una sortida de camp en un entorn proper per buscar i observar rastres, que pot lligar amb l&#8217;activitat <a href=\"https:\/\/serveiseducatius.xtec.cat\/cda-tremp\/ambits\/el-bosc\/el-paisatge-el-riu-i-el-bosc-ribera\/\">El paisatge, el riu i el bosc de ribera<\/a>, <a href=\"https:\/\/serveiseducatius.xtec.cat\/cda-tremp\/ambits\/el-bosc\/la-vall-de-carreu-cinglesalzines-i-voltors\/\">Carreu. Cingles, alzines i voltors<\/a>, aix\u00ed com amb l&#8217;activitat <a href=\"https:\/\/serveiseducatius.xtec.cat\/cda-tremp\/ambits\/el-bosc\/que-amaga-el-nostre-bosc\/\">Qu\u00e8 amaga el nostre bosc?<\/a><\/p>\n<h6><strong>Material<\/strong><\/h6>\n<ul>\n<li><a href=\"https:\/\/drive.google.com\/file\/d\/1QFP1NVZlnKDtFLrjkYlmKkmT0b6f-vHu\/view?usp=sharing\">Dossier de l&#8217;alumnat<\/a><\/li>\n<\/ul>\n<h6><strong>Fotos<\/strong><\/h6>\n\r\n\t<div class=\"slideshow_container slideshow_container_style-light\" style=\"height: 300px; \" data-slideshow-id=\"10412\" data-style-name=\"style-light\" data-style-version=\"2.3.1\" >\r\n\r\n\t\t\t\t\t<div class=\"slideshow_loading_icon\"><\/div>\r\n\t\t\r\n\t\t<div class=\"slideshow_content\" style=\"display: none;\">\r\n\r\n\t\t\t<div class=\"slideshow_view\">\r\n\t\t\t\t<div class=\"slideshow_slide slideshow_slide_image\">\r\n\t\t\t\t\t\t\t\t\t\t\t<img src=\"https:\/\/serveiseducatius.xtec.cat\/cda-tremp\/wp-content\/uploads\/usu1371\/2023\/06\/rastres2.jpg\" alt=\"rastres2\" width=\"1280\" height=\"952\" \/>\r\n\t\t\t\t\t\t\t\t\t\t<div class=\"slideshow_description_box slideshow_transparent\">\r\n\t\t\t\t\t\t<div class=\"slideshow_title\">rastres2<\/div>\t\t\t\t\t\t\t\t\t\t\t<\/div>\r\n\t\t\t\t<\/div>\r\n\r\n\t\t\t\t\t\t\r\n\t\t\t\t<div class=\"slideshow_slide slideshow_slide_image\">\r\n\t\t\t\t\t\t\t\t\t\t\t<img src=\"https:\/\/serveiseducatius.xtec.cat\/cda-tremp\/wp-content\/uploads\/usu1371\/2023\/06\/rastres1.jpg\" alt=\"rastres1\" width=\"1287\" height=\"959\" \/>\r\n\t\t\t\t\t\t\t\t\t\t<div class=\"slideshow_description_box slideshow_transparent\">\r\n\t\t\t\t\t\t<div class=\"slideshow_title\">rastres1<\/div>\t\t\t\t\t\t\t\t\t\t\t<\/div>\r\n\t\t\t\t<\/div>\r\n\r\n\t\t\t\t\t\t\r\n\t\t\t\t<div class=\"slideshow_slide slideshow_slide_image\">\r\n\t\t\t\t\t\t\t\t\t\t\t<img src=\"https:\/\/serveiseducatius.xtec.cat\/cda-tremp\/wp-content\/uploads\/usu1371\/2023\/04\/Captura4.jpg\" alt=\"Captura4\" width=\"823\" height=\"663\" \/>\r\n\t\t\t\t\t\t\t\t\t\t<div class=\"slideshow_description_box slideshow_transparent\">\r\n\t\t\t\t\t\t<div class=\"slideshow_title\">Captura4<\/div>\t\t\t\t\t\t\t\t\t\t\t<\/div>\r\n\t\t\t\t<\/div>\r\n\r\n\t\t\t\t\t\t<div style=\"clear: both;\"><\/div><\/div><div class=\"slideshow_view\">\r\n\t\t\t\t<div class=\"slideshow_slide slideshow_slide_image\">\r\n\t\t\t\t\t\t\t\t\t\t\t<img src=\"https:\/\/serveiseducatius.xtec.cat\/cda-tremp\/wp-content\/uploads\/usu1371\/2023\/04\/Captura5.jpg\" alt=\"Captura5\" width=\"1244\" height=\"956\" \/>\r\n\t\t\t\t\t\t\t\t\t\t<div class=\"slideshow_description_box slideshow_transparent\">\r\n\t\t\t\t\t\t<div class=\"slideshow_title\">Captura5<\/div>\t\t\t\t\t\t\t\t\t\t\t<\/div>\r\n\t\t\t\t<\/div>\r\n\r\n\t\t\t\t\t\t\r\n\t\t\t\t<div class=\"slideshow_slide slideshow_slide_image\">\r\n\t\t\t\t\t\t\t\t\t\t\t<img src=\"https:\/\/serveiseducatius.xtec.cat\/cda-tremp\/wp-content\/uploads\/usu1371\/2023\/04\/captura6.jpg\" alt=\"captura6\" width=\"1235\" height=\"948\" \/>\r\n\t\t\t\t\t\t\t\t\t\t<div class=\"slideshow_description_box slideshow_transparent\">\r\n\t\t\t\t\t\t<div class=\"slideshow_title\">captura6<\/div>\t\t\t\t\t\t\t\t\t\t\t<\/div>\r\n\t\t\t\t<\/div>\r\n\r\n\t\t\t\t\t\t<div style=\"clear: both;\"><\/div><\/div>\r\n\t\t<\/div>\r\n\r\n\t\t<div class=\"slideshow_controlPanel slideshow_transparent\" style=\"display: none;\"><ul><li class=\"slideshow_togglePlay\" data-play-text=\"Visualitza\" data-pause-text=\"Pausa\"><\/li><\/ul><\/div>\r\n\r\n\t\t<div class=\"slideshow_button slideshow_previous slideshow_transparent\" role=\"button\" data-previous-text=\"Anterior\" style=\"display: none;\"><\/div>\r\n\t\t<div class=\"slideshow_button slideshow_next slideshow_transparent\" role=\"button\" data-next-text=\"Seg\u00fcent\" style=\"display: none;\"><\/div>\r\n\r\n\t\t<div class=\"slideshow_pagination\" style=\"display: none;\" data-go-to-text=\"V\u00e9s a la diapositiva\"><div class=\"slideshow_pagination_center\"><\/div><\/div>\r\n\r\n\t\t<!-- WordPress Slideshow Version 2.3.1 -->\r\n\r\n\t\t\t<\/div>\r\n\r\n\n<p>&nbsp;<\/p>\n","protected":false},"excerpt":{"rendered":"<p>Taller de rastres Nivell Educaci\u00f3 prim\u00e0ria i primer cicle d&#8217;ESO. Adaptable a altres nivells. Durada 2 hores \u00c0rea \/ Mat\u00e8ria [&hellip;]<\/p>\n","protected":false},"author":1,"featured_media":0,"parent":10745,"menu_order":150,"comment_status":"closed","ping_status":"closed","template":"","meta":{"_bbp_topic_count":0,"_bbp_reply_count":0,"_bbp_total_topic_count":0,"_bbp_total_reply_count":0,"_bbp_voice_count":0,"_bbp_anonymous_reply_count":0,"_bbp_topic_count_hidden":0,"_bbp_reply_count_hidden":0,"_bbp_forum_subforum_count":0,"site-sidebar-layout":"default","site-content-layout":"","ast-site-content-layout":"default","site-content-style":"default","site-sidebar-style":"default","ast-global-header-display":"","ast-banner-title-visibility":"","ast-main-header-display":"","ast-hfb-above-header-display":"","ast-hfb-below-header-display":"","ast-hfb-mobile-header-display":"","site-post-title":"","ast-breadcrumbs-content":"","ast-featured-img":"","footer-sml-layout":"","theme-transparent-header-meta":"default","adv-header-id-meta":"","stick-header-meta":"","header-above-stick-meta":"","header-main-stick-meta":"","header-below-stick-meta":"","astra-migrate-meta-layouts":"set","ast-page-background-enabled":"default","ast-page-background-meta":{"desktop":{"background-color":"var(--ast-global-color-4)","background-image":"","background-repeat":"repeat","background-position":"center center","background-size":"auto","background-attachment":"scroll","background-type":"","background-media":"","overlay-type":"","overlay-color":"","overlay-opacity":"","overlay-gradient":""},"tablet":{"background-color":"","background-image":"","background-repeat":"repeat","background-position":"center center","background-size":"auto","background-attachment":"scroll","background-type":"","background-media":"","overlay-type":"","overlay-color":"","overlay-opacity":"","overlay-gradient":""},"mobile":{"background-color":"","background-image":"","background-repeat":"repeat","background-position":"center center","background-size":"auto","background-attachment":"scroll","background-type":"","background-media":"","overlay-type":"","overlay-color":"","overlay-opacity":"","overlay-gradient":""}},"ast-content-background-meta":{"desktop":{"background-color":"var(--ast-global-color-5)","background-image":"","background-repeat":"repeat","background-position":"center center","background-size":"auto","background-attachment":"scroll","background-type":"","background-media":"","overlay-type":"","overlay-color":"","overlay-opacity":"","overlay-gradient":""},"tablet":{"background-color":"var(--ast-global-color-5)","background-image":"","background-repeat":"repeat","background-position":"center center","background-size":"auto","background-attachment":"scroll","background-type":"","background-media":"","overlay-type":"","overlay-color":"","overlay-opacity":"","overlay-gradient":""},"mobile":{"background-color":"var(--ast-global-color-5)","background-image":"","background-repeat":"repeat","background-position":"center center","background-size":"auto","background-attachment":"scroll","background-type":"","background-media":"","overlay-type":"","overlay-color":"","overlay-opacity":"","overlay-gradient":""}},"footnotes":""},"class_list":["post-10407","page","type-page","status-publish","hentry"],"post_mailing_queue_ids":[],"_links":{"self":[{"href":"https:\/\/serveiseducatius.xtec.cat\/cda-tremp\/wp-json\/wp\/v2\/pages\/10407","targetHints":{"allow":["GET"]}}],"collection":[{"href":"https:\/\/serveiseducatius.xtec.cat\/cda-tremp\/wp-json\/wp\/v2\/pages"}],"about":[{"href":"https:\/\/serveiseducatius.xtec.cat\/cda-tremp\/wp-json\/wp\/v2\/types\/page"}],"author":[{"embeddable":true,"href":"https:\/\/serveiseducatius.xtec.cat\/cda-tremp\/wp-json\/wp\/v2\/users\/1"}],"replies":[{"embeddable":true,"href":"https:\/\/serveiseducatius.xtec.cat\/cda-tremp\/wp-json\/wp\/v2\/comments?post=10407"}],"version-history":[{"count":6,"href":"https:\/\/serveiseducatius.xtec.cat\/cda-tremp\/wp-json\/wp\/v2\/pages\/10407\/revisions"}],"predecessor-version":[{"id":11034,"href":"https:\/\/serveiseducatius.xtec.cat\/cda-tremp\/wp-json\/wp\/v2\/pages\/10407\/revisions\/11034"}],"up":[{"embeddable":true,"href":"https:\/\/serveiseducatius.xtec.cat\/cda-tremp\/wp-json\/wp\/v2\/pages\/10745"}],"wp:attachment":[{"href":"https:\/\/serveiseducatius.xtec.cat\/cda-tremp\/wp-json\/wp\/v2\/media?parent=10407"}],"curies":[{"name":"wp","href":"https:\/\/api.w.org\/{rel}","templated":true}]}}