{"id":10037,"date":"2020-04-03T11:03:01","date_gmt":"2020-04-03T09:03:01","guid":{"rendered":"http:\/\/serveiseducatius.xtec.cat\/cda-tremp\/?page_id=10037"},"modified":"2023-04-21T13:13:56","modified_gmt":"2023-04-21T11:13:56","slug":"amb-tot-el-temps-del-mon-toquem-els-pirineus","status":"publish","type":"page","link":"https:\/\/serveiseducatius.xtec.cat\/cda-tremp\/ambits\/el-bosc\/amb-tot-el-temps-del-mon-toquem-els-pirineus\/","title":{"rendered":"Tot el temps del m\u00f3n, toquem els Pirineus"},"content":{"rendered":"<div class=\"entry-content\">\n<h4>Activitat a l&#8217;avinguda dels temps geol\u00f2gics i al jard\u00ed de roques del PGOM<\/h4>\n<\/div>\n<div class=\"entry-content\">\n<p><a href=\"https:\/\/serveiseducatius.xtec.cat\/cda-tremp\/wp-content\/uploads\/usu1371\/2020\/04\/PGOM-1.png\"><img loading=\"lazy\" decoding=\"async\" class=\"wp-image-10038 alignleft\" src=\"https:\/\/serveiseducatius.xtec.cat\/cda-tremp\/wp-content\/uploads\/usu1371\/2020\/04\/PGOM-1.png\" alt=\"\" width=\"300\" height=\"198\" srcset=\"https:\/\/serveiseducatius.xtec.cat\/cda-tremp\/wp-content\/uploads\/usu1371\/2020\/04\/PGOM-1.png 655w, https:\/\/serveiseducatius.xtec.cat\/cda-tremp\/wp-content\/uploads\/usu1371\/2020\/04\/PGOM-1-300x198.png 300w\" sizes=\"auto, (max-width: 300px) 100vw, 300px\" \/><\/a> <a href=\"https:\/\/serveiseducatius.xtec.cat\/cda-tremp\/wp-content\/uploads\/usu1371\/2020\/04\/PGOM-2.png\"><img loading=\"lazy\" decoding=\"async\" class=\"wp-image-10039 alignleft\" src=\"https:\/\/serveiseducatius.xtec.cat\/cda-tremp\/wp-content\/uploads\/usu1371\/2020\/04\/PGOM-2.png\" alt=\"\" width=\"297\" height=\"198\" srcset=\"https:\/\/serveiseducatius.xtec.cat\/cda-tremp\/wp-content\/uploads\/usu1371\/2020\/04\/PGOM-2.png 740w, https:\/\/serveiseducatius.xtec.cat\/cda-tremp\/wp-content\/uploads\/usu1371\/2020\/04\/PGOM-2-300x200.png 300w\" sizes=\"auto, (max-width: 297px) 100vw, 297px\" \/><\/a><\/p>\n<h6><strong>Nivell<\/strong><\/h6>\n<p>Cicle superior d\u2019Educaci\u00f3 Prim\u00e0ria, ESO, Batxillerat i Cicles Formatius<\/p>\n<h6><strong>Durada<\/strong><\/h6>\n<p>3 hores (1,5 h per cada part)<\/p>\n<h6><\/h6>\n<h6><strong>\u00c0rea \/ Mat\u00e8ria<\/strong><\/h6>\n<p>Coneixement del medi, Ci\u00e8ncies Naturals, Biologia\/geologia i Ci\u00e8ncies de la Terra i del Medi Ambient.<\/p>\n<h6><strong>Objectius<\/strong><\/h6>\n<ul>\n<li>Identificar les diferents etapes de la taula cronoestratigr\u00e0fica i comprendre les escales de mesura dels temps geol\u00f2gics<\/li>\n<li>Sintetitzar la hist\u00f2ria de la Terra i els esdeveniments m\u00e9s rellevants que hi han tingut lloc<\/li>\n<li>Estudiar els diferents materials que conformen les roques dels Pirineus<\/li>\n<li>Recon\u00e8ixer els ambients de formaci\u00f3 que han compost els Pirineus i la paleogeografia associada<\/li>\n<\/ul>\n<h6><strong>Descripci\u00f3<\/strong><\/h6>\n<p>L&#8217;activitat al PGOM (Pirineus Geological Open Museum) consta de <strong>dues parts<\/strong> que es poden realitzar independentment o conjunta:<\/p>\n<ul style=\"list-style-type: square;\">\n<li><strong>Tot el temps del m\u00f3n<\/strong>: es du a terme a l&#8217;avinguda dels temps geol\u00f2gics. A partir de la representaci\u00f3 al paviment de la taula dels temps es realitza una activitat inicial per a familiaritzar-se amb l&#8217;escala de treball i la simbologia representada. A continuaci\u00f3, l&#8217;alumnat treballa un material dels esdeveniment m\u00e9s rellevants de la hist\u00f2ria de la Terra, i finalment, es fa un enregistrament entre tot el grup classe des dels inicis del temps fins al final en que cada alumne descriu un d&#8217;aquests esdeveniments.<\/li>\n<li><strong>Toquem els Pirineus: <\/strong>al Jard\u00ed de roques, l&#8217;alumnat en petits grups realitza observacions i experiments en els diferents blocs exposats (un total de 13), guiats per una fitxa d&#8217;observaci\u00f3. Finalment, es posen en com\u00fa les observacions realitzades i es sintetitza tota la formaci\u00f3 dels Pirineus i els paleoambients, relacionant-la amb les mostres que ells han estudiat.<\/li>\n<\/ul>\n<h6><strong>Materials<\/strong><\/h6>\n<ul>\n<li>Mostra de les <a href=\"https:\/\/drive.google.com\/file\/d\/1GxcyRiQdsX33SjY9anr7J06AZKIwry6u\/view?usp=sharing\">fitxes d&#8217;observaci\u00f3<\/a> <em>Toquem els Pirineus <\/em>nivell segon cicle ESO\/Batxillerat<\/li>\n<li>Mostra d&#8217;una part de l&#8217;<a href=\"https:\/\/drive.google.com\/file\/d\/1q0OdCK7V8H7-oMp8XMbQaK4yxsrtE2wz\/view?usp=sharing\">activitat<\/a> <em>Tot el temps del m\u00f3n<\/em><\/li>\n<\/ul>\n<h6><strong>Fotos<\/strong><\/h6>\n\r\n\t<div class=\"slideshow_container slideshow_container_style-light\" style=\"height: 300px; \" data-slideshow-id=\"10243\" data-style-name=\"style-light\" data-style-version=\"2.3.1\" >\r\n\r\n\t\t\t\t\t<div class=\"slideshow_loading_icon\"><\/div>\r\n\t\t\r\n\t\t<div class=\"slideshow_content\" style=\"display: none;\">\r\n\r\n\t\t\t<div class=\"slideshow_view\">\r\n\t\t\t\t<div class=\"slideshow_slide slideshow_slide_image\">\r\n\t\t\t\t\t\t\t\t\t\t\t<img src=\"https:\/\/serveiseducatius.xtec.cat\/cda-tremp\/wp-content\/uploads\/usu1371\/2021\/01\/Captura5.jpg\" alt=\"Captura5\" width=\"788\" height=\"760\" \/>\r\n\t\t\t\t\t\t\t\t\t\t<div class=\"slideshow_description_box slideshow_transparent\">\r\n\t\t\t\t\t\t<div class=\"slideshow_title\">Captura5<\/div>\t\t\t\t\t\t\t\t\t\t\t<\/div>\r\n\t\t\t\t<\/div>\r\n\r\n\t\t\t\t\t\t\r\n\t\t\t\t<div class=\"slideshow_slide slideshow_slide_image\">\r\n\t\t\t\t\t\t\t\t\t\t\t<img src=\"https:\/\/serveiseducatius.xtec.cat\/cda-tremp\/wp-content\/uploads\/usu1371\/2021\/01\/Captura4.jpg\" alt=\"Captura4\" width=\"1161\" height=\"891\" \/>\r\n\t\t\t\t\t\t\t\t\t\t<div class=\"slideshow_description_box slideshow_transparent\">\r\n\t\t\t\t\t\t<div class=\"slideshow_title\">Captura4<\/div>\t\t\t\t\t\t\t\t\t\t\t<\/div>\r\n\t\t\t\t<\/div>\r\n\r\n\t\t\t\t\t\t\r\n\t\t\t\t<div class=\"slideshow_slide slideshow_slide_image\">\r\n\t\t\t\t\t\t\t\t\t\t\t<img src=\"https:\/\/serveiseducatius.xtec.cat\/cda-tremp\/wp-content\/uploads\/usu1371\/2021\/01\/Captura3.jpg\" alt=\"Captura3\" width=\"1091\" height=\"858\" \/>\r\n\t\t\t\t\t\t\t\t\t\t<div class=\"slideshow_description_box slideshow_transparent\">\r\n\t\t\t\t\t\t<div class=\"slideshow_title\">Captura3<\/div>\t\t\t\t\t\t\t\t\t\t\t<\/div>\r\n\t\t\t\t<\/div>\r\n\r\n\t\t\t\t\t\t<div style=\"clear: both;\"><\/div><\/div><div class=\"slideshow_view\">\r\n\t\t\t\t<div class=\"slideshow_slide slideshow_slide_image\">\r\n\t\t\t\t\t\t\t\t\t\t\t<img src=\"https:\/\/serveiseducatius.xtec.cat\/cda-tremp\/wp-content\/uploads\/usu1371\/2021\/01\/Captura2.jpg\" alt=\"Captura2\" width=\"1060\" height=\"902\" \/>\r\n\t\t\t\t\t\t\t\t\t\t<div class=\"slideshow_description_box slideshow_transparent\">\r\n\t\t\t\t\t\t<div class=\"slideshow_title\">Captura2<\/div>\t\t\t\t\t\t\t\t\t\t\t<\/div>\r\n\t\t\t\t<\/div>\r\n\r\n\t\t\t\t\t\t\r\n\t\t\t\t<div class=\"slideshow_slide slideshow_slide_image\">\r\n\t\t\t\t\t\t\t\t\t\t\t<img src=\"https:\/\/serveiseducatius.xtec.cat\/cda-tremp\/wp-content\/uploads\/usu1371\/2021\/01\/Captura1.jpg\" alt=\"Captura1\" width=\"965\" height=\"856\" \/>\r\n\t\t\t\t\t\t\t\t\t\t<div class=\"slideshow_description_box slideshow_transparent\">\r\n\t\t\t\t\t\t<div class=\"slideshow_title\">Captura1<\/div>\t\t\t\t\t\t\t\t\t\t\t<\/div>\r\n\t\t\t\t<\/div>\r\n\r\n\t\t\t\t\t\t<div style=\"clear: both;\"><\/div><\/div>\r\n\t\t<\/div>\r\n\r\n\t\t<div class=\"slideshow_controlPanel slideshow_transparent\" style=\"display: none;\"><ul><li class=\"slideshow_togglePlay\" data-play-text=\"Visualitza\" data-pause-text=\"Pausa\"><\/li><\/ul><\/div>\r\n\r\n\t\t<div class=\"slideshow_button slideshow_previous slideshow_transparent\" role=\"button\" data-previous-text=\"Anterior\" style=\"display: none;\"><\/div>\r\n\t\t<div class=\"slideshow_button slideshow_next slideshow_transparent\" role=\"button\" data-next-text=\"Seg\u00fcent\" style=\"display: none;\"><\/div>\r\n\r\n\t\t<div class=\"slideshow_pagination\" style=\"display: none;\" data-go-to-text=\"V\u00e9s a la diapositiva\"><div class=\"slideshow_pagination_center\"><\/div><\/div>\r\n\r\n\t\t<!-- WordPress Slideshow Version 2.3.1 -->\r\n\r\n\t\t\t<\/div>\r\n\r\n\n<\/div>\n","protected":false},"excerpt":{"rendered":"<p>Activitat a l&#8217;avinguda dels temps geol\u00f2gics i al jard\u00ed de roques del PGOM Nivell Cicle superior d\u2019Educaci\u00f3 Prim\u00e0ria, ESO, Batxillerat [&hellip;]<\/p>\n","protected":false},"author":1,"featured_media":0,"parent":8198,"menu_order":100,"comment_status":"closed","ping_status":"closed","template":"page-templates\/side-menu.php","meta":{"_bbp_topic_count":0,"_bbp_reply_count":0,"_bbp_total_topic_count":0,"_bbp_total_reply_count":0,"_bbp_voice_count":0,"_bbp_anonymous_reply_count":0,"_bbp_topic_count_hidden":0,"_bbp_reply_count_hidden":0,"_bbp_forum_subforum_count":0,"site-sidebar-layout":"default","site-content-layout":"","ast-site-content-layout":"","site-content-style":"default","site-sidebar-style":"default","ast-global-header-display":"","ast-banner-title-visibility":"","ast-main-header-display":"","ast-hfb-above-header-display":"","ast-hfb-below-header-display":"","ast-hfb-mobile-header-display":"","site-post-title":"","ast-breadcrumbs-content":"","ast-featured-img":"","footer-sml-layout":"","theme-transparent-header-meta":"","adv-header-id-meta":"","stick-header-meta":"","header-above-stick-meta":"","header-main-stick-meta":"","header-below-stick-meta":"","astra-migrate-meta-layouts":"default","ast-page-background-enabled":"default","ast-page-background-meta":{"desktop":{"background-color":"var(--ast-global-color-4)","background-image":"","background-repeat":"repeat","background-position":"center center","background-size":"auto","background-attachment":"scroll","background-type":"","background-media":"","overlay-type":"","overlay-color":"","overlay-opacity":"","overlay-gradient":""},"tablet":{"background-color":"","background-image":"","background-repeat":"repeat","background-position":"center center","background-size":"auto","background-attachment":"scroll","background-type":"","background-media":"","overlay-type":"","overlay-color":"","overlay-opacity":"","overlay-gradient":""},"mobile":{"background-color":"","background-image":"","background-repeat":"repeat","background-position":"center center","background-size":"auto","background-attachment":"scroll","background-type":"","background-media":"","overlay-type":"","overlay-color":"","overlay-opacity":"","overlay-gradient":""}},"ast-content-background-meta":{"desktop":{"background-color":"var(--ast-global-color-5)","background-image":"","background-repeat":"repeat","background-position":"center center","background-size":"auto","background-attachment":"scroll","background-type":"","background-media":"","overlay-type":"","overlay-color":"","overlay-opacity":"","overlay-gradient":""},"tablet":{"background-color":"var(--ast-global-color-5)","background-image":"","background-repeat":"repeat","background-position":"center center","background-size":"auto","background-attachment":"scroll","background-type":"","background-media":"","overlay-type":"","overlay-color":"","overlay-opacity":"","overlay-gradient":""},"mobile":{"background-color":"var(--ast-global-color-5)","background-image":"","background-repeat":"repeat","background-position":"center center","background-size":"auto","background-attachment":"scroll","background-type":"","background-media":"","overlay-type":"","overlay-color":"","overlay-opacity":"","overlay-gradient":""}},"footnotes":""},"class_list":["post-10037","page","type-page","status-publish","hentry"],"post_mailing_queue_ids":[],"_links":{"self":[{"href":"https:\/\/serveiseducatius.xtec.cat\/cda-tremp\/wp-json\/wp\/v2\/pages\/10037","targetHints":{"allow":["GET"]}}],"collection":[{"href":"https:\/\/serveiseducatius.xtec.cat\/cda-tremp\/wp-json\/wp\/v2\/pages"}],"about":[{"href":"https:\/\/serveiseducatius.xtec.cat\/cda-tremp\/wp-json\/wp\/v2\/types\/page"}],"author":[{"embeddable":true,"href":"https:\/\/serveiseducatius.xtec.cat\/cda-tremp\/wp-json\/wp\/v2\/users\/1"}],"replies":[{"embeddable":true,"href":"https:\/\/serveiseducatius.xtec.cat\/cda-tremp\/wp-json\/wp\/v2\/comments?post=10037"}],"version-history":[{"count":4,"href":"https:\/\/serveiseducatius.xtec.cat\/cda-tremp\/wp-json\/wp\/v2\/pages\/10037\/revisions"}],"predecessor-version":[{"id":10420,"href":"https:\/\/serveiseducatius.xtec.cat\/cda-tremp\/wp-json\/wp\/v2\/pages\/10037\/revisions\/10420"}],"up":[{"embeddable":true,"href":"https:\/\/serveiseducatius.xtec.cat\/cda-tremp\/wp-json\/wp\/v2\/pages\/8198"}],"wp:attachment":[{"href":"https:\/\/serveiseducatius.xtec.cat\/cda-tremp\/wp-json\/wp\/v2\/media?parent=10037"}],"curies":[{"name":"wp","href":"https:\/\/api.w.org\/{rel}","templated":true}]}}