{"id":10029,"date":"2020-04-03T10:31:35","date_gmt":"2020-04-03T08:31:35","guid":{"rendered":"http:\/\/serveiseducatius.xtec.cat\/cda-tremp\/?page_id=10029"},"modified":"2025-06-13T10:38:36","modified_gmt":"2025-06-13T08:38:36","slug":"tot-es-mou","status":"publish","type":"page","link":"https:\/\/serveiseducatius.xtec.cat\/cda-tremp\/ambits\/el-bosc\/tot-es-mou\/","title":{"rendered":"Quan la muntanya es mou"},"content":{"rendered":"<h4>Itinerari i estudi dels riscos geol\u00f2gics que afecten diferents indrets de la zona<\/h4>\n<p><a href=\"https:\/\/serveiseducatius.xtec.cat\/cda-tremp\/wp-content\/uploads\/usu1371\/2020\/04\/CTHB8111.jpg\"><img loading=\"lazy\" decoding=\"async\" class=\"wp-image-10104 alignleft\" src=\"https:\/\/serveiseducatius.xtec.cat\/cda-tremp\/wp-content\/uploads\/usu1371\/2020\/04\/CTHB8111.jpg\" alt=\"\" width=\"401\" height=\"225\" srcset=\"https:\/\/serveiseducatius.xtec.cat\/cda-tremp\/wp-content\/uploads\/usu1371\/2020\/04\/CTHB8111.jpg 1600w, https:\/\/serveiseducatius.xtec.cat\/cda-tremp\/wp-content\/uploads\/usu1371\/2020\/04\/CTHB8111-300x169.jpg 300w, https:\/\/serveiseducatius.xtec.cat\/cda-tremp\/wp-content\/uploads\/usu1371\/2020\/04\/CTHB8111-768x432.jpg 768w, https:\/\/serveiseducatius.xtec.cat\/cda-tremp\/wp-content\/uploads\/usu1371\/2020\/04\/CTHB8111-1024x576.jpg 1024w\" sizes=\"auto, (max-width: 401px) 100vw, 401px\" \/><\/a><\/p>\n<p><strong>Nivell<\/strong><\/p>\n<p>Cicle superior d&#8217;ESO, Batxillerat i Cicles Formatius<\/p>\n<p><strong>Durada<\/strong><\/p>\n<p>Tot el dia \/ tot un mat\u00ed<\/p>\n<h6><\/h6>\n<h6><strong>\u00c0rea \/ Mat\u00e8ria<\/strong><\/h6>\n<p>Biologia\/Geologia i Ci\u00e8ncies de la Terra i del Medi Ambient.<\/p>\n<h6><strong>Objectius<\/strong><\/h6>\n<ul>\n<li>Recon\u00e8ixer les caracter\u00edstiques geol\u00f2giques de la Conca de Tremp<\/li>\n<li>Identificar diferents riscos geol\u00f2gics i interpretar les seva evoluci\u00f3<\/li>\n<li>Valorar possibles mesures preventives i correctores<\/li>\n<\/ul>\n<h6><strong>Descripci\u00f3<\/strong><\/h6>\n<p>L&#8217;itinerari comen\u00e7a amb una introducci\u00f3 a la geologia de la zona i un an\u00e0lisi dels possibles riscos geol\u00f2gics que la poden afectar. A partir d&#8217;aqu\u00ed, inclou entre tres i quatre parades en varis indrets on s&#8217;observen i s&#8217;analitzen diferents riscos geol\u00f2gics: inundacions, esllavissades i despreniments, moviments de vessant.<\/p>\n<p>Les parades, que poden variar segons els interessos del centre, son:<\/p>\n<ul>\n<li>Estudi de l&#8217;esllavissada de Puigcerc\u00f3s<\/li>\n<li>Valoraci\u00f3 de les conseq\u00fc\u00e8ncies de l&#8217;embassament de Sant Antoni des de la platja del Piolet<\/li>\n<li>Estudi dels riscos associats al moviment de vessant al Pont de Claverol, i valoraci\u00f3 del risc d&#8217;inundaci\u00f3 de la Pobla de Segur<\/li>\n<\/ul>\n<h6><strong>Materials<\/strong><\/h6>\n<ul>\n<li><a href=\"https:\/\/drive.google.com\/file\/d\/1TesyMlmtAfq-MoHcn3ryaWhSpaF9CK4_\/view?usp=sharing\">Dossier alumnat <\/a><\/li>\n<\/ul>\n<h6><strong>Fotografies<\/strong><\/h6>\n\r\n\t<div class=\"slideshow_container slideshow_container_style-light\" style=\"height: 300px; \" data-slideshow-id=\"10868\" data-style-name=\"style-light\" data-style-version=\"2.3.1\" >\r\n\r\n\t\t\t\t\t<div class=\"slideshow_loading_icon\"><\/div>\r\n\t\t\r\n\t\t<div class=\"slideshow_content\" style=\"display: none;\">\r\n\r\n\t\t\t<div class=\"slideshow_view\">\r\n\t\t\t\t<div class=\"slideshow_slide slideshow_slide_image\">\r\n\t\t\t\t\t\t\t\t\t\t\t<img src=\"https:\/\/serveiseducatius.xtec.cat\/cda-tremp\/wp-content\/uploads\/usu1371\/2025\/04\/IMG-20250328-WA0018.jpg\" alt=\"IMG-20250328-WA0018\" width=\"2048\" height=\"923\" \/>\r\n\t\t\t\t\t\t\t\t\t\t<div class=\"slideshow_description_box slideshow_transparent\">\r\n\t\t\t\t\t\t<div class=\"slideshow_title\">IMG-20250328-WA0018<\/div>\t\t\t\t\t\t\t\t\t\t\t<\/div>\r\n\t\t\t\t<\/div>\r\n\r\n\t\t\t\t\t\t\r\n\t\t\t\t<div class=\"slideshow_slide slideshow_slide_image\">\r\n\t\t\t\t\t\t\t\t\t\t\t<img src=\"https:\/\/serveiseducatius.xtec.cat\/cda-tremp\/wp-content\/uploads\/usu1371\/2025\/04\/IMG-20250328-WA0019.jpg\" alt=\"IMG-20250328-WA0019\" width=\"2048\" height=\"923\" \/>\r\n\t\t\t\t\t\t\t\t\t\t<div class=\"slideshow_description_box slideshow_transparent\">\r\n\t\t\t\t\t\t<div class=\"slideshow_title\">IMG-20250328-WA0019<\/div>\t\t\t\t\t\t\t\t\t\t\t<\/div>\r\n\t\t\t\t<\/div>\r\n\r\n\t\t\t\t\t\t<div style=\"clear: both;\"><\/div><\/div><div class=\"slideshow_view\">\r\n\t\t\t\t<div class=\"slideshow_slide slideshow_slide_image\">\r\n\t\t\t\t\t\t\t\t\t\t\t<img src=\"https:\/\/serveiseducatius.xtec.cat\/cda-tremp\/wp-content\/uploads\/usu1371\/2025\/02\/Foto-St-Antoni-paisatge-.jpg\" alt=\"Foto St Antoni paisatge\" width=\"1023\" height=\"372\" \/>\r\n\t\t\t\t\t\t\t\t\t\t<div class=\"slideshow_description_box slideshow_transparent\">\r\n\t\t\t\t\t\t<div class=\"slideshow_title\">Foto St Antoni paisatge<\/div>\t\t\t\t\t\t\t\t\t\t\t<\/div>\r\n\t\t\t\t<\/div>\r\n\r\n\t\t\t\t\t\t\r\n\t\t\t\t<div class=\"slideshow_slide slideshow_slide_image\">\r\n\t\t\t\t\t\t\t\t\t\t\t<img src=\"https:\/\/serveiseducatius.xtec.cat\/cda-tremp\/wp-content\/uploads\/usu1371\/2025\/03\/20240202_122005.jpg\" alt=\"20240202_122005\" width=\"1024\" height=\"768\" \/>\r\n\t\t\t\t\t\t\t\t\t\t<div class=\"slideshow_description_box slideshow_transparent\">\r\n\t\t\t\t\t\t<div class=\"slideshow_title\">20240202_122005<\/div>\t\t\t\t\t\t\t\t\t\t\t<\/div>\r\n\t\t\t\t<\/div>\r\n\r\n\t\t\t\t\t\t<div style=\"clear: both;\"><\/div><\/div>\r\n\t\t<\/div>\r\n\r\n\t\t<div class=\"slideshow_controlPanel slideshow_transparent\" style=\"display: none;\"><ul><li class=\"slideshow_togglePlay\" data-play-text=\"Visualitza\" data-pause-text=\"Pausa\"><\/li><\/ul><\/div>\r\n\r\n\t\t<div class=\"slideshow_button slideshow_previous slideshow_transparent\" role=\"button\" data-previous-text=\"Anterior\" style=\"display: none;\"><\/div>\r\n\t\t<div class=\"slideshow_button slideshow_next slideshow_transparent\" role=\"button\" data-next-text=\"Seg\u00fcent\" style=\"display: none;\"><\/div>\r\n\r\n\t\t<div class=\"slideshow_pagination\" style=\"display: none;\" data-go-to-text=\"V\u00e9s a la diapositiva\"><div class=\"slideshow_pagination_center\"><\/div><\/div>\r\n\r\n\t\t<!-- WordPress Slideshow Version 2.3.1 -->\r\n\r\n\t\t\t<\/div>\r\n\r\n\n","protected":false},"excerpt":{"rendered":"<p>Itinerari i estudi dels riscos geol\u00f2gics que afecten diferents indrets de la zona Nivell Cicle superior d&#8217;ESO, Batxillerat i Cicles [&hellip;]<\/p>\n","protected":false},"author":1,"featured_media":0,"parent":8198,"menu_order":50,"comment_status":"closed","ping_status":"closed","template":"","meta":{"_bbp_topic_count":0,"_bbp_reply_count":0,"_bbp_total_topic_count":0,"_bbp_total_reply_count":0,"_bbp_voice_count":0,"_bbp_anonymous_reply_count":0,"_bbp_topic_count_hidden":0,"_bbp_reply_count_hidden":0,"_bbp_forum_subforum_count":0,"site-sidebar-layout":"default","site-content-layout":"","ast-site-content-layout":"default","site-content-style":"default","site-sidebar-style":"default","ast-global-header-display":"","ast-banner-title-visibility":"","ast-main-header-display":"","ast-hfb-above-header-display":"","ast-hfb-below-header-display":"","ast-hfb-mobile-header-display":"","site-post-title":"","ast-breadcrumbs-content":"","ast-featured-img":"","footer-sml-layout":"","theme-transparent-header-meta":"default","adv-header-id-meta":"","stick-header-meta":"","header-above-stick-meta":"","header-main-stick-meta":"","header-below-stick-meta":"","astra-migrate-meta-layouts":"set","ast-page-background-enabled":"default","ast-page-background-meta":{"desktop":{"background-color":"var(--ast-global-color-4)","background-image":"","background-repeat":"repeat","background-position":"center center","background-size":"auto","background-attachment":"scroll","background-type":"","background-media":"","overlay-type":"","overlay-color":"","overlay-opacity":"","overlay-gradient":""},"tablet":{"background-color":"","background-image":"","background-repeat":"repeat","background-position":"center center","background-size":"auto","background-attachment":"scroll","background-type":"","background-media":"","overlay-type":"","overlay-color":"","overlay-opacity":"","overlay-gradient":""},"mobile":{"background-color":"","background-image":"","background-repeat":"repeat","background-position":"center center","background-size":"auto","background-attachment":"scroll","background-type":"","background-media":"","overlay-type":"","overlay-color":"","overlay-opacity":"","overlay-gradient":""}},"ast-content-background-meta":{"desktop":{"background-color":"var(--ast-global-color-5)","background-image":"","background-repeat":"repeat","background-position":"center center","background-size":"auto","background-attachment":"scroll","background-type":"","background-media":"","overlay-type":"","overlay-color":"","overlay-opacity":"","overlay-gradient":""},"tablet":{"background-color":"var(--ast-global-color-5)","background-image":"","background-repeat":"repeat","background-position":"center center","background-size":"auto","background-attachment":"scroll","background-type":"","background-media":"","overlay-type":"","overlay-color":"","overlay-opacity":"","overlay-gradient":""},"mobile":{"background-color":"var(--ast-global-color-5)","background-image":"","background-repeat":"repeat","background-position":"center center","background-size":"auto","background-attachment":"scroll","background-type":"","background-media":"","overlay-type":"","overlay-color":"","overlay-opacity":"","overlay-gradient":""}},"footnotes":""},"class_list":["post-10029","page","type-page","status-publish","hentry"],"post_mailing_queue_ids":[],"_links":{"self":[{"href":"https:\/\/serveiseducatius.xtec.cat\/cda-tremp\/wp-json\/wp\/v2\/pages\/10029","targetHints":{"allow":["GET"]}}],"collection":[{"href":"https:\/\/serveiseducatius.xtec.cat\/cda-tremp\/wp-json\/wp\/v2\/pages"}],"about":[{"href":"https:\/\/serveiseducatius.xtec.cat\/cda-tremp\/wp-json\/wp\/v2\/types\/page"}],"author":[{"embeddable":true,"href":"https:\/\/serveiseducatius.xtec.cat\/cda-tremp\/wp-json\/wp\/v2\/users\/1"}],"replies":[{"embeddable":true,"href":"https:\/\/serveiseducatius.xtec.cat\/cda-tremp\/wp-json\/wp\/v2\/comments?post=10029"}],"version-history":[{"count":6,"href":"https:\/\/serveiseducatius.xtec.cat\/cda-tremp\/wp-json\/wp\/v2\/pages\/10029\/revisions"}],"predecessor-version":[{"id":11036,"href":"https:\/\/serveiseducatius.xtec.cat\/cda-tremp\/wp-json\/wp\/v2\/pages\/10029\/revisions\/11036"}],"up":[{"embeddable":true,"href":"https:\/\/serveiseducatius.xtec.cat\/cda-tremp\/wp-json\/wp\/v2\/pages\/8198"}],"wp:attachment":[{"href":"https:\/\/serveiseducatius.xtec.cat\/cda-tremp\/wp-json\/wp\/v2\/media?parent=10029"}],"curies":[{"name":"wp","href":"https:\/\/api.w.org\/{rel}","templated":true}]}}