{"id":7262,"date":"2015-03-25T10:34:06","date_gmt":"2015-03-25T09:34:06","guid":{"rendered":"http:\/\/cdatarragona.net\/?page_id=7262"},"modified":"2023-06-06T10:25:54","modified_gmt":"2023-06-06T08:25:54","slug":"tarraco-viva-15","status":"publish","type":"page","link":"https:\/\/serveiseducatius.xtec.cat\/cda-tarragona\/tarraco-viva-15\/","title":{"rendered":"Juguem com jugaven les nenes i els nens romans de T\u00e0rraco 2015"},"content":{"rendered":"<div id=\"body\">\n<div id=\"post-5648\" class=\"post\">\n<div class=\"entry\">\n<p><strong><a href=\"http:\/\/serveiseducatius.xtec.cat\/cda-tarragona\/wp-content\/uploads\/usu1376\/2015\/03\/Circ-Roma1.jpg\"><img loading=\"lazy\" decoding=\"async\" class=\"aligncenter wp-image-7281\" src=\"http:\/\/serveiseducatius.xtec.cat\/cda-tarragona\/wp-content\/uploads\/usu1376\/2015\/03\/Circ-Roma1.jpg\" alt=\"Circ Roma\" width=\"519\" height=\"717\" srcset=\"https:\/\/serveiseducatius.xtec.cat\/cda-tarragona\/wp-content\/uploads\/usu1376\/2015\/03\/Circ-Roma1.jpg 324w, https:\/\/serveiseducatius.xtec.cat\/cda-tarragona\/wp-content\/uploads\/usu1376\/2015\/03\/Circ-Roma1-217x300.jpg 217w\" sizes=\"auto, (max-width: 519px) 100vw, 519px\" \/><\/a><br \/>\n<\/strong><\/p>\n<p><span style=\"font-weight: bold;\">Jocs T\u00e0rraco Viva 2015 monitors i monitores:<\/span><\/p>\n<ul>\n<li>Resum jocs monitors<\/li>\n<li>Normes als monitors<\/li>\n<li>Gomets de colors<\/li>\n<li>Inscripci\u00f3 jocs romans.<\/li>\n<li>Llibre jocs romans<\/li>\n<li>Informaci\u00f3 del joc<\/li>\n<li>Pl\u00e0nol<\/li>\n<\/ul>\n<p><strong>Jocs T\u00e0rraco Viva 2015 centres:<\/strong><\/p>\n<ul>\n<li>Cartell 2015<\/li>\n<li>Activitats\u00a0 cartell 2015. Alumnat.<\/li>\n<li>Activitats cartell 2015. Professorat.<\/li>\n<li>Gomets de colors<\/li>\n<li>Llibre jocs romans<\/li>\n<li>Pl\u00e0nol<\/li>\n<li>Activitat complement\u00e0ria: T\u00e0rraco des de l&#8217;aire. Alumnat.<\/li>\n<li>Activitat complement\u00e0ria: T\u00e0rraco des de l&#8217; aire. Professorat.<\/li>\n<\/ul>\n<p>&nbsp;<\/p>\n<\/div>\n<\/div>\n<\/div>\n","protected":false},"excerpt":{"rendered":"<p>Jocs T\u00e0rraco Viva 2015 monitors i monitores: Resum jocs monitors Normes als monitors Gomets de colors Inscripci\u00f3 jocs romans. Llibre jocs romans Informaci\u00f3 del joc Pl\u00e0nol Jocs T\u00e0rraco Viva 2015 centres: Cartell 2015 Activitats\u00a0 cartell 2015. Alumnat. Activitats cartell 2015. Professorat. Gomets de colors Llibre jocs romans Pl\u00e0nol Activitat complement\u00e0ria: T\u00e0rraco des de l&#8217;aire. Alumnat. [&hellip;]<\/p>\n","protected":false},"author":1,"featured_media":0,"parent":0,"menu_order":4,"comment_status":"open","ping_status":"open","template":"page-templates\/side-menu.php","meta":{"_bbp_topic_count":0,"_bbp_reply_count":0,"_bbp_total_topic_count":0,"_bbp_total_reply_count":0,"_bbp_voice_count":0,"_bbp_anonymous_reply_count":0,"_bbp_topic_count_hidden":0,"_bbp_reply_count_hidden":0,"_bbp_forum_subforum_count":0,"site-sidebar-layout":"default","site-content-layout":"","ast-site-content-layout":"","site-content-style":"default","site-sidebar-style":"default","ast-global-header-display":"","ast-banner-title-visibility":"","ast-main-header-display":"","ast-hfb-above-header-display":"","ast-hfb-below-header-display":"","ast-hfb-mobile-header-display":"","site-post-title":"","ast-breadcrumbs-content":"","ast-featured-img":"","footer-sml-layout":"","theme-transparent-header-meta":"","adv-header-id-meta":"","stick-header-meta":"","header-above-stick-meta":"","header-main-stick-meta":"","header-below-stick-meta":"","astra-migrate-meta-layouts":"default","ast-page-background-enabled":"default","ast-page-background-meta":{"desktop":{"background-color":"var(--ast-global-color-4)","background-image":"","background-repeat":"repeat","background-position":"center center","background-size":"auto","background-attachment":"scroll","background-type":"","background-media":"","overlay-type":"","overlay-color":"","overlay-opacity":"","overlay-gradient":""},"tablet":{"background-color":"","background-image":"","background-repeat":"repeat","background-position":"center center","background-size":"auto","background-attachment":"scroll","background-type":"","background-media":"","overlay-type":"","overlay-color":"","overlay-opacity":"","overlay-gradient":""},"mobile":{"background-color":"","background-image":"","background-repeat":"repeat","background-position":"center center","background-size":"auto","background-attachment":"scroll","background-type":"","background-media":"","overlay-type":"","overlay-color":"","overlay-opacity":"","overlay-gradient":""}},"ast-content-background-meta":{"desktop":{"background-color":"var(--ast-global-color-5)","background-image":"","background-repeat":"repeat","background-position":"center center","background-size":"auto","background-attachment":"scroll","background-type":"","background-media":"","overlay-type":"","overlay-color":"","overlay-opacity":"","overlay-gradient":""},"tablet":{"background-color":"var(--ast-global-color-5)","background-image":"","background-repeat":"repeat","background-position":"center center","background-size":"auto","background-attachment":"scroll","background-type":"","background-media":"","overlay-type":"","overlay-color":"","overlay-opacity":"","overlay-gradient":""},"mobile":{"background-color":"var(--ast-global-color-5)","background-image":"","background-repeat":"repeat","background-position":"center center","background-size":"auto","background-attachment":"scroll","background-type":"","background-media":"","overlay-type":"","overlay-color":"","overlay-opacity":"","overlay-gradient":""}},"footnotes":""},"class_list":["post-7262","page","type-page","status-publish","hentry"],"post_mailing_queue_ids":[],"_links":{"self":[{"href":"https:\/\/serveiseducatius.xtec.cat\/cda-tarragona\/wp-json\/wp\/v2\/pages\/7262","targetHints":{"allow":["GET"]}}],"collection":[{"href":"https:\/\/serveiseducatius.xtec.cat\/cda-tarragona\/wp-json\/wp\/v2\/pages"}],"about":[{"href":"https:\/\/serveiseducatius.xtec.cat\/cda-tarragona\/wp-json\/wp\/v2\/types\/page"}],"author":[{"embeddable":true,"href":"https:\/\/serveiseducatius.xtec.cat\/cda-tarragona\/wp-json\/wp\/v2\/users\/1"}],"replies":[{"embeddable":true,"href":"https:\/\/serveiseducatius.xtec.cat\/cda-tarragona\/wp-json\/wp\/v2\/comments?post=7262"}],"version-history":[{"count":4,"href":"https:\/\/serveiseducatius.xtec.cat\/cda-tarragona\/wp-json\/wp\/v2\/pages\/7262\/revisions"}],"predecessor-version":[{"id":14747,"href":"https:\/\/serveiseducatius.xtec.cat\/cda-tarragona\/wp-json\/wp\/v2\/pages\/7262\/revisions\/14747"}],"wp:attachment":[{"href":"https:\/\/serveiseducatius.xtec.cat\/cda-tarragona\/wp-json\/wp\/v2\/media?parent=7262"}],"curies":[{"name":"wp","href":"https:\/\/api.w.org\/{rel}","templated":true}]}}