{"id":71,"date":"2013-11-14T19:47:14","date_gmt":"2013-11-14T18:47:14","guid":{"rendered":"http:\/\/blocs.xtec.cat\/plantillacda\/?page_id=71"},"modified":"2025-05-08T10:02:57","modified_gmt":"2025-05-08T08:02:57","slug":"on-som","status":"publish","type":"page","link":"https:\/\/serveiseducatius.xtec.cat\/cda-tarragona\/on-som\/","title":{"rendered":"On som?"},"content":{"rendered":"<p>Les <strong>instal\u00b7lacions<\/strong> del Camp d&#8217;Aprenentatge (CdA) es troben dins l&#8217;espai del <a href=\"https:\/\/www.campuseducatiudetarragona.cat\/\"><strong>Campus Educatiu de Tarragona (CET)<\/strong><\/a> a uns quatre quil\u00f2metres de la ciutat.<\/p>\n<p>El CdA disposem d&#8217;<strong>espais did\u00e0ctics i de gesti\u00f3 junt a espais enjardinats d&#8217;esbarjo. <\/strong>Els quals es distribueixen en:<\/p>\n<ul>\n<li style=\"list-style-type: none;\">\n<ul>\n<li style=\"list-style-type: none;\">\n<ul>\n<li>Aules tem\u00e0tiques d&#8217;\u00e0mbits diversos: una aula de la <em>Ind\u00fastria qu\u00edmica de Tarragona,<\/em>\u00a0dues aules dels <em>Petits nens i nenes de T\u00e0rraco,<\/em>\u00a0una aula de <em>El legionari i la societat romana i una aula de<\/em>\u00a0el <em>Taller d&#8217;arqueologia<\/em><\/li>\n<li>Jaciment arqueol\u00f2gic did\u00e0ctic a l&#8217;aire lliure..<\/li>\n<li>Aula multim\u00e8dia.<\/li>\n<li>Aula polivalent.<\/li>\n<li>Biblioteca especialitzada d&#8217;\u00fas intern.<\/li>\n<li>Oficines amb els despatxos de gesti\u00f3.<\/li>\n<li>Espais d&#8217;esbarjo enjardinats al voltant de les instal\u00b7lacions i camps de futbol amb gespa, pistes de b\u00e0squet i de voleibol.<\/li>\n<\/ul>\n<\/li>\n<\/ul>\n<\/li>\n<\/ul>\n<p>Els alumnes estadants poden allotjar-se a la <span style=\"color: #800080;\"><strong>Resid\u00e8ncia Balmes<\/strong><\/span> que, igual que el CdA, es troba dins del <a href=\"https:\/\/www.campuseducatiudetarragona.cat\/\"><strong>Campus Educatiu de Tarragona (CET)<\/strong>. <\/a>Per a m\u00e9s <span style=\"color: #800080;\"><strong>informaci\u00f3 sobre l&#8217;allotjament i la manutenci\u00f3 al CET<\/strong><\/span>, visualitzeu la p\u00e0gina &#8220;<a href=\"https:\/\/serveiseducatius.xtec.cat\/cda-tarragona\/informacions\/on-allotjar-se\/\"><strong><em>ON ALLOTJAR-SE?<\/em><\/strong><\/a>&#8221; que es troba a l&#8217;apartat &#8220;<em><span style=\"color: #800080;\"><strong>INFORMACIONS<\/strong><\/span><\/em>&#8221; del men\u00fa principal d&#8217;aquesta p\u00e0gina.<\/p>\n<p>&nbsp;<\/p>\n<h4>DIRECCI\u00d3 POSTAL DEL CdA DE LA CIUTAT DE TARRAGONA<\/h4>\n<p>Autovia de Salou, s\/n<br \/>\nCP: 43.006\u00a0 Tarragona (Spain)<br \/>\nTel. 634 777 056<\/p>\n<h4>UBICACI\u00d3 DEL MAPA<\/h4>\n<p><iframe loading=\"lazy\" style=\"border: 0;\" src=\"https:\/\/www.google.com\/maps\/embed?pb=!1m14!1m8!1m3!1d12025.777688082033!2d1.2030645!3d41.1029841!3m2!1i1024!2i768!4f13.1!3m3!1m2!1s0x0%3A0xb765beb0fc146882!2sCDA%20Ciutat%20de%20Tarragona!5e0!3m2!1sca!2ses!4v1642506571382!5m2!1sca!2ses\" width=\"1100\" height=\"950\" allowfullscreen=\"allowfullscreen\"><span data-mce-type=\"bookmark\" style=\"display: inline-block; width: 0px; overflow: hidden; line-height: 0;\" class=\"mce_SELRES_start\">\ufeff<\/span><span data-mce-type=\"bookmark\" style=\"display: inline-block; width: 0px; overflow: hidden; line-height: 0;\" class=\"mce_SELRES_start\">\ufeff<\/span><\/iframe><small><\/small><\/p>\n","protected":false},"excerpt":{"rendered":"<p>Les instal\u00b7lacions del Camp d&#8217;Aprenentatge (CdA) es troben dins l&#8217;espai del Campus Educatiu de Tarragona (CET) a uns quatre quil\u00f2metres de la ciutat. El CdA disposem d&#8217;espais did\u00e0ctics i de gesti\u00f3 junt a espais enjardinats d&#8217;esbarjo. Els quals es distribueixen en: Aules tem\u00e0tiques d&#8217;\u00e0mbits diversos: una aula de la Ind\u00fastria qu\u00edmica de Tarragona,\u00a0dues aules dels [&hellip;]<\/p>\n","protected":false},"author":1,"featured_media":0,"parent":0,"menu_order":3,"comment_status":"closed","ping_status":"closed","template":"page-templates\/side-menu.php","meta":{"_bbp_topic_count":0,"_bbp_reply_count":0,"_bbp_total_topic_count":0,"_bbp_total_reply_count":0,"_bbp_voice_count":0,"_bbp_anonymous_reply_count":0,"_bbp_topic_count_hidden":0,"_bbp_reply_count_hidden":0,"_bbp_forum_subforum_count":0,"site-sidebar-layout":"default","site-content-layout":"","ast-site-content-layout":"","site-content-style":"default","site-sidebar-style":"default","ast-global-header-display":"","ast-banner-title-visibility":"","ast-main-header-display":"","ast-hfb-above-header-display":"","ast-hfb-below-header-display":"","ast-hfb-mobile-header-display":"","site-post-title":"","ast-breadcrumbs-content":"","ast-featured-img":"","footer-sml-layout":"","theme-transparent-header-meta":"","adv-header-id-meta":"","stick-header-meta":"","header-above-stick-meta":"","header-main-stick-meta":"","header-below-stick-meta":"","astra-migrate-meta-layouts":"default","ast-page-background-enabled":"default","ast-page-background-meta":{"desktop":{"background-color":"var(--ast-global-color-4)","background-image":"","background-repeat":"repeat","background-position":"center center","background-size":"auto","background-attachment":"scroll","background-type":"","background-media":"","overlay-type":"","overlay-color":"","overlay-opacity":"","overlay-gradient":""},"tablet":{"background-color":"","background-image":"","background-repeat":"repeat","background-position":"center center","background-size":"auto","background-attachment":"scroll","background-type":"","background-media":"","overlay-type":"","overlay-color":"","overlay-opacity":"","overlay-gradient":""},"mobile":{"background-color":"","background-image":"","background-repeat":"repeat","background-position":"center center","background-size":"auto","background-attachment":"scroll","background-type":"","background-media":"","overlay-type":"","overlay-color":"","overlay-opacity":"","overlay-gradient":""}},"ast-content-background-meta":{"desktop":{"background-color":"var(--ast-global-color-5)","background-image":"","background-repeat":"repeat","background-position":"center center","background-size":"auto","background-attachment":"scroll","background-type":"","background-media":"","overlay-type":"","overlay-color":"","overlay-opacity":"","overlay-gradient":""},"tablet":{"background-color":"var(--ast-global-color-5)","background-image":"","background-repeat":"repeat","background-position":"center center","background-size":"auto","background-attachment":"scroll","background-type":"","background-media":"","overlay-type":"","overlay-color":"","overlay-opacity":"","overlay-gradient":""},"mobile":{"background-color":"var(--ast-global-color-5)","background-image":"","background-repeat":"repeat","background-position":"center center","background-size":"auto","background-attachment":"scroll","background-type":"","background-media":"","overlay-type":"","overlay-color":"","overlay-opacity":"","overlay-gradient":""}},"footnotes":""},"class_list":["post-71","page","type-page","status-publish","hentry"],"post_mailing_queue_ids":[],"_links":{"self":[{"href":"https:\/\/serveiseducatius.xtec.cat\/cda-tarragona\/wp-json\/wp\/v2\/pages\/71","targetHints":{"allow":["GET"]}}],"collection":[{"href":"https:\/\/serveiseducatius.xtec.cat\/cda-tarragona\/wp-json\/wp\/v2\/pages"}],"about":[{"href":"https:\/\/serveiseducatius.xtec.cat\/cda-tarragona\/wp-json\/wp\/v2\/types\/page"}],"author":[{"embeddable":true,"href":"https:\/\/serveiseducatius.xtec.cat\/cda-tarragona\/wp-json\/wp\/v2\/users\/1"}],"replies":[{"embeddable":true,"href":"https:\/\/serveiseducatius.xtec.cat\/cda-tarragona\/wp-json\/wp\/v2\/comments?post=71"}],"version-history":[{"count":6,"href":"https:\/\/serveiseducatius.xtec.cat\/cda-tarragona\/wp-json\/wp\/v2\/pages\/71\/revisions"}],"predecessor-version":[{"id":15950,"href":"https:\/\/serveiseducatius.xtec.cat\/cda-tarragona\/wp-json\/wp\/v2\/pages\/71\/revisions\/15950"}],"wp:attachment":[{"href":"https:\/\/serveiseducatius.xtec.cat\/cda-tarragona\/wp-json\/wp\/v2\/media?parent=71"}],"curies":[{"name":"wp","href":"https:\/\/api.w.org\/{rel}","templated":true}]}}