{"id":5648,"date":"2014-04-09T08:41:47","date_gmt":"2014-04-09T07:41:47","guid":{"rendered":"http:\/\/cdatarragona.net\/?page_id=5648"},"modified":"2023-06-06T10:26:34","modified_gmt":"2023-06-06T08:26:34","slug":"tarraco-viva-14tarraco-viva-14tarraco-viva-14","status":"publish","type":"page","link":"https:\/\/serveiseducatius.xtec.cat\/cda-tarragona\/tarraco-viva-14tarraco-viva-14tarraco-viva-14\/","title":{"rendered":"Juguem com jugaven les nenes i els nens romans de T\u00e0rraco 2014"},"content":{"rendered":"<p>&nbsp;<\/p>\n<p style=\"text-align: center;\"><a href=\"http:\/\/serveiseducatius.xtec.cat\/cda-tarragona\/wp-content\/uploads\/usu1376\/2014\/04\/cartell-2014.jpg\"><img loading=\"lazy\" decoding=\"async\" class=\"aligncenter size-full wp-image-5852\" title=\"cartell-2014\" src=\"http:\/\/serveiseducatius.xtec.cat\/cda-tarragona\/wp-content\/uploads\/usu1376\/2014\/04\/cartell-2014.jpg\" alt=\"cartell-2014\" width=\"482\" height=\"672\" \/><\/a><\/p>\n<p><span style=\"font-weight: bold;\">Jocs T\u00e0rraco Viva 2014 monitors i monitores:<\/span><\/p>\n<ul>\n<li>Resum jocs monitors<\/li>\n<li>Normes monitors<\/li>\n<li>Gomets de colors<\/li>\n<li>Inscripci\u00f3 als jocs<\/li>\n<li>Llibre jocs romans<\/li>\n<li>Informaci\u00f3 del joc<\/li>\n<li>Pl\u00e0nol<\/li>\n<\/ul>\n<p><strong>Jocs T\u00e0rraco Viva 2014 centres:<\/strong><\/p>\n<p><a href=\"http:\/\/serveiseducatius.xtec.cat\/cda-tarragona\/wp-content\/uploads\/usu1376\/2014\/04\/cartell-2014.jpg\">Cartell 2014<\/a><\/p>\n<ul>\n<li>Power Point cartell 2014<\/li>\n<li>Activitats cartell 2014<\/li>\n<li>Gomets de colors<\/li>\n<li>Llibre jocs romans<\/li>\n<li>Pl\u00e0nol<\/li>\n<li>Jocs on-line<\/li>\n<\/ul>\n<p style=\"text-align: center;\"><strong>Tallers did\u00e0ctics<\/strong><\/p>\n<p style=\"text-align: justify;\"><em>El <\/em>dia<em> <strong>9 de maig<\/strong><\/em>, el CdA porta a Salou a la vil\u00b7la romana de Barenys, els tallers de :<\/p>\n<p style=\"text-align: justify;\">\u2022 <span style=\"text-decoration: underline;\">Vestim-nos de romans<\/span>, en qu\u00e8 veurem com era el vestuari, tots els nens i les nenes es podran vestir i emprovar-se la joieria preparada. A m\u00e9s, els mostrarem els pentinats, els maquillatges i els perfums a l&#8217;\u00faltima moda de l&#8217;antiq\u00fc\u00edtat.<\/p>\n<p>\u2022 <span style=\"text-decoration: underline;\">Qu\u00e8 menjaven els romans?<\/span> en aquest cas, els alumnes coneixeran els aliments i els sistemes de conservaci\u00f3 que consumien els romans, els identificarem i els classificarem. Aix\u00ed mateix, farem un petit tast, tot recreant una &#8220;cena&#8221; romana.<\/p>\n<p>\u2022 <span style=\"text-decoration: underline;\">Jocs Romans: Ludi<\/span><\/p>\n<p>Mostrem com els nens i les nenes romans jugaven, amb jocs i joguines que avui encara utilitzem. Proposem 20 jocs antics per a con\u00e8ixer la vida quotidiana del passat.<\/p>\n<p>\u2022<span style=\"text-decoration: underline;\"> Com era T\u00e0rraco?<\/span><\/p>\n<p>A partir d&#8217;una gran il\u00b7lustraci\u00f3 de la ciutat, anirem identificant cadascun dels principals edificis que configuraven la ciutat de T\u00e0rraco. Hi col\u00b7locarem alguns dels personatges i dels objectes que posse\u00efen.<\/p>\n<p>Les escoles de Salou s&#8217;aproparan per un mat\u00ed (<em>de 9,30h a 12,30h<\/em>), en 3 sessions simult\u00e0nies que ens permetr\u00e0 atendre un total de 30 infants.<\/p>\n<p>El dia<strong><em> 18 de maig<\/em><\/strong> el CdA far\u00e0 un tast de la seva proposta dels 3 tallers did\u00e0ctics, durant tot el mat\u00ed al Camp de Mart. All\u00ed mostrarem als infants i a les fam\u00edlies com es vestien els romans, qu\u00e8 menjaven i com jugaven. Tot plegat, despr\u00e9s d&#8217;haver-los situat al voltant d&#8217;una gran lona impresa amb la imatge de T\u00e0rraco. All\u00ed hi situarem les parts de la ciutat, els edificis i els personatges que s&#8217;hi trobarien.<\/p>\n<p>Els dies<strong><em> 23, 24 i 25 de maig<\/em><\/strong>, el CdA porta els seus tallers did\u00e0ctics i familiars, per a la XVI edici\u00f3 de T\u00e0rraco Viva, als Jardins de Saavedra. All\u00ed despleguem tot el material: vestits, joies, perfums, aliments, sistemes de conservaci\u00f3, jocs o joguines, gran lona amb la imatge de T\u00e0rraco, objectes i personatges per recrear la vida romana. En acabar, els infants prendran una figura pintada i muntada, un trencaclosques d&#8217;un sopar rom\u00e0 o retallables de personatges romans.<!--:--><!--:en--><\/p>\n<p><!--:--><!--:es--><\/p>\n<p><!--:--><\/p>\n","protected":false},"excerpt":{"rendered":"<p>&nbsp; Jocs T\u00e0rraco Viva 2014 monitors i monitores: Resum jocs monitors Normes monitors Gomets de colors Inscripci\u00f3 als jocs Llibre jocs romans Informaci\u00f3 del joc Pl\u00e0nol Jocs T\u00e0rraco Viva 2014 centres: Cartell 2014 Power Point cartell 2014 Activitats cartell 2014 Gomets de colors Llibre jocs romans Pl\u00e0nol Jocs on-line Tallers did\u00e0ctics El dia 9 de [&hellip;]<\/p>\n","protected":false},"author":1,"featured_media":0,"parent":0,"menu_order":5,"comment_status":"closed","ping_status":"open","template":"page-templates\/side-menu.php","meta":{"_bbp_topic_count":0,"_bbp_reply_count":0,"_bbp_total_topic_count":0,"_bbp_total_reply_count":0,"_bbp_voice_count":0,"_bbp_anonymous_reply_count":0,"_bbp_topic_count_hidden":0,"_bbp_reply_count_hidden":0,"_bbp_forum_subforum_count":0,"site-sidebar-layout":"default","site-content-layout":"","ast-site-content-layout":"","site-content-style":"default","site-sidebar-style":"default","ast-global-header-display":"","ast-banner-title-visibility":"","ast-main-header-display":"","ast-hfb-above-header-display":"","ast-hfb-below-header-display":"","ast-hfb-mobile-header-display":"","site-post-title":"","ast-breadcrumbs-content":"","ast-featured-img":"","footer-sml-layout":"","theme-transparent-header-meta":"","adv-header-id-meta":"","stick-header-meta":"","header-above-stick-meta":"","header-main-stick-meta":"","header-below-stick-meta":"","astra-migrate-meta-layouts":"default","ast-page-background-enabled":"default","ast-page-background-meta":{"desktop":{"background-color":"var(--ast-global-color-4)","background-image":"","background-repeat":"repeat","background-position":"center center","background-size":"auto","background-attachment":"scroll","background-type":"","background-media":"","overlay-type":"","overlay-color":"","overlay-opacity":"","overlay-gradient":""},"tablet":{"background-color":"","background-image":"","background-repeat":"repeat","background-position":"center center","background-size":"auto","background-attachment":"scroll","background-type":"","background-media":"","overlay-type":"","overlay-color":"","overlay-opacity":"","overlay-gradient":""},"mobile":{"background-color":"","background-image":"","background-repeat":"repeat","background-position":"center center","background-size":"auto","background-attachment":"scroll","background-type":"","background-media":"","overlay-type":"","overlay-color":"","overlay-opacity":"","overlay-gradient":""}},"ast-content-background-meta":{"desktop":{"background-color":"var(--ast-global-color-5)","background-image":"","background-repeat":"repeat","background-position":"center center","background-size":"auto","background-attachment":"scroll","background-type":"","background-media":"","overlay-type":"","overlay-color":"","overlay-opacity":"","overlay-gradient":""},"tablet":{"background-color":"var(--ast-global-color-5)","background-image":"","background-repeat":"repeat","background-position":"center center","background-size":"auto","background-attachment":"scroll","background-type":"","background-media":"","overlay-type":"","overlay-color":"","overlay-opacity":"","overlay-gradient":""},"mobile":{"background-color":"var(--ast-global-color-5)","background-image":"","background-repeat":"repeat","background-position":"center center","background-size":"auto","background-attachment":"scroll","background-type":"","background-media":"","overlay-type":"","overlay-color":"","overlay-opacity":"","overlay-gradient":""}},"footnotes":""},"class_list":["post-5648","page","type-page","status-publish","hentry"],"post_mailing_queue_ids":[],"_links":{"self":[{"href":"https:\/\/serveiseducatius.xtec.cat\/cda-tarragona\/wp-json\/wp\/v2\/pages\/5648","targetHints":{"allow":["GET"]}}],"collection":[{"href":"https:\/\/serveiseducatius.xtec.cat\/cda-tarragona\/wp-json\/wp\/v2\/pages"}],"about":[{"href":"https:\/\/serveiseducatius.xtec.cat\/cda-tarragona\/wp-json\/wp\/v2\/types\/page"}],"author":[{"embeddable":true,"href":"https:\/\/serveiseducatius.xtec.cat\/cda-tarragona\/wp-json\/wp\/v2\/users\/1"}],"replies":[{"embeddable":true,"href":"https:\/\/serveiseducatius.xtec.cat\/cda-tarragona\/wp-json\/wp\/v2\/comments?post=5648"}],"version-history":[{"count":3,"href":"https:\/\/serveiseducatius.xtec.cat\/cda-tarragona\/wp-json\/wp\/v2\/pages\/5648\/revisions"}],"predecessor-version":[{"id":14748,"href":"https:\/\/serveiseducatius.xtec.cat\/cda-tarragona\/wp-json\/wp\/v2\/pages\/5648\/revisions\/14748"}],"wp:attachment":[{"href":"https:\/\/serveiseducatius.xtec.cat\/cda-tarragona\/wp-json\/wp\/v2\/media?parent=5648"}],"curies":[{"name":"wp","href":"https:\/\/api.w.org\/{rel}","templated":true}]}}