{"id":4619,"date":"2012-07-04T10:47:26","date_gmt":"2012-07-04T09:47:26","guid":{"rendered":"http:\/\/cdatarragona.net\/activitatsactivities\/actividadesactivitatsactivities\/tarraco-a-lepoca-romanatarraco-a-lepoca-romanatarraco-a-lepoca-romana\/56-2-pams-sota-terra\/"},"modified":"2026-05-06T15:45:22","modified_gmt":"2026-05-06T13:45:22","slug":"56-2-pams-sota-terra","status":"publish","type":"page","link":"https:\/\/serveiseducatius.xtec.cat\/cda-tarragona\/tematiques\/tarragona-romana\/56-2-pams-sota-terra\/","title":{"rendered":"93. Dos pams sota terra"},"content":{"rendered":"\n<p>Aquesta activitat convida l\u2019alumnat a convertir-se en aut\u00e8ntics arque\u00f2legs i arque\u00f2logues. A partir de l\u2019\u00fas i l\u2019an\u00e0lisi de fonts hist\u00f2riques materials, descobriran com es construeix el coneixement del passat aplicant el m\u00e8tode de recerca propi de l\u2019arqueologia. L\u2019experi\u00e8ncia combina diferents moments d\u2019aprenentatge \u2014treball a l\u2019aula, investigaci\u00f3 de camp, pr\u00e0ctiques de laboratori i interpretaci\u00f3 del jaciment\u2014 que permeten viure el proc\u00e9s de descoberta de manera activa i significativa.&nbsp;<\/p>\n\n\n\n<p><strong>Objectius d\u2019aprenentatge:<\/strong><\/p>\n\n\n\n<ul class=\"wp-block-list\">\n<li>Apropar-se al treball arqueol\u00f2gic: excavaci\u00f3, laboratori, classificaci\u00f3, dataci\u00f3, restauraci\u00f3 i interpretaci\u00f3 per obtenir informaci\u00f3 a partir de les restes arqueol\u00f2giques aplicant un m\u00e8tode d\u2019investigaci\u00f3 cient\u00edfic.<\/li>\n\n\n\n<li>Despertar la curiositat sobre la vida de les persones en \u00e8poques passades mitjan\u00e7ant la cerca i l\u2019an\u00e0lisi dels objectes trobats al jaciment amb l\u2019objectiu de valorar les restes arqueol\u00f2giques com a patrimoni com\u00fa que cal conservar.<\/li>\n\n\n\n<li>Viure experi\u00e8ncies did\u00e0ctiques en el territori, l\u2019entorn natural, social, hist\u00f2ric, econ\u00f2mic i cultural de Tarragona, amb la finalitat de construir aprenentatges competencials a partir del gaudi que genera la descoberta d\u2019un espai singular i \u00fanic.<\/li>\n<\/ul>\n\n\n\n<p><strong>Etapa educativa: <\/strong>Cicle Mijt\u00e0 i Cicle Superior d\u2019Educaci\u00f3 Prim\u00e0ria<\/p>\n\n\n\n<p><strong>Modalitat: <\/strong>Estada<\/p>\n\n\n\n<p><strong>Lloc:<\/strong> Instal\u00b7lacions del CdA de la ciutat de Tarragona. Campus Educatiu de Tarragona.<\/p>\n\n\n\n<p><strong>Horari: <\/strong>2 hores i 30 minuts<\/p>\n\n\n\n<p><strong>Transport: <\/strong>Anir\u00e0 a c\u00e0rrec del centre educatiu.&nbsp;<\/p>\n\n\n\n<figure class=\"wp-block-image size-full\"><a href=\"https:\/\/serveiseducatius.xtec.cat\/cda-tarragona\/wp-content\/uploads\/usu1376\/2026\/05\/image-3.png\"><img loading=\"lazy\" decoding=\"async\" width=\"480\" height=\"640\" src=\"https:\/\/serveiseducatius.xtec.cat\/cda-tarragona\/wp-content\/uploads\/usu1376\/2026\/05\/image-3.png\" alt=\"\" class=\"wp-image-16524\" srcset=\"https:\/\/serveiseducatius.xtec.cat\/cda-tarragona\/wp-content\/uploads\/usu1376\/2026\/05\/image-3.png 480w, https:\/\/serveiseducatius.xtec.cat\/cda-tarragona\/wp-content\/uploads\/usu1376\/2026\/05\/image-3-225x300.png 225w\" sizes=\"auto, (max-width: 480px) 100vw, 480px\" \/><\/a><\/figure>\n","protected":false},"excerpt":{"rendered":"<p>Aquesta activitat convida l\u2019alumnat a convertir-se en aut\u00e8ntics arque\u00f2legs i arque\u00f2logues. A partir de l\u2019\u00fas i l\u2019an\u00e0lisi de fonts hist\u00f2riques materials, descobriran com es construeix el coneixement del passat aplicant el m\u00e8tode de recerca propi de l\u2019arqueologia. L\u2019experi\u00e8ncia combina diferents moments d\u2019aprenentatge \u2014treball a l\u2019aula, investigaci\u00f3 de camp, pr\u00e0ctiques de laboratori i interpretaci\u00f3 del jaciment\u2014 [&hellip;]<\/p>\n","protected":false},"author":1,"featured_media":0,"parent":16224,"menu_order":93,"comment_status":"closed","ping_status":"open","template":"","meta":{"_bbp_topic_count":0,"_bbp_reply_count":0,"_bbp_total_topic_count":0,"_bbp_total_reply_count":0,"_bbp_voice_count":0,"_bbp_anonymous_reply_count":0,"_bbp_topic_count_hidden":0,"_bbp_reply_count_hidden":0,"_bbp_forum_subforum_count":0,"site-sidebar-layout":"default","site-content-layout":"","ast-site-content-layout":"default","site-content-style":"default","site-sidebar-style":"default","ast-global-header-display":"","ast-banner-title-visibility":"","ast-main-header-display":"","ast-hfb-above-header-display":"","ast-hfb-below-header-display":"","ast-hfb-mobile-header-display":"","site-post-title":"","ast-breadcrumbs-content":"","ast-featured-img":"","footer-sml-layout":"","theme-transparent-header-meta":"","adv-header-id-meta":"","stick-header-meta":"","header-above-stick-meta":"","header-main-stick-meta":"","header-below-stick-meta":"","astra-migrate-meta-layouts":"set","ast-page-background-enabled":"default","ast-page-background-meta":{"desktop":{"background-color":"var(--ast-global-color-4)","background-image":"","background-repeat":"repeat","background-position":"center center","background-size":"auto","background-attachment":"scroll","background-type":"","background-media":"","overlay-type":"","overlay-color":"","overlay-opacity":"","overlay-gradient":""},"tablet":{"background-color":"","background-image":"","background-repeat":"repeat","background-position":"center center","background-size":"auto","background-attachment":"scroll","background-type":"","background-media":"","overlay-type":"","overlay-color":"","overlay-opacity":"","overlay-gradient":""},"mobile":{"background-color":"","background-image":"","background-repeat":"repeat","background-position":"center center","background-size":"auto","background-attachment":"scroll","background-type":"","background-media":"","overlay-type":"","overlay-color":"","overlay-opacity":"","overlay-gradient":""}},"ast-content-background-meta":{"desktop":{"background-color":"var(--ast-global-color-5)","background-image":"","background-repeat":"repeat","background-position":"center center","background-size":"auto","background-attachment":"scroll","background-type":"","background-media":"","overlay-type":"","overlay-color":"","overlay-opacity":"","overlay-gradient":""},"tablet":{"background-color":"var(--ast-global-color-5)","background-image":"","background-repeat":"repeat","background-position":"center center","background-size":"auto","background-attachment":"scroll","background-type":"","background-media":"","overlay-type":"","overlay-color":"","overlay-opacity":"","overlay-gradient":""},"mobile":{"background-color":"var(--ast-global-color-5)","background-image":"","background-repeat":"repeat","background-position":"center center","background-size":"auto","background-attachment":"scroll","background-type":"","background-media":"","overlay-type":"","overlay-color":"","overlay-opacity":"","overlay-gradient":""}},"footnotes":""},"class_list":["post-4619","page","type-page","status-publish","hentry"],"post_mailing_queue_ids":[],"_links":{"self":[{"href":"https:\/\/serveiseducatius.xtec.cat\/cda-tarragona\/wp-json\/wp\/v2\/pages\/4619","targetHints":{"allow":["GET"]}}],"collection":[{"href":"https:\/\/serveiseducatius.xtec.cat\/cda-tarragona\/wp-json\/wp\/v2\/pages"}],"about":[{"href":"https:\/\/serveiseducatius.xtec.cat\/cda-tarragona\/wp-json\/wp\/v2\/types\/page"}],"author":[{"embeddable":true,"href":"https:\/\/serveiseducatius.xtec.cat\/cda-tarragona\/wp-json\/wp\/v2\/users\/1"}],"replies":[{"embeddable":true,"href":"https:\/\/serveiseducatius.xtec.cat\/cda-tarragona\/wp-json\/wp\/v2\/comments?post=4619"}],"version-history":[{"count":3,"href":"https:\/\/serveiseducatius.xtec.cat\/cda-tarragona\/wp-json\/wp\/v2\/pages\/4619\/revisions"}],"predecessor-version":[{"id":16525,"href":"https:\/\/serveiseducatius.xtec.cat\/cda-tarragona\/wp-json\/wp\/v2\/pages\/4619\/revisions\/16525"}],"up":[{"embeddable":true,"href":"https:\/\/serveiseducatius.xtec.cat\/cda-tarragona\/wp-json\/wp\/v2\/pages\/16224"}],"wp:attachment":[{"href":"https:\/\/serveiseducatius.xtec.cat\/cda-tarragona\/wp-json\/wp\/v2\/media?parent=4619"}],"curies":[{"name":"wp","href":"https:\/\/api.w.org\/{rel}","templated":true}]}}