{"id":3371,"date":"2012-04-19T10:42:44","date_gmt":"2012-04-19T09:42:44","guid":{"rendered":"http:\/\/cdatarragona.net\/tarraco-viva-2012\/"},"modified":"2023-06-06T11:29:47","modified_gmt":"2023-06-06T09:29:47","slug":"tarraco-viva-2012","status":"publish","type":"page","link":"https:\/\/serveiseducatius.xtec.cat\/cda-tarragona\/tarraco-viva-2012\/","title":{"rendered":"Juguem com jugaven les nenes i els nens romans de T\u00e0rraco 2012"},"content":{"rendered":"<p><!--:ca--><\/p>\n<p style=\"text-align: left;\"><strong><span style=\"text-decoration: underline;\">Tallers familiars:<\/span><\/strong><\/p>\n<h3 style=\"text-align: left;\">Dia 20 de maig de 2012<\/h3>\n<p>Presentaci\u00f3 de l&#8217;activitat dels <em>Ludi<\/em> (jocs romans) a les fam\u00edlies, de les 11 hores a les 14 hores. Per l&#8217;espai, situat al camp de Mart, hi van passar 587 participants, els quals van practicar tots els jocs presentats: el joc del delta, les xanques, la balan\u00e7a, les gerres, cavalcar sobre una canya, el laberint, la catapulta, el joc del c\u00e8rcol&#8230;<\/p>\n<p style=\"text-align: center;\"><img loading=\"lazy\" decoding=\"async\" class=\"alignnone size-full wp-image-3546\" title=\"dsc04613\" src=\"http:\/\/serveiseducatius.xtec.cat\/cda-tarragona\/wp-content\/uploads\/usu1376\/2012\/06\/dsc04613.jpg\" alt=\"dsc04613\" width=\"353\" height=\"400\" srcset=\"https:\/\/serveiseducatius.xtec.cat\/cda-tarragona\/wp-content\/uploads\/usu1376\/2012\/06\/dsc04613.jpg 480w, https:\/\/serveiseducatius.xtec.cat\/cda-tarragona\/wp-content\/uploads\/usu1376\/2012\/06\/dsc04613-265x300.jpg 265w\" sizes=\"auto, (max-width: 353px) 100vw, 353px\" \/><\/p>\n<h3>Dies 25-27 de maig 2012<\/h3>\n<p>Durant aquests dies de T\u00e0rraco Viva, el CdA ha ofert 5 tallers familiars, dirigits als nens i les nenes tarragonins de 6 a 12 anys, en 11 sessions simult\u00e0nies i successives.<\/p>\n<p>Els infants han participat en els jocs romans, han experimentat la pintura romana, sobre fustes preparades o c\u00f2dols i el gravat sobre plaques de pedra,\u00a0 han experimentat amb les llanes per elaborar un teixit, han realitzat un mirall met\u00e0l\u00b7lic i una f\u00edbula amb filferro, han constru\u00eft una barca amb escor\u00e7a i han completat un dau de pedra. Les jornades s&#8217;han concl\u00f2s amb uns n\u00fameros excel\u00b7lents: 1436 nens i nenes han format part de l&#8217;experi\u00e8ncia del CdA.<\/p>\n<p style=\"text-align: center;\"><img loading=\"lazy\" decoding=\"async\" class=\"alignnone size-full wp-image-3548\" title=\"dsc04705\" src=\"http:\/\/serveiseducatius.xtec.cat\/cda-tarragona\/wp-content\/uploads\/usu1376\/2012\/06\/dsc04705.jpg\" alt=\"dsc04705\" width=\"358\" height=\"268\" srcset=\"https:\/\/serveiseducatius.xtec.cat\/cda-tarragona\/wp-content\/uploads\/usu1376\/2012\/06\/dsc04705.jpg 640w, https:\/\/serveiseducatius.xtec.cat\/cda-tarragona\/wp-content\/uploads\/usu1376\/2012\/06\/dsc04705-300x225.jpg 300w, https:\/\/serveiseducatius.xtec.cat\/cda-tarragona\/wp-content\/uploads\/usu1376\/2012\/06\/dsc04705-200x150.jpg 200w\" sizes=\"auto, (max-width: 358px) 100vw, 358px\" \/> <img loading=\"lazy\" decoding=\"async\" class=\"alignnone size-full wp-image-3549\" title=\"dsc04721\" src=\"http:\/\/serveiseducatius.xtec.cat\/cda-tarragona\/wp-content\/uploads\/usu1376\/2012\/06\/dsc04721.jpg\" alt=\"dsc04721\" width=\"358\" height=\"268\" srcset=\"https:\/\/serveiseducatius.xtec.cat\/cda-tarragona\/wp-content\/uploads\/usu1376\/2012\/06\/dsc04721.jpg 640w, https:\/\/serveiseducatius.xtec.cat\/cda-tarragona\/wp-content\/uploads\/usu1376\/2012\/06\/dsc04721-300x225.jpg 300w, https:\/\/serveiseducatius.xtec.cat\/cda-tarragona\/wp-content\/uploads\/usu1376\/2012\/06\/dsc04721-200x150.jpg 200w\" sizes=\"auto, (max-width: 358px) 100vw, 358px\" \/><\/p>\n<p>D&#8217;altra banda, hem presentat al nostre estand tot el material did\u00e0ctic sobre <span style=\"text-decoration: underline;\">la farm\u00e0cia<\/span> i <span style=\"text-decoration: underline;\">la medicina <\/span>romanes. L&#8217;exposici\u00f3 va superar en escreix les nostres expectatives, ja que calculem que hi van passar unes 2.500 persones de diferents extraccions socials i professionals (estudiants, professorat, metges, infermeres, farmac\u00e8utics, fam\u00edlies&#8230;). Es va completar amb detallades explicacions sobre el tema, amb una assist\u00e8ncia constant i interessada.<\/p>\n<p style=\"text-align: center;\"><span style=\"color: #ffffff;\">.<\/span><\/p>\n<p style=\"text-align: left;\"><span style=\"text-decoration: underline;\"><strong><em>Not\u00edcies de les catorzenes jornades del\u00a0 T\u00e0rraco Viva 2012<\/em><\/strong><\/span><\/p>\n<div class=\"ast-oembed-container \" style=\"height: 100%;\"><iframe loading=\"lazy\" title=\"Telenot\u00edcies TV3 - Tarraco Viva\" width=\"500\" height=\"281\" src=\"https:\/\/www.youtube.com\/embed\/J-Dt4BSFL7k?feature=oembed\" frameborder=\"0\" allow=\"accelerometer; autoplay; clipboard-write; encrypted-media; gyroscope; picture-in-picture; web-share\" referrerpolicy=\"strict-origin-when-cross-origin\" allowfullscreen><\/iframe><\/div>\n<p>&nbsp;<\/p>\n<p style=\"text-align: left;\"><a href=\"http:\/\/tac12.xiptv.cat\/tac-tarragona\/capitol\/jugant-com-ho-feien-els-romans-1\" target=\"_blank\" rel=\"noopener noreferrer\"><img loading=\"lazy\" decoding=\"async\" class=\"alignnone size-full wp-image-3551\" title=\"Not\u00edcies TAC 12\" src=\"http:\/\/serveiseducatius.xtec.cat\/cda-tarragona\/wp-content\/uploads\/usu1376\/2012\/06\/dibujo.jpg\" alt=\"dibujo\" width=\"300\" height=\"230\" \/><\/a><\/p>\n<p style=\"text-align: left;\"><strong><span style=\"text-decoration: underline;\">Premsa<\/span><\/strong><\/p>\n<p style=\"text-align: center;\"><a href=\"http:\/\/serveiseducatius.xtec.cat\/cda-tarragona\/wp-content\/uploads\/usu1376\/2012\/05\/mes11.jpg\"><img loading=\"lazy\" decoding=\"async\" class=\"alignnone size-full wp-image-3489\" title=\"mes11\" src=\"http:\/\/serveiseducatius.xtec.cat\/cda-tarragona\/wp-content\/uploads\/usu1376\/2012\/05\/mes11.jpg\" alt=\"mes11\" width=\"200\" height=\"250\" \/><\/a> <a href=\"http:\/\/serveiseducatius.xtec.cat\/cda-tarragona\/wp-content\/uploads\/usu1376\/2012\/05\/mes21.jpg\"><img loading=\"lazy\" decoding=\"async\" class=\"alignnone size-full wp-image-3490\" title=\"mes21\" src=\"http:\/\/serveiseducatius.xtec.cat\/cda-tarragona\/wp-content\/uploads\/usu1376\/2012\/05\/mes21.jpg\" alt=\"mes21\" width=\"200\" height=\"250\" \/><\/a> <a href=\"http:\/\/serveiseducatius.xtec.cat\/cda-tarragona\/wp-content\/uploads\/usu1376\/2012\/05\/diari2.jpg\"><img loading=\"lazy\" decoding=\"async\" class=\"alignnone size-full wp-image-3488\" title=\"diari2\" src=\"http:\/\/serveiseducatius.xtec.cat\/cda-tarragona\/wp-content\/uploads\/usu1376\/2012\/05\/diari2.jpg\" alt=\"diari2\" width=\"200\" height=\"250\" \/><\/a><br \/>\n<a href=\"http:\/\/serveiseducatius.xtec.cat\/cda-tarragona\/wp-content\/uploads\/usu1376\/2012\/06\/scan0018.jpg\"><img loading=\"lazy\" decoding=\"async\" class=\"size-thumbnail wp-image-3521 aligncenter\" title=\"scan0018\" src=\"http:\/\/serveiseducatius.xtec.cat\/cda-tarragona\/wp-content\/uploads\/usu1376\/2012\/06\/scan0018-150x150.jpg\" alt=\"scan0018\" width=\"150\" height=\"150\" \/><\/a><\/p>\n<p style=\"text-align: center;\"><a href=\"http:\/\/serveiseducatius.xtec.cat\/cda-tarragona\/wp-content\/uploads\/usu1376\/2012\/06\/scan0019.jpg\"><img loading=\"lazy\" decoding=\"async\" class=\"alignnone size-thumbnail wp-image-3522\" title=\"scan0019\" src=\"http:\/\/serveiseducatius.xtec.cat\/cda-tarragona\/wp-content\/uploads\/usu1376\/2012\/06\/scan0019-150x150.jpg\" alt=\"scan0019\" width=\"150\" height=\"150\" \/><\/a> <a href=\"http:\/\/serveiseducatius.xtec.cat\/cda-tarragona\/wp-content\/uploads\/usu1376\/2012\/06\/scan0020.jpg\"><img loading=\"lazy\" decoding=\"async\" class=\"alignnone size-thumbnail wp-image-3523\" title=\"scan0020\" src=\"http:\/\/serveiseducatius.xtec.cat\/cda-tarragona\/wp-content\/uploads\/usu1376\/2012\/06\/scan0020-150x150.jpg\" alt=\"scan0020\" width=\"150\" height=\"150\" \/><\/a> <a href=\"http:\/\/serveiseducatius.xtec.cat\/cda-tarragona\/wp-content\/uploads\/usu1376\/2012\/06\/scan0021.jpg\"><img loading=\"lazy\" decoding=\"async\" class=\"alignnone size-thumbnail wp-image-3524\" title=\"scan0021\" src=\"http:\/\/serveiseducatius.xtec.cat\/cda-tarragona\/wp-content\/uploads\/usu1376\/2012\/06\/scan0021-150x150.jpg\" alt=\"scan0021\" width=\"150\" height=\"150\" \/><\/a> <a href=\"http:\/\/serveiseducatius.xtec.cat\/cda-tarragona\/wp-content\/uploads\/usu1376\/2012\/06\/scan0022.jpg\"><img loading=\"lazy\" decoding=\"async\" class=\"alignnone size-thumbnail wp-image-3520\" title=\"scan0022\" src=\"http:\/\/serveiseducatius.xtec.cat\/cda-tarragona\/wp-content\/uploads\/usu1376\/2012\/06\/scan0022-150x150.jpg\" alt=\"scan0022\" width=\"150\" height=\"150\" \/><\/a><\/p>\n<p style=\"text-align: left;\"><a href=\"http:\/\/serveiseducatius.xtec.cat\/cda-tarragona\/wp-content\/uploads\/usu1376\/2012\/05\/juguem-com-jugaven.pps\">Fotografies de les jornades <\/a><\/p>\n<p style=\"text-align: left;\"><a class=\"ngg-album-desc\" title=\"Tarraco Viva 2012. Cirurgia i farm\u00e0cia\" href=\"http:\/\/cdatarragona.net\/fotosphotos\/?album=5&amp;gallery=70\">Tarraco Viva 2012.Cirurgia i farm\u00e0cia <\/a><\/p>\n<p style=\"text-align: left;\"><a href=\"http:\/\/cdatarragona.net\/fotosphotos\/?album=5&amp;gallery=71\">Tarraco Viva 2012. Tallers<\/a><\/p>\n<p style=\"text-align: left;\"><a title=\"Tarraco Viva 2012. Tallers\" href=\"http:\/\/cdatarragona.net\/fotosphotos\/?album=5&amp;gallery=72\">Tarraco Viva 2012. Juguem com jugaven<\/a><\/p>\n<h3 style=\"text-align: left;\">17\/05\/2012<\/h3>\n<p style=\"text-align: left;\">Aquest mes de maig, el Camp d\u2019Aprenentatge de la ciutat de Tarragona organitza com a XIV any consecutiu les Jornades d\u2019Aprenentatge Actiu, amb l\u2019objectiu d\u2019apropar la vida quotidiana romana als nens i a les nenes.<\/p>\n<p style=\"text-align: left;\">L\u2019estudi de les estructures arquitect\u00f2niques del patrimoni rom\u00e0 porta a preguntes, que els joves es formulen sobre el dia a dia dels nostres ancestres, en una comparativa amb la vida corrent actual que ells coneixen. \u00c9s a dir, es produeix una relaci\u00f3 directa entre les restes i la quotidianitat, en dotar de vida els monuments i donar-los una dimensi\u00f3 humana.<\/p>\n<p style=\"text-align: left;\">Les viv\u00e8ncies, les formes de ser, de sentir, de pensar i d\u2019actuar d\u2019aquelles persones estan presents a T\u00e0rraco. Entre els seus vestigis i els muse\u00edstics, recorrem a la recreaci\u00f3, la reconstrucci\u00f3 i l\u2019arqueologia experimental, per tal que els alumnes de totes les edats aconsegueixin un aprenentatge m\u00e9s durador i significatiu.<\/p>\n<p style=\"text-align: left;\">Aix\u00ed, fa catorze anys va sorgir la idea d\u2019una macroactivitat que serv\u00eds per a donar resposta a les q\u00fcestions anteriors i que els participants poguessin experimentar part de la vida de fa dos mil\u00b7lennis. I quina manera podia ser millor que la de reviure-la amb un centre d\u2019inter\u00e8s molt proper a la mentalitat dels 10 anys, que no fossin els jocs romans? Apropar el joguet i el joc als escolars \u00e9s l\u2019eix tem\u00e0tic que ens permet accedir-hi de la manera m\u00e9s atractiva, motivadora i activa.<\/p>\n<p style=\"text-align: left;\">Observen amb sorpresa i amb un somriure als llavis, que ells i elles ja coneixien moltes d\u2019aquestes propostes, transmeses oralment de generaci\u00f3 en generaci\u00f3 amb petites variants. Han canviat els materials, substitu\u00efts pel pl\u00e0stic o el suport digital, per\u00f2 l\u2019ess\u00e8ncia i les mec\u00e0niques essent les mateixes.<\/p>\n<p style=\"text-align: left;\">El CdA organitza dins dels actes de T\u00e0rraco viva les seg\u00fcents propostes:<\/p>\n<p style=\"text-align: center;\"><img loading=\"lazy\" decoding=\"async\" class=\"aligncenter size-full wp-image-3436\" title=\"dsc00052web1\" src=\"http:\/\/serveiseducatius.xtec.cat\/cda-tarragona\/wp-content\/uploads\/usu1376\/2012\/04\/dsc00052web1.jpg\" alt=\"dsc00052web1\" width=\"448\" height=\"336\" srcset=\"https:\/\/serveiseducatius.xtec.cat\/cda-tarragona\/wp-content\/uploads\/usu1376\/2012\/04\/dsc00052web1.jpg 448w, https:\/\/serveiseducatius.xtec.cat\/cda-tarragona\/wp-content\/uploads\/usu1376\/2012\/04\/dsc00052web1-300x225.jpg 300w, https:\/\/serveiseducatius.xtec.cat\/cda-tarragona\/wp-content\/uploads\/usu1376\/2012\/04\/dsc00052web1-200x150.jpg 200w\" sizes=\"auto, (max-width: 448px) 100vw, 448px\" \/><\/p>\n<p style=\"text-align: left;\">Dia 17 de maig<\/p>\n<p style=\"text-align: left;\">El professorat del CdA prepara un total de 172 tallers simultanis al Camp de Mart, de 9,30h a 13h, dirigits a la totalitat des alumnes de 5\u00e8 d\u2019Educaci\u00f3 Prim\u00e0ria de Tarragona (amb una previsi\u00f3 de 1467), juntament amb el seu professorat (113) i 350 monitors i monitores. Els darrers provenen de la Universitat Rovira i Virgili (de les Facultats de Pedagogia i Magisteri), alumnes de Batxillerat i de CFGS dels Instituts Vidal i Barraquer, Comte de Rius, Cal\u00b7l\u00edpolis, Pons d\u2019Icart, Mart\u00ed i Franqu\u00e8s de Tarragona i Jaume I, de Salou, i l\u2019Escola d\u2019Hoteleria, de Cambrils, a m\u00e9s del Conservatori de M\u00fasica de la ciutat i de l\u2019Escola d\u2019Art.<\/p>\n<p style=\"text-align: left;\">En aquesta ocasi\u00f3 i com a novetat, s\u2019ha convidat als estudiants procedents de totes les escoles del Tarragon\u00e8s; aix\u00ed doncs s\u2019hi afegiran uns 500 infants m\u00e9s, amb els seus docents. En resum, sobrepassarem els 2500 participants.<\/p>\n<p style=\"text-align: left;\">L\u2019experi\u00e8ncia did\u00e0ctica aplega a tots els centres docents de la ciutat, independentment de la seva adscripci\u00f3, origen i localitzaci\u00f3.<\/p>\n<p style=\"text-align: left;\">Aquests tallers reconstrueixen els jocs que practicaven els romans fa 2000 anys, als que s\u2019hi sumen jocs sobre romans, que reprodueixen i il\u00b7lustren aspectes sobre la vida quotidiana dels nostres avantpassats. S\u2019han recreat 102 jocs antics, amb imitacions del m\u00f3n dels adults, jocs d\u2019estimulaci\u00f3 (motriu, d\u2019habilitat manual i d\u2019estimulaci\u00f3 sensorial), jocs intel\u00b7lectuals i d\u2019atzar. D\u2019altra banda, el segon tipus recull la reconstrucci\u00f3, les activitats sensorials, les narracions i les representacions, activitats de pintar i retallar, els puzles i els jocs matem\u00e0tics.<\/p>\n<p style=\"text-align: left;\">Aix\u00ed, l\u2019oferta inclou un cartell did\u00e0ctic per a cada alumne\/a, el qual cont\u00e9 un problema que han de resoldre i proposa per a la realitzaci\u00f3 pr\u00e8via d\u2019unes activitats a l\u2019aula. Tamb\u00e9 visualitzen una representaci\u00f3 de lluites de gladiadors i poden participar en tots els tallers que s\u2019ofereixen.<\/p>\n<p style=\"text-align: left;\">Al llarg d\u2019aquest mat\u00ed, els nens i les nenes se senten com uns antics romans, immersos en tot un seguit d\u2019olors, sensacions, objectes i imatges que els traslladin al passat.<\/p>\n<p style=\"text-align: center;\"><img loading=\"lazy\" decoding=\"async\" class=\"aligncenter size-full wp-image-3438\" title=\"dsc00132web2\" src=\"http:\/\/serveiseducatius.xtec.cat\/cda-tarragona\/wp-content\/uploads\/usu1376\/2012\/04\/dsc00132web2.jpg\" alt=\"dsc00132web2\" width=\"448\" height=\"336\" srcset=\"https:\/\/serveiseducatius.xtec.cat\/cda-tarragona\/wp-content\/uploads\/usu1376\/2012\/04\/dsc00132web2.jpg 448w, https:\/\/serveiseducatius.xtec.cat\/cda-tarragona\/wp-content\/uploads\/usu1376\/2012\/04\/dsc00132web2-300x225.jpg 300w, https:\/\/serveiseducatius.xtec.cat\/cda-tarragona\/wp-content\/uploads\/usu1376\/2012\/04\/dsc00132web2-200x150.jpg 200w\" sizes=\"auto, (max-width: 448px) 100vw, 448px\" \/><\/p>\n<p style=\"text-align: left;\">Dies 25, 26 i 27 de maig<\/p>\n<p style=\"text-align: left;\">Degut al creixent \u00e8xit dels jocs romans, amb la massiva demanda de participaci\u00f3, l\u2019Ajuntament de Tarragona ens va demanar la col\u00b7laboraci\u00f3 en activitats destinades als nens i les nenes assistents al festival de reconstrucci\u00f3 hist\u00f2rica de T\u00e0rraco Viva.<\/p>\n<p style=\"text-align: left;\">Durant aquests dies, des del CdA oferim onze sessions diferents dirigides als infants (altres 1400), amb tallers simultanis. Les criatures elaboren un vaixell amb escor\u00e7a, un mirall de metall, practiquen amb elements decoratius de pintura i gravat, es construeixen un dau de pedra i una f\u00edbula de filferro i experimenten amb les llanes per al teixit d\u2019una tela.<\/p>\n<p style=\"text-align: left;\"><strong>Jocs Tarraco viva 2012 monitors:<\/strong><\/p>\n<ul>\n<li style=\"text-align: left;\">Resum jocs monitors<\/li>\n<li style=\"text-align: left;\">Normes monitors<\/li>\n<li style=\"text-align: left;\">Gomets de colors<\/li>\n<li style=\"text-align: left;\">Inscripci\u00f3 als jocs<\/li>\n<li style=\"text-align: left;\">Llibre jocs romans<\/li>\n<\/ul>\n<p style=\"text-align: left;\"><strong>Jocs T\u00e0rraco viva 2012 centres:<\/strong><\/p>\n<ul>\n<li style=\"text-align: left;\">PowerPoint cartell 2012<\/li>\n<li style=\"text-align: left;\">Activitats cartell 2012<\/li>\n<li style=\"text-align: left;\">Gomets de colors<\/li>\n<li style=\"text-align: left;\">Llibre jocs romans<\/li>\n<li style=\"text-align: left;\">Jocs On-line<\/li>\n<\/ul>\n<p><!--:--><!--:en--><\/p>\n<p><!--:--><!--:es--><\/p>\n<p><!--:--><\/p>\n","protected":false},"excerpt":{"rendered":"<p>Tallers familiars: Dia 20 de maig de 2012 Presentaci\u00f3 de l&#8217;activitat dels Ludi (jocs romans) a les fam\u00edlies, de les 11 hores a les 14 hores. Per l&#8217;espai, situat al camp de Mart, hi van passar 587 participants, els quals van practicar tots els jocs presentats: el joc del delta, les xanques, la balan\u00e7a, les [&hellip;]<\/p>\n","protected":false},"author":1,"featured_media":0,"parent":0,"menu_order":7,"comment_status":"closed","ping_status":"closed","template":"page-templates\/side-menu.php","meta":{"_bbp_topic_count":0,"_bbp_reply_count":0,"_bbp_total_topic_count":0,"_bbp_total_reply_count":0,"_bbp_voice_count":0,"_bbp_anonymous_reply_count":0,"_bbp_topic_count_hidden":0,"_bbp_reply_count_hidden":0,"_bbp_forum_subforum_count":0,"site-sidebar-layout":"default","site-content-layout":"","ast-site-content-layout":"","site-content-style":"default","site-sidebar-style":"default","ast-global-header-display":"","ast-banner-title-visibility":"","ast-main-header-display":"","ast-hfb-above-header-display":"","ast-hfb-below-header-display":"","ast-hfb-mobile-header-display":"","site-post-title":"","ast-breadcrumbs-content":"","ast-featured-img":"","footer-sml-layout":"","theme-transparent-header-meta":"","adv-header-id-meta":"","stick-header-meta":"","header-above-stick-meta":"","header-main-stick-meta":"","header-below-stick-meta":"","astra-migrate-meta-layouts":"default","ast-page-background-enabled":"default","ast-page-background-meta":{"desktop":{"background-color":"var(--ast-global-color-4)","background-image":"","background-repeat":"repeat","background-position":"center center","background-size":"auto","background-attachment":"scroll","background-type":"","background-media":"","overlay-type":"","overlay-color":"","overlay-opacity":"","overlay-gradient":""},"tablet":{"background-color":"","background-image":"","background-repeat":"repeat","background-position":"center center","background-size":"auto","background-attachment":"scroll","background-type":"","background-media":"","overlay-type":"","overlay-color":"","overlay-opacity":"","overlay-gradient":""},"mobile":{"background-color":"","background-image":"","background-repeat":"repeat","background-position":"center center","background-size":"auto","background-attachment":"scroll","background-type":"","background-media":"","overlay-type":"","overlay-color":"","overlay-opacity":"","overlay-gradient":""}},"ast-content-background-meta":{"desktop":{"background-color":"var(--ast-global-color-5)","background-image":"","background-repeat":"repeat","background-position":"center center","background-size":"auto","background-attachment":"scroll","background-type":"","background-media":"","overlay-type":"","overlay-color":"","overlay-opacity":"","overlay-gradient":""},"tablet":{"background-color":"var(--ast-global-color-5)","background-image":"","background-repeat":"repeat","background-position":"center center","background-size":"auto","background-attachment":"scroll","background-type":"","background-media":"","overlay-type":"","overlay-color":"","overlay-opacity":"","overlay-gradient":""},"mobile":{"background-color":"var(--ast-global-color-5)","background-image":"","background-repeat":"repeat","background-position":"center center","background-size":"auto","background-attachment":"scroll","background-type":"","background-media":"","overlay-type":"","overlay-color":"","overlay-opacity":"","overlay-gradient":""}},"footnotes":""},"class_list":["post-3371","page","type-page","status-publish","hentry"],"post_mailing_queue_ids":[],"_links":{"self":[{"href":"https:\/\/serveiseducatius.xtec.cat\/cda-tarragona\/wp-json\/wp\/v2\/pages\/3371","targetHints":{"allow":["GET"]}}],"collection":[{"href":"https:\/\/serveiseducatius.xtec.cat\/cda-tarragona\/wp-json\/wp\/v2\/pages"}],"about":[{"href":"https:\/\/serveiseducatius.xtec.cat\/cda-tarragona\/wp-json\/wp\/v2\/types\/page"}],"author":[{"embeddable":true,"href":"https:\/\/serveiseducatius.xtec.cat\/cda-tarragona\/wp-json\/wp\/v2\/users\/1"}],"replies":[{"embeddable":true,"href":"https:\/\/serveiseducatius.xtec.cat\/cda-tarragona\/wp-json\/wp\/v2\/comments?post=3371"}],"version-history":[{"count":3,"href":"https:\/\/serveiseducatius.xtec.cat\/cda-tarragona\/wp-json\/wp\/v2\/pages\/3371\/revisions"}],"predecessor-version":[{"id":14750,"href":"https:\/\/serveiseducatius.xtec.cat\/cda-tarragona\/wp-json\/wp\/v2\/pages\/3371\/revisions\/14750"}],"wp:attachment":[{"href":"https:\/\/serveiseducatius.xtec.cat\/cda-tarragona\/wp-json\/wp\/v2\/media?parent=3371"}],"curies":[{"name":"wp","href":"https:\/\/api.w.org\/{rel}","templated":true}]}}