{"id":250,"date":"2009-01-26T13:38:33","date_gmt":"2009-01-26T12:38:33","guid":{"rendered":"http:\/\/www.mensula.cat\/wordpress\/?page_id=250"},"modified":"2025-06-10T12:36:18","modified_gmt":"2025-06-10T10:36:18","slug":"on-allotjar-se","status":"publish","type":"page","link":"https:\/\/serveiseducatius.xtec.cat\/cda-tarragona\/on-allotjar-se\/","title":{"rendered":"On allotjar-se?"},"content":{"rendered":"<p><span style=\"font-weight: 400;\">Els usuaris del Camp d\u2019Aprenentatge poden allotjar-se a la <\/span><b>Resid\u00e8ncia Rodoreda<\/b><span style=\"font-weight: 400;\">, situada dins del <\/span><b>Campus Educatiu de Tarragona (CET)<\/b><span style=\"font-weight: 400;\">, el mateix espai on es troba el CdA. Es tracta d\u2019un entorn singular ubicat a uns quatre quil\u00f2metres del centre de la ciutat, que integra diversos serveis i instal\u00b7lacions: allotjament, servei de cuina, infermeria, camps esportius, les instal\u00b7lacions del Camp d\u2019Aprenentatge, aix\u00ed com altres centres i serveis educatius.<\/span><\/p>\n<p><span style=\"font-weight: 400;\">El <\/span><b>menjador,<\/b><span style=\"font-weight: 400;\"> com\u00fa per a tots els estudiants del Campus, reserva un espai espec\u00edfic per a l\u2019alumnat del CdA. El servei \u00e9s de tipus autoservei, amb un men\u00fa compost per un primer plat, un segon plat i postres, sempre amb opcions de verdura i amanida. S\u2019ofereix tamb\u00e9 la possibilitat de sol\u00b7licitar, pr\u00e8viament, un <\/span><b>men\u00fa rom\u00e0<\/b><span style=\"font-weight: 400;\"> sense cap cost addicional.<\/span><\/p>\n<p><span style=\"font-weight: 400;\">\u00c9s important comunicar amb antelaci\u00f3 qualsevol <\/span><b>especificitat aliment\u00e0ria<\/b><span style=\"font-weight: 400;\"> del grup.<\/span><\/p>\n<p><span style=\"font-weight: 400;\">Els <\/span><b>horaris habituals dels \u00e0pats<\/b><span style=\"font-weight: 400;\"> s\u00f3n els seg\u00fcents:<\/span><\/p>\n<ul>\n<li style=\"font-weight: 400;\" aria-level=\"1\"><b>Esmorzar:<\/b><span style=\"font-weight: 400;\"> 8.00 h<\/span><\/li>\n<li style=\"font-weight: 400;\" aria-level=\"1\"><b>Dinar:<\/b><span style=\"font-weight: 400;\"> 13.15 h<\/span><\/li>\n<li style=\"font-weight: 400;\" aria-level=\"1\"><b>Sopar:<\/b><span style=\"font-weight: 400;\"> 20.15 h<\/span><\/li>\n<\/ul>\n<p><span style=\"font-weight: 400;\">La resid\u00e8ncia compta amb <\/span><b>servei d\u2019infermeria<\/b><span style=\"font-weight: 400;\"> disponible les 24 hores, ubicat a l\u2019edifici annex al Camp d\u2019Aprenentatge.<\/span><\/p>\n<p><span style=\"font-weight: 400;\">Tamb\u00e9 hi ha a disposici\u00f3 un espai de reuni\u00f3 amb jocs de taula, una aula equipada amb taules i cadires, i es facilita un altaveu amb micr\u00f2fon per a les activitats del grup.<\/span><\/p>\n<p><span style=\"font-weight: 400;\">Per a m\u00e9s <\/span><b>informaci\u00f3 espec\u00edfica sobre l\u2019allotjament i la manutenci\u00f3<\/b><span style=\"font-weight: 400;\"> (com ara preus, distribuci\u00f3 i capacitat de les habitacions, o detalls sobre l\u2019oferta aliment\u00e0ria), podeu contactar amb el Campus a:<\/span><\/p>\n<ul>\n<li style=\"font-weight: 400;\" aria-level=\"4\"><span style=\"font-weight: 400;\">Tel\u00e8fon:\u00a0<\/span><b>977 556 105<\/b><\/li>\n<li style=\"font-weight: 400;\" aria-level=\"4\"><span style=\"font-weight: 400;\">Correu electr\u00f2nic:\u00a0<\/span><a href=\"mailto:cet_gerencia.educacio@gencat.cat\"><b>cet_gerencia.educacio@gencat.cat<\/b><\/a><\/li>\n<\/ul>\n<p>&nbsp;<\/p>\n<h3><span style=\"color: #800080;\"><strong>DISTRIBUCI\u00d3 D&#8217;ESPAIS AL CAMPUS EDUCATIU DE TARRAGONA<\/strong><\/span><\/h3>\n<p><img decoding=\"async\" src=\"https:\/\/www.campuseducatiudetarragona.cat\/wp-content\/uploads\/2021\/04\/planell_campus.jpg\" \/><\/p>\n<h3><span style=\"color: #800080;\"><strong>DIRECCI\u00d3 POSTAL DEL CAMPUS EDUCATIU DE TARRAGONA<\/strong><\/span><\/h3>\n<p>Autovia de Salou, s\/n<br \/>\nCP: 43.006\u00a0 Tarragona (Spain)<\/p>\n<h3><span style=\"color: #800080;\"><strong>UBICACI\u00d3 AL MAPA<\/strong><\/span><\/h3>\n<p><iframe loading=\"lazy\" style=\"border: 0;\" src=\"https:\/\/www.google.com\/maps\/embed?pb=!1m14!1m8!1m3!1d12025.777688082033!2d1.2030645!3d41.1029841!3m2!1i1024!2i768!4f13.1!3m3!1m2!1s0x0%3A0xb765beb0fc146882!2sCDA%20Ciutat%20de%20Tarragona!5e0!3m2!1sca!2ses!4v1642506571382!5m2!1sca!2ses\" width=\"1100\" height=\"950\" allowfullscreen=\"allowfullscreen\" data-mce-fragment=\"1\"><span data-mce-type=\"bookmark\" style=\"display: inline-block; width: 0px; overflow: hidden; line-height: 0;\" class=\"mce_SELRES_start\">\ufeff<\/span><span data-mce-type=\"bookmark\" style=\"display: inline-block; width: 0px; overflow: hidden; line-height: 0;\" class=\"mce_SELRES_start\">\ufeff<\/span><\/iframe><small><\/small><\/p>\n<p>&nbsp;<\/p>\n<p><!--:--><\/p>\n","protected":false},"excerpt":{"rendered":"<p>Els usuaris del Camp d\u2019Aprenentatge poden allotjar-se a la Resid\u00e8ncia Rodoreda, situada dins del Campus Educatiu de Tarragona (CET), el mateix espai on es troba el CdA. Es tracta d\u2019un entorn singular ubicat a uns quatre quil\u00f2metres del centre de la ciutat, que integra diversos serveis i instal\u00b7lacions: allotjament, servei de cuina, infermeria, camps esportius, [&hellip;]<\/p>\n","protected":false},"author":1,"featured_media":0,"parent":0,"menu_order":4,"comment_status":"closed","ping_status":"open","template":"","meta":{"_bbp_topic_count":0,"_bbp_reply_count":0,"_bbp_total_topic_count":0,"_bbp_total_reply_count":0,"_bbp_voice_count":0,"_bbp_anonymous_reply_count":0,"_bbp_topic_count_hidden":0,"_bbp_reply_count_hidden":0,"_bbp_forum_subforum_count":0,"site-sidebar-layout":"default","site-content-layout":"","ast-site-content-layout":"default","site-content-style":"default","site-sidebar-style":"default","ast-global-header-display":"","ast-banner-title-visibility":"","ast-main-header-display":"","ast-hfb-above-header-display":"","ast-hfb-below-header-display":"","ast-hfb-mobile-header-display":"","site-post-title":"","ast-breadcrumbs-content":"","ast-featured-img":"","footer-sml-layout":"","theme-transparent-header-meta":"default","adv-header-id-meta":"","stick-header-meta":"","header-above-stick-meta":"","header-main-stick-meta":"","header-below-stick-meta":"","astra-migrate-meta-layouts":"set","ast-page-background-enabled":"default","ast-page-background-meta":{"desktop":{"background-color":"var(--ast-global-color-4)","background-image":"","background-repeat":"repeat","background-position":"center center","background-size":"auto","background-attachment":"scroll","background-type":"","background-media":"","overlay-type":"","overlay-color":"","overlay-opacity":"","overlay-gradient":""},"tablet":{"background-color":"","background-image":"","background-repeat":"repeat","background-position":"center center","background-size":"auto","background-attachment":"scroll","background-type":"","background-media":"","overlay-type":"","overlay-color":"","overlay-opacity":"","overlay-gradient":""},"mobile":{"background-color":"","background-image":"","background-repeat":"repeat","background-position":"center center","background-size":"auto","background-attachment":"scroll","background-type":"","background-media":"","overlay-type":"","overlay-color":"","overlay-opacity":"","overlay-gradient":""}},"ast-content-background-meta":{"desktop":{"background-color":"var(--ast-global-color-5)","background-image":"","background-repeat":"repeat","background-position":"center center","background-size":"auto","background-attachment":"scroll","background-type":"","background-media":"","overlay-type":"","overlay-color":"","overlay-opacity":"","overlay-gradient":""},"tablet":{"background-color":"var(--ast-global-color-5)","background-image":"","background-repeat":"repeat","background-position":"center center","background-size":"auto","background-attachment":"scroll","background-type":"","background-media":"","overlay-type":"","overlay-color":"","overlay-opacity":"","overlay-gradient":""},"mobile":{"background-color":"var(--ast-global-color-5)","background-image":"","background-repeat":"repeat","background-position":"center center","background-size":"auto","background-attachment":"scroll","background-type":"","background-media":"","overlay-type":"","overlay-color":"","overlay-opacity":"","overlay-gradient":""}},"footnotes":""},"class_list":["post-250","page","type-page","status-publish","hentry"],"post_mailing_queue_ids":[],"_links":{"self":[{"href":"https:\/\/serveiseducatius.xtec.cat\/cda-tarragona\/wp-json\/wp\/v2\/pages\/250","targetHints":{"allow":["GET"]}}],"collection":[{"href":"https:\/\/serveiseducatius.xtec.cat\/cda-tarragona\/wp-json\/wp\/v2\/pages"}],"about":[{"href":"https:\/\/serveiseducatius.xtec.cat\/cda-tarragona\/wp-json\/wp\/v2\/types\/page"}],"author":[{"embeddable":true,"href":"https:\/\/serveiseducatius.xtec.cat\/cda-tarragona\/wp-json\/wp\/v2\/users\/1"}],"replies":[{"embeddable":true,"href":"https:\/\/serveiseducatius.xtec.cat\/cda-tarragona\/wp-json\/wp\/v2\/comments?post=250"}],"version-history":[{"count":6,"href":"https:\/\/serveiseducatius.xtec.cat\/cda-tarragona\/wp-json\/wp\/v2\/pages\/250\/revisions"}],"predecessor-version":[{"id":15980,"href":"https:\/\/serveiseducatius.xtec.cat\/cda-tarragona\/wp-json\/wp\/v2\/pages\/250\/revisions\/15980"}],"wp:attachment":[{"href":"https:\/\/serveiseducatius.xtec.cat\/cda-tarragona\/wp-json\/wp\/v2\/media?parent=250"}],"curies":[{"name":"wp","href":"https:\/\/api.w.org\/{rel}","templated":true}]}}