{"id":16443,"date":"2026-05-06T12:07:07","date_gmt":"2026-05-06T10:07:07","guid":{"rendered":"https:\/\/serveiseducatius.xtec.cat\/cda-tarragona\/?page_id=16443"},"modified":"2026-05-06T14:08:12","modified_gmt":"2026-05-06T12:08:12","slug":"130-un-refugi-antiaeri-de-la-guerra-civil-a-tarragona-g","status":"publish","type":"page","link":"https:\/\/serveiseducatius.xtec.cat\/cda-tarragona\/tematiques\/tarragona-urbana\/130-un-refugi-antiaeri-de-la-guerra-civil-a-tarragona-g\/","title":{"rendered":"130. Un refugi antia\u00e8ri de la guerra civil a Tarragona"},"content":{"rendered":"\n<p>L\u2019alumnat s\u2019endinsar\u00e0 en els bombardejos a la ciutat de Tarragona entre els anys 1937 i 1939 a trav\u00e9s d\u2019una experi\u00e8ncia vivencial que es dur\u00e0 a terme visitant el refugi antiaeri situat sota la Casa dels Concilis. L\u2019activitat comen\u00e7ar\u00e0 amb una introducci\u00f3 hist\u00f2rica que els permetr\u00e0 contextualitzar la&nbsp; Guerra Civil i l\u2019impacte que va tenir a la ciutat. A partir d\u2019aqu\u00ed, recorreran els espais del refugi tot descobrint com era la vida quotidiana durant els atacs aeris: les condicions de protecci\u00f3, les emocions de la poblaci\u00f3, els objectes utilitzats i les estrat\u00e8gies de superviv\u00e8ncia. Mitjan\u00e7ant l\u2019observaci\u00f3 i la participaci\u00f3, l\u2019alumnat podr\u00e0 posar-se en la pell dels ciutadans i ciutadanes de l\u2019\u00e8poca i reflexionar sobre les conseq\u00fc\u00e8ncies dels conflictes b\u00e8l\u00b7lics en la vida de les persones.&nbsp;<\/p>\n\n\n\n<p><strong>Objectius d\u2019aprenentatge:<\/strong><\/p>\n\n\n\n<ul class=\"wp-block-list\">\n<li>Comprendre la Guerra Civil i identificar l\u2019impacte dels bombardejos a la ciutat de Tarragona entre els anys 1937 i 1939.&nbsp;<\/li>\n\n\n\n<li>Desenvolupar empatia i pensament cr\u00edtic reflexionant sobre les conseq\u00fc\u00e8ncies dels conflictes b\u00e8l\u00b7lics en la vida de les persones a partir de l\u2019experi\u00e8ncia vivencial al refugi antiaeri.&nbsp;<\/li>\n<\/ul>\n\n\n\n<p><strong>Etapa educativa: <\/strong>4rt ESO i Batxillerat<\/p>\n\n\n\n<p><strong>Modalitat: <\/strong>Sortida i Estada<\/p>\n\n\n\n<p><strong>Horari:<\/strong> 10h &#8211; 12\u201930h<\/p>\n\n\n\n<p><strong>Lloc:<\/strong> l\u2019activitat comen\u00e7a a la Casa dels Concilis i finalitza al refugi antiaeri que est\u00e0 situat a sota (Carrer de les Coques, 3)<\/p>\n\n\n\n<p><strong>Transport: <\/strong>en cas que el centre necessiti servei de transport, aquest anir\u00e0 a c\u00e0rrec del mateix centre.&nbsp;<\/p>\n\n\n\n<p><\/p>\n\n\n\n<figure class=\"wp-block-image size-full\"><a href=\"https:\/\/serveiseducatius.xtec.cat\/cda-tarragona\/wp-content\/uploads\/usu1376\/2026\/05\/19.11.29_Refugi-Museu-Biblic-078.jpeg\"><img loading=\"lazy\" decoding=\"async\" width=\"640\" height=\"426\" src=\"https:\/\/serveiseducatius.xtec.cat\/cda-tarragona\/wp-content\/uploads\/usu1376\/2026\/05\/19.11.29_Refugi-Museu-Biblic-078.jpeg\" alt=\"\" class=\"wp-image-16467\" srcset=\"https:\/\/serveiseducatius.xtec.cat\/cda-tarragona\/wp-content\/uploads\/usu1376\/2026\/05\/19.11.29_Refugi-Museu-Biblic-078.jpeg 640w, https:\/\/serveiseducatius.xtec.cat\/cda-tarragona\/wp-content\/uploads\/usu1376\/2026\/05\/19.11.29_Refugi-Museu-Biblic-078-300x200.jpeg 300w\" sizes=\"auto, (max-width: 640px) 100vw, 640px\" \/><\/a><\/figure>\n\n\n\n<p><\/p>\n\n\n\n<p><\/p>\n\n\n\n<p><\/p>\n\n\n\n<p><\/p>\n","protected":false},"excerpt":{"rendered":"<p>L\u2019alumnat s\u2019endinsar\u00e0 en els bombardejos a la ciutat de Tarragona entre els anys 1937 i 1939 a trav\u00e9s d\u2019una experi\u00e8ncia vivencial que es dur\u00e0 a terme visitant el refugi antiaeri situat sota la Casa dels Concilis. L\u2019activitat comen\u00e7ar\u00e0 amb una introducci\u00f3 hist\u00f2rica que els permetr\u00e0 contextualitzar la&nbsp; Guerra Civil i l\u2019impacte que va tenir a [&hellip;]<\/p>\n","protected":false},"author":1,"featured_media":0,"parent":16232,"menu_order":0,"comment_status":"closed","ping_status":"close","template":"","meta":{"_bbp_topic_count":0,"_bbp_reply_count":0,"_bbp_total_topic_count":0,"_bbp_total_reply_count":0,"_bbp_voice_count":0,"_bbp_anonymous_reply_count":0,"_bbp_topic_count_hidden":0,"_bbp_reply_count_hidden":0,"_bbp_forum_subforum_count":0,"site-sidebar-layout":"default","site-content-layout":"","ast-site-content-layout":"default","site-content-style":"default","site-sidebar-style":"default","ast-global-header-display":"","ast-banner-title-visibility":"","ast-main-header-display":"","ast-hfb-above-header-display":"","ast-hfb-below-header-display":"","ast-hfb-mobile-header-display":"","site-post-title":"","ast-breadcrumbs-content":"","ast-featured-img":"","footer-sml-layout":"","theme-transparent-header-meta":"","adv-header-id-meta":"","stick-header-meta":"","header-above-stick-meta":"","header-main-stick-meta":"","header-below-stick-meta":"","astra-migrate-meta-layouts":"set","ast-page-background-enabled":"default","ast-page-background-meta":{"desktop":{"background-color":"var(--ast-global-color-4)","background-image":"","background-repeat":"repeat","background-position":"center center","background-size":"auto","background-attachment":"scroll","background-type":"","background-media":"","overlay-type":"","overlay-color":"","overlay-opacity":"","overlay-gradient":""},"tablet":{"background-color":"","background-image":"","background-repeat":"repeat","background-position":"center center","background-size":"auto","background-attachment":"scroll","background-type":"","background-media":"","overlay-type":"","overlay-color":"","overlay-opacity":"","overlay-gradient":""},"mobile":{"background-color":"","background-image":"","background-repeat":"repeat","background-position":"center center","background-size":"auto","background-attachment":"scroll","background-type":"","background-media":"","overlay-type":"","overlay-color":"","overlay-opacity":"","overlay-gradient":""}},"ast-content-background-meta":{"desktop":{"background-color":"var(--ast-global-color-5)","background-image":"","background-repeat":"repeat","background-position":"center center","background-size":"auto","background-attachment":"scroll","background-type":"","background-media":"","overlay-type":"","overlay-color":"","overlay-opacity":"","overlay-gradient":""},"tablet":{"background-color":"var(--ast-global-color-5)","background-image":"","background-repeat":"repeat","background-position":"center center","background-size":"auto","background-attachment":"scroll","background-type":"","background-media":"","overlay-type":"","overlay-color":"","overlay-opacity":"","overlay-gradient":""},"mobile":{"background-color":"var(--ast-global-color-5)","background-image":"","background-repeat":"repeat","background-position":"center center","background-size":"auto","background-attachment":"scroll","background-type":"","background-media":"","overlay-type":"","overlay-color":"","overlay-opacity":"","overlay-gradient":""}},"footnotes":""},"class_list":["post-16443","page","type-page","status-publish","hentry"],"post_mailing_queue_ids":[],"_links":{"self":[{"href":"https:\/\/serveiseducatius.xtec.cat\/cda-tarragona\/wp-json\/wp\/v2\/pages\/16443","targetHints":{"allow":["GET"]}}],"collection":[{"href":"https:\/\/serveiseducatius.xtec.cat\/cda-tarragona\/wp-json\/wp\/v2\/pages"}],"about":[{"href":"https:\/\/serveiseducatius.xtec.cat\/cda-tarragona\/wp-json\/wp\/v2\/types\/page"}],"author":[{"embeddable":true,"href":"https:\/\/serveiseducatius.xtec.cat\/cda-tarragona\/wp-json\/wp\/v2\/users\/1"}],"replies":[{"embeddable":true,"href":"https:\/\/serveiseducatius.xtec.cat\/cda-tarragona\/wp-json\/wp\/v2\/comments?post=16443"}],"version-history":[{"count":6,"href":"https:\/\/serveiseducatius.xtec.cat\/cda-tarragona\/wp-json\/wp\/v2\/pages\/16443\/revisions"}],"predecessor-version":[{"id":16516,"href":"https:\/\/serveiseducatius.xtec.cat\/cda-tarragona\/wp-json\/wp\/v2\/pages\/16443\/revisions\/16516"}],"up":[{"embeddable":true,"href":"https:\/\/serveiseducatius.xtec.cat\/cda-tarragona\/wp-json\/wp\/v2\/pages\/16232"}],"wp:attachment":[{"href":"https:\/\/serveiseducatius.xtec.cat\/cda-tarragona\/wp-json\/wp\/v2\/media?parent=16443"}],"curies":[{"name":"wp","href":"https:\/\/api.w.org\/{rel}","templated":true}]}}