{"id":16191,"date":"2026-04-29T12:19:07","date_gmt":"2026-04-29T10:19:07","guid":{"rendered":"https:\/\/serveiseducatius.xtec.cat\/cda-tarragona\/?page_id=16191"},"modified":"2026-04-29T17:29:56","modified_gmt":"2026-04-29T15:29:56","slug":"presentacio-3","status":"publish","type":"page","link":"https:\/\/serveiseducatius.xtec.cat\/cda-tarragona\/el-cda\/presentacio-3\/","title":{"rendered":"Presentaci\u00f3"},"content":{"rendered":"\n<p>Els <a href=\"https:\/\/xtec.gencat.cat\/ca\/serveis\/sesc\/cda\/queson\/\">Camps d\u2019Aprenentatge<\/a> s\u00f3n serveis educatius del Departament d\u2019Educaci\u00f3 i Formaci\u00f3 Professional que ofereixen al professorat i als centres educatius la possibilitat de desenvolupar projectes de treball innovadors per a l\u2019estudi i l\u2019experimentaci\u00f3 en un medi singular de Catalunya .&nbsp;<\/p>\n\n\n\n<p>El Camp d\u2019Aprenentatge de la ciutat de Tarragona ofereix als centres educatius la possibilitat de desenvolupar activitats vinculades a la ciutat de Tarragona i al seu patrimoni hist\u00f2ric, cultural i industrial.<\/p>\n\n\n\n<figure class=\"wp-block-embed is-type-video is-provider-youtube wp-block-embed-youtube wp-embed-aspect-16-9 wp-has-aspect-ratio\"><div class=\"wp-block-embed__wrapper\">\n<div class=\"ast-oembed-container \" style=\"height: 100%;\"><iframe loading=\"lazy\" title=\"Camp d&#039;Aprenentatge (CdA) de la Ciutat de Tarragona\" width=\"500\" height=\"281\" src=\"https:\/\/www.youtube.com\/embed\/qKZHpJkB7vs?feature=oembed\" frameborder=\"0\" allow=\"accelerometer; autoplay; clipboard-write; encrypted-media; gyroscope; picture-in-picture; web-share\" referrerpolicy=\"strict-origin-when-cross-origin\" allowfullscreen><\/iframe><\/div>\n<\/div><\/figure>\n\n\n\n<p><\/p>\n\n\n\n<p>Al CdA de la ciutat de Tarragona tenim dividides les nostres activitats en sis tem\u00e0tiques:<\/p>\n\n\n\n<p><strong>Tem\u00e0tica romana:<\/strong> activitats vinculades a la descoberta de l\u2019antiga T\u00e0rraco. L\u2019activitat <em>Els petits nens i nenes de T\u00e0rraco<\/em>, les activitats que es realitzen als monuments rom\u00e0 de la ciutat o el <em>Joc de la Tarragona romana<\/em> s\u00f3n alguns dels exemples d\u2019activitats que permeten a l\u2019alumnat con\u00e8ixer el passat rom\u00e0 de la ciutat de de manera vivencial, tot fomentant l\u2019observaci\u00f3, la interpretaci\u00f3 del patrimoni i la comprensi\u00f3 de la vida quotidiana en \u00e8poca romana.\u00a0<\/p>\n\n\n\n<p><strong>Tem\u00e0tica industrial: <\/strong>a trav\u00e9s de les activitats <em>Un tresor sota les xemeneies<\/em> i <em>La ind\u00fastria qu\u00edmica de Tarragona<\/em> apostem per apropar a l\u2019alumnat el m\u00f3n industrial en general i la ind\u00fastria qu\u00edmica del Camp de Tarragona en particular. Mitjan\u00e7ant propostes interactives i vivencials, l\u2019alumnat s\u2019endinsa en el coneixement de l\u2019activitat industrial del territori, tot afavorint la comprensi\u00f3 del seu impacte econ\u00f2mic, social i ambiental.&nbsp;<\/p>\n\n\n\n<p><strong>Tem\u00e0tica medieval:<\/strong> <em>Dracs. m\u00fasic i hist\u00f2ries de la Catedral <\/em>o el <em>Joc de la Tarragona medieval<\/em> s\u00f3n exemples d\u2019activitats l\u00fadiques i participatives que apropen l\u2019alumnat al coneixement del passat medieval de la ciutat. A trav\u00e9s de din\u00e0miques de joc i descoberta, els alumnes exploren els espais, la societat i la vida quotidiana de la ciutat en \u00e8poca medieval. Les activitats d\u2019aquest \u00e0mbit fomenten l\u2019observaci\u00f3 directa i la interpretaci\u00f3 del patrimoni per comprendre l\u2019evoluci\u00f3 hist\u00f2rica de Tarragona.&nbsp;<\/p>\n\n\n\n<p><strong>Tem\u00e0tica marina<\/strong>: a trav\u00e9s d\u2019activitats com per exemple <em>El port i la mar<\/em> l\u2019alumnat descobreix l\u2019entorn mar\u00edtim de la ciutat, en coneix les caracter\u00edstiques i la seva vinculaci\u00f3 amb la vida de la ciutat. Tanmateix, en aquest \u00e0mbit l\u2019alumnat compr\u00e8n la import\u00e0ncia que ha tingut el port al llarg de la hist\u00f2ria i el paper clau que ha jugat en el desenvolupament econ\u00f2mic, industrial i social de la ciutat de Tarragona.&nbsp;<\/p>\n\n\n\n<p><strong>Tem\u00e0tica urbana<\/strong> en aquest \u00e0mbit treballem l\u2019evoluci\u00f3 urbana de la ciutat al llarg de la hist\u00f2ria, analitzant els canvis que han configurat la ciutat actual. L\u2019activitat Un refugi antiaeri de la guerra civil a Tarragona, permet a l\u2019alumnat endinsar-se en un episodi clau de la hist\u00f2ria recent de Tarragona com \u00e9s la guerra civil. A trav\u00e9s de la interpretaci\u00f3 d\u2019un refugi antiaeri, es fomenta la comprensi\u00f3 de la transformaci\u00f3 urbana i de la vida quotidiana en contextos de conflicte.&nbsp;<\/p>\n\n\n\n<p><strong>\u00c0mbit metodol\u00f2gic:<\/strong> en aquest \u00e0mbit es dona a con\u00e8ixer a l\u2019alumnat universitari la manera de treballar del Camp d\u2019Aprenentatge i les estrat\u00e8gies did\u00e0ctiques que s\u2019hi utilitzen. A trav\u00e9s de sessions explicatives i exemples pr\u00e0ctics, es mostren metodologies actives, vivencials i competencials aplicades amb l\u2019alumnat. Aquest espai permet reflexionar sobre la pr\u00e0ctica educativa i establir ponts entre la formaci\u00f3 inicial del professorat i la realitat educativa.&nbsp;<\/p>\n\n\n\n<p>Podeu consultar totes les activitats que realitzem a l\u2019apartat tem\u00e0tiques de treball o en el seg\u00fcent enlla\u00e7: <a href=\"https:\/\/serveiseducatius.xtec.cat\/cda-tarragona\/tematiques\/totes-les-activitats\/\">Consulta les nostres activitats<\/a><\/p>\n\n\n\n<p><strong>Qui som<\/strong><\/p>\n\n\n\n<p>Al Camp d\u2019Aprenentatge de la ciutat de Tarragona hi treballem quatre docents del Departament d\u2019Educaci\u00f3 i Formaci\u00f3 Professional (Marta, Laura, Mireia i Sergi) i realitzem amb l\u2019alumnat sortides d\u2019un dia i estades d\u2019entre dos i cinc dies.&nbsp;<\/p>\n\n\n\n<figure class=\"wp-block-image size-large\"><a href=\"https:\/\/serveiseducatius.xtec.cat\/cda-tarragona\/wp-content\/uploads\/usu1376\/2026\/04\/foto-grup_1.jpeg\"><img loading=\"lazy\" decoding=\"async\" width=\"1024\" height=\"776\" src=\"https:\/\/serveiseducatius.xtec.cat\/cda-tarragona\/wp-content\/uploads\/usu1376\/2026\/04\/foto-grup_1-1024x776.jpeg\" alt=\"\" class=\"wp-image-16286\" srcset=\"https:\/\/serveiseducatius.xtec.cat\/cda-tarragona\/wp-content\/uploads\/usu1376\/2026\/04\/foto-grup_1-1024x776.jpeg 1024w, https:\/\/serveiseducatius.xtec.cat\/cda-tarragona\/wp-content\/uploads\/usu1376\/2026\/04\/foto-grup_1-300x227.jpeg 300w, https:\/\/serveiseducatius.xtec.cat\/cda-tarragona\/wp-content\/uploads\/usu1376\/2026\/04\/foto-grup_1-768x582.jpeg 768w, https:\/\/serveiseducatius.xtec.cat\/cda-tarragona\/wp-content\/uploads\/usu1376\/2026\/04\/foto-grup_1.jpeg 1200w\" sizes=\"auto, (max-width: 1024px) 100vw, 1024px\" \/><\/a><\/figure>\n\n\n\n<p><\/p>\n","protected":false},"excerpt":{"rendered":"<p>Els Camps d\u2019Aprenentatge s\u00f3n serveis educatius del Departament d\u2019Educaci\u00f3 i Formaci\u00f3 Professional que ofereixen al professorat i als centres educatius la possibilitat de desenvolupar projectes de treball innovadors per a l\u2019estudi i l\u2019experimentaci\u00f3 en un medi singular de Catalunya .&nbsp; El Camp d\u2019Aprenentatge de la ciutat de Tarragona ofereix als centres educatius la possibilitat de [&hellip;]<\/p>\n","protected":false},"author":1,"featured_media":0,"parent":16198,"menu_order":0,"comment_status":"closed","ping_status":"close","template":"","meta":{"_bbp_topic_count":0,"_bbp_reply_count":0,"_bbp_total_topic_count":0,"_bbp_total_reply_count":0,"_bbp_voice_count":0,"_bbp_anonymous_reply_count":0,"_bbp_topic_count_hidden":0,"_bbp_reply_count_hidden":0,"_bbp_forum_subforum_count":0,"site-sidebar-layout":"default","site-content-layout":"","ast-site-content-layout":"default","site-content-style":"default","site-sidebar-style":"default","ast-global-header-display":"","ast-banner-title-visibility":"","ast-main-header-display":"","ast-hfb-above-header-display":"","ast-hfb-below-header-display":"","ast-hfb-mobile-header-display":"","site-post-title":"","ast-breadcrumbs-content":"","ast-featured-img":"","footer-sml-layout":"","theme-transparent-header-meta":"","adv-header-id-meta":"","stick-header-meta":"","header-above-stick-meta":"","header-main-stick-meta":"","header-below-stick-meta":"","astra-migrate-meta-layouts":"set","ast-page-background-enabled":"default","ast-page-background-meta":{"desktop":{"background-color":"var(--ast-global-color-4)","background-image":"","background-repeat":"repeat","background-position":"center center","background-size":"auto","background-attachment":"scroll","background-type":"","background-media":"","overlay-type":"","overlay-color":"","overlay-opacity":"","overlay-gradient":""},"tablet":{"background-color":"","background-image":"","background-repeat":"repeat","background-position":"center center","background-size":"auto","background-attachment":"scroll","background-type":"","background-media":"","overlay-type":"","overlay-color":"","overlay-opacity":"","overlay-gradient":""},"mobile":{"background-color":"","background-image":"","background-repeat":"repeat","background-position":"center center","background-size":"auto","background-attachment":"scroll","background-type":"","background-media":"","overlay-type":"","overlay-color":"","overlay-opacity":"","overlay-gradient":""}},"ast-content-background-meta":{"desktop":{"background-color":"var(--ast-global-color-5)","background-image":"","background-repeat":"repeat","background-position":"center center","background-size":"auto","background-attachment":"scroll","background-type":"","background-media":"","overlay-type":"","overlay-color":"","overlay-opacity":"","overlay-gradient":""},"tablet":{"background-color":"var(--ast-global-color-5)","background-image":"","background-repeat":"repeat","background-position":"center center","background-size":"auto","background-attachment":"scroll","background-type":"","background-media":"","overlay-type":"","overlay-color":"","overlay-opacity":"","overlay-gradient":""},"mobile":{"background-color":"var(--ast-global-color-5)","background-image":"","background-repeat":"repeat","background-position":"center center","background-size":"auto","background-attachment":"scroll","background-type":"","background-media":"","overlay-type":"","overlay-color":"","overlay-opacity":"","overlay-gradient":""}},"footnotes":""},"class_list":["post-16191","page","type-page","status-publish","hentry"],"post_mailing_queue_ids":[],"_links":{"self":[{"href":"https:\/\/serveiseducatius.xtec.cat\/cda-tarragona\/wp-json\/wp\/v2\/pages\/16191","targetHints":{"allow":["GET"]}}],"collection":[{"href":"https:\/\/serveiseducatius.xtec.cat\/cda-tarragona\/wp-json\/wp\/v2\/pages"}],"about":[{"href":"https:\/\/serveiseducatius.xtec.cat\/cda-tarragona\/wp-json\/wp\/v2\/types\/page"}],"author":[{"embeddable":true,"href":"https:\/\/serveiseducatius.xtec.cat\/cda-tarragona\/wp-json\/wp\/v2\/users\/1"}],"replies":[{"embeddable":true,"href":"https:\/\/serveiseducatius.xtec.cat\/cda-tarragona\/wp-json\/wp\/v2\/comments?post=16191"}],"version-history":[{"count":6,"href":"https:\/\/serveiseducatius.xtec.cat\/cda-tarragona\/wp-json\/wp\/v2\/pages\/16191\/revisions"}],"predecessor-version":[{"id":16307,"href":"https:\/\/serveiseducatius.xtec.cat\/cda-tarragona\/wp-json\/wp\/v2\/pages\/16191\/revisions\/16307"}],"up":[{"embeddable":true,"href":"https:\/\/serveiseducatius.xtec.cat\/cda-tarragona\/wp-json\/wp\/v2\/pages\/16198"}],"wp:attachment":[{"href":"https:\/\/serveiseducatius.xtec.cat\/cda-tarragona\/wp-json\/wp\/v2\/media?parent=16191"}],"curies":[{"name":"wp","href":"https:\/\/api.w.org\/{rel}","templated":true}]}}