{"id":15878,"date":"2025-04-24T13:40:35","date_gmt":"2025-04-24T11:40:35","guid":{"rendered":"https:\/\/serveiseducatius.xtec.cat\/cda-tarragona\/?page_id=15878"},"modified":"2025-04-24T13:40:35","modified_gmt":"2025-04-24T11:40:35","slug":"41-la-industria-quimica-de-tarragona-eso-cf-i-bat-activitat-estada-guiada","status":"publish","type":"page","link":"https:\/\/serveiseducatius.xtec.cat\/cda-tarragona\/41-la-industria-quimica-de-tarragona-eso-cf-i-bat-activitat-estada-guiada\/","title":{"rendered":"41. La ind\u00fastria qu\u00edmica de Tarragona (ESO, CF i BAT) ACTIVITAT ESTADA GUIADA"},"content":{"rendered":"<table dir=\"ltr\" style=\"width: 43.1676%;\" border=\"1\" cellspacing=\"0\" cellpadding=\"0\">\n<colgroup>\n<col width=\"300\" \/><\/colgroup>\n<tbody>\n<tr style=\"height: 33px;\">\n<td style=\"width: 100%; height: 33px;\" data-sheets-value=\"{&quot;1&quot;:2,&quot;2&quot;:&quot;Nom&quot;}\"><strong>Tipus<\/strong><\/td>\n<\/tr>\n<tr style=\"height: 80px;\">\n<td style=\"width: 100%; height: 80px;\">\n<ul>\n<li>Segons la modalitat de relaci\u00f3: <strong>ESTADA\u00a0EDUCATIVA.<\/strong><\/li>\n<li>Segons la implementaci\u00f3 did\u00e0ctica: <strong>GUIADA<\/strong>.<\/li>\n<li>Activitat\u00a0<strong>GUIADA<\/strong>\u00a0per l\u2019equip\u00a0<strong>DOCENT<\/strong>\u00a0del\u00a0<strong>CAMP D\u2019APRENENTATGE<\/strong>.<\/li>\n<\/ul>\n<\/td>\n<\/tr>\n<tr style=\"height: 33px;\">\n<td style=\"width: 100%; height: 33px;\" data-sheets-value=\"{&quot;1&quot;:2,&quot;2&quot;:&quot;Nivell&quot;}\"><strong>Nivell<\/strong><\/td>\n<\/tr>\n<tr style=\"height: 32px;\">\n<td style=\"width: 100%; height: 32px;\">Educaci\u00f3 secund\u00e0ria obligat\u00f2ria, Cicles Formatius i Batxillerat.<\/td>\n<\/tr>\n<tr style=\"height: 33px;\">\n<td style=\"width: 100%; height: 33px;\" data-sheets-value=\"{&quot;1&quot;:2,&quot;2&quot;:&quot;\u00c0mbits i Compt\u00e8ncies&quot;}\"><strong>Descripci\u00f3<\/strong><\/td>\n<\/tr>\n<tr style=\"height: 33px;\">\n<td style=\"width: 100%; height: 33px;\">En aquesta activitat s&#8217;analitza la ubicaci\u00f3 de les ind\u00fastries petroqu\u00edmiques de Tarragona, els productes que s&#8217;hi elaboren i la import\u00e0ncia d&#8217;aquests en la nostra vida quotidiana. S&#8217;estudien el diferents processos a qu\u00e8 est\u00e0 sotm\u00e8s el petroli des de la seva extracci\u00f3 fins al seu consum. Alhora, s&#8217;hi realitzen experi\u00e8ncies qu\u00edmiques. S&#8217;acompanya d&#8217;assessorament did\u00e0ctic, log\u00edstic i curricular.<\/td>\n<\/tr>\n<tr style=\"height: 33px;\">\n<td style=\"width: 100%; height: 33px;\" data-sheets-value=\"{&quot;1&quot;:2,&quot;2&quot;:&quot;Objectius d'aprenentatge&quot;}\"><strong>Objectius d&#8217;aprenentatge<\/strong><\/td>\n<\/tr>\n<tr style=\"height: 32px;\">\n<td style=\"width: 100%; height: 32px;\">\n<ol>\n<li>Observar, analitzar i deduir els trets caracter\u00edstics m\u00e9s importants del sector qu\u00edmic de Tarragona, tot considerant variables econ\u00f2miques, demogr\u00e0fiques, ambientals, tecnol\u00f2giques i socials, amb la finalitat de comprendre la relaci\u00f3 actual d&#8217;aquest amb el territori i les oportunitats de futur.<\/li>\n<li>Identificar, comprendre i analitzar els riscos dels processos qu\u00edmics, amb l&#8217;objectiu de con\u00e8ixer les seves conseq\u00fc\u00e8ncies, a m\u00e9s d&#8217;alguns protocols i mesures de protecci\u00f3.<\/li>\n<li>Recon\u00e8ixer les principals fases d\u2019extracci\u00f3, transport, transformaci\u00f3 i comercialitzaci\u00f3 del petroli amb la finalitat de comprendre l&#8217;impacte d&#8217;aquests processos en la nostra vida di\u00e0ria.<\/li>\n<li>Viure experi\u00e8ncies did\u00e0ctiques en el territori, l&#8217;entorn natural, social, hist\u00f2ric, econ\u00f2mic i cultural de Tarragona, amb la finalitat de construir<span style=\"font-family: inherit; font-size: 1em;\"> aprenentatges competencials a partir del gaudi que genera la descoberta d&#8217;un espai singular i \u00fanic.<\/span><\/li>\n<\/ol>\n<\/td>\n<\/tr>\n<tr style=\"height: 33px;\">\n<td style=\"width: 100%; height: 33px;\" data-sheets-value=\"{&quot;1&quot;:2,&quot;2&quot;:&quot;Ubicaci\u00f3&quot;}\"><strong>Ubicaci\u00f3<\/strong><\/td>\n<\/tr>\n<tr style=\"height: 37px;\">\n<td style=\"width: 100%; height: 37px;\">A les instal\u00b7lacions del Camp d\u2019Aprenentatge (Campus Educatiu de Tarragona). Enlla\u00e7 al mapa: \u00a0<a href=\"https:\/\/www.google.com\/maps\/place\/Universitat+Laboral\/@41.1016927,1.2012467,15.25z\/data=!4m5!3m4!1s0x12a3e2ab31c1fb1b:0xee8ff759c302a89c!8m2!3d41.1022028!4d1.2021097\">Campus Educatiu de Tarragona.<\/a><\/td>\n<\/tr>\n<tr style=\"height: 33px;\">\n<td style=\"width: 100%; height: 33px;\" data-sheets-value=\"{&quot;1&quot;:2,&quot;2&quot;:&quot;Durada&quot;}\"><strong>Durada<\/strong><\/td>\n<\/tr>\n<tr style=\"height: 32px;\">\n<td style=\"width: 100%; height: 32px;\">4 hores i 30 minuts aproximadament.<\/td>\n<\/tr>\n<tr style=\"height: 33px;\">\n<td style=\"width: 100%; height: 33px;\" data-sheets-value=\"{&quot;1&quot;:2,&quot;2&quot;:&quot;Cost&quot;}\"><strong>Cost did\u00e0ctic<\/strong><\/td>\n<\/tr>\n<tr style=\"height: 96px;\">\n<td style=\"width: 100%; height: 96px;\">\n<ul>\n<li><span data-sheets-value=\"{&quot;1&quot;:2,&quot;2&quot;:&quot;En aquesta activitat s'analitza la ubicaci\u00f3 de les ind\u00fastries petroqu\u00edmiques de Tarragona, els productes que s'hi elaboren i la import\u00e0ncia d'aquests en la nostra vida quotidiana. S'estudien el diferents processos a qu\u00e8 est\u00e0 sotm\u00e8s el petroli des de la seva extracci\u00f3 fins al seu consum. Es treballa a les aules especialitzades del Camp d'Aprenentatge. Activitat subvencionada per l'AEQT. S'acompanya d'assessorament did\u00e0ctic, log\u00edstic i curricular. Activitat de sortida i d'estada.&quot;}\" data-sheets-userformat=\"{&quot;2&quot;:9213,&quot;3&quot;:{&quot;1&quot;:0},&quot;5&quot;:{&quot;1&quot;:[{&quot;1&quot;:2,&quot;2&quot;:0,&quot;5&quot;:{&quot;1&quot;:2,&quot;2&quot;:0}},{&quot;1&quot;:0,&quot;2&quot;:0,&quot;3&quot;:3},{&quot;1&quot;:1,&quot;2&quot;:0,&quot;4&quot;:1}]},&quot;6&quot;:{&quot;1&quot;:[{&quot;1&quot;:2,&quot;2&quot;:0,&quot;5&quot;:{&quot;1&quot;:2,&quot;2&quot;:0}},{&quot;1&quot;:0,&quot;2&quot;:0,&quot;3&quot;:3},{&quot;1&quot;:1,&quot;2&quot;:0,&quot;4&quot;:1}]},&quot;7&quot;:{&quot;1&quot;:[{&quot;1&quot;:2,&quot;2&quot;:0,&quot;5&quot;:{&quot;1&quot;:2,&quot;2&quot;:0}},{&quot;1&quot;:0,&quot;2&quot;:0,&quot;3&quot;:3},{&quot;1&quot;:1,&quot;2&quot;:0,&quot;4&quot;:1}]},&quot;8&quot;:{&quot;1&quot;:[{&quot;1&quot;:2,&quot;2&quot;:0,&quot;5&quot;:{&quot;1&quot;:2,&quot;2&quot;:0}},{&quot;1&quot;:0,&quot;2&quot;:0,&quot;3&quot;:3},{&quot;1&quot;:1,&quot;2&quot;:0,&quot;4&quot;:1}]},&quot;9&quot;:0,&quot;10&quot;:0,&quot;11&quot;:4,&quot;12&quot;:0,&quot;16&quot;:14}\">Activitat <span style=\"font-size: 16px;\" data-sheets-value=\"{&quot;1&quot;:2,&quot;2&quot;:&quot;En aquesta activitat s'analitza la ubicaci\u00f3 de les ind\u00fastries petroqu\u00edmiques de Tarragona, els productes que s'hi elaboren i la import\u00e0ncia d'aquests en la nostra vida quotidiana. S'estudien el diferents processos a qu\u00e8 est\u00e0 sotm\u00e8s el petroli des de la seva extracci\u00f3 fins al seu consum. Es treballa a les aules especialitzades del Camp d'Aprenentatge. Activitat subvencionada per l'AEQT. S'acompanya d'assessorament did\u00e0ctic, log\u00edstic i curricular. Activitat de sortida i d'estada.&quot;}\" data-sheets-userformat=\"{&quot;2&quot;:9213,&quot;3&quot;:{&quot;1&quot;:0},&quot;5&quot;:{&quot;1&quot;:[{&quot;1&quot;:2,&quot;2&quot;:0,&quot;5&quot;:{&quot;1&quot;:2,&quot;2&quot;:0}},{&quot;1&quot;:0,&quot;2&quot;:0,&quot;3&quot;:3},{&quot;1&quot;:1,&quot;2&quot;:0,&quot;4&quot;:1}]},&quot;6&quot;:{&quot;1&quot;:[{&quot;1&quot;:2,&quot;2&quot;:0,&quot;5&quot;:{&quot;1&quot;:2,&quot;2&quot;:0}},{&quot;1&quot;:0,&quot;2&quot;:0,&quot;3&quot;:3},{&quot;1&quot;:1,&quot;2&quot;:0,&quot;4&quot;:1}]},&quot;7&quot;:{&quot;1&quot;:[{&quot;1&quot;:2,&quot;2&quot;:0,&quot;5&quot;:{&quot;1&quot;:2,&quot;2&quot;:0}},{&quot;1&quot;:0,&quot;2&quot;:0,&quot;3&quot;:3},{&quot;1&quot;:1,&quot;2&quot;:0,&quot;4&quot;:1}]},&quot;8&quot;:{&quot;1&quot;:[{&quot;1&quot;:2,&quot;2&quot;:0,&quot;5&quot;:{&quot;1&quot;:2,&quot;2&quot;:0}},{&quot;1&quot;:0,&quot;2&quot;:0,&quot;3&quot;:3},{&quot;1&quot;:1,&quot;2&quot;:0,&quot;4&quot;:1}]},&quot;9&quot;:0,&quot;10&quot;:0,&quot;11&quot;:4,&quot;12&quot;:0,&quot;16&quot;:14}\">gratu\u00efta, <\/span>subvencionada per l&#8217;AEQT (Associaci\u00f3 Qu\u00edmica Empresarial de Tarragona).<\/span><\/li>\n<li>Despla\u00e7ament fins els punts de trobada i retorn al centre educatiu sol\u00b7licitant a c\u00e0rrec d\u2019aquest.<\/li>\n<\/ul>\n<\/td>\n<\/tr>\n<tr style=\"height: 33px;\">\n<td style=\"width: 100%; height: 33px;\" data-sheets-value=\"{&quot;1&quot;:2,&quot;2&quot;:&quot;Altres informacions&quot;}\"><strong>Altres informacions<\/strong><\/td>\n<\/tr>\n<tr style=\"height: 32px;\">\n<td style=\"width: 100%; height: 32px;\" data-sheets-value=\"{&quot;1&quot;:2,&quot;2&quot;:&quot;Nombre d'alumnes m\u00e0xim:&quot;}\">Activitat per a dos grups com a m\u00e0xim de 25 alumnes (50 persones en total aproximadament).<\/p>\n<p><img loading=\"lazy\" decoding=\"async\" class=\"alignleft size-large wp-image-15777\" src=\"https:\/\/serveiseducatius.xtec.cat\/cda-tarragona\/wp-content\/uploads\/usu1376\/2025\/03\/IMG-20250127-WA0025-1024x437.jpg\" alt=\"\" width=\"1024\" height=\"437\" srcset=\"https:\/\/serveiseducatius.xtec.cat\/cda-tarragona\/wp-content\/uploads\/usu1376\/2025\/03\/IMG-20250127-WA0025-1024x437.jpg 1024w, https:\/\/serveiseducatius.xtec.cat\/cda-tarragona\/wp-content\/uploads\/usu1376\/2025\/03\/IMG-20250127-WA0025-300x128.jpg 300w, https:\/\/serveiseducatius.xtec.cat\/cda-tarragona\/wp-content\/uploads\/usu1376\/2025\/03\/IMG-20250127-WA0025-768x328.jpg 768w, https:\/\/serveiseducatius.xtec.cat\/cda-tarragona\/wp-content\/uploads\/usu1376\/2025\/03\/IMG-20250127-WA0025.jpg 1469w\" sizes=\"auto, (max-width: 1024px) 100vw, 1024px\" \/><\/td>\n<\/tr>\n<\/tbody>\n<\/table>\n","protected":false},"excerpt":{"rendered":"<p>Tipus Segons la modalitat de relaci\u00f3: ESTADA\u00a0EDUCATIVA. Segons la implementaci\u00f3 did\u00e0ctica: GUIADA. Activitat\u00a0GUIADA\u00a0per l\u2019equip\u00a0DOCENT\u00a0del\u00a0CAMP D\u2019APRENENTATGE. Nivell Educaci\u00f3 secund\u00e0ria obligat\u00f2ria, Cicles Formatius i Batxillerat. Descripci\u00f3 En aquesta activitat s&#8217;analitza la ubicaci\u00f3 de les ind\u00fastries petroqu\u00edmiques de Tarragona, els productes que s&#8217;hi elaboren i la import\u00e0ncia d&#8217;aquests en la nostra vida quotidiana. S&#8217;estudien el diferents processos a [&hellip;]<\/p>\n","protected":false},"author":1,"featured_media":0,"parent":0,"menu_order":0,"comment_status":"closed","ping_status":"closed","template":"","meta":{"_bbp_topic_count":0,"_bbp_reply_count":0,"_bbp_total_topic_count":0,"_bbp_total_reply_count":0,"_bbp_voice_count":0,"_bbp_anonymous_reply_count":0,"_bbp_topic_count_hidden":0,"_bbp_reply_count_hidden":0,"_bbp_forum_subforum_count":0,"site-sidebar-layout":"default","site-content-layout":"","ast-site-content-layout":"","site-content-style":"default","site-sidebar-style":"default","ast-global-header-display":"","ast-banner-title-visibility":"","ast-main-header-display":"","ast-hfb-above-header-display":"","ast-hfb-below-header-display":"","ast-hfb-mobile-header-display":"","site-post-title":"","ast-breadcrumbs-content":"","ast-featured-img":"","footer-sml-layout":"","theme-transparent-header-meta":"","adv-header-id-meta":"","stick-header-meta":"","header-above-stick-meta":"","header-main-stick-meta":"","header-below-stick-meta":"","astra-migrate-meta-layouts":"default","ast-page-background-enabled":"default","ast-page-background-meta":{"desktop":{"background-color":"var(--ast-global-color-4)","background-image":"","background-repeat":"repeat","background-position":"center center","background-size":"auto","background-attachment":"scroll","background-type":"","background-media":"","overlay-type":"","overlay-color":"","overlay-opacity":"","overlay-gradient":""},"tablet":{"background-color":"","background-image":"","background-repeat":"repeat","background-position":"center center","background-size":"auto","background-attachment":"scroll","background-type":"","background-media":"","overlay-type":"","overlay-color":"","overlay-opacity":"","overlay-gradient":""},"mobile":{"background-color":"","background-image":"","background-repeat":"repeat","background-position":"center center","background-size":"auto","background-attachment":"scroll","background-type":"","background-media":"","overlay-type":"","overlay-color":"","overlay-opacity":"","overlay-gradient":""}},"ast-content-background-meta":{"desktop":{"background-color":"var(--ast-global-color-5)","background-image":"","background-repeat":"repeat","background-position":"center center","background-size":"auto","background-attachment":"scroll","background-type":"","background-media":"","overlay-type":"","overlay-color":"","overlay-opacity":"","overlay-gradient":""},"tablet":{"background-color":"var(--ast-global-color-5)","background-image":"","background-repeat":"repeat","background-position":"center center","background-size":"auto","background-attachment":"scroll","background-type":"","background-media":"","overlay-type":"","overlay-color":"","overlay-opacity":"","overlay-gradient":""},"mobile":{"background-color":"var(--ast-global-color-5)","background-image":"","background-repeat":"repeat","background-position":"center center","background-size":"auto","background-attachment":"scroll","background-type":"","background-media":"","overlay-type":"","overlay-color":"","overlay-opacity":"","overlay-gradient":""}},"footnotes":""},"class_list":["post-15878","page","type-page","status-publish","hentry"],"post_mailing_queue_ids":[],"_links":{"self":[{"href":"https:\/\/serveiseducatius.xtec.cat\/cda-tarragona\/wp-json\/wp\/v2\/pages\/15878","targetHints":{"allow":["GET"]}}],"collection":[{"href":"https:\/\/serveiseducatius.xtec.cat\/cda-tarragona\/wp-json\/wp\/v2\/pages"}],"about":[{"href":"https:\/\/serveiseducatius.xtec.cat\/cda-tarragona\/wp-json\/wp\/v2\/types\/page"}],"author":[{"embeddable":true,"href":"https:\/\/serveiseducatius.xtec.cat\/cda-tarragona\/wp-json\/wp\/v2\/users\/1"}],"replies":[{"embeddable":true,"href":"https:\/\/serveiseducatius.xtec.cat\/cda-tarragona\/wp-json\/wp\/v2\/comments?post=15878"}],"version-history":[{"count":1,"href":"https:\/\/serveiseducatius.xtec.cat\/cda-tarragona\/wp-json\/wp\/v2\/pages\/15878\/revisions"}],"predecessor-version":[{"id":15879,"href":"https:\/\/serveiseducatius.xtec.cat\/cda-tarragona\/wp-json\/wp\/v2\/pages\/15878\/revisions\/15879"}],"wp:attachment":[{"href":"https:\/\/serveiseducatius.xtec.cat\/cda-tarragona\/wp-json\/wp\/v2\/media?parent=15878"}],"curies":[{"name":"wp","href":"https:\/\/api.w.org\/{rel}","templated":true}]}}