{"id":15751,"date":"2025-02-27T13:47:28","date_gmt":"2025-02-27T12:47:28","guid":{"rendered":"https:\/\/serveiseducatius.xtec.cat\/cda-tarragona\/?page_id=15751"},"modified":"2025-05-12T13:36:54","modified_gmt":"2025-05-12T11:36:54","slug":"urv-i-instituts","status":"publish","type":"page","link":"https:\/\/serveiseducatius.xtec.cat\/cda-tarragona\/urv-i-instituts\/","title":{"rendered":"URV i Instituts al Juguem com jugaven les nenes i els nens de T\u00e0rraco XXIIIa Jornada"},"content":{"rendered":"<ul>\n<li><strong>Data de la XXIIIa Jornada Jornada d&#8217;Aprenentatge: <em>Juguem com jugaven les nenes i els nens de T\u00e0rraco:<\/em><br \/>\n<\/strong><\/p>\n<ul>\n<li>Dijous, 15 de maig de 2025, de 8:00 a 13:15 h.<\/li>\n<\/ul>\n<\/li>\n<\/ul>\n<ul>\n<li><strong>Programaci\u00f3:<\/strong>\n<ul>\n<li><a href=\"https:\/\/drive.google.com\/file\/d\/1xr9lpoYFU0akTFIckUXuHxC2l2xvgYil\/view?usp=sharing\" target=\"_blank\" rel=\"noopener\">Fullet amb la Programaci\u00f3 de la Jornada.<\/a><\/li>\n<\/ul>\n<\/li>\n<\/ul>\n<ul>\n<li><strong>Documents per a la col\u00b7laboraci\u00f3:<\/strong>\n<ul>\n<li><a href=\"https:\/\/drive.google.com\/file\/d\/1XMVn8tCNm9V2b6IFYji-LNpq9Vz8Ofho\/view?usp=sharing\" target=\"_blank\" rel=\"noopener\">Taula de jocs, instruccions, tipologia, persones i vestits per a la Jornada d\u2019Aprenentatge Actiu 2025<\/a>.<\/li>\n<li><a href=\"https:\/\/drive.google.com\/file\/d\/1iZkv8iv22rQGFzGobM5TdAn6uHz_XJ3F\/view?usp=sharing\" target=\"_blank\" rel=\"noopener\">Instruccions per a les persones monitores volunt\u00e0ries a la XXIIIa Jornada d&#8217;Aprenentatge Actiu 2025.<\/a><\/li>\n<li><a href=\"https:\/\/drive.google.com\/file\/d\/19DmErzjLll3FHojdu3lSA-DldQpe5-I2\/view?usp=sharing\" target=\"_blank\" rel=\"noopener\">Mapa anal\u00f2gic de localitzaci\u00f3 dels jocs en el Parc del Camp de Mart per a la Jornada d&#8217;Aprenentatge Actiu 2025.<\/a><\/li>\n<li><a href=\"https:\/\/drive.google.com\/file\/d\/1zBAGjllfHJgrUH39khl3vQT48uD61PqP\/view?usp=sharing\" target=\"_blank\" rel=\"noopener\">Instruccions d&#8217;\u00fas dels gomets en el passaport de joc de l&#8217;alumnat durant la Jornada d\u2019Aprenentatge actiu 2025.<\/a><\/li>\n<\/ul>\n<\/li>\n<\/ul>\n<ul>\n<li><strong>Inscripci\u00f3:<\/strong><\/li>\n<\/ul>\n<p>La inscripci\u00f3 es realitzar\u00e0 de manera presencial a trav\u00e9s d&#8217;un formulari, quan l&#8217;equip del camp d&#8217;aprenentatge assisteixi a les trobades de coordinaci\u00f3 de la jornada. Aquelles persones que vulguin col\u00b7laborar per\u00f2 el dia de la trobada no hi eren, es poden posar en contacte amb l&#8217;equip del camp d&#8217;aprenentatge mitjan\u00e7ant el tel\u00e8fon 634777056 o el correu electr\u00f2nic <a href=\"mailto:cdatarracoviva@gmail.com\"><span style=\"font-weight: 400;\">cdatarracoviva@gmail.com<\/span><\/a><\/p>\n<ul>\n<li><strong>Ubicacions:<\/strong>\n<ul>\n<li><a href=\"https:\/\/maps.app.goo.gl\/wrA8hb95HRjghv2K8\" target=\"_blank\" rel=\"noopener\">Enlla\u00e7 al Punt de Trobada d&#8217;Organitzaci\u00f3 de la Jornada al Parc de Camp de Mart:<\/a><\/li>\n<\/ul>\n<\/li>\n<\/ul>\n<p><iframe loading=\"lazy\" style=\"border: 0;\" src=\"https:\/\/www.google.com\/maps\/embed?pb=!4v1707817476287!6m8!1m7!1s_67i1vtjTHy6Ts0EkvsBog!2m2!1d41.11966481218044!2d1.255846393830859!3f79.60107336104967!4f3.6900240033208576!5f0.7820865974627469\" width=\"600\" height=\"450\" allowfullscreen=\"allowfullscreen\"><\/iframe><\/p>\n<ul>\n<li><strong>Accessos al Parc del Camp de Mart:<\/strong>\n<ul>\n<li><a href=\"https:\/\/goo.gl\/maps\/CC8uVTZAvQCWoXqZ6\" target=\"_blank\" rel=\"noopener\">Enlla\u00e7 de l&#8217;entrada al Parc del Camp de Mart pel carrer de la Reina Maria Cristina.<\/a><\/li>\n<li><a href=\"https:\/\/maps.app.goo.gl\/EfLeA6JuswTNSC739\" target=\"_blank\" rel=\"noopener\">Enlla\u00e7 de l&#8217;entrada al Parc del Camp de Mart per l&#8217;Avinguda Catalunya.<\/a><\/li>\n<\/ul>\n<\/li>\n<\/ul>\n<ul>\n<li><strong>Valoracions posteriors a la Jornada:<\/strong>\n<ul>\n<li><a href=\"https:\/\/docs.google.com\/forms\/d\/e\/1FAIpQLSfxQJVqntnMRtO39WSSfgMg9KKb9sASMbekO1WrQ7oCaJF6ig\/viewform?usp=header\">Enlla\u00e7 al Q\u00fcestionari de valoraci\u00f3 de la Jornada per a les persones monitores volunt\u00e0ries.<\/a><\/li>\n<li><a href=\"https:\/\/docs.google.com\/forms\/d\/e\/1FAIpQLSdPAwVFWEB-3JoGtUZCPh8x6SRNNBEh0SfnRcWTJsXTwzi60w\/viewform?usp=header\">Enlla\u00e7 al Q\u00fcestionari de valoraci\u00f3 de la Jornada per als docents de centres i entitats col\u00b7laboradores.<\/a><\/li>\n<\/ul>\n<\/li>\n<\/ul>\n<p>Per qualsevol incid\u00e8ncia t\u00e8cnica o aclariment podeu contactar amb nosaltres al correu electr\u00f2nic seg\u00fcent: <a href=\"mailto:cdatarracoviva@gmail.com\" target=\"_blank\" rel=\"noopener\">cdatarracoviva@gmail.com<\/a><\/p>\n<p>Aquest acte es fa gr\u00e0cies a la col\u00b7laboraci\u00f3 d&#8217;entitats, empreses i institucions de Tarragona. Gr\u00e0cies a totes i tots!<\/p>\n<p><img loading=\"lazy\" decoding=\"async\" class=\"wp-image-13981 alignleft\" src=\"https:\/\/serveiseducatius.xtec.cat\/cda-tarragona\/wp-content\/uploads\/usu1376\/2023\/04\/Logo_Repsol.png\" alt=\"\" width=\"65\" height=\"54\" srcset=\"https:\/\/serveiseducatius.xtec.cat\/cda-tarragona\/wp-content\/uploads\/usu1376\/2023\/04\/Logo_Repsol.png 696w, https:\/\/serveiseducatius.xtec.cat\/cda-tarragona\/wp-content\/uploads\/usu1376\/2023\/04\/Logo_Repsol-300x250.png 300w\" sizes=\"auto, (max-width: 65px) 100vw, 65px\" \/><img loading=\"lazy\" decoding=\"async\" class=\"wp-image-13979 alignleft\" src=\"https:\/\/serveiseducatius.xtec.cat\/cda-tarragona\/wp-content\/uploads\/usu1376\/2023\/04\/logo_tarraco_viva-1024x218.png\" alt=\"\" width=\"224\" height=\"48\" srcset=\"https:\/\/serveiseducatius.xtec.cat\/cda-tarragona\/wp-content\/uploads\/usu1376\/2023\/04\/logo_tarraco_viva-1024x218.png 1024w, https:\/\/serveiseducatius.xtec.cat\/cda-tarragona\/wp-content\/uploads\/usu1376\/2023\/04\/logo_tarraco_viva-300x64.png 300w, https:\/\/serveiseducatius.xtec.cat\/cda-tarragona\/wp-content\/uploads\/usu1376\/2023\/04\/logo_tarraco_viva-768x164.png 768w, https:\/\/serveiseducatius.xtec.cat\/cda-tarragona\/wp-content\/uploads\/usu1376\/2023\/04\/logo_tarraco_viva-1536x327.png 1536w, https:\/\/serveiseducatius.xtec.cat\/cda-tarragona\/wp-content\/uploads\/usu1376\/2023\/04\/logo_tarraco_viva.png 1990w\" sizes=\"auto, (max-width: 224px) 100vw, 224px\" \/><img loading=\"lazy\" decoding=\"async\" class=\" wp-image-13984 alignleft\" src=\"https:\/\/serveiseducatius.xtec.cat\/cda-tarragona\/wp-content\/uploads\/usu1376\/2023\/04\/tgn_col_lat-1-1024x267.jpg\" alt=\"\" width=\"219\" height=\"57\" srcset=\"https:\/\/serveiseducatius.xtec.cat\/cda-tarragona\/wp-content\/uploads\/usu1376\/2023\/04\/tgn_col_lat-1-1024x267.jpg 1024w, https:\/\/serveiseducatius.xtec.cat\/cda-tarragona\/wp-content\/uploads\/usu1376\/2023\/04\/tgn_col_lat-1-300x78.jpg 300w, https:\/\/serveiseducatius.xtec.cat\/cda-tarragona\/wp-content\/uploads\/usu1376\/2023\/04\/tgn_col_lat-1-768x200.jpg 768w, https:\/\/serveiseducatius.xtec.cat\/cda-tarragona\/wp-content\/uploads\/usu1376\/2023\/04\/tgn_col_lat-1.jpg 1121w\" sizes=\"auto, (max-width: 219px) 100vw, 219px\" \/><img loading=\"lazy\" decoding=\"async\" class=\"wp-image-13980 alignleft\" src=\"https:\/\/serveiseducatius.xtec.cat\/cda-tarragona\/wp-content\/uploads\/usu1376\/2023\/04\/Logo_Departament_Educacio\u0301_Sense_Fons-1024x190.png\" alt=\"\" width=\"242\" height=\"45\" srcset=\"https:\/\/serveiseducatius.xtec.cat\/cda-tarragona\/wp-content\/uploads\/usu1376\/2023\/04\/Logo_Departament_Educacio\u0301_Sense_Fons-1024x190.png 1024w, https:\/\/serveiseducatius.xtec.cat\/cda-tarragona\/wp-content\/uploads\/usu1376\/2023\/04\/Logo_Departament_Educacio\u0301_Sense_Fons-300x56.png 300w, https:\/\/serveiseducatius.xtec.cat\/cda-tarragona\/wp-content\/uploads\/usu1376\/2023\/04\/Logo_Departament_Educacio\u0301_Sense_Fons-768x142.png 768w, https:\/\/serveiseducatius.xtec.cat\/cda-tarragona\/wp-content\/uploads\/usu1376\/2023\/04\/Logo_Departament_Educacio\u0301_Sense_Fons-1536x285.png 1536w, https:\/\/serveiseducatius.xtec.cat\/cda-tarragona\/wp-content\/uploads\/usu1376\/2023\/04\/Logo_Departament_Educacio\u0301_Sense_Fons-2048x380.png 2048w\" sizes=\"auto, (max-width: 242px) 100vw, 242px\" \/><\/p>\n","protected":false},"excerpt":{"rendered":"<p>Data de la XXIIIa Jornada Jornada d&#8217;Aprenentatge: Juguem com jugaven les nenes i els nens de T\u00e0rraco: Dijous, 15 de maig de 2025, de 8:00 a 13:15 h. Programaci\u00f3: Fullet amb la Programaci\u00f3 de la Jornada. Documents per a la col\u00b7laboraci\u00f3: Taula de jocs, instruccions, tipologia, persones i vestits per a la Jornada d\u2019Aprenentatge Actiu [&hellip;]<\/p>\n","protected":false},"author":1,"featured_media":0,"parent":0,"menu_order":0,"comment_status":"closed","ping_status":"closed","template":"","meta":{"_bbp_topic_count":0,"_bbp_reply_count":0,"_bbp_total_topic_count":0,"_bbp_total_reply_count":0,"_bbp_voice_count":0,"_bbp_anonymous_reply_count":0,"_bbp_topic_count_hidden":0,"_bbp_reply_count_hidden":0,"_bbp_forum_subforum_count":0,"site-sidebar-layout":"default","site-content-layout":"","ast-site-content-layout":"","site-content-style":"default","site-sidebar-style":"default","ast-global-header-display":"","ast-banner-title-visibility":"","ast-main-header-display":"","ast-hfb-above-header-display":"","ast-hfb-below-header-display":"","ast-hfb-mobile-header-display":"","site-post-title":"","ast-breadcrumbs-content":"","ast-featured-img":"","footer-sml-layout":"","theme-transparent-header-meta":"","adv-header-id-meta":"","stick-header-meta":"","header-above-stick-meta":"","header-main-stick-meta":"","header-below-stick-meta":"","astra-migrate-meta-layouts":"default","ast-page-background-enabled":"default","ast-page-background-meta":{"desktop":{"background-color":"var(--ast-global-color-4)","background-image":"","background-repeat":"repeat","background-position":"center center","background-size":"auto","background-attachment":"scroll","background-type":"","background-media":"","overlay-type":"","overlay-color":"","overlay-opacity":"","overlay-gradient":""},"tablet":{"background-color":"","background-image":"","background-repeat":"repeat","background-position":"center center","background-size":"auto","background-attachment":"scroll","background-type":"","background-media":"","overlay-type":"","overlay-color":"","overlay-opacity":"","overlay-gradient":""},"mobile":{"background-color":"","background-image":"","background-repeat":"repeat","background-position":"center center","background-size":"auto","background-attachment":"scroll","background-type":"","background-media":"","overlay-type":"","overlay-color":"","overlay-opacity":"","overlay-gradient":""}},"ast-content-background-meta":{"desktop":{"background-color":"var(--ast-global-color-5)","background-image":"","background-repeat":"repeat","background-position":"center center","background-size":"auto","background-attachment":"scroll","background-type":"","background-media":"","overlay-type":"","overlay-color":"","overlay-opacity":"","overlay-gradient":""},"tablet":{"background-color":"var(--ast-global-color-5)","background-image":"","background-repeat":"repeat","background-position":"center center","background-size":"auto","background-attachment":"scroll","background-type":"","background-media":"","overlay-type":"","overlay-color":"","overlay-opacity":"","overlay-gradient":""},"mobile":{"background-color":"var(--ast-global-color-5)","background-image":"","background-repeat":"repeat","background-position":"center center","background-size":"auto","background-attachment":"scroll","background-type":"","background-media":"","overlay-type":"","overlay-color":"","overlay-opacity":"","overlay-gradient":""}},"footnotes":""},"class_list":["post-15751","page","type-page","status-publish","hentry"],"post_mailing_queue_ids":[],"_links":{"self":[{"href":"https:\/\/serveiseducatius.xtec.cat\/cda-tarragona\/wp-json\/wp\/v2\/pages\/15751","targetHints":{"allow":["GET"]}}],"collection":[{"href":"https:\/\/serveiseducatius.xtec.cat\/cda-tarragona\/wp-json\/wp\/v2\/pages"}],"about":[{"href":"https:\/\/serveiseducatius.xtec.cat\/cda-tarragona\/wp-json\/wp\/v2\/types\/page"}],"author":[{"embeddable":true,"href":"https:\/\/serveiseducatius.xtec.cat\/cda-tarragona\/wp-json\/wp\/v2\/users\/1"}],"replies":[{"embeddable":true,"href":"https:\/\/serveiseducatius.xtec.cat\/cda-tarragona\/wp-json\/wp\/v2\/comments?post=15751"}],"version-history":[{"count":6,"href":"https:\/\/serveiseducatius.xtec.cat\/cda-tarragona\/wp-json\/wp\/v2\/pages\/15751\/revisions"}],"predecessor-version":[{"id":16119,"href":"https:\/\/serveiseducatius.xtec.cat\/cda-tarragona\/wp-json\/wp\/v2\/pages\/15751\/revisions\/16119"}],"wp:attachment":[{"href":"https:\/\/serveiseducatius.xtec.cat\/cda-tarragona\/wp-json\/wp\/v2\/media?parent=15751"}],"curies":[{"name":"wp","href":"https:\/\/api.w.org\/{rel}","templated":true}]}}