{"id":15744,"date":"2025-02-27T13:08:44","date_gmt":"2025-02-27T12:08:44","guid":{"rendered":"https:\/\/serveiseducatius.xtec.cat\/cda-tarragona\/?page_id=15744"},"modified":"2025-04-08T13:25:41","modified_gmt":"2025-04-08T11:25:41","slug":"participants-al-juguem-com-jugaven","status":"publish","type":"page","link":"https:\/\/serveiseducatius.xtec.cat\/cda-tarragona\/participants-al-juguem-com-jugaven\/","title":{"rendered":"Participants de la XXIIIa Jornada del Juguem com jugaven les nenes i els nens de T\u00e0rraco"},"content":{"rendered":"<h5><span style=\"color: #800080;\"><strong>CENTRES EDUCATIUS: ALUMNAT I DOCENTS PARTICIPANTS<\/strong><\/span><\/h5>\n<p>&nbsp;<\/p>\n<ul>\n<li><strong>Data de la XXIIIa Jornada Jornada d&#8217;Aprenentatge: <em>Juguem com jugaven les nenes i els nens de T\u00e0rraco:<\/em><\/strong>\n<ul>\n<li>Dijous, 15 de maig de 2025, de 9:00 a 12:30 h.<\/li>\n<\/ul>\n<\/li>\n<\/ul>\n<ul>\n<li><strong>Programaci\u00f3:<\/strong>\n<ul>\n<li><a href=\"https:\/\/drive.google.com\/file\/d\/1xr9lpoYFU0akTFIckUXuHxC2l2xvgYil\/view?usp=drive_link\" target=\"_blank\" rel=\"noopener\">Fullet amb la Programaci\u00f3 de la Jornada.<\/a><\/li>\n<\/ul>\n<\/li>\n<\/ul>\n<ul>\n<li><strong>Documents per a la participaci\u00f3:<\/strong>\n<ul>\n<li><a href=\"https:\/\/drive.google.com\/file\/d\/16sZDPVma8wJMkup7IYCiLDI1LrwI_FGs\/view?usp=sharing\" target=\"_blank\" rel=\"noopener\">Carta per als infants de Tarragona i el Tarragon\u00e8s (2025).<\/a><\/li>\n<li><a href=\"https:\/\/drive.google.com\/file\/d\/14864ymuA29BEOQ_8tMUkJTRXJlld9DO8\/view?usp=sharing\">Instruccions de funcionament: pr\u00e8vies, durant i despr\u00e9s de la Jornada.<\/a><\/li>\n<li><a href=\"https:\/\/drive.google.com\/file\/d\/1IoGtCbXJOimE_du_KhlW-EMSx0-LLz7G\/view?usp=sharing\" target=\"_blank\" rel=\"noopener\">Cartell de la XXIIIa Jornada d&#8217;Aprenentatge Actiu (2025).<\/a><\/li>\n<li><a href=\"https:\/\/drive.google.com\/file\/d\/1lhgFCkusa2ZRLLqUnovp5YjSe5ZFoxew\/view?usp=sharing\">Proposta did\u00e0ctica de treball del cartell de la XXIIIa Jornada (2025).<\/a><\/li>\n<li><a href=\"https:\/\/drive.google.com\/file\/d\/1DfQi9dZhNoSH8os0jv_TmAU_Q2e4deJr\/view?usp=sharing\">Solucionari de la Proposta did\u00e0ctica de treball del cartell de la XXIIIa Jornada (2025).<\/a><\/li>\n<li><a href=\"https:\/\/view.genially.com\/67d1597ae9aa4fd887d50e95\/interactive-image-tarraco-viva-2025-cda\">Proposta did\u00e0ctica digital del cartell: Genially.<\/a><\/li>\n<li><a href=\"https:\/\/drive.google.com\/file\/d\/1JHcopM0Cw9YLAlX6SaWUpzqNs2yz9GwI\/view?usp=sharing\" target=\"_blank\" rel=\"noopener\">Instruccions d&#8217;\u00fas dels gomets en el passaport de joc de l&#8217;alumnat durant la Jornada.<\/a><\/li>\n<li><a href=\"https:\/\/drive.google.com\/file\/d\/16_PtDiGUTvUfONOEcNItU_H8tJRUlRRj\/view?usp=sharing\" target=\"_blank\" rel=\"noopener\">Mapa de localitzaci\u00f3 dels jocs en el Parc del Camp de Mart.<\/a><\/li>\n<li><a href=\"https:\/\/drive.google.com\/file\/d\/11Uqo7KhGMMzHTuTi4wTOjODuOaHksAQA\/view?usp=sharing\" target=\"_blank\" rel=\"noopener\">Taula de jocs, descripcions i tipologia per a la Jornada d&#8217;Aprenentatge Actiu 2025.<\/a><\/li>\n<li><a href=\"https:\/\/drive.google.com\/file\/d\/1RH48hjQVJKXD9GvJtZZFwalAr1sqqNcJ\/view?usp=sharing\">Instruccions del joc rom\u00e0 obsequiat al centre per a la Jornada d&#8217;Aprenentatge Actiu 2025.<\/a><\/li>\n<\/ul>\n<\/li>\n<\/ul>\n<ul>\n<li><strong>Ubicaci\u00f3:<\/strong>\n<ul>\n<li><a href=\"https:\/\/goo.gl\/maps\/CC8uVTZAvQCWoXqZ6\" target=\"_blank\" rel=\"noopener\">Enlla\u00e7 de l&#8217;entrada al Parc del Camp de Mart pel carrer de la Reina Maria Cristina.<\/a><\/li>\n<\/ul>\n<\/li>\n<\/ul>\n<p><iframe loading=\"lazy\" style=\"border: 0;\" src=\"https:\/\/www.google.com\/maps\/embed?pb=!4v1707818501134!6m8!1m7!1seQaXy3MegV_YHPhsKsXPsA!2m2!1d41.12079526714713!2d1.255891617397738!3f173.4958327386106!4f10.068424973723964!5f0.7820865974627469\" width=\"600\" height=\"450\" allowfullscreen=\"allowfullscreen\"><\/iframe><\/p>\n<ul>\n<li><strong>Valoracions posteriors a la Jornada:<\/strong>\n<ul>\n<li><a href=\"https:\/\/docs.google.com\/forms\/d\/e\/1FAIpQLScOKVw7O0TfAN8v2lkA1O1e8AC5lcpnS4mrfahS2EJ9_2cb4A\/viewform?usp=header\">Enlla\u00e7 al Q\u00fcestionari de valoraci\u00f3 de la Jornada per a l&#8217;alumnat de centres educatius participants.<\/a><\/li>\n<li><a href=\"https:\/\/docs.google.com\/forms\/d\/e\/1FAIpQLSdRpO-bzNEgWdelPYMQMRBgYhM1FkqVguLUOqdFfeYAdEvWRA\/viewform?usp=header\">Enlla\u00e7 al Q\u00fcestionari de valoraci\u00f3 de la Jornada per als docents de centres educatius participants.<\/a><\/li>\n<\/ul>\n<\/li>\n<\/ul>\n<p>Aquest acte es fa gr\u00e0cies a la col\u00b7laboraci\u00f3 d&#8217;entitats, empreses i institucions de Tarragona. Gr\u00e0cies a totes i tots!<\/p>\n<p><img loading=\"lazy\" decoding=\"async\" class=\"wp-image-13981 alignleft\" src=\"https:\/\/serveiseducatius.xtec.cat\/cda-tarragona\/wp-content\/uploads\/usu1376\/2023\/04\/Logo_Repsol.png\" alt=\"\" width=\"65\" height=\"54\" srcset=\"https:\/\/serveiseducatius.xtec.cat\/cda-tarragona\/wp-content\/uploads\/usu1376\/2023\/04\/Logo_Repsol.png 696w, https:\/\/serveiseducatius.xtec.cat\/cda-tarragona\/wp-content\/uploads\/usu1376\/2023\/04\/Logo_Repsol-300x250.png 300w\" sizes=\"auto, (max-width: 65px) 100vw, 65px\" \/><img loading=\"lazy\" decoding=\"async\" class=\"wp-image-13979 alignleft\" src=\"https:\/\/serveiseducatius.xtec.cat\/cda-tarragona\/wp-content\/uploads\/usu1376\/2023\/04\/logo_tarraco_viva-1024x218.png\" alt=\"\" width=\"224\" height=\"48\" srcset=\"https:\/\/serveiseducatius.xtec.cat\/cda-tarragona\/wp-content\/uploads\/usu1376\/2023\/04\/logo_tarraco_viva-1024x218.png 1024w, https:\/\/serveiseducatius.xtec.cat\/cda-tarragona\/wp-content\/uploads\/usu1376\/2023\/04\/logo_tarraco_viva-300x64.png 300w, https:\/\/serveiseducatius.xtec.cat\/cda-tarragona\/wp-content\/uploads\/usu1376\/2023\/04\/logo_tarraco_viva-768x164.png 768w, https:\/\/serveiseducatius.xtec.cat\/cda-tarragona\/wp-content\/uploads\/usu1376\/2023\/04\/logo_tarraco_viva-1536x327.png 1536w, https:\/\/serveiseducatius.xtec.cat\/cda-tarragona\/wp-content\/uploads\/usu1376\/2023\/04\/logo_tarraco_viva.png 1990w\" sizes=\"auto, (max-width: 224px) 100vw, 224px\" \/><img loading=\"lazy\" decoding=\"async\" class=\" wp-image-13984 alignleft\" src=\"https:\/\/serveiseducatius.xtec.cat\/cda-tarragona\/wp-content\/uploads\/usu1376\/2023\/04\/tgn_col_lat-1-1024x267.jpg\" alt=\"\" width=\"219\" height=\"57\" srcset=\"https:\/\/serveiseducatius.xtec.cat\/cda-tarragona\/wp-content\/uploads\/usu1376\/2023\/04\/tgn_col_lat-1-1024x267.jpg 1024w, https:\/\/serveiseducatius.xtec.cat\/cda-tarragona\/wp-content\/uploads\/usu1376\/2023\/04\/tgn_col_lat-1-300x78.jpg 300w, https:\/\/serveiseducatius.xtec.cat\/cda-tarragona\/wp-content\/uploads\/usu1376\/2023\/04\/tgn_col_lat-1-768x200.jpg 768w, https:\/\/serveiseducatius.xtec.cat\/cda-tarragona\/wp-content\/uploads\/usu1376\/2023\/04\/tgn_col_lat-1.jpg 1121w\" sizes=\"auto, (max-width: 219px) 100vw, 219px\" \/><img loading=\"lazy\" decoding=\"async\" class=\"wp-image-13980 alignleft\" src=\"https:\/\/serveiseducatius.xtec.cat\/cda-tarragona\/wp-content\/uploads\/usu1376\/2023\/04\/Logo_Departament_Educacio\u0301_Sense_Fons-1024x190.png\" alt=\"\" width=\"242\" height=\"45\" srcset=\"https:\/\/serveiseducatius.xtec.cat\/cda-tarragona\/wp-content\/uploads\/usu1376\/2023\/04\/Logo_Departament_Educacio\u0301_Sense_Fons-1024x190.png 1024w, https:\/\/serveiseducatius.xtec.cat\/cda-tarragona\/wp-content\/uploads\/usu1376\/2023\/04\/Logo_Departament_Educacio\u0301_Sense_Fons-300x56.png 300w, https:\/\/serveiseducatius.xtec.cat\/cda-tarragona\/wp-content\/uploads\/usu1376\/2023\/04\/Logo_Departament_Educacio\u0301_Sense_Fons-768x142.png 768w, https:\/\/serveiseducatius.xtec.cat\/cda-tarragona\/wp-content\/uploads\/usu1376\/2023\/04\/Logo_Departament_Educacio\u0301_Sense_Fons-1536x285.png 1536w, https:\/\/serveiseducatius.xtec.cat\/cda-tarragona\/wp-content\/uploads\/usu1376\/2023\/04\/Logo_Departament_Educacio\u0301_Sense_Fons-2048x380.png 2048w\" sizes=\"auto, (max-width: 242px) 100vw, 242px\" \/><\/p>\n","protected":false},"excerpt":{"rendered":"<p>CENTRES EDUCATIUS: ALUMNAT I DOCENTS PARTICIPANTS &nbsp; Data de la XXIIIa Jornada Jornada d&#8217;Aprenentatge: Juguem com jugaven les nenes i els nens de T\u00e0rraco: Dijous, 15 de maig de 2025, de 9:00 a 12:30 h. Programaci\u00f3: Fullet amb la Programaci\u00f3 de la Jornada. Documents per a la participaci\u00f3: Carta per als infants de Tarragona i [&hellip;]<\/p>\n","protected":false},"author":1,"featured_media":0,"parent":0,"menu_order":0,"comment_status":"closed","ping_status":"closed","template":"","meta":{"_bbp_topic_count":0,"_bbp_reply_count":0,"_bbp_total_topic_count":0,"_bbp_total_reply_count":0,"_bbp_voice_count":0,"_bbp_anonymous_reply_count":0,"_bbp_topic_count_hidden":0,"_bbp_reply_count_hidden":0,"_bbp_forum_subforum_count":0,"site-sidebar-layout":"default","site-content-layout":"","ast-site-content-layout":"","site-content-style":"default","site-sidebar-style":"default","ast-global-header-display":"","ast-banner-title-visibility":"","ast-main-header-display":"","ast-hfb-above-header-display":"","ast-hfb-below-header-display":"","ast-hfb-mobile-header-display":"","site-post-title":"","ast-breadcrumbs-content":"","ast-featured-img":"","footer-sml-layout":"","theme-transparent-header-meta":"","adv-header-id-meta":"","stick-header-meta":"","header-above-stick-meta":"","header-main-stick-meta":"","header-below-stick-meta":"","astra-migrate-meta-layouts":"default","ast-page-background-enabled":"default","ast-page-background-meta":{"desktop":{"background-color":"var(--ast-global-color-4)","background-image":"","background-repeat":"repeat","background-position":"center center","background-size":"auto","background-attachment":"scroll","background-type":"","background-media":"","overlay-type":"","overlay-color":"","overlay-opacity":"","overlay-gradient":""},"tablet":{"background-color":"","background-image":"","background-repeat":"repeat","background-position":"center center","background-size":"auto","background-attachment":"scroll","background-type":"","background-media":"","overlay-type":"","overlay-color":"","overlay-opacity":"","overlay-gradient":""},"mobile":{"background-color":"","background-image":"","background-repeat":"repeat","background-position":"center center","background-size":"auto","background-attachment":"scroll","background-type":"","background-media":"","overlay-type":"","overlay-color":"","overlay-opacity":"","overlay-gradient":""}},"ast-content-background-meta":{"desktop":{"background-color":"var(--ast-global-color-5)","background-image":"","background-repeat":"repeat","background-position":"center center","background-size":"auto","background-attachment":"scroll","background-type":"","background-media":"","overlay-type":"","overlay-color":"","overlay-opacity":"","overlay-gradient":""},"tablet":{"background-color":"var(--ast-global-color-5)","background-image":"","background-repeat":"repeat","background-position":"center center","background-size":"auto","background-attachment":"scroll","background-type":"","background-media":"","overlay-type":"","overlay-color":"","overlay-opacity":"","overlay-gradient":""},"mobile":{"background-color":"var(--ast-global-color-5)","background-image":"","background-repeat":"repeat","background-position":"center center","background-size":"auto","background-attachment":"scroll","background-type":"","background-media":"","overlay-type":"","overlay-color":"","overlay-opacity":"","overlay-gradient":""}},"footnotes":""},"class_list":["post-15744","page","type-page","status-publish","hentry"],"post_mailing_queue_ids":[],"_links":{"self":[{"href":"https:\/\/serveiseducatius.xtec.cat\/cda-tarragona\/wp-json\/wp\/v2\/pages\/15744","targetHints":{"allow":["GET"]}}],"collection":[{"href":"https:\/\/serveiseducatius.xtec.cat\/cda-tarragona\/wp-json\/wp\/v2\/pages"}],"about":[{"href":"https:\/\/serveiseducatius.xtec.cat\/cda-tarragona\/wp-json\/wp\/v2\/types\/page"}],"author":[{"embeddable":true,"href":"https:\/\/serveiseducatius.xtec.cat\/cda-tarragona\/wp-json\/wp\/v2\/users\/1"}],"replies":[{"embeddable":true,"href":"https:\/\/serveiseducatius.xtec.cat\/cda-tarragona\/wp-json\/wp\/v2\/comments?post=15744"}],"version-history":[{"count":6,"href":"https:\/\/serveiseducatius.xtec.cat\/cda-tarragona\/wp-json\/wp\/v2\/pages\/15744\/revisions"}],"predecessor-version":[{"id":15804,"href":"https:\/\/serveiseducatius.xtec.cat\/cda-tarragona\/wp-json\/wp\/v2\/pages\/15744\/revisions\/15804"}],"wp:attachment":[{"href":"https:\/\/serveiseducatius.xtec.cat\/cda-tarragona\/wp-json\/wp\/v2\/media?parent=15744"}],"curies":[{"name":"wp","href":"https:\/\/api.w.org\/{rel}","templated":true}]}}