{"id":15574,"date":"2024-04-26T14:01:56","date_gmt":"2024-04-26T12:01:56","guid":{"rendered":"https:\/\/serveiseducatius.xtec.cat\/cda-tarragona\/?page_id=15574"},"modified":"2024-04-30T11:52:11","modified_gmt":"2024-04-30T09:52:11","slug":"22-el-legionari-cs-ep-eso-cf-i-bat-estada-guiada","status":"publish","type":"page","link":"https:\/\/serveiseducatius.xtec.cat\/cda-tarragona\/22-el-legionari-cs-ep-eso-cf-i-bat-estada-guiada\/","title":{"rendered":"22. El Legionari (CS EP, ESO, CF i BAT) ACTIVITAT ESTADA GUIADA"},"content":{"rendered":"<table dir=\"ltr\" style=\"width: 69.805%;\" border=\"1\" cellspacing=\"0\" cellpadding=\"0\">\n<colgroup>\n<col width=\"300\" \/><\/colgroup>\n<tbody>\n<tr>\n<td style=\"width: 100%;\" data-sheets-value=\"{&quot;1&quot;:2,&quot;2&quot;:&quot;Nom&quot;}\"><strong><span style=\"font-size: 16px;\">Tipus<\/span><\/strong><\/td>\n<\/tr>\n<tr>\n<td style=\"width: 100%;\">\n<ul>\n<li><span style=\"font-size: 16px;\">Segons la modalitat de relaci\u00f3:\u00a0<strong>ESTADA EDUCATIVA (NO\u00a0SORTIDA).<\/strong><\/span><\/li>\n<li><span style=\"font-size: 16px;\">Segons la implementaci\u00f3 did\u00e0ctica:\u00a0<strong>GUIADA.<\/strong><\/span><\/li>\n<li><span style=\"font-size: 16px;\">Activitat\u00a0<strong>GUIADA<\/strong>\u00a0per l\u2019equip\u00a0<strong>DOCENT\u00a0<\/strong>del\u00a0<strong>CAMP D\u2019APRENENTATGE.<\/strong><\/span><\/li>\n<\/ul>\n<\/td>\n<\/tr>\n<tr>\n<td style=\"width: 100%;\" data-sheets-value=\"{&quot;1&quot;:2,&quot;2&quot;:&quot;Nivell&quot;}\"><strong><span style=\"font-size: 16px;\">Nivell<\/span><\/strong><\/td>\n<\/tr>\n<tr>\n<td style=\"width: 100%;\">\n<ul>\n<li><span style=\"font-size: 16px;\">Cicle Superior d&#8217;Educaci\u00f3 prim\u00e0ria.<\/span><\/li>\n<li><span style=\"font-size: 16px;\">Educaci\u00f3 secund\u00e0ria obligat\u00f2ria, Cicles Formatius i Batxillerat.<\/span><\/li>\n<\/ul>\n<\/td>\n<\/tr>\n<tr>\n<td style=\"width: 100%;\" data-sheets-value=\"{&quot;1&quot;:2,&quot;2&quot;:&quot;\u00c0mbits i Compt\u00e8ncies&quot;}\"><strong><span style=\"font-size: 16px;\">Descripci\u00f3<\/span><\/strong><\/td>\n<\/tr>\n<tr>\n<td style=\"width: 100%;\">En aquesta activitat s&#8217;estudia la vida quotidiana del soldat rom\u00e0: el campament, l&#8217;abillament, l&#8217;armament que portava, les marxes que realitzava, l&#8217;alimentaci\u00f3, l&#8217;organitzaci\u00f3, les categories dels soldats i els condicionants per a poder ser legionari. Disposem de la reproducci\u00f3 d&#8217;uniformes i l&#8217;armament dels soldats romans, junt amb les maquetes d&#8217;un campament, els franel\u00b7lografs i altres estris i eines.<\/td>\n<\/tr>\n<tr>\n<td style=\"width: 100%;\" data-sheets-value=\"{&quot;1&quot;:2,&quot;2&quot;:&quot;Objectius d'aprenentatge&quot;}\"><strong><span style=\"font-size: 16px;\">Objectius d&#8217;aprenentatge<\/span><\/strong><\/td>\n<\/tr>\n<tr>\n<td style=\"width: 100%;\">\n<ol>\n<li><span style=\"font-size: 16px;\">Con\u00e8ixer certs aspectes del Camp d\u2019Aprenentatge i del Campus Educatiu de Tarragona amb la finalitat de conviure en harmonia durant l\u2019experi\u00e8ncia d\u2019estada.<\/span><\/li>\n<li><span style=\"font-size: 16px;\">Identificar, de manera general, els sabers que tenen sobre T\u00e0rraco i reflexionar-hi per a fer-se una idea aproximada de com devia ser la vida p\u00fablica i privada en aquesta col\u00f2nia. valorar les restes arqueol\u00f2giques com a patrimoni com\u00fa que cal conservar. <\/span><\/li>\n<li><span style=\"font-size: 16px;\">Con\u00e8ixer la vida dels diferents soldats romans identificant les peces del seu uniforme i les seves armes, per recon\u00e8ixer quina era la configuraci\u00f3 de la societat romana que romanitz\u00e0 els territoris.<\/span><\/li>\n<li><span style=\"font-size: 16px;\">Identificar les parts, funcions i organitzaci\u00f3 d\u2019un campament rom\u00e0 per establir la relaci\u00f3 amb les col\u00f2nies que es fundaven en aquella \u00e8poca i fer un paral\u00b7lelisme amb les ciutats actuals. <\/span><\/li>\n<li><span style=\"font-size: 16px;\">Viure experi\u00e8ncies did\u00e0ctiques en el territori, l&#8217;entorn natural, social, hist\u00f2ric, econ\u00f2mic i cultural de Tarragona, amb la finalitat de construir aprenentatges competencials a partir del gaudi que genera la descoberta d&#8217;un espai singular i \u00fanic.<\/span><\/li>\n<\/ol>\n<\/td>\n<\/tr>\n<tr>\n<td style=\"width: 100%;\" data-sheets-value=\"{&quot;1&quot;:2,&quot;2&quot;:&quot;Ubicaci\u00f3&quot;}\"><strong><span style=\"font-size: 16px;\">Ubicaci\u00f3<\/span><\/strong><\/td>\n<\/tr>\n<tr>\n<td style=\"width: 100%;\"><span style=\"font-size: 16px;\">A les instal\u00b7lacions del Camp d\u2019Aprenentatge (Campus Educatiu de Tarragona). Enlla\u00e7 al mapa: \u00a0<a href=\"https:\/\/www.google.com\/maps\/place\/Universitat+Laboral\/@41.1016927,1.2012467,15.25z\/data=!4m5!3m4!1s0x12a3e2ab31c1fb1b:0xee8ff759c302a89c!8m2!3d41.1022028!4d1.2021097\">Campus Educatiu de Tarragona.<\/a><\/span><\/td>\n<\/tr>\n<tr>\n<td style=\"width: 100%;\" data-sheets-value=\"{&quot;1&quot;:2,&quot;2&quot;:&quot;Durada&quot;}\"><strong><span style=\"font-size: 16px;\">Durada<\/span><\/strong><\/td>\n<\/tr>\n<tr>\n<td style=\"width: 100%;\"><span style=\"font-size: 16px;\">2 hores i 30 minuts aproximadament.<\/span><\/td>\n<\/tr>\n<tr>\n<td style=\"width: 100%;\" data-sheets-value=\"{&quot;1&quot;:2,&quot;2&quot;:&quot;Cost&quot;}\"><strong><span style=\"font-size: 16px;\">Cost did\u00e0ctic<\/span><\/strong><\/td>\n<\/tr>\n<tr>\n<td style=\"width: 100%;\">\n<ul>\n<li>Despla\u00e7ament fins els punts de trobada i retorn al centre educatiu sol\u00b7licitant a c\u00e0rrec d\u2019aquest.<\/li>\n<li><span style=\"font-size: 16px;\">Segons l&#8217;<a href=\"https:\/\/dogc.gencat.cat\/ca\/document-del-dogc\/?documentId=743883\">ORDRE ENS\/163\/2016, de 16 de juny, per la qual es crea el preu p\u00fablic pel servei d&#8217;activitats d&#8217;ensenyament-aprenentatge als camps d&#8217;aprenentatge del Departament d&#8217;Ensenyament<\/a> l&#8217;import de l&#8217;activitat \u00e9s de 3 \u20ac per alumne\/a i dia. A la normativa es detalla el preu p\u00fablic per a bonificacions i exempcions.<\/span><\/li>\n<\/ul>\n<\/td>\n<\/tr>\n<tr>\n<td style=\"width: 100%;\" data-sheets-value=\"{&quot;1&quot;:2,&quot;2&quot;:&quot;Altres informacions&quot;}\"><strong><span style=\"font-size: 16px;\">Altres informacions<\/span><\/strong><\/td>\n<\/tr>\n<tr>\n<td style=\"width: 100%;\" data-sheets-value=\"{&quot;1&quot;:2,&quot;2&quot;:&quot;Nombre d'alumnes m\u00e0xim:&quot;}\"><span style=\"font-size: 16px;\">Activitat per a dos grups com a m\u00e0xim de 25 alumnes (50 persones en total aproximadament).<\/span><\/td>\n<\/tr>\n<tr>\n<td style=\"width: 100%;\"><img loading=\"lazy\" decoding=\"async\" class=\"aligncenter size-large wp-image-15608\" src=\"https:\/\/serveiseducatius.xtec.cat\/cda-tarragona\/wp-content\/uploads\/usu1376\/2024\/04\/Legionari-1-1024x768.jpg\" alt=\"\" width=\"1024\" height=\"768\" srcset=\"https:\/\/serveiseducatius.xtec.cat\/cda-tarragona\/wp-content\/uploads\/usu1376\/2024\/04\/Legionari-1-1024x768.jpg 1024w, https:\/\/serveiseducatius.xtec.cat\/cda-tarragona\/wp-content\/uploads\/usu1376\/2024\/04\/Legionari-1-300x225.jpg 300w, https:\/\/serveiseducatius.xtec.cat\/cda-tarragona\/wp-content\/uploads\/usu1376\/2024\/04\/Legionari-1-768x576.jpg 768w, https:\/\/serveiseducatius.xtec.cat\/cda-tarragona\/wp-content\/uploads\/usu1376\/2024\/04\/Legionari-1-1536x1152.jpg 1536w, https:\/\/serveiseducatius.xtec.cat\/cda-tarragona\/wp-content\/uploads\/usu1376\/2024\/04\/Legionari-1-200x150.jpg 200w, https:\/\/serveiseducatius.xtec.cat\/cda-tarragona\/wp-content\/uploads\/usu1376\/2024\/04\/Legionari-1.jpg 2048w\" sizes=\"auto, (max-width: 1024px) 100vw, 1024px\" \/><\/td>\n<\/tr>\n<\/tbody>\n<\/table>\n","protected":false},"excerpt":{"rendered":"<p>Tipus Segons la modalitat de relaci\u00f3:\u00a0ESTADA EDUCATIVA (NO\u00a0SORTIDA). Segons la implementaci\u00f3 did\u00e0ctica:\u00a0GUIADA. Activitat\u00a0GUIADA\u00a0per l\u2019equip\u00a0DOCENT\u00a0del\u00a0CAMP D\u2019APRENENTATGE. Nivell Cicle Superior d&#8217;Educaci\u00f3 prim\u00e0ria. Educaci\u00f3 secund\u00e0ria obligat\u00f2ria, Cicles Formatius i Batxillerat. Descripci\u00f3 En aquesta activitat s&#8217;estudia la vida quotidiana del soldat rom\u00e0: el campament, l&#8217;abillament, l&#8217;armament que portava, les marxes que realitzava, l&#8217;alimentaci\u00f3, l&#8217;organitzaci\u00f3, les categories dels soldats i [&hellip;]<\/p>\n","protected":false},"author":1,"featured_media":0,"parent":0,"menu_order":0,"comment_status":"closed","ping_status":"closed","template":"","meta":{"_bbp_topic_count":0,"_bbp_reply_count":0,"_bbp_total_topic_count":0,"_bbp_total_reply_count":0,"_bbp_voice_count":0,"_bbp_anonymous_reply_count":0,"_bbp_topic_count_hidden":0,"_bbp_reply_count_hidden":0,"_bbp_forum_subforum_count":0,"site-sidebar-layout":"default","site-content-layout":"","ast-site-content-layout":"","site-content-style":"default","site-sidebar-style":"default","ast-global-header-display":"","ast-banner-title-visibility":"","ast-main-header-display":"","ast-hfb-above-header-display":"","ast-hfb-below-header-display":"","ast-hfb-mobile-header-display":"","site-post-title":"","ast-breadcrumbs-content":"","ast-featured-img":"","footer-sml-layout":"","theme-transparent-header-meta":"","adv-header-id-meta":"","stick-header-meta":"","header-above-stick-meta":"","header-main-stick-meta":"","header-below-stick-meta":"","astra-migrate-meta-layouts":"default","ast-page-background-enabled":"default","ast-page-background-meta":{"desktop":{"background-color":"var(--ast-global-color-4)","background-image":"","background-repeat":"repeat","background-position":"center center","background-size":"auto","background-attachment":"scroll","background-type":"","background-media":"","overlay-type":"","overlay-color":"","overlay-opacity":"","overlay-gradient":""},"tablet":{"background-color":"","background-image":"","background-repeat":"repeat","background-position":"center center","background-size":"auto","background-attachment":"scroll","background-type":"","background-media":"","overlay-type":"","overlay-color":"","overlay-opacity":"","overlay-gradient":""},"mobile":{"background-color":"","background-image":"","background-repeat":"repeat","background-position":"center center","background-size":"auto","background-attachment":"scroll","background-type":"","background-media":"","overlay-type":"","overlay-color":"","overlay-opacity":"","overlay-gradient":""}},"ast-content-background-meta":{"desktop":{"background-color":"var(--ast-global-color-5)","background-image":"","background-repeat":"repeat","background-position":"center center","background-size":"auto","background-attachment":"scroll","background-type":"","background-media":"","overlay-type":"","overlay-color":"","overlay-opacity":"","overlay-gradient":""},"tablet":{"background-color":"var(--ast-global-color-5)","background-image":"","background-repeat":"repeat","background-position":"center center","background-size":"auto","background-attachment":"scroll","background-type":"","background-media":"","overlay-type":"","overlay-color":"","overlay-opacity":"","overlay-gradient":""},"mobile":{"background-color":"var(--ast-global-color-5)","background-image":"","background-repeat":"repeat","background-position":"center center","background-size":"auto","background-attachment":"scroll","background-type":"","background-media":"","overlay-type":"","overlay-color":"","overlay-opacity":"","overlay-gradient":""}},"footnotes":""},"class_list":["post-15574","page","type-page","status-publish","hentry"],"post_mailing_queue_ids":[],"_links":{"self":[{"href":"https:\/\/serveiseducatius.xtec.cat\/cda-tarragona\/wp-json\/wp\/v2\/pages\/15574","targetHints":{"allow":["GET"]}}],"collection":[{"href":"https:\/\/serveiseducatius.xtec.cat\/cda-tarragona\/wp-json\/wp\/v2\/pages"}],"about":[{"href":"https:\/\/serveiseducatius.xtec.cat\/cda-tarragona\/wp-json\/wp\/v2\/types\/page"}],"author":[{"embeddable":true,"href":"https:\/\/serveiseducatius.xtec.cat\/cda-tarragona\/wp-json\/wp\/v2\/users\/1"}],"replies":[{"embeddable":true,"href":"https:\/\/serveiseducatius.xtec.cat\/cda-tarragona\/wp-json\/wp\/v2\/comments?post=15574"}],"version-history":[{"count":6,"href":"https:\/\/serveiseducatius.xtec.cat\/cda-tarragona\/wp-json\/wp\/v2\/pages\/15574\/revisions"}],"predecessor-version":[{"id":15652,"href":"https:\/\/serveiseducatius.xtec.cat\/cda-tarragona\/wp-json\/wp\/v2\/pages\/15574\/revisions\/15652"}],"wp:attachment":[{"href":"https:\/\/serveiseducatius.xtec.cat\/cda-tarragona\/wp-json\/wp\/v2\/media?parent=15574"}],"curies":[{"name":"wp","href":"https:\/\/api.w.org\/{rel}","templated":true}]}}