{"id":15572,"date":"2024-04-26T14:00:44","date_gmt":"2024-04-26T12:00:44","guid":{"rendered":"https:\/\/serveiseducatius.xtec.cat\/cda-tarragona\/?page_id=15572"},"modified":"2025-05-21T16:18:02","modified_gmt":"2025-05-21T14:18:02","slug":"19-la-villa-romana-dels-munts-eso-cf-i-bat-estada-guiada","status":"publish","type":"page","link":"https:\/\/serveiseducatius.xtec.cat\/cda-tarragona\/19-la-villa-romana-dels-munts-eso-cf-i-bat-estada-guiada\/","title":{"rendered":"NOVETAT- 19. La vil\u00b7la romana dels Munts (CS i ESO) ACTIVITAT ESTADA GUIADA"},"content":{"rendered":"<table dir=\"ltr\" style=\"width: 69.805%;\" border=\"1\" cellspacing=\"0\" cellpadding=\"0\">\n<colgroup>\n<col width=\"300\" \/><\/colgroup>\n<tbody>\n<tr>\n<td style=\"width: 100%;\" data-sheets-value=\"{&quot;1&quot;:2,&quot;2&quot;:&quot;Nom&quot;}\"><strong><span style=\"font-size: 16px;\">Tipus<\/span><\/strong><\/td>\n<\/tr>\n<tr>\n<td style=\"width: 100%;\">\n<ul>\n<li><span style=\"font-size: 16px;\">Segons la modalitat de relaci\u00f3:\u00a0<strong>ESTADA EDUCATIVA (NO\u00a0SORTIDA).<\/strong><\/span><\/li>\n<li><span style=\"font-size: 16px;\">Segons la implementaci\u00f3 did\u00e0ctica:\u00a0<strong>GUIADA.<\/strong><\/span><\/li>\n<li><span style=\"font-size: 16px;\">Activitat\u00a0<strong>GUIADA<\/strong>\u00a0per l\u2019equip\u00a0<strong>DOCENT\u00a0<\/strong>del\u00a0<strong>CAMP D\u2019APRENENTATGE.<\/strong><\/span><\/li>\n<\/ul>\n<\/td>\n<\/tr>\n<tr>\n<td style=\"width: 100%;\" data-sheets-value=\"{&quot;1&quot;:2,&quot;2&quot;:&quot;Nivell&quot;}\"><strong><span style=\"font-size: 16px;\">Nivell<\/span><\/strong><\/td>\n<\/tr>\n<tr>\n<td style=\"width: 100%;\">\n<ul>\n<li><span style=\"font-size: 16px;\">Educaci\u00f3 secund\u00e0ria obligat\u00f2ria.<\/span><\/li>\n<\/ul>\n<\/td>\n<\/tr>\n<tr>\n<td style=\"width: 100%;\" data-sheets-value=\"{&quot;1&quot;:2,&quot;2&quot;:&quot;\u00c0mbits i Compt\u00e8ncies&quot;}\"><strong><span style=\"font-size: 16px;\">Descripci\u00f3<\/span><\/strong><\/td>\n<\/tr>\n<tr>\n<td style=\"width: 100%;\">Comprensi\u00f3 a partir de l&#8217;estudi de les restes arqueol\u00f2giques de la vil\u00b7la, de la distribuci\u00f3, l&#8217;organitzaci\u00f3 i l&#8217;explotaci\u00f3 del territori, que propicia entendre el concepte del &#8220;territorium&#8221; d&#8217;una ciutat romana. A m\u00e9s, es tracten aspectes sobre la higiene i l&#8217;est\u00e8tica cl\u00e0ssica, amb exercicis sensorials.<\/td>\n<\/tr>\n<tr>\n<td style=\"width: 100%;\" data-sheets-value=\"{&quot;1&quot;:2,&quot;2&quot;:&quot;Objectius d'aprenentatge&quot;}\"><strong><span style=\"font-size: 16px;\">Objectius d&#8217;aprenentatge<\/span><\/strong><\/td>\n<\/tr>\n<tr>\n<td style=\"width: 100%;\">\n<ol>\n<li><span style=\"font-size: 16px;\">Con\u00e8ixer certs aspectes del Camp d\u2019Aprenentatge i del Campus Educatiu de Tarragona amb la finalitat de conviure en harmonia durant l\u2019experi\u00e8ncia d\u2019estada.<\/span><\/li>\n<li><span style=\"font-size: 16px;\">Identificar, de manera general, els sabers que tenen sobre T\u00e0rraco i reflexionar-hi per a fer-se una idea aproximada de com devia ser la vida p\u00fablica i privada en aquesta col\u00f2nia. <\/span><\/li>\n<li><span style=\"font-size: 16px;\">Con\u00e8ixer el concepte de territorium d\u2019una ciutat romana per a comprendre quin era el paper que hi jugaven les vil\u00b7les i copsar l\u2019estructura constructiva d\u2019aquestes (pars r\u00fastica i urbana).<\/span><\/li>\n<li><span style=\"font-size: 16px;\">Estudiar les restes arqueol\u00f2giques i de la vil\u00b7la dels Munts per comprendre quina era la distribuci\u00f3, organitzaci\u00f3 i explotaci\u00f3 del territori en l&#8217;\u00c8poca romana.<\/span><\/li>\n<li><span style=\"font-size: 16px;\">Viure experi\u00e8ncies did\u00e0ctiques en el territori, l&#8217;entorn natural, social, hist\u00f2ric, econ\u00f2mic i cultural de Tarragona, amb la finalitat de construir aprenentatges competencials a partir del gaudi que genera la descoberta d&#8217;un espai singular i \u00fanic.<\/span><\/li>\n<\/ol>\n<\/td>\n<\/tr>\n<tr>\n<td style=\"width: 100%;\" data-sheets-value=\"{&quot;1&quot;:2,&quot;2&quot;:&quot;Ubicaci\u00f3&quot;}\"><strong><span style=\"font-size: 16px;\">Ubicaci\u00f3<\/span><\/strong><\/td>\n<\/tr>\n<tr>\n<td style=\"width: 100%;\">A la seu del MNAT d&#8217;Altafulla que \u00e9s on hi ha el jaciment de la Vil.la. Direcci\u00f3: Passeig del Fort\u00ed, s\/n, 43893 Altafulla, Tarragona.<\/td>\n<\/tr>\n<tr>\n<td style=\"width: 100%;\" data-sheets-value=\"{&quot;1&quot;:2,&quot;2&quot;:&quot;Durada&quot;}\"><strong><span style=\"font-size: 16px;\">Durada<\/span><\/strong><\/td>\n<\/tr>\n<tr>\n<td style=\"width: 100%;\"><span style=\"font-size: 16px;\">2 hores i 30 minuts aproximadament.<\/span><\/td>\n<\/tr>\n<tr>\n<td style=\"width: 100%;\" data-sheets-value=\"{&quot;1&quot;:2,&quot;2&quot;:&quot;Cost&quot;}\"><strong><span style=\"font-size: 16px;\">Cost did\u00e0ctic<\/span><\/strong><\/td>\n<\/tr>\n<tr>\n<td style=\"width: 100%;\">\n<ul>\n<li>Despla\u00e7ament fins els punts de trobada i retorn al centre educatiu sol\u00b7licitant a c\u00e0rrec d\u2019aquest.<\/li>\n<li><span style=\"font-size: 16px;\">Segons l&#8217;<a href=\"https:\/\/dogc.gencat.cat\/ca\/document-del-dogc\/?documentId=743883\">ORDRE ENS\/163\/2016, de 16 de juny, per la qual es crea el preu p\u00fablic pel servei d&#8217;activitats d&#8217;ensenyament-aprenentatge als camps d&#8217;aprenentatge del Departament d&#8217;Ensenyament<\/a> l&#8217;import de l&#8217;activitat \u00e9s de 3 \u20ac per alumne\/a i dia. A la normativa es detalla el preu p\u00fablic per a bonificacions i exempcions.<\/span><\/li>\n<\/ul>\n<\/td>\n<\/tr>\n<tr>\n<td style=\"width: 100%;\" data-sheets-value=\"{&quot;1&quot;:2,&quot;2&quot;:&quot;Altres informacions&quot;}\"><strong><span style=\"font-size: 16px;\">Altres informacions<\/span><\/strong><\/td>\n<\/tr>\n<tr>\n<td style=\"width: 100%;\" data-sheets-value=\"{&quot;1&quot;:2,&quot;2&quot;:&quot;Nombre d'alumnes m\u00e0xim:&quot;}\"><span style=\"font-size: 16px;\">Activitat per a dos grups com a m\u00e0xim de 25 alumnes (50 persones en total aproximadament).<\/span><\/td>\n<\/tr>\n<tr>\n<td style=\"width: 100%;\"><img loading=\"lazy\" decoding=\"async\" class=\"aligncenter size-full wp-image-15602\" src=\"https:\/\/serveiseducatius.xtec.cat\/cda-tarragona\/wp-content\/uploads\/usu1376\/2024\/04\/IlustracioVillaRomanaMunts.png\" alt=\"\" width=\"698\" height=\"976\" srcset=\"https:\/\/serveiseducatius.xtec.cat\/cda-tarragona\/wp-content\/uploads\/usu1376\/2024\/04\/IlustracioVillaRomanaMunts.png 698w, https:\/\/serveiseducatius.xtec.cat\/cda-tarragona\/wp-content\/uploads\/usu1376\/2024\/04\/IlustracioVillaRomanaMunts-215x300.png 215w\" sizes=\"auto, (max-width: 698px) 100vw, 698px\" \/><\/td>\n<\/tr>\n<\/tbody>\n<\/table>\n","protected":false},"excerpt":{"rendered":"<p>Tipus Segons la modalitat de relaci\u00f3:\u00a0ESTADA EDUCATIVA (NO\u00a0SORTIDA). Segons la implementaci\u00f3 did\u00e0ctica:\u00a0GUIADA. Activitat\u00a0GUIADA\u00a0per l\u2019equip\u00a0DOCENT\u00a0del\u00a0CAMP D\u2019APRENENTATGE. Nivell Educaci\u00f3 secund\u00e0ria obligat\u00f2ria. Descripci\u00f3 Comprensi\u00f3 a partir de l&#8217;estudi de les restes arqueol\u00f2giques de la vil\u00b7la, de la distribuci\u00f3, l&#8217;organitzaci\u00f3 i l&#8217;explotaci\u00f3 del territori, que propicia entendre el concepte del &#8220;territorium&#8221; d&#8217;una ciutat romana. A m\u00e9s, es tracten aspectes [&hellip;]<\/p>\n","protected":false},"author":1,"featured_media":0,"parent":0,"menu_order":0,"comment_status":"closed","ping_status":"closed","template":"","meta":{"_bbp_topic_count":0,"_bbp_reply_count":0,"_bbp_total_topic_count":0,"_bbp_total_reply_count":0,"_bbp_voice_count":0,"_bbp_anonymous_reply_count":0,"_bbp_topic_count_hidden":0,"_bbp_reply_count_hidden":0,"_bbp_forum_subforum_count":0,"site-sidebar-layout":"default","site-content-layout":"","ast-site-content-layout":"","site-content-style":"default","site-sidebar-style":"default","ast-global-header-display":"","ast-banner-title-visibility":"","ast-main-header-display":"","ast-hfb-above-header-display":"","ast-hfb-below-header-display":"","ast-hfb-mobile-header-display":"","site-post-title":"","ast-breadcrumbs-content":"","ast-featured-img":"","footer-sml-layout":"","theme-transparent-header-meta":"","adv-header-id-meta":"","stick-header-meta":"","header-above-stick-meta":"","header-main-stick-meta":"","header-below-stick-meta":"","astra-migrate-meta-layouts":"default","ast-page-background-enabled":"default","ast-page-background-meta":{"desktop":{"background-color":"var(--ast-global-color-4)","background-image":"","background-repeat":"repeat","background-position":"center center","background-size":"auto","background-attachment":"scroll","background-type":"","background-media":"","overlay-type":"","overlay-color":"","overlay-opacity":"","overlay-gradient":""},"tablet":{"background-color":"","background-image":"","background-repeat":"repeat","background-position":"center center","background-size":"auto","background-attachment":"scroll","background-type":"","background-media":"","overlay-type":"","overlay-color":"","overlay-opacity":"","overlay-gradient":""},"mobile":{"background-color":"","background-image":"","background-repeat":"repeat","background-position":"center center","background-size":"auto","background-attachment":"scroll","background-type":"","background-media":"","overlay-type":"","overlay-color":"","overlay-opacity":"","overlay-gradient":""}},"ast-content-background-meta":{"desktop":{"background-color":"var(--ast-global-color-5)","background-image":"","background-repeat":"repeat","background-position":"center center","background-size":"auto","background-attachment":"scroll","background-type":"","background-media":"","overlay-type":"","overlay-color":"","overlay-opacity":"","overlay-gradient":""},"tablet":{"background-color":"var(--ast-global-color-5)","background-image":"","background-repeat":"repeat","background-position":"center center","background-size":"auto","background-attachment":"scroll","background-type":"","background-media":"","overlay-type":"","overlay-color":"","overlay-opacity":"","overlay-gradient":""},"mobile":{"background-color":"var(--ast-global-color-5)","background-image":"","background-repeat":"repeat","background-position":"center center","background-size":"auto","background-attachment":"scroll","background-type":"","background-media":"","overlay-type":"","overlay-color":"","overlay-opacity":"","overlay-gradient":""}},"footnotes":""},"class_list":["post-15572","page","type-page","status-publish","hentry"],"post_mailing_queue_ids":[],"_links":{"self":[{"href":"https:\/\/serveiseducatius.xtec.cat\/cda-tarragona\/wp-json\/wp\/v2\/pages\/15572","targetHints":{"allow":["GET"]}}],"collection":[{"href":"https:\/\/serveiseducatius.xtec.cat\/cda-tarragona\/wp-json\/wp\/v2\/pages"}],"about":[{"href":"https:\/\/serveiseducatius.xtec.cat\/cda-tarragona\/wp-json\/wp\/v2\/types\/page"}],"author":[{"embeddable":true,"href":"https:\/\/serveiseducatius.xtec.cat\/cda-tarragona\/wp-json\/wp\/v2\/users\/1"}],"replies":[{"embeddable":true,"href":"https:\/\/serveiseducatius.xtec.cat\/cda-tarragona\/wp-json\/wp\/v2\/comments?post=15572"}],"version-history":[{"count":6,"href":"https:\/\/serveiseducatius.xtec.cat\/cda-tarragona\/wp-json\/wp\/v2\/pages\/15572\/revisions"}],"predecessor-version":[{"id":15955,"href":"https:\/\/serveiseducatius.xtec.cat\/cda-tarragona\/wp-json\/wp\/v2\/pages\/15572\/revisions\/15955"}],"wp:attachment":[{"href":"https:\/\/serveiseducatius.xtec.cat\/cda-tarragona\/wp-json\/wp\/v2\/media?parent=15572"}],"curies":[{"name":"wp","href":"https:\/\/api.w.org\/{rel}","templated":true}]}}